{"id":69462,"date":"2025-04-09T14:01:49","date_gmt":"2025-04-09T21:01:49","guid":{"rendered":"https:\/\/lagunawoodsvillage.com\/?page_id=69462"},"modified":"2025-04-16T10:55:10","modified_gmt":"2025-04-16T17:55:10","slug":"careers-at-laguna-woods-village","status":"publish","type":"page","link":"https:\/\/lagunawoodsvillage.com\/fr\/about\/careers-at-laguna-woods-village\/","title":{"rendered":"Carri\u00e8res \u00e0 Laguna Woods Village"},"content":{"rendered":"<div class=\"wp-block-group alignfull media-image-block has-light-beige-background-color has-background is-layout-constrained wp-block-group-is-layout-constrained\" style=\"padding-top:var(--wp--preset--spacing--80);padding-bottom:var(--wp--preset--spacing--80)\">\n<div class=\"wp-block-columns shadow is-style-no-gap image-text-no-gap is-layout-flex wp-container-core-columns-is-layout-28f84493 wp-block-columns-is-layout-flex\" style=\"border-top-left-radius:10px;border-top-right-radius:10px;border-bottom-left-radius:10px;border-bottom-right-radius:87px\">\n<div class=\"wp-block-column media-image-block__text block-text-col has-white-background-color has-background is-layout-flow wp-container-core-column-is-layout-74b672bb wp-block-column-is-layout-flow\" style=\"border-top-style:none;border-top-width:0px;border-right-style:none;border-right-width:0px;border-bottom-color:var(--wp--preset--color--accent);border-bottom-width:8px;border-left-style:none;border-left-width:0px;padding-top:var(--wp--preset--spacing--70);padding-right:var(--wp--preset--spacing--70);padding-bottom:var(--wp--preset--spacing--70);padding-left:var(--wp--preset--spacing--70);flex-basis:66.66%\">\n<h1 class=\"wp-block-heading has-text-black-color has-text-color has-link-color has-x-large-font-size wp-elements-ce9f875e2953a3cbe9312c705f0d389d\"><strong>L\u00e0 o\u00f9 le but rencontre la communaut\u00e9<\/strong> <\/h1>\n\n\n\n<p class=\"has-body-font-size\" style=\"padding-top:0;padding-bottom:0;line-height:1.6\">Bienvenue \u00e0 Laguna Woods Village, la premi\u00e8re communaut\u00e9 active pour adultes du sud de la Californie. Derri\u00e8re notre village dynamique se cache une \u00e9quipe de professionnels d\u00e9vou\u00e9s qui veillent au bon fonctionnement de tout, du service client \u00e0 la maintenance, en passant par la technologie, la s\u00e9curit\u00e9 et bien plus encore.<\/p>\n\n\n\n<p class=\"has-body-font-size\" style=\"padding-top:0;padding-bottom:0;line-height:1.6\">Si vous \u00eates passionn\u00e9 par le service aux autres, si vous \u00eates fier de votre travail et si vous souhaitez faire partie de quelque chose de plus grand, nous serions ravis de vous rencontrer.<\/p>\n\n\n\n<p class=\"has-body-font-size\"><img decoding=\"async\" class=\"wp-image-42592\" style=\"width: 16px;\" src=\"https:\/\/attachments.lagunawoodsvillage.com\/wp-content\/uploads\/2024\/10\/09213917\/AdobeStock_mail-icon.svg\" alt=\"\"> <a href=\"mailto:jobs@vmsinc.org\" target=\"_blank\" rel=\"noreferrer noopener\">jobs@vmsinc.org<\/a><br><img decoding=\"async\" class=\"wp-image-42193\" style=\"width: 16px;\" src=\"https:\/\/attachments.lagunawoodsvillage.com\/wp-content\/uploads\/2024\/10\/02202111\/LW-Icons_phone_orange.svg\" alt=\"\"> <a href=\"tel:949-597-4448\" target=\"_blank\" rel=\"noreferrer noopener\">949-597-4448<\/a><\/p>\n\n\n\n<div class=\"wp-block-buttons is-layout-flex wp-block-buttons-is-layout-flex\">\n<div class=\"wp-block-button\"><a class=\"wp-block-button__link wp-element-button\" href=\"https:\/\/us241.dayforcehcm.com\/CandidatePortal\/en-US\/vmsinc\" target=\"_blank\" rel=\"noreferrer noopener\">Rejoignez notre \u00e9quipe<\/a><\/div>\n<\/div>\n<\/div>\n\n\n\n<div class=\"wp-block-column media-image-block__img is-layout-flow wp-block-column-is-layout-flow\" style=\"flex-basis:41%\">\n<div class=\"wp-block-group is-layout-constrained wp-block-group-is-layout-constrained has-background\" style=\"min-height:100%;background-image:url(&apos;https:\/\/attachments.lagunawoodsvillage.com\/wp-content\/uploads\/2025\/04\/09132002\/careers-hero-reduced.jpg&apos;);background-position:43% 65%;background-size:cover;\"><\/div>\n<\/div>\n<\/div>\n<\/div>\n\n\n\n<div class=\"wp-block-group alignfull has-teal-background-color has-background is-layout-constrained wp-block-group-is-layout-constrained\" style=\"padding-top:var(--wp--preset--spacing--80);padding-bottom:var(--wp--preset--spacing--80)\">\n<div class=\"wp-block-columns is-layout-flex wp-container-core-columns-is-layout-28f84493 wp-block-columns-is-layout-flex\">\n<div class=\"wp-block-column is-style-equal-height has-white-background-color has-background is-layout-flow wp-block-column-is-layout-flow\" style=\"border-bottom-color:var(--wp--preset--color--purple);border-bottom-width:8px;padding-right:0;padding-left:0;box-shadow:var(--wp--preset--shadow--natural)\">\n<div class=\"wp-block-group has-white-background-color has-background is-layout-constrained wp-container-core-group-is-layout-09eb738f wp-block-group-is-layout-constrained\" style=\"padding-top:var(--wp--preset--spacing--60);padding-right:var(--wp--preset--spacing--50);padding-bottom:var(--wp--preset--spacing--60);padding-left:var(--wp--preset--spacing--50)\">\n<div class=\"wp-block-columns is-not-stacked-on-mobile is-layout-flex wp-container-core-columns-is-layout-f0342b05 wp-block-columns-is-layout-flex\" style=\"margin-top:0;margin-bottom:0\">\n<div class=\"wp-block-column is-vertically-aligned-center is-layout-flow wp-block-column-is-layout-flow\" style=\"flex-basis:21.9%\">\n<figure class=\"wp-block-image size-full is-resized\"><img decoding=\"async\" src=\"https:\/\/attachments.lagunawoodsvillage.com\/wp-content\/uploads\/2024\/10\/02203015\/LW-Icons_questions-prple.svg\" alt=\"\" class=\"wp-image-42200\" style=\"aspect-ratio:1;object-fit:cover;width:75px\"\/><\/figure>\n<\/div>\n\n\n\n<div class=\"wp-block-column is-vertically-aligned-center is-layout-flow wp-block-column-is-layout-flow\" style=\"flex-basis:66.66%\">\n<p class=\"has-body-font-family has-x-medium-font-size\" style=\"font-style:normal;font-weight:700\">Pourquoi travailler avec nous?<\/p>\n<\/div>\n<\/div>\n\n\n\n<p class=\"has-body-font-size\">Au Laguna Woods Village, vous n&#039;\u00eates pas<br>Vous d\u00e9butez votre carri\u00e8re\u00a0? Rejoignez une \u00e9quipe motiv\u00e9e qui accompagne plus de 18\u00a0000 r\u00e9sidents dans un complexe h\u00f4telier de 1\u00a0400\u00a0hectares. Chaque service contribue \u00e0 la qualit\u00e9 de vie de nos r\u00e9sidents.<\/p>\n\n\n\n<p class=\"has-body-font-size\">Nous offrons :<\/p>\n\n\n\n<ul class=\"wp-block-list\">\n<li class=\"has-body-font-size\">Une r\u00e9mun\u00e9ration comp\u00e9titive et des avantages sociaux complets<\/li>\n\n\n\n<li class=\"has-body-font-size\">Une culture de travail collaborative et solidaire<\/li>\n\n\n\n<li class=\"has-body-font-size\">Opportunit\u00e9s d&#039;apprentissage et d&#039;avancement professionnel<\/li>\n\n\n\n<li class=\"has-body-font-size\">Un environnement de travail enrichissant o\u00f9 ce que vous faites compte vraiment<\/li>\n<\/ul>\n<\/div>\n<\/div>\n\n\n\n<div class=\"wp-block-column is-style-equal-height has-white-background-color has-background is-layout-flow wp-block-column-is-layout-flow\" style=\"border-bottom-color:var(--wp--preset--color--beige);border-bottom-width:8px;padding-right:0;padding-left:0;box-shadow:var(--wp--preset--shadow--natural)\">\n<div class=\"wp-block-group has-white-background-color has-background is-layout-constrained wp-container-core-group-is-layout-09eb738f wp-block-group-is-layout-constrained\" style=\"padding-top:var(--wp--preset--spacing--60);padding-right:var(--wp--preset--spacing--50);padding-bottom:var(--wp--preset--spacing--60);padding-left:var(--wp--preset--spacing--50)\">\n<div class=\"wp-block-columns is-not-stacked-on-mobile is-layout-flex wp-container-core-columns-is-layout-f0342b05 wp-block-columns-is-layout-flex\" style=\"margin-top:0;margin-bottom:0\">\n<div class=\"wp-block-column is-vertically-aligned-center is-layout-flow wp-block-column-is-layout-flow\" style=\"flex-basis:21.9%\">\n<figure class=\"wp-block-image size-full is-resized\"><img decoding=\"async\" src=\"https:\/\/attachments.lagunawoodsvillage.com\/wp-content\/uploads\/2024\/10\/02203029\/LW-Icons_people-yellow.svg\" alt=\"\" class=\"wp-image-42209\" style=\"aspect-ratio:1;object-fit:cover;width:75px\"\/><\/figure>\n<\/div>\n\n\n\n<div class=\"wp-block-column is-vertically-aligned-center is-layout-flow wp-block-column-is-layout-flow\" style=\"flex-basis:66.66%\">\n<p class=\"has-body-font-family has-x-medium-font-size\" style=\"font-style:normal;font-weight:700\">Qui embauchons-nous?<\/p>\n<\/div>\n<\/div>\n\n\n\n<p class=\"has-body-font-size\">Nous sommes toujours \u00e0 la recherche de personnes talentueuses et ax\u00e9es sur le service dans un large \u00e9ventail de r\u00f4les, notamment :<\/p>\n\n\n\n<ul class=\"wp-block-list\">\n<li class=\"has-body-font-size\">Service client et centre d&#039;appels<\/li>\n\n\n\n<li class=\"has-body-font-size\">Entretien des installations et m\u00e9tiers sp\u00e9cialis\u00e9s<\/li>\n\n\n\n<li class=\"has-body-font-size\">Soutien administratif et de bureau<\/li>\n\n\n\n<li class=\"has-body-font-size\">Technologies et syst\u00e8mes d&#039;information<\/li>\n\n\n\n<li class=\"has-body-font-size\">Finance et comptabilit\u00e9<\/li>\n\n\n\n<li class=\"has-body-font-size\">Services de transport et de flotte<\/li>\n\n\n\n<li class=\"has-body-font-size\">S\u00e9curit\u00e9 et acc\u00e8s au portail<\/li>\n\n\n\n<li class=\"has-body-font-size\">Loisirs et services communautaires<\/li>\n<\/ul>\n<\/div>\n<\/div>\n\n\n\n<div class=\"wp-block-column is-style-equal-height has-white-background-color has-background is-layout-flow wp-block-column-is-layout-flow\" style=\"border-bottom-color:var(--wp--preset--color--accent);border-bottom-width:8px;padding-right:0;padding-left:0;box-shadow:var(--wp--preset--shadow--natural)\">\n<div class=\"wp-block-group has-white-background-color has-background is-layout-constrained wp-container-core-group-is-layout-09eb738f wp-block-group-is-layout-constrained\" style=\"padding-top:var(--wp--preset--spacing--60);padding-right:var(--wp--preset--spacing--50);padding-bottom:var(--wp--preset--spacing--60);padding-left:var(--wp--preset--spacing--50)\">\n<div class=\"wp-block-columns is-not-stacked-on-mobile is-layout-flex wp-container-core-columns-is-layout-f0342b05 wp-block-columns-is-layout-flex\" style=\"margin-top:0;margin-bottom:0\">\n<div class=\"wp-block-column is-vertically-aligned-center is-layout-flow wp-block-column-is-layout-flow\" style=\"flex-basis:21.9%\">\n<figure class=\"wp-block-image size-full is-resized\"><img decoding=\"async\" src=\"https:\/\/attachments.lagunawoodsvillage.com\/wp-content\/uploads\/2024\/10\/02203047\/LW-Icons_idbadge-ornge.svg\" alt=\"\" class=\"wp-image-42219\" style=\"aspect-ratio:1;object-fit:cover;width:75px\"\/><\/figure>\n<\/div>\n\n\n\n<div class=\"wp-block-column is-vertically-aligned-center is-layout-flow wp-block-column-is-layout-flow\" style=\"flex-basis:66.66%\">\n<p class=\"has-body-font-family has-x-medium-font-size\" style=\"font-style:normal;font-weight:700\">Offres d&#039;emploi actuelles<\/p>\n<\/div>\n<\/div>\n\n\n\n<p class=\"has-body-font-size\">Que vous soyez un jeune dipl\u00f4m\u00e9, que vous changiez de carri\u00e8re ou que vous cherchiez \u00e0 \u00e9voluer dans votre parcours actuel, nous offrons une gamme d&#039;opportunit\u00e9s - des postes de d\u00e9butant offrant une exp\u00e9rience pratique aux postes de direction interm\u00e9diaire et sup\u00e9rieure pour les professionnels chevronn\u00e9s - le tout dans un environnement favorable et ax\u00e9 sur la mission.<\/p>\n\n\n\n<p class=\"has-body-font-size\">Vous souhaitez rejoindre notre \u00e9quipe\u00a0? Visitez notre <a href=\"https:\/\/us242.dayforcehcm.com\/CandidatePortal\/en-US\/vmsinc\"><strong>Portail des carri\u00e8res<\/strong><\/a> Pour d\u00e9couvrir les postes vacants et postuler en ligne, consultez r\u00e9guli\u00e8rement nos offres.<\/p>\n\n\n\n<div class=\"wp-block-buttons is-layout-flex wp-block-buttons-is-layout-flex\">\n<div class=\"wp-block-button\"><a class=\"wp-block-button__link wp-element-button\" href=\"https:\/\/us242.dayforcehcm.com\/CandidatePortal\/en-US\/vmsinc\" target=\"_blank\" rel=\"noreferrer noopener\">Postulez maintenant !<\/a><\/div>\n\n\n\n<div class=\"wp-block-button is-style-with-arrow\"><a class=\"wp-block-button__link has-text-align-left wp-element-button\" href=\"https:\/\/lagunawoodsvillage.com\/fr\/document\/vms-participates-in-e-verify\/\" target=\"_blank\" rel=\"noreferrer noopener\">VMS participe \u00e0 E-Verify<\/a><\/div>\n\n\n\n<div class=\"wp-block-button is-style-with-arrow\"><a class=\"wp-block-button__link has-text-align-left wp-element-button\" href=\"https:\/\/lagunawoodsvillage.com\/fr\/document\/your-right-to-work\/\" target=\"_blank\" rel=\"noreferrer noopener\">Vos droits en tant qu&#039;employ\u00e9<\/a><\/div>\n<\/div>\n<\/div>\n<\/div>\n<\/div>\n<\/div>\n\n\n\n<div class=\"wp-block-group alignfull is-style-default has-light-beige-background-color has-background is-layout-constrained wp-block-group-is-layout-constrained\" style=\"padding-top:var(--wp--preset--spacing--70);padding-bottom:var(--wp--preset--spacing--70)\">\n<div class=\"wp-block-columns shadow is-style-default is-layout-flex wp-container-core-columns-is-layout-28f84493 wp-block-columns-is-layout-flex\" style=\"border-top-left-radius:10px;border-top-right-radius:10px;border-bottom-left-radius:10px;border-bottom-right-radius:87px\">\n<div class=\"wp-block-column is-style-radius block-text-col has-white-background-color has-background is-layout-flow wp-container-core-column-is-layout-b228a0dd wp-block-column-is-layout-flow\" style=\"border-top-style:none;border-top-width:0px;border-right-style:none;border-right-width:0px;border-bottom-color:var(--wp--preset--color--accent);border-bottom-width:4px;border-left-style:none;border-left-width:0px;padding-top:var(--wp--preset--spacing--50);padding-right:var(--wp--preset--spacing--70);padding-bottom:var(--wp--preset--spacing--50);padding-left:var(--wp--preset--spacing--70)\">\n<h2 class=\"wp-block-heading\"><strong>Notre engagement en faveur de l&#039;inclusion<\/strong><\/h2>\n\n\n\n<p>Laguna Woods Village est un employeur garantissant l&#039;\u00e9galit\u00e9 des chances. Nous c\u00e9l\u00e9brons la diversit\u00e9 et nous engageons \u00e0 favoriser un environnement de travail inclusif, respectueux et accueillant pour tous.<\/p>\n<\/div>\n<\/div>\n<\/div>\n\n\n\n<p><\/p>","protected":false},"excerpt":{"rendered":"<p>Where Purpose Meets Community Welcome to Laguna Woods Village\u2014Southern California\u2019s premier active adult community. Behind our vibrant Village is a dedicated team of professionals who keep everything running smoothly, from customer service and maintenance to technology, security and more. If you\u2019re passionate about serving others, take pride in your work and want to be part [&hellip;]<\/p>\n","protected":false},"author":28,"featured_media":69463,"parent":30649,"menu_order":0,"comment_status":"closed","ping_status":"closed","template":"","meta":{"_acf_changed":false,"ep_exclude_from_search":false,"footnotes":""},"ppma_author":[703],"class_list":["post-69462","page","type-page","status-publish","has-post-thumbnail","hentry"],"acf":[],"yoast_head":"<!-- This site is optimized with the Yoast SEO plugin v27.1.1 - https:\/\/yoast.com\/product\/yoast-seo-wordpress\/ -->\n<title>Careers at Laguna Woods Village | Laguna Woods Village<\/title>\n<meta name=\"description\" content=\"Where Purpose Meets Community Welcome to Laguna Woods Village\u2014Southern California\u2019s premier active adult community. Behind our vibrant Village is a\" \/>\n<meta name=\"robots\" content=\"index, follow, max-snippet:-1, max-image-preview:large, max-video-preview:-1\" \/>\n<link rel=\"canonical\" href=\"https:\/\/lagunawoodsvillage.com\/fr\/about\/careers-at-laguna-woods-village\/\" \/>\n<meta property=\"og:locale\" content=\"fr_FR\" \/>\n<meta property=\"og:type\" content=\"article\" \/>\n<meta property=\"og:title\" content=\"Careers at Laguna Woods Village | Laguna Woods Village\" \/>\n<meta property=\"og:description\" content=\"Where Purpose Meets Community Welcome to Laguna Woods Village\u2014Southern California\u2019s premier active adult community. Behind our vibrant Village is a\" \/>\n<meta property=\"og:url\" content=\"https:\/\/lagunawoodsvillage.com\/fr\/about\/careers-at-laguna-woods-village\/\" \/>\n<meta property=\"og:site_name\" content=\"Laguna Woods Village\" \/>\n<meta property=\"article:publisher\" content=\"https:\/\/www.facebook.com\/LagunaWoodsVillage\/\" \/>\n<meta property=\"article:modified_time\" content=\"2025-04-16T17:55:10+00:00\" \/>\n<meta property=\"og:image\" content=\"https:\/\/attachments.lagunawoodsvillage.com\/wp-content\/uploads\/2025\/04\/09131608\/careers-diversity-reduced.jpg\" \/>\n\t<meta property=\"og:image:width\" content=\"1920\" \/>\n\t<meta property=\"og:image:height\" content=\"959\" \/>\n\t<meta property=\"og:image:type\" content=\"image\/jpeg\" \/>\n<meta name=\"twitter:card\" content=\"summary_large_image\" \/>\n<meta name=\"twitter:label1\" content=\"Est. reading time\" \/>\n\t<meta name=\"twitter:data1\" content=\"3 minutes\" \/>\n<script type=\"application\/ld+json\" class=\"yoast-schema-graph\">{\"@context\":\"https:\/\/schema.org\",\"@graph\":[{\"@type\":\"WebPage\",\"@id\":\"https:\/\/lagunawoodsvillage.com\/about\/careers-at-laguna-woods-village\/\",\"url\":\"https:\/\/lagunawoodsvillage.com\/about\/careers-at-laguna-woods-village\/\",\"name\":\"Careers at Laguna Woods Village | Laguna Woods Village\",\"isPartOf\":{\"@id\":\"https:\/\/lagunawoodsvillage.com\/#website\"},\"primaryImageOfPage\":{\"@id\":\"https:\/\/lagunawoodsvillage.com\/about\/careers-at-laguna-woods-village\/#primaryimage\"},\"image\":{\"@id\":\"https:\/\/lagunawoodsvillage.com\/about\/careers-at-laguna-woods-village\/#primaryimage\"},\"thumbnailUrl\":\"https:\/\/attachments.lagunawoodsvillage.com\/wp-content\/uploads\/2025\/04\/09131608\/careers-diversity-reduced.jpg\",\"datePublished\":\"2025-04-09T21:01:49+00:00\",\"dateModified\":\"2025-04-16T17:55:10+00:00\",\"description\":\"Where Purpose Meets Community Welcome to Laguna Woods Village\u2014Southern California\u2019s premier active adult community. Behind our vibrant Village is a\",\"breadcrumb\":{\"@id\":\"https:\/\/lagunawoodsvillage.com\/about\/careers-at-laguna-woods-village\/#breadcrumb\"},\"inLanguage\":\"fr-FR\",\"potentialAction\":[{\"@type\":\"ReadAction\",\"target\":[\"https:\/\/lagunawoodsvillage.com\/about\/careers-at-laguna-woods-village\/\"]}]},{\"@type\":\"ImageObject\",\"inLanguage\":\"fr-FR\",\"@id\":\"https:\/\/lagunawoodsvillage.com\/about\/careers-at-laguna-woods-village\/#primaryimage\",\"url\":\"https:\/\/attachments.lagunawoodsvillage.com\/wp-content\/uploads\/2025\/04\/09131608\/careers-diversity-reduced.jpg\",\"contentUrl\":\"https:\/\/attachments.lagunawoodsvillage.com\/wp-content\/uploads\/2025\/04\/09131608\/careers-diversity-reduced.jpg\",\"width\":1920,\"height\":959},{\"@type\":\"BreadcrumbList\",\"@id\":\"https:\/\/lagunawoodsvillage.com\/about\/careers-at-laguna-woods-village\/#breadcrumb\",\"itemListElement\":[{\"@type\":\"ListItem\",\"position\":1,\"name\":\"Home\",\"item\":\"https:\/\/lagunawoodsvillage.com\/\"},{\"@type\":\"ListItem\",\"position\":2,\"name\":\"About\",\"item\":\"https:\/\/lagunawoodsvillage.com\/about\/\"},{\"@type\":\"ListItem\",\"position\":3,\"name\":\"Careers at Laguna Woods Village\"}]},{\"@type\":\"WebSite\",\"@id\":\"https:\/\/lagunawoodsvillage.com\/#website\",\"url\":\"https:\/\/lagunawoodsvillage.com\/\",\"name\":\"Laguna Woods Village\",\"description\":\"Private Retirement Community in Orange County, California\",\"publisher\":{\"@id\":\"https:\/\/lagunawoodsvillage.com\/#organization\"},\"potentialAction\":[{\"@type\":\"SearchAction\",\"target\":{\"@type\":\"EntryPoint\",\"urlTemplate\":\"https:\/\/lagunawoodsvillage.com\/?s={search_term_string}\"},\"query-input\":{\"@type\":\"PropertyValueSpecification\",\"valueRequired\":true,\"valueName\":\"search_term_string\"}}],\"inLanguage\":\"fr-FR\"},{\"@type\":\"Organization\",\"@id\":\"https:\/\/lagunawoodsvillage.com\/#organization\",\"name\":\"Laguna Woods Village\",\"url\":\"https:\/\/lagunawoodsvillage.com\/\",\"logo\":{\"@type\":\"ImageObject\",\"inLanguage\":\"fr-FR\",\"@id\":\"https:\/\/lagunawoodsvillage.com\/#\/schema\/logo\/image\/\",\"url\":\"https:\/\/attachments.lagunawoodsvillage.com\/wp-content\/uploads\/2024\/06\/21232229\/laguna-woods-logo.jpg\",\"contentUrl\":\"https:\/\/attachments.lagunawoodsvillage.com\/wp-content\/uploads\/2024\/06\/21232229\/laguna-woods-logo.jpg\",\"width\":502,\"height\":266,\"caption\":\"Laguna Woods Village\"},\"image\":{\"@id\":\"https:\/\/lagunawoodsvillage.com\/#\/schema\/logo\/image\/\"},\"sameAs\":[\"https:\/\/www.facebook.com\/LagunaWoodsVillage\/\",\"https:\/\/www.youtube.com\/user\/LagunaWoodsVlg\"]}]}<\/script>\n<!-- \/ Yoast SEO plugin. -->","yoast_head_json":{"title":"Careers at Laguna Woods Village | Laguna Woods Village","description":"Where Purpose Meets Community Welcome to Laguna Woods Village\u2014Southern California\u2019s premier active adult community. Behind our vibrant Village is a","robots":{"index":"index","follow":"follow","max-snippet":"max-snippet:-1","max-image-preview":"max-image-preview:large","max-video-preview":"max-video-preview:-1"},"canonical":"https:\/\/lagunawoodsvillage.com\/fr\/about\/careers-at-laguna-woods-village\/","og_locale":"fr_FR","og_type":"article","og_title":"Careers at Laguna Woods Village | Laguna Woods Village","og_description":"Where Purpose Meets Community Welcome to Laguna Woods Village\u2014Southern California\u2019s premier active adult community. Behind our vibrant Village is a","og_url":"https:\/\/lagunawoodsvillage.com\/fr\/about\/careers-at-laguna-woods-village\/","og_site_name":"Laguna Woods Village","article_publisher":"https:\/\/www.facebook.com\/LagunaWoodsVillage\/","article_modified_time":"2025-04-16T17:55:10+00:00","og_image":[{"width":1920,"height":959,"url":"https:\/\/attachments.lagunawoodsvillage.com\/wp-content\/uploads\/2025\/04\/09131608\/careers-diversity-reduced.jpg","type":"image\/jpeg"}],"twitter_card":"summary_large_image","twitter_misc":{"Est. reading time":"3 minutes"},"schema":{"@context":"https:\/\/schema.org","@graph":[{"@type":"WebPage","@id":"https:\/\/lagunawoodsvillage.com\/about\/careers-at-laguna-woods-village\/","url":"https:\/\/lagunawoodsvillage.com\/about\/careers-at-laguna-woods-village\/","name":"Careers at Laguna Woods Village | Laguna Woods Village","isPartOf":{"@id":"https:\/\/lagunawoodsvillage.com\/#website"},"primaryImageOfPage":{"@id":"https:\/\/lagunawoodsvillage.com\/about\/careers-at-laguna-woods-village\/#primaryimage"},"image":{"@id":"https:\/\/lagunawoodsvillage.com\/about\/careers-at-laguna-woods-village\/#primaryimage"},"thumbnailUrl":"https:\/\/attachments.lagunawoodsvillage.com\/wp-content\/uploads\/2025\/04\/09131608\/careers-diversity-reduced.jpg","datePublished":"2025-04-09T21:01:49+00:00","dateModified":"2025-04-16T17:55:10+00:00","description":"Where Purpose Meets Community Welcome to Laguna Woods Village\u2014Southern California\u2019s premier active adult community. Behind our vibrant Village is a","breadcrumb":{"@id":"https:\/\/lagunawoodsvillage.com\/about\/careers-at-laguna-woods-village\/#breadcrumb"},"inLanguage":"fr-FR","potentialAction":[{"@type":"ReadAction","target":["https:\/\/lagunawoodsvillage.com\/about\/careers-at-laguna-woods-village\/"]}]},{"@type":"ImageObject","inLanguage":"fr-FR","@id":"https:\/\/lagunawoodsvillage.com\/about\/careers-at-laguna-woods-village\/#primaryimage","url":"https:\/\/attachments.lagunawoodsvillage.com\/wp-content\/uploads\/2025\/04\/09131608\/careers-diversity-reduced.jpg","contentUrl":"https:\/\/attachments.lagunawoodsvillage.com\/wp-content\/uploads\/2025\/04\/09131608\/careers-diversity-reduced.jpg","width":1920,"height":959},{"@type":"BreadcrumbList","@id":"https:\/\/lagunawoodsvillage.com\/about\/careers-at-laguna-woods-village\/#breadcrumb","itemListElement":[{"@type":"ListItem","position":1,"name":"Home","item":"https:\/\/lagunawoodsvillage.com\/"},{"@type":"ListItem","position":2,"name":"About","item":"https:\/\/lagunawoodsvillage.com\/about\/"},{"@type":"ListItem","position":3,"name":"Careers at Laguna Woods Village"}]},{"@type":"WebSite","@id":"https:\/\/lagunawoodsvillage.com\/#website","url":"https:\/\/lagunawoodsvillage.com\/","name":"Village de Laguna Woods","description":"R\u00e9sidence priv\u00e9e pour retrait\u00e9s dans le comt\u00e9 d&#039;Orange, en Californie","publisher":{"@id":"https:\/\/lagunawoodsvillage.com\/#organization"},"potentialAction":[{"@type":"SearchAction","target":{"@type":"EntryPoint","urlTemplate":"https:\/\/lagunawoodsvillage.com\/?s={search_term_string}"},"query-input":{"@type":"PropertyValueSpecification","valueRequired":true,"valueName":"search_term_string"}}],"inLanguage":"fr-FR"},{"@type":"Organization","@id":"https:\/\/lagunawoodsvillage.com\/#organization","name":"Village de Laguna Woods","url":"https:\/\/lagunawoodsvillage.com\/","logo":{"@type":"ImageObject","inLanguage":"fr-FR","@id":"https:\/\/lagunawoodsvillage.com\/#\/schema\/logo\/image\/","url":"https:\/\/attachments.lagunawoodsvillage.com\/wp-content\/uploads\/2024\/06\/21232229\/laguna-woods-logo.jpg","contentUrl":"https:\/\/attachments.lagunawoodsvillage.com\/wp-content\/uploads\/2024\/06\/21232229\/laguna-woods-logo.jpg","width":502,"height":266,"caption":"Laguna Woods Village"},"image":{"@id":"https:\/\/lagunawoodsvillage.com\/#\/schema\/logo\/image\/"},"sameAs":["https:\/\/www.facebook.com\/LagunaWoodsVillage\/","https:\/\/www.youtube.com\/user\/LagunaWoodsVlg"]}]}},"publishpress_future_action":{"enabled":false,"date":"2026-04-11 20:35:55","action":"change-status","newStatus":"draft","terms":[],"taxonomy":"ep_custom_result","extraData":[]},"publishpress_future_workflow_manual_trigger":{"enabledWorkflows":[]},"_links":{"self":[{"href":"https:\/\/lagunawoodsvillage.com\/fr\/wp-json\/wp\/v2\/pages\/69462","targetHints":{"allow":["GET"]}}],"collection":[{"href":"https:\/\/lagunawoodsvillage.com\/fr\/wp-json\/wp\/v2\/pages"}],"about":[{"href":"https:\/\/lagunawoodsvillage.com\/fr\/wp-json\/wp\/v2\/types\/page"}],"author":[{"embeddable":true,"href":"https:\/\/lagunawoodsvillage.com\/fr\/wp-json\/wp\/v2\/users\/28"}],"replies":[{"embeddable":true,"href":"https:\/\/lagunawoodsvillage.com\/fr\/wp-json\/wp\/v2\/comments?post=69462"}],"version-history":[{"count":11,"href":"https:\/\/lagunawoodsvillage.com\/fr\/wp-json\/wp\/v2\/pages\/69462\/revisions"}],"predecessor-version":[{"id":69791,"href":"https:\/\/lagunawoodsvillage.com\/fr\/wp-json\/wp\/v2\/pages\/69462\/revisions\/69791"}],"up":[{"embeddable":true,"href":"https:\/\/lagunawoodsvillage.com\/fr\/wp-json\/wp\/v2\/pages\/30649"}],"wp:featuredmedia":[{"embeddable":true,"href":"https:\/\/lagunawoodsvillage.com\/fr\/wp-json\/wp\/v2\/media\/69463"}],"wp:attachment":[{"href":"https:\/\/lagunawoodsvillage.com\/fr\/wp-json\/wp\/v2\/media?parent=69462"}],"wp:term":[{"taxonomy":"author","embeddable":true,"href":"https:\/\/lagunawoodsvillage.com\/fr\/wp-json\/wp\/v2\/ppma_author?post=69462"}],"curies":[{"name":"wp","href":"https:\/\/api.w.org\/{rel}","templated":true}]}}