{"id":43237,"date":"2024-10-17T16:46:07","date_gmt":"2024-10-17T16:46:07","guid":{"rendered":"https:\/\/dev-laguna-woods.pantheonsite.io\/?page_id=43237"},"modified":"2024-11-19T15:16:33","modified_gmt":"2024-11-19T23:16:33","slug":"subscribe-to-news","status":"publish","type":"page","link":"https:\/\/lagunawoodsvillage.com\/fr\/news\/subscribe-to-news\/","title":{"rendered":"Abonnez-vous aux actualit\u00e9s"},"content":{"rendered":"<div class=\"wp-block-group alignfull is-style-default has-light-beige-background-color has-background is-layout-constrained wp-block-group-is-layout-constrained\" style=\"padding-top:var(--wp--preset--spacing--50);padding-bottom:var(--wp--preset--spacing--50);background-position:5% 99%;\">\n<div class=\"wp-block-columns is-layout-flex wp-container-core-columns-is-layout-5f9c3b43 wp-block-columns-is-layout-flex\" style=\"margin-top:var(--wp--preset--spacing--50);margin-bottom:var(--wp--preset--spacing--60)\">\n<div class=\"wp-block-column is-style-radius has-white-background-color has-background is-layout-flow wp-block-column-is-layout-flow\" style=\"border-bottom-color:var(--wp--preset--color--accent);border-bottom-width:8px;padding-top:0;padding-right:0;flex-basis:50%\">\n<figure class=\"wp-block-image size-full is-resized\"><img loading=\"lazy\" decoding=\"async\" width=\"1024\" height=\"683\" src=\"https:\/\/attachments.lagunawoodsvillage.com\/wp-content\/uploads\/2024\/10\/17164509\/AdobeStock_news-phone-sized.jpg\" alt=\"\" class=\"wp-image-43238\" style=\"aspect-ratio:1.7777777777777777;object-fit:cover;width:623px;height:auto\" srcset=\"https:\/\/attachments.lagunawoodsvillage.com\/wp-content\/uploads\/2024\/10\/17164509\/AdobeStock_news-phone-sized.jpg 1024w, https:\/\/attachments.lagunawoodsvillage.com\/wp-content\/uploads\/2024\/10\/17164509\/AdobeStock_news-phone-sized-300x200.jpg 300w, https:\/\/attachments.lagunawoodsvillage.com\/wp-content\/uploads\/2024\/10\/17164509\/AdobeStock_news-phone-sized-768x512.jpg 768w, https:\/\/attachments.lagunawoodsvillage.com\/wp-content\/uploads\/2024\/10\/17164509\/AdobeStock_news-phone-sized-50x33.jpg 50w, https:\/\/attachments.lagunawoodsvillage.com\/wp-content\/uploads\/2024\/10\/17164509\/AdobeStock_news-phone-sized-800x534.jpg 800w, https:\/\/attachments.lagunawoodsvillage.com\/wp-content\/uploads\/2024\/10\/17164509\/AdobeStock_news-phone-sized-18x12.jpg 18w\" sizes=\"auto, (max-width: 1024px) 100vw, 1024px\" \/><\/figure>\n\n\n\n<div class=\"wp-block-group is-layout-constrained wp-container-core-group-is-layout-0747478d wp-block-group-is-layout-constrained\" style=\"padding-top:var(--wp--preset--spacing--50);padding-right:var(--wp--preset--spacing--50);padding-bottom:var(--wp--preset--spacing--50);padding-left:var(--wp--preset--spacing--50)\">\n<h2 class=\"wp-block-heading has-black-color has-text-color has-link-color has-x-medium-font-size wp-elements-a237c20dc8b0d08dc96745a8efb29076\"><strong>Restez connect\u00e9 au Village<\/strong><\/h2>\n\n\n\n<p class=\"has-body-font-size\">La division des communications du service de gestion du village partage toutes les nouvelles, \u00e9v\u00e9nements et activit\u00e9s importantes du village que les r\u00e9sidents doivent conna\u00eetre. Ne les ratez pas !<\/p>\n\n\n\n<p class=\"has-body-font-size\">La newsletter num\u00e9rique \u00ab Quoi de neuf dans le village \u00bb publi\u00e9e chaque vendredi met en \u00e9vidence les actualit\u00e9s incontournables du village, les mises \u00e0 jour, les \u00e9v\u00e9nements, les horaires, les proc\u00e9dures \u00e0 suivre et bien plus encore, ainsi que les actualit\u00e9s et les notifications de l&#039;ext\u00e9rieur du village qui affectent votre communaut\u00e9. <\/p>\n\n\n\n<p class=\"has-body-font-size\">L&#039;inscription aux actualit\u00e9s vous permettra \u00e9galement d&#039;\u00eatre inform\u00e9 des fermetures, des ouvertures, des ajustements d&#039;horaires et bien plus encore, y compris des e-mails sp\u00e9ciaux de la Golden Rain Foundation.<\/p>\n<\/div>\n<\/div>\n\n\n\n<div class=\"wp-block-column is-style-radius has-white-background-color has-background is-layout-flow wp-block-column-is-layout-flow\" style=\"border-bottom-color:var(--wp--preset--color--accent);border-bottom-width:8px;flex-basis:50%\">\n<div class=\"wp-block-group is-layout-constrained wp-container-core-group-is-layout-0747478d wp-block-group-is-layout-constrained\" style=\"padding-top:var(--wp--preset--spacing--50);padding-right:var(--wp--preset--spacing--50);padding-bottom:var(--wp--preset--spacing--50);padding-left:var(--wp--preset--spacing--50)\">\n<h2 class=\"wp-block-heading has-black-color has-text-color has-link-color has-x-medium-font-size wp-elements-7a4f36ea8ef340a41cc4134eb59869fd\"><strong>Inscrivez-vous aux actualit\u00e9s<\/strong><\/h2>\n\n\n\n<div id=\"icontactSignupFormWrapper204\"><script type=\"text\/javascript\" async src=\"https:\/\/app.icontact.com\/icp\/core\/mycontacts\/signup\/designer\/form\/automatic?id=204&#038;cid=718538&#038;lid=10544&#038;divid=icontactSignupFormWrapper204\"><\/script><\/div>\n\n\n\n<p class=\"has-body-font-size\">Si vous rencontrez des difficult\u00e9s pour soumettre le formulaire d&#039;inscription, envoyez un e-mail \u00e0 <strong><a href=\"mailto:information@lagunawoodsvillage.com\" target=\"_blank\" rel=\"noreferrer noopener\">information@lagunawoodsvillage.com<\/a><\/strong> avec votre nom complet, votre num\u00e9ro de manoir et votre adresse e-mail, et le personnel vous aidera.<\/p>\n<\/div>\n<\/div>\n<\/div>\n<\/div>","protected":false},"excerpt":{"rendered":"<p>Stay connected in the Village Village Management Services&#8217; Communications Division shares all the important Village news, events and activities residents need to know about. Don&#8217;t miss out! The every-Friday &#8220;What&#8217;s Up in the Village&#8221; digital newsletter highlights the Village&#8217;s must-know current news, updates, events, schedules, how-tos and more, as well as news and notifications from [&hellip;]<\/p>\n","protected":false},"author":28,"featured_media":0,"parent":30850,"menu_order":0,"comment_status":"closed","ping_status":"closed","template":"","meta":{"_acf_changed":false,"ep_exclude_from_search":false,"footnotes":""},"ppma_author":[703],"class_list":["post-43237","page","type-page","status-publish","hentry"],"acf":[],"yoast_head":"<!-- This site is optimized with the Yoast SEO plugin v27.1.1 - https:\/\/yoast.com\/product\/yoast-seo-wordpress\/ -->\n<title>Subscribe to News | Laguna Woods Village<\/title>\n<meta name=\"description\" content=\"Stay connected in the Village Village Management Services&#039; Communications Division shares all the important Village news, events and activities residents\" \/>\n<meta name=\"robots\" content=\"index, follow, max-snippet:-1, max-image-preview:large, max-video-preview:-1\" \/>\n<link rel=\"canonical\" href=\"https:\/\/lagunawoodsvillage.com\/fr\/news\/subscribe-to-news\/\" \/>\n<meta property=\"og:locale\" content=\"fr_FR\" \/>\n<meta property=\"og:type\" content=\"article\" \/>\n<meta property=\"og:title\" content=\"Subscribe to News | Laguna Woods Village\" \/>\n<meta property=\"og:description\" content=\"Stay connected in the Village Village Management Services&#039; Communications Division shares all the important Village news, events and activities residents\" \/>\n<meta property=\"og:url\" content=\"https:\/\/lagunawoodsvillage.com\/fr\/news\/subscribe-to-news\/\" \/>\n<meta property=\"og:site_name\" content=\"Laguna Woods Village\" \/>\n<meta property=\"article:publisher\" content=\"https:\/\/www.facebook.com\/LagunaWoodsVillage\/\" \/>\n<meta property=\"article:modified_time\" content=\"2024-11-19T23:16:33+00:00\" \/>\n<meta property=\"og:image\" content=\"https:\/\/lagunawoodsvillage.com\/wp-content\/uploads\/2024\/10\/AdobeStock_news-phone-sized.jpg\" \/>\n<meta name=\"twitter:card\" content=\"summary_large_image\" \/>\n<meta name=\"twitter:label1\" content=\"Est. reading time\" \/>\n\t<meta name=\"twitter:data1\" content=\"1 minute\" \/>\n<script type=\"application\/ld+json\" class=\"yoast-schema-graph\">{\"@context\":\"https:\/\/schema.org\",\"@graph\":[{\"@type\":\"WebPage\",\"@id\":\"https:\/\/lagunawoodsvillage.com\/news\/subscribe-to-news\/\",\"url\":\"https:\/\/lagunawoodsvillage.com\/news\/subscribe-to-news\/\",\"name\":\"Subscribe to News | Laguna Woods Village\",\"isPartOf\":{\"@id\":\"https:\/\/lagunawoodsvillage.com\/#website\"},\"primaryImageOfPage\":{\"@id\":\"https:\/\/lagunawoodsvillage.com\/news\/subscribe-to-news\/#primaryimage\"},\"image\":{\"@id\":\"https:\/\/lagunawoodsvillage.com\/news\/subscribe-to-news\/#primaryimage\"},\"thumbnailUrl\":\"https:\/\/lagunawoodsvillage.com\/wp-content\/uploads\/2024\/10\/AdobeStock_news-phone-sized.jpg\",\"datePublished\":\"2024-10-17T16:46:07+00:00\",\"dateModified\":\"2024-11-19T23:16:33+00:00\",\"description\":\"Stay connected in the Village Village Management Services' Communications Division shares all the important Village news, events and activities residents\",\"breadcrumb\":{\"@id\":\"https:\/\/lagunawoodsvillage.com\/news\/subscribe-to-news\/#breadcrumb\"},\"inLanguage\":\"fr-FR\",\"potentialAction\":[{\"@type\":\"ReadAction\",\"target\":[\"https:\/\/lagunawoodsvillage.com\/news\/subscribe-to-news\/\"]}]},{\"@type\":\"ImageObject\",\"inLanguage\":\"fr-FR\",\"@id\":\"https:\/\/lagunawoodsvillage.com\/news\/subscribe-to-news\/#primaryimage\",\"url\":\"https:\/\/lagunawoodsvillage.com\/wp-content\/uploads\/2024\/10\/AdobeStock_news-phone-sized.jpg\",\"contentUrl\":\"https:\/\/lagunawoodsvillage.com\/wp-content\/uploads\/2024\/10\/AdobeStock_news-phone-sized.jpg\"},{\"@type\":\"BreadcrumbList\",\"@id\":\"https:\/\/lagunawoodsvillage.com\/news\/subscribe-to-news\/#breadcrumb\",\"itemListElement\":[{\"@type\":\"ListItem\",\"position\":1,\"name\":\"Home\",\"item\":\"https:\/\/lagunawoodsvillage.com\/\"},{\"@type\":\"ListItem\",\"position\":2,\"name\":\"News\",\"item\":\"https:\/\/lagunawoodsvillage.com\/news\/\"},{\"@type\":\"ListItem\",\"position\":3,\"name\":\"Subscribe to News\"}]},{\"@type\":\"WebSite\",\"@id\":\"https:\/\/lagunawoodsvillage.com\/#website\",\"url\":\"https:\/\/lagunawoodsvillage.com\/\",\"name\":\"Laguna Woods Village\",\"description\":\"Private Retirement Community in Orange County, California\",\"publisher\":{\"@id\":\"https:\/\/lagunawoodsvillage.com\/#organization\"},\"potentialAction\":[{\"@type\":\"SearchAction\",\"target\":{\"@type\":\"EntryPoint\",\"urlTemplate\":\"https:\/\/lagunawoodsvillage.com\/?s={search_term_string}\"},\"query-input\":{\"@type\":\"PropertyValueSpecification\",\"valueRequired\":true,\"valueName\":\"search_term_string\"}}],\"inLanguage\":\"fr-FR\"},{\"@type\":\"Organization\",\"@id\":\"https:\/\/lagunawoodsvillage.com\/#organization\",\"name\":\"Laguna Woods Village\",\"url\":\"https:\/\/lagunawoodsvillage.com\/\",\"logo\":{\"@type\":\"ImageObject\",\"inLanguage\":\"fr-FR\",\"@id\":\"https:\/\/lagunawoodsvillage.com\/#\/schema\/logo\/image\/\",\"url\":\"https:\/\/attachments.lagunawoodsvillage.com\/wp-content\/uploads\/2024\/06\/21232229\/laguna-woods-logo.jpg\",\"contentUrl\":\"https:\/\/attachments.lagunawoodsvillage.com\/wp-content\/uploads\/2024\/06\/21232229\/laguna-woods-logo.jpg\",\"width\":502,\"height\":266,\"caption\":\"Laguna Woods Village\"},\"image\":{\"@id\":\"https:\/\/lagunawoodsvillage.com\/#\/schema\/logo\/image\/\"},\"sameAs\":[\"https:\/\/www.facebook.com\/LagunaWoodsVillage\/\",\"https:\/\/www.youtube.com\/user\/LagunaWoodsVlg\"]}]}<\/script>\n<!-- \/ Yoast SEO plugin. -->","yoast_head_json":{"title":"Subscribe to News | Laguna Woods Village","description":"Stay connected in the Village Village Management Services' Communications Division shares all the important Village news, events and activities residents","robots":{"index":"index","follow":"follow","max-snippet":"max-snippet:-1","max-image-preview":"max-image-preview:large","max-video-preview":"max-video-preview:-1"},"canonical":"https:\/\/lagunawoodsvillage.com\/fr\/news\/subscribe-to-news\/","og_locale":"fr_FR","og_type":"article","og_title":"Subscribe to News | Laguna Woods Village","og_description":"Stay connected in the Village Village Management Services' Communications Division shares all the important Village news, events and activities residents","og_url":"https:\/\/lagunawoodsvillage.com\/fr\/news\/subscribe-to-news\/","og_site_name":"Laguna Woods Village","article_publisher":"https:\/\/www.facebook.com\/LagunaWoodsVillage\/","article_modified_time":"2024-11-19T23:16:33+00:00","og_image":[{"url":"https:\/\/lagunawoodsvillage.com\/wp-content\/uploads\/2024\/10\/AdobeStock_news-phone-sized.jpg","type":"","width":"","height":""}],"twitter_card":"summary_large_image","twitter_misc":{"Est. reading time":"1 minute"},"schema":{"@context":"https:\/\/schema.org","@graph":[{"@type":"WebPage","@id":"https:\/\/lagunawoodsvillage.com\/news\/subscribe-to-news\/","url":"https:\/\/lagunawoodsvillage.com\/news\/subscribe-to-news\/","name":"Subscribe to News | Laguna Woods Village","isPartOf":{"@id":"https:\/\/lagunawoodsvillage.com\/#website"},"primaryImageOfPage":{"@id":"https:\/\/lagunawoodsvillage.com\/news\/subscribe-to-news\/#primaryimage"},"image":{"@id":"https:\/\/lagunawoodsvillage.com\/news\/subscribe-to-news\/#primaryimage"},"thumbnailUrl":"https:\/\/lagunawoodsvillage.com\/wp-content\/uploads\/2024\/10\/AdobeStock_news-phone-sized.jpg","datePublished":"2024-10-17T16:46:07+00:00","dateModified":"2024-11-19T23:16:33+00:00","description":"Stay connected in the Village Village Management Services' Communications Division shares all the important Village news, events and activities residents","breadcrumb":{"@id":"https:\/\/lagunawoodsvillage.com\/news\/subscribe-to-news\/#breadcrumb"},"inLanguage":"fr-FR","potentialAction":[{"@type":"ReadAction","target":["https:\/\/lagunawoodsvillage.com\/news\/subscribe-to-news\/"]}]},{"@type":"ImageObject","inLanguage":"fr-FR","@id":"https:\/\/lagunawoodsvillage.com\/news\/subscribe-to-news\/#primaryimage","url":"https:\/\/lagunawoodsvillage.com\/wp-content\/uploads\/2024\/10\/AdobeStock_news-phone-sized.jpg","contentUrl":"https:\/\/lagunawoodsvillage.com\/wp-content\/uploads\/2024\/10\/AdobeStock_news-phone-sized.jpg"},{"@type":"BreadcrumbList","@id":"https:\/\/lagunawoodsvillage.com\/news\/subscribe-to-news\/#breadcrumb","itemListElement":[{"@type":"ListItem","position":1,"name":"Home","item":"https:\/\/lagunawoodsvillage.com\/"},{"@type":"ListItem","position":2,"name":"News","item":"https:\/\/lagunawoodsvillage.com\/news\/"},{"@type":"ListItem","position":3,"name":"Subscribe to News"}]},{"@type":"WebSite","@id":"https:\/\/lagunawoodsvillage.com\/#website","url":"https:\/\/lagunawoodsvillage.com\/","name":"Village de Laguna Woods","description":"R\u00e9sidence priv\u00e9e pour retrait\u00e9s dans le comt\u00e9 d&#039;Orange, en Californie","publisher":{"@id":"https:\/\/lagunawoodsvillage.com\/#organization"},"potentialAction":[{"@type":"SearchAction","target":{"@type":"EntryPoint","urlTemplate":"https:\/\/lagunawoodsvillage.com\/?s={search_term_string}"},"query-input":{"@type":"PropertyValueSpecification","valueRequired":true,"valueName":"search_term_string"}}],"inLanguage":"fr-FR"},{"@type":"Organization","@id":"https:\/\/lagunawoodsvillage.com\/#organization","name":"Village de Laguna Woods","url":"https:\/\/lagunawoodsvillage.com\/","logo":{"@type":"ImageObject","inLanguage":"fr-FR","@id":"https:\/\/lagunawoodsvillage.com\/#\/schema\/logo\/image\/","url":"https:\/\/attachments.lagunawoodsvillage.com\/wp-content\/uploads\/2024\/06\/21232229\/laguna-woods-logo.jpg","contentUrl":"https:\/\/attachments.lagunawoodsvillage.com\/wp-content\/uploads\/2024\/06\/21232229\/laguna-woods-logo.jpg","width":502,"height":266,"caption":"Laguna Woods Village"},"image":{"@id":"https:\/\/lagunawoodsvillage.com\/#\/schema\/logo\/image\/"},"sameAs":["https:\/\/www.facebook.com\/LagunaWoodsVillage\/","https:\/\/www.youtube.com\/user\/LagunaWoodsVlg"]}]}},"publishpress_future_action":{"enabled":false,"date":"2026-04-21 00:40:13","action":"change-status","newStatus":"draft","terms":[],"taxonomy":"ep_custom_result","extraData":[]},"publishpress_future_workflow_manual_trigger":{"enabledWorkflows":[]},"_links":{"self":[{"href":"https:\/\/lagunawoodsvillage.com\/fr\/wp-json\/wp\/v2\/pages\/43237","targetHints":{"allow":["GET"]}}],"collection":[{"href":"https:\/\/lagunawoodsvillage.com\/fr\/wp-json\/wp\/v2\/pages"}],"about":[{"href":"https:\/\/lagunawoodsvillage.com\/fr\/wp-json\/wp\/v2\/types\/page"}],"author":[{"embeddable":true,"href":"https:\/\/lagunawoodsvillage.com\/fr\/wp-json\/wp\/v2\/users\/28"}],"replies":[{"embeddable":true,"href":"https:\/\/lagunawoodsvillage.com\/fr\/wp-json\/wp\/v2\/comments?post=43237"}],"version-history":[{"count":20,"href":"https:\/\/lagunawoodsvillage.com\/fr\/wp-json\/wp\/v2\/pages\/43237\/revisions"}],"predecessor-version":[{"id":61516,"href":"https:\/\/lagunawoodsvillage.com\/fr\/wp-json\/wp\/v2\/pages\/43237\/revisions\/61516"}],"up":[{"embeddable":true,"href":"https:\/\/lagunawoodsvillage.com\/fr\/wp-json\/wp\/v2\/pages\/30850"}],"wp:attachment":[{"href":"https:\/\/lagunawoodsvillage.com\/fr\/wp-json\/wp\/v2\/media?parent=43237"}],"wp:term":[{"taxonomy":"author","embeddable":true,"href":"https:\/\/lagunawoodsvillage.com\/fr\/wp-json\/wp\/v2\/ppma_author?post=43237"}],"curies":[{"name":"wp","href":"https:\/\/api.w.org\/{rel}","templated":true}]}}