{"id":41727,"date":"2024-09-26T22:38:45","date_gmt":"2024-09-26T22:38:45","guid":{"rendered":"https:\/\/dev-laguna-woods.pantheonsite.io\/?page_id=41727"},"modified":"2025-02-27T14:07:12","modified_gmt":"2025-02-27T22:07:12","slug":"village-living-information-sessions","status":"publish","type":"page","link":"https:\/\/lagunawoodsvillage.com\/fr\/about\/village-living-information-sessions\/","title":{"rendered":"S\u00e9ances d&#039;information sur la vie au village"},"content":{"rendered":"<div class=\"wp-block-group alignfull media-image-block has-light-beige-background-color has-background is-layout-constrained wp-block-group-is-layout-constrained\" style=\"padding-top:var(--wp--preset--spacing--70);padding-bottom:var(--wp--preset--spacing--80)\">\n<div class=\"wp-block-columns shadow is-style-no-gap image-text-no-gap is-layout-flex wp-container-core-columns-is-layout-28f84493 wp-block-columns-is-layout-flex\" style=\"border-top-left-radius:10px;border-top-right-radius:10px;border-bottom-left-radius:10px;border-bottom-right-radius:87px\">\n<div class=\"wp-block-column media-image-block__text block-text-col has-white-background-color has-background is-layout-flow wp-container-core-column-is-layout-74b672bb wp-block-column-is-layout-flow\" style=\"border-top-style:none;border-top-width:0px;border-right-style:none;border-right-width:0px;border-bottom-color:var(--wp--preset--color--accent);border-bottom-width:8px;border-left-style:none;border-left-width:0px;padding-top:var(--wp--preset--spacing--70);padding-right:var(--wp--preset--spacing--70);padding-bottom:var(--wp--preset--spacing--70);padding-left:var(--wp--preset--spacing--70);flex-basis:66.66%\">\n<h2 class=\"wp-block-heading has-text-black-color has-text-color has-link-color has-x-large-font-size wp-elements-a0effea9507641c8a98f51cb58206e84\"><strong>Commencez votre voyage dans le village ici\u00a0! <\/strong><\/h2>\n\n\n\n<p class=\"has-body-font-size\" style=\"padding-top:0;padding-bottom:0;line-height:1.6\">Organis\u00e9s le deuxi\u00e8me mardi de chaque mois, les \u00e9v\u00e9nements Village Living accueillent les r\u00e9sidents, nouveaux et actuels, dans une ambiance conviviale et d\u00e9contract\u00e9e, pour d\u00e9couvrir le Village pour la premi\u00e8re fois ou apprendre \u00e0 profiter pleinement de ses atouts. Nous vous pr\u00e9senterons les informations et les commodit\u00e9s du Village, et r\u00e9pondrons \u00e0 vos questions importantes\u00a0!<\/p>\n\n\n\n<p class=\"has-body-font-size\" style=\"padding-top:0;padding-bottom:0;line-height:1.6\">Chaque \u00e9v\u00e9nement se d\u00e9roule de 13h \u00e0 14h30 dans la salle Elm du Laguna Woods Village Community Center, situ\u00e9 au 24351 El Toro Road, Laguna Woods, CA 92637.<\/p>\n<\/div>\n\n\n\n<div class=\"wp-block-column media-image-block__img is-layout-flow wp-block-column-is-layout-flow\" style=\"flex-basis:41%\">\n<div class=\"wp-block-group is-layout-constrained wp-block-group-is-layout-constrained has-background\" style=\"min-height:100%;background-image:url(&apos;https:\/\/attachments.lagunawoodsvillage.com\/wp-content\/uploads\/2024\/09\/27205805\/shutterstock_happy-seniors.jpg&apos;);background-position:35% 50%;background-size:cover;\"><\/div>\n<\/div>\n<\/div>\n<\/div>\n\n\n\n<div class=\"wp-block-group alignfull has-teal-background-color has-background is-layout-constrained wp-block-group-is-layout-constrained\" style=\"padding-top:var(--wp--preset--spacing--80);padding-bottom:var(--wp--preset--spacing--80);background-image:url(&apos;https:\/\/attachments.lagunawoodsvillage.com\/wp-content\/uploads\/2024\/09\/18174659\/activity-card-background-tennis-blue.jpg&apos;);background-position:50% 0;background-size:cover;\">\n<div class=\"wp-block-group block-text-col has-white-background-color has-background is-layout-constrained wp-container-core-group-is-layout-ae744a23 wp-block-group-is-layout-constrained\" style=\"border-radius:10px;border-top-style:none;border-top-width:0px;border-right-style:none;border-right-width:0px;border-bottom-color:var(--wp--preset--color--accent);border-bottom-width:8px;border-left-style:none;border-left-width:0px;padding-top:var(--wp--preset--spacing--70);padding-right:var(--wp--preset--spacing--70);padding-bottom:var(--wp--preset--spacing--70);padding-left:var(--wp--preset--spacing--70)\">\n<h3 class=\"wp-block-heading has-text-black-color has-text-color has-link-color has-x-medium-font-size wp-elements-7753fcf2c7415619aa966317f3e69967\"><strong>Votre RSVP est obligatoire<\/strong><\/h3>\n\n\n\n<p class=\"has-body-font-size\" style=\"padding-top:0;padding-bottom:0;line-height:1.6\"><strong>Le nombre de places est limit\u00e9 \u00e0 25 personnes. Veuillez confirmer votre pr\u00e9sence. <\/strong>et chaque invit\u00e9 doit s&#039;inscrire s\u00e9par\u00e9ment, m\u00eame s&#039;il fait partie du m\u00eame foyer.<\/p>\n\n\n\n<p class=\"has-body-font-size\" style=\"padding-top:0;padding-bottom:0;line-height:1.6\">Les participants int\u00e9ress\u00e9s peuvent confirmer leur pr\u00e9sence en cliquant sur le lien ci-dessous.<strong> <\/strong>Une confirmation de r\u00e9servation sera envoy\u00e9e par courrier \u00e9lectronique \u00e0 l&#039;adresse fournie.<\/p>\n\n\n\n<div class=\"wp-block-buttons is-layout-flex wp-block-buttons-is-layout-flex\">\n<div class=\"wp-block-button\"><a class=\"wp-block-button__link wp-element-button\" href=\"https:\/\/lagunawoodsvillage.com\/fr\/about\/village-living-information-sessions\/village-living-information-session-registration\/\" target=\"_blank\" rel=\"noreferrer noopener\">RSVP<\/a><\/div>\n<\/div>\n<\/div>\n<\/div>\n\n\n\n<div class=\"wp-block-group alignfull is-layout-constrained wp-block-group-is-layout-constrained\" style=\"padding-top:var(--wp--preset--spacing--80);padding-bottom:var(--wp--preset--spacing--60)\">\n<div class=\"wp-block-columns is-layout-flex wp-container-core-columns-is-layout-28f84493 wp-block-columns-is-layout-flex\">\n<div class=\"wp-block-column is-style-equal-height has-white-background-color has-background is-layout-flow wp-block-column-is-layout-flow\" style=\"border-bottom-color:var(--wp--preset--color--purple);border-bottom-width:8px;padding-right:0;padding-left:0;box-shadow:var(--wp--preset--shadow--natural)\">\n<div class=\"wp-block-group has-white-background-color has-background is-layout-constrained wp-container-core-group-is-layout-da4f2bcd wp-block-group-is-layout-constrained\" style=\"padding-top:var(--wp--preset--spacing--60);padding-right:var(--wp--preset--spacing--60);padding-bottom:var(--wp--preset--spacing--60);padding-left:var(--wp--preset--spacing--60)\">\n<div class=\"wp-block-columns is-not-stacked-on-mobile is-layout-flex wp-container-core-columns-is-layout-f0342b05 wp-block-columns-is-layout-flex\" style=\"margin-top:0;margin-bottom:0\">\n<div class=\"wp-block-column is-vertically-aligned-center is-layout-flow wp-block-column-is-layout-flow\" style=\"flex-basis:66.66%\">\n<h2 class=\"wp-block-heading has-x-medium-font-size\"><strong>Plus de d\u00e9tails<\/strong><\/h2>\n<\/div>\n<\/div>\n\n\n\n<p>Les \u00e9v\u00e9nements sont dirig\u00e9s par les ambassadeurs du village, qui sont des r\u00e9sidents b\u00e9n\u00e9voles engag\u00e9s poss\u00e9dant une connaissance approfondie de la communaut\u00e9.<\/p>\n\n\n\n<p>Les ambassadeurs partageront des informations sur les \u00e9quipements, les moyens de communication et bien plus encore. Une visite facultative du centre communautaire de Laguna Woods Village est incluse.<\/p>\n\n\n\n<p>Les invit\u00e9s auront amplement l&#039;occasion de poser des questions et le personnel fournira des informations papier utiles pour les aider \u00e0 naviguer dans le village.<\/p>\n<\/div>\n<\/div>\n\n\n\n<div class=\"wp-block-column is-style-equal-height has-white-background-color has-background is-layout-flow wp-block-column-is-layout-flow\" style=\"border-bottom-color:var(--wp--preset--color--beige);border-bottom-width:8px;padding-right:0;padding-left:0;box-shadow:var(--wp--preset--shadow--natural)\">\n<div class=\"wp-block-group has-white-background-color has-background is-layout-constrained wp-container-core-group-is-layout-da4f2bcd wp-block-group-is-layout-constrained\" style=\"padding-top:var(--wp--preset--spacing--60);padding-right:var(--wp--preset--spacing--60);padding-bottom:var(--wp--preset--spacing--60);padding-left:var(--wp--preset--spacing--60)\">\n<div class=\"wp-block-columns is-not-stacked-on-mobile is-layout-flex wp-container-core-columns-is-layout-f0342b05 wp-block-columns-is-layout-flex\" style=\"margin-top:0;margin-bottom:0\">\n<div class=\"wp-block-column is-vertically-aligned-center is-layout-flow wp-block-column-is-layout-flow\" style=\"flex-basis:66.66%\">\n<h2 class=\"wp-block-heading has-x-medium-font-size\"><strong>Veuillez noter<\/strong><\/h2>\n<\/div>\n<\/div>\n\n\n\n<p>Cet \u00e9v\u00e9nement n&#039;est pas un <a href=\"https:\/\/lagunawoodsvillage.com\/fr\/new-resident-orientation\/\"><strong>orientation des nouveaux r\u00e9sidents<\/strong><\/a>, dirig\u00e9 par les membres du conseil d&#039;administration des mutuelles de logement United et Third, et qui propose une analyse approfondie du fonctionnement sp\u00e9cifique de chaque mutuelle. Pour plus d&#039;informations sur l&#039;accueil des nouveaux r\u00e9sidents, veuillez contacter&nbsp;<a href=\"mailto:information@lagunawoodsvillage.com\" target=\"_blank\" rel=\"noreferrer noopener\"><strong>information@lagunawoodsvillage.com<\/strong><\/a>.<\/p>\n\n\n\n<p>Nous savons que cette exp\u00e9rience constituera un moyen \u00e9ducatif, engageant et dynamique pour tous d&#039;en apprendre davantage sur Laguna Woods Village, la premi\u00e8re communaut\u00e9 priv\u00e9e de la c\u00f4te ouest o\u00f9 les adultes actifs de 55 ans et plus viennent pour le meilleur des loisirs, du divertissement et de la d\u00e9tente - et pour vivre leur meilleure vie !<\/p>\n<\/div>\n<\/div>\n<\/div>\n<\/div>","protected":false},"excerpt":{"rendered":"<p>Start your Village journey here! Held on the second Tuesday every month, Village Living events welcome prospective, new and existing residents into a friendly, casual environment to learn about the Village for the first time or learn how to get the most out of all the community has to offer. We\u2019ll cover Village information and [&hellip;]<\/p>\n","protected":false},"author":28,"featured_media":42191,"parent":30649,"menu_order":0,"comment_status":"closed","ping_status":"closed","template":"","meta":{"_acf_changed":false,"ep_exclude_from_search":false,"footnotes":""},"ppma_author":[703],"class_list":["post-41727","page","type-page","status-publish","has-post-thumbnail","hentry"],"acf":[],"yoast_head":"<!-- This site is optimized with the Yoast SEO plugin v27.1.1 - https:\/\/yoast.com\/product\/yoast-seo-wordpress\/ -->\n<title>Village Living Information Sessions | Laguna Woods Village<\/title>\n<meta name=\"description\" content=\"Discover Laguna Woods Village Living Information Sessions, offering insights for prospective and current residents on community amenities, lifestyle, and the benefits of vibrant senior living. Learn more today!\" \/>\n<meta name=\"robots\" content=\"index, follow, max-snippet:-1, max-image-preview:large, max-video-preview:-1\" \/>\n<link rel=\"canonical\" href=\"https:\/\/lagunawoodsvillage.com\/fr\/about\/village-living-information-sessions\/\" \/>\n<meta property=\"og:locale\" content=\"fr_FR\" \/>\n<meta property=\"og:type\" content=\"article\" \/>\n<meta property=\"og:title\" content=\"Village Living Information Sessions | Laguna Woods Village\" \/>\n<meta property=\"og:description\" content=\"Discover Laguna Woods Village Living Information Sessions, offering insights for prospective and current residents on community amenities, lifestyle, and the benefits of vibrant senior living. Learn more today!\" \/>\n<meta property=\"og:url\" content=\"https:\/\/lagunawoodsvillage.com\/fr\/about\/village-living-information-sessions\/\" \/>\n<meta property=\"og:site_name\" content=\"Laguna Woods Village\" \/>\n<meta property=\"article:publisher\" content=\"https:\/\/www.facebook.com\/LagunaWoodsVillage\/\" \/>\n<meta property=\"article:modified_time\" content=\"2025-02-27T22:07:12+00:00\" \/>\n<meta property=\"og:image\" content=\"https:\/\/attachments.lagunawoodsvillage.com\/wp-content\/uploads\/2024\/10\/02192517\/AdobeStock_pickleball-2-sized.jpg\" \/>\n\t<meta property=\"og:image:width\" content=\"1920\" \/>\n\t<meta property=\"og:image:height\" content=\"1280\" \/>\n\t<meta property=\"og:image:type\" content=\"image\/jpeg\" \/>\n<meta name=\"twitter:card\" content=\"summary_large_image\" \/>\n<meta name=\"twitter:label1\" content=\"Est. reading time\" \/>\n\t<meta name=\"twitter:data1\" content=\"2 minutes\" \/>\n<script type=\"application\/ld+json\" class=\"yoast-schema-graph\">{\"@context\":\"https:\/\/schema.org\",\"@graph\":[{\"@type\":\"WebPage\",\"@id\":\"https:\/\/lagunawoodsvillage.com\/about\/village-living-information-sessions\/\",\"url\":\"https:\/\/lagunawoodsvillage.com\/about\/village-living-information-sessions\/\",\"name\":\"Village Living Information Sessions | Laguna Woods Village\",\"isPartOf\":{\"@id\":\"https:\/\/lagunawoodsvillage.com\/#website\"},\"primaryImageOfPage\":{\"@id\":\"https:\/\/lagunawoodsvillage.com\/about\/village-living-information-sessions\/#primaryimage\"},\"image\":{\"@id\":\"https:\/\/lagunawoodsvillage.com\/about\/village-living-information-sessions\/#primaryimage\"},\"thumbnailUrl\":\"https:\/\/attachments.lagunawoodsvillage.com\/wp-content\/uploads\/2024\/10\/02192517\/AdobeStock_pickleball-2-sized.jpg\",\"datePublished\":\"2024-09-26T22:38:45+00:00\",\"dateModified\":\"2025-02-27T22:07:12+00:00\",\"description\":\"Discover Laguna Woods Village Living Information Sessions, offering insights for prospective and current residents on community amenities, lifestyle, and the benefits of vibrant senior living. Learn more today!\",\"breadcrumb\":{\"@id\":\"https:\/\/lagunawoodsvillage.com\/about\/village-living-information-sessions\/#breadcrumb\"},\"inLanguage\":\"fr-FR\",\"potentialAction\":[{\"@type\":\"ReadAction\",\"target\":[\"https:\/\/lagunawoodsvillage.com\/about\/village-living-information-sessions\/\"]}]},{\"@type\":\"ImageObject\",\"inLanguage\":\"fr-FR\",\"@id\":\"https:\/\/lagunawoodsvillage.com\/about\/village-living-information-sessions\/#primaryimage\",\"url\":\"https:\/\/attachments.lagunawoodsvillage.com\/wp-content\/uploads\/2024\/10\/02192517\/AdobeStock_pickleball-2-sized.jpg\",\"contentUrl\":\"https:\/\/attachments.lagunawoodsvillage.com\/wp-content\/uploads\/2024\/10\/02192517\/AdobeStock_pickleball-2-sized.jpg\",\"width\":1920,\"height\":1280},{\"@type\":\"BreadcrumbList\",\"@id\":\"https:\/\/lagunawoodsvillage.com\/about\/village-living-information-sessions\/#breadcrumb\",\"itemListElement\":[{\"@type\":\"ListItem\",\"position\":1,\"name\":\"Home\",\"item\":\"https:\/\/lagunawoodsvillage.com\/\"},{\"@type\":\"ListItem\",\"position\":2,\"name\":\"About\",\"item\":\"https:\/\/lagunawoodsvillage.com\/about\/\"},{\"@type\":\"ListItem\",\"position\":3,\"name\":\"Village Living Information Sessions\"}]},{\"@type\":\"WebSite\",\"@id\":\"https:\/\/lagunawoodsvillage.com\/#website\",\"url\":\"https:\/\/lagunawoodsvillage.com\/\",\"name\":\"Laguna Woods Village\",\"description\":\"Private Retirement Community in Orange County, California\",\"publisher\":{\"@id\":\"https:\/\/lagunawoodsvillage.com\/#organization\"},\"potentialAction\":[{\"@type\":\"SearchAction\",\"target\":{\"@type\":\"EntryPoint\",\"urlTemplate\":\"https:\/\/lagunawoodsvillage.com\/?s={search_term_string}\"},\"query-input\":{\"@type\":\"PropertyValueSpecification\",\"valueRequired\":true,\"valueName\":\"search_term_string\"}}],\"inLanguage\":\"fr-FR\"},{\"@type\":\"Organization\",\"@id\":\"https:\/\/lagunawoodsvillage.com\/#organization\",\"name\":\"Laguna Woods Village\",\"url\":\"https:\/\/lagunawoodsvillage.com\/\",\"logo\":{\"@type\":\"ImageObject\",\"inLanguage\":\"fr-FR\",\"@id\":\"https:\/\/lagunawoodsvillage.com\/#\/schema\/logo\/image\/\",\"url\":\"https:\/\/attachments.lagunawoodsvillage.com\/wp-content\/uploads\/2024\/06\/21232229\/laguna-woods-logo.jpg\",\"contentUrl\":\"https:\/\/attachments.lagunawoodsvillage.com\/wp-content\/uploads\/2024\/06\/21232229\/laguna-woods-logo.jpg\",\"width\":502,\"height\":266,\"caption\":\"Laguna Woods Village\"},\"image\":{\"@id\":\"https:\/\/lagunawoodsvillage.com\/#\/schema\/logo\/image\/\"},\"sameAs\":[\"https:\/\/www.facebook.com\/LagunaWoodsVillage\/\",\"https:\/\/www.youtube.com\/user\/LagunaWoodsVlg\"]}]}<\/script>\n<!-- \/ Yoast SEO plugin. -->","yoast_head_json":{"title":"S\u00e9ances d&#039;information sur la vie au village | Village de Laguna Woods","description":"D\u00e9couvrez les s\u00e9ances d&#039;information sur la vie au Laguna Woods Village, qui offrent aux r\u00e9sidents actuels et futurs un aper\u00e7u des \u00e9quipements de la r\u00e9sidence, du mode de vie et des avantages d&#039;une vie senior dynamique. Apprenez-en plus d\u00e8s aujourd&#039;hui\u00a0!","robots":{"index":"index","follow":"follow","max-snippet":"max-snippet:-1","max-image-preview":"max-image-preview:large","max-video-preview":"max-video-preview:-1"},"canonical":"https:\/\/lagunawoodsvillage.com\/fr\/about\/village-living-information-sessions\/","og_locale":"fr_FR","og_type":"article","og_title":"Village Living Information Sessions | Laguna Woods Village","og_description":"Discover Laguna Woods Village Living Information Sessions, offering insights for prospective and current residents on community amenities, lifestyle, and the benefits of vibrant senior living. Learn more today!","og_url":"https:\/\/lagunawoodsvillage.com\/fr\/about\/village-living-information-sessions\/","og_site_name":"Laguna Woods Village","article_publisher":"https:\/\/www.facebook.com\/LagunaWoodsVillage\/","article_modified_time":"2025-02-27T22:07:12+00:00","og_image":[{"width":1920,"height":1280,"url":"https:\/\/attachments.lagunawoodsvillage.com\/wp-content\/uploads\/2024\/10\/02192517\/AdobeStock_pickleball-2-sized.jpg","type":"image\/jpeg"}],"twitter_card":"summary_large_image","twitter_misc":{"Est. reading time":"2 minutes"},"schema":{"@context":"https:\/\/schema.org","@graph":[{"@type":"WebPage","@id":"https:\/\/lagunawoodsvillage.com\/about\/village-living-information-sessions\/","url":"https:\/\/lagunawoodsvillage.com\/about\/village-living-information-sessions\/","name":"S\u00e9ances d&#039;information sur la vie au village | Village de Laguna Woods","isPartOf":{"@id":"https:\/\/lagunawoodsvillage.com\/#website"},"primaryImageOfPage":{"@id":"https:\/\/lagunawoodsvillage.com\/about\/village-living-information-sessions\/#primaryimage"},"image":{"@id":"https:\/\/lagunawoodsvillage.com\/about\/village-living-information-sessions\/#primaryimage"},"thumbnailUrl":"https:\/\/attachments.lagunawoodsvillage.com\/wp-content\/uploads\/2024\/10\/02192517\/AdobeStock_pickleball-2-sized.jpg","datePublished":"2024-09-26T22:38:45+00:00","dateModified":"2025-02-27T22:07:12+00:00","description":"D\u00e9couvrez les s\u00e9ances d&#039;information sur la vie au Laguna Woods Village, qui offrent aux r\u00e9sidents actuels et futurs un aper\u00e7u des \u00e9quipements de la r\u00e9sidence, du mode de vie et des avantages d&#039;une vie senior dynamique. Apprenez-en plus d\u00e8s aujourd&#039;hui\u00a0!","breadcrumb":{"@id":"https:\/\/lagunawoodsvillage.com\/about\/village-living-information-sessions\/#breadcrumb"},"inLanguage":"fr-FR","potentialAction":[{"@type":"ReadAction","target":["https:\/\/lagunawoodsvillage.com\/about\/village-living-information-sessions\/"]}]},{"@type":"ImageObject","inLanguage":"fr-FR","@id":"https:\/\/lagunawoodsvillage.com\/about\/village-living-information-sessions\/#primaryimage","url":"https:\/\/attachments.lagunawoodsvillage.com\/wp-content\/uploads\/2024\/10\/02192517\/AdobeStock_pickleball-2-sized.jpg","contentUrl":"https:\/\/attachments.lagunawoodsvillage.com\/wp-content\/uploads\/2024\/10\/02192517\/AdobeStock_pickleball-2-sized.jpg","width":1920,"height":1280},{"@type":"BreadcrumbList","@id":"https:\/\/lagunawoodsvillage.com\/about\/village-living-information-sessions\/#breadcrumb","itemListElement":[{"@type":"ListItem","position":1,"name":"Home","item":"https:\/\/lagunawoodsvillage.com\/"},{"@type":"ListItem","position":2,"name":"About","item":"https:\/\/lagunawoodsvillage.com\/about\/"},{"@type":"ListItem","position":3,"name":"Village Living Information Sessions"}]},{"@type":"WebSite","@id":"https:\/\/lagunawoodsvillage.com\/#website","url":"https:\/\/lagunawoodsvillage.com\/","name":"Village de Laguna Woods","description":"R\u00e9sidence priv\u00e9e pour retrait\u00e9s dans le comt\u00e9 d&#039;Orange, en Californie","publisher":{"@id":"https:\/\/lagunawoodsvillage.com\/#organization"},"potentialAction":[{"@type":"SearchAction","target":{"@type":"EntryPoint","urlTemplate":"https:\/\/lagunawoodsvillage.com\/?s={search_term_string}"},"query-input":{"@type":"PropertyValueSpecification","valueRequired":true,"valueName":"search_term_string"}}],"inLanguage":"fr-FR"},{"@type":"Organization","@id":"https:\/\/lagunawoodsvillage.com\/#organization","name":"Village de Laguna Woods","url":"https:\/\/lagunawoodsvillage.com\/","logo":{"@type":"ImageObject","inLanguage":"fr-FR","@id":"https:\/\/lagunawoodsvillage.com\/#\/schema\/logo\/image\/","url":"https:\/\/attachments.lagunawoodsvillage.com\/wp-content\/uploads\/2024\/06\/21232229\/laguna-woods-logo.jpg","contentUrl":"https:\/\/attachments.lagunawoodsvillage.com\/wp-content\/uploads\/2024\/06\/21232229\/laguna-woods-logo.jpg","width":502,"height":266,"caption":"Laguna Woods Village"},"image":{"@id":"https:\/\/lagunawoodsvillage.com\/#\/schema\/logo\/image\/"},"sameAs":["https:\/\/www.facebook.com\/LagunaWoodsVillage\/","https:\/\/www.youtube.com\/user\/LagunaWoodsVlg"]}]}},"publishpress_future_action":{"enabled":false,"date":"2026-04-21 04:29:11","action":"change-status","newStatus":"draft","terms":[],"taxonomy":"ep_custom_result","extraData":[]},"publishpress_future_workflow_manual_trigger":{"enabledWorkflows":[]},"_links":{"self":[{"href":"https:\/\/lagunawoodsvillage.com\/fr\/wp-json\/wp\/v2\/pages\/41727","targetHints":{"allow":["GET"]}}],"collection":[{"href":"https:\/\/lagunawoodsvillage.com\/fr\/wp-json\/wp\/v2\/pages"}],"about":[{"href":"https:\/\/lagunawoodsvillage.com\/fr\/wp-json\/wp\/v2\/types\/page"}],"author":[{"embeddable":true,"href":"https:\/\/lagunawoodsvillage.com\/fr\/wp-json\/wp\/v2\/users\/28"}],"replies":[{"embeddable":true,"href":"https:\/\/lagunawoodsvillage.com\/fr\/wp-json\/wp\/v2\/comments?post=41727"}],"version-history":[{"count":58,"href":"https:\/\/lagunawoodsvillage.com\/fr\/wp-json\/wp\/v2\/pages\/41727\/revisions"}],"predecessor-version":[{"id":67931,"href":"https:\/\/lagunawoodsvillage.com\/fr\/wp-json\/wp\/v2\/pages\/41727\/revisions\/67931"}],"up":[{"embeddable":true,"href":"https:\/\/lagunawoodsvillage.com\/fr\/wp-json\/wp\/v2\/pages\/30649"}],"wp:featuredmedia":[{"embeddable":true,"href":"https:\/\/lagunawoodsvillage.com\/fr\/wp-json\/wp\/v2\/media\/42191"}],"wp:attachment":[{"href":"https:\/\/lagunawoodsvillage.com\/fr\/wp-json\/wp\/v2\/media?parent=41727"}],"wp:term":[{"taxonomy":"author","embeddable":true,"href":"https:\/\/lagunawoodsvillage.com\/fr\/wp-json\/wp\/v2\/ppma_author?post=41727"}],"curies":[{"name":"wp","href":"https:\/\/api.w.org\/{rel}","templated":true}]}}