{"id":41041,"date":"2024-09-24T21:42:53","date_gmt":"2024-09-24T21:42:53","guid":{"rendered":"https:\/\/dev-laguna-woods.pantheonsite.io\/?page_id=41041"},"modified":"2025-04-01T08:45:18","modified_gmt":"2025-04-01T15:45:18","slug":"upcoming-meetings","status":"publish","type":"page","link":"https:\/\/lagunawoodsvillage.com\/fr\/news\/upcoming-meetings\/","title":{"rendered":"Prochaines r\u00e9unions"},"content":{"rendered":"<div class=\"wp-block-group alignfull has-light-beige-background-color has-background is-layout-constrained wp-block-group-is-layout-constrained\" style=\"padding-top:var(--wp--preset--spacing--40);padding-bottom:var(--wp--preset--spacing--40)\">\n<div class=\"wp-block-columns shadow is-style-no-gap image-text-no-gap is-layout-flex wp-container-core-columns-is-layout-28f84493 wp-block-columns-is-layout-flex\" style=\"border-top-left-radius:10px;border-top-right-radius:10px;border-bottom-left-radius:10px;border-bottom-right-radius:87px\">\n<div class=\"wp-block-column block-text-col has-white-background-color has-background is-layout-flow wp-container-core-column-is-layout-b0c35ff9 wp-block-column-is-layout-flow\" style=\"border-top-style:none;border-top-width:0px;border-right-style:none;border-right-width:0px;border-bottom-color:var(--wp--preset--color--accent);border-bottom-width:4px;border-left-style:none;border-left-width:0px;padding-top:var(--wp--preset--spacing--60);padding-right:var(--wp--preset--spacing--60);padding-bottom:var(--wp--preset--spacing--60);padding-left:var(--wp--preset--spacing--60);flex-basis:66.66%\">\n<h2 class=\"wp-block-heading has-text-black-color has-text-color has-link-color has-x-large-font-size wp-elements-452a84b55a97eaf3f5272b85fa3bad0f\"><strong>R\u00e9servez la date des prochaines r\u00e9unions<\/strong><\/h2>\n\n\n\n<p class=\"has-body-font-size\" style=\"padding-top:0;padding-bottom:0;line-height:1.6\">Pour consulter le calendrier le plus r\u00e9cent des r\u00e9unions du conseil d&#039;administration et des comit\u00e9s, visitez <a href=\"https:\/\/teamup.com\/ksd5d83041f695b7b3\" target=\"_blank\" rel=\"noreferrer noopener\"><strong>Calendrier du conseil d&#039;administration et des comit\u00e9s<\/strong><\/a>Les r\u00e9unions du conseil d&#039;administration et des comit\u00e9s sont accessibles en personne ou en ligne via Zoom et Granicus. Veuillez consulter les d\u00e9tails de la r\u00e9union avant d&#039;y assister pour savoir si elle est ouverte au public ou propos\u00e9e sur Zoom\/Granicus.<\/p>\n\n\n\n<div class=\"wp-block-buttons is-layout-flex wp-block-buttons-is-layout-flex\">\n<div class=\"wp-block-button is-style-primary is-style-fill\"><a class=\"wp-block-button__link wp-element-button\" href=\"https:\/\/teamup.com\/ksd5d83041f695b7b3\" target=\"_blank\" rel=\"noreferrer noopener\">Calendrier du conseil d&#039;administration et des comit\u00e9s<\/a><\/div>\n\n\n\n<div class=\"wp-block-button\"><a class=\"wp-block-button__link wp-element-button\" href=\"https:\/\/lagunawoodsvillage.com\/fr\/document\/upcoming-meetings\/\" target=\"_blank\" rel=\"noreferrer noopener\">Prochaines r\u00e9unions<\/a><\/div>\n<\/div>\n<\/div>\n\n\n\n<div class=\"wp-block-column is-layout-flow wp-block-column-is-layout-flow\" style=\"flex-basis:41%\">\n<figure class=\"wp-block-image\"><img loading=\"lazy\" decoding=\"async\" width=\"1024\" height=\"445\" src=\"https:\/\/attachments.lagunawoodsvillage.com\/wp-content\/uploads\/2024\/09\/24215123\/AdobeStock_calendar-sized.jpg\" alt=\"\" class=\"wp-image-41053\" srcset=\"https:\/\/attachments.lagunawoodsvillage.com\/wp-content\/uploads\/2024\/09\/24215123\/AdobeStock_calendar-sized.jpg 1024w, https:\/\/attachments.lagunawoodsvillage.com\/wp-content\/uploads\/2024\/09\/24215123\/AdobeStock_calendar-sized-300x130.jpg 300w, https:\/\/attachments.lagunawoodsvillage.com\/wp-content\/uploads\/2024\/09\/24215123\/AdobeStock_calendar-sized-768x334.jpg 768w, https:\/\/attachments.lagunawoodsvillage.com\/wp-content\/uploads\/2024\/09\/24215123\/AdobeStock_calendar-sized-50x22.jpg 50w, https:\/\/attachments.lagunawoodsvillage.com\/wp-content\/uploads\/2024\/09\/24215123\/AdobeStock_calendar-sized-800x348.jpg 800w, https:\/\/attachments.lagunawoodsvillage.com\/wp-content\/uploads\/2024\/09\/24215123\/AdobeStock_calendar-sized-18x8.jpg 18w\" sizes=\"auto, (max-width: 1024px) 100vw, 1024px\" \/><\/figure>\n<\/div>\n<\/div>\n\n\n\n<div class=\"wp-block-columns is-layout-flex wp-container-core-columns-is-layout-28f84493 wp-block-columns-is-layout-flex\">\n<div class=\"wp-block-column is-layout-flow wp-block-column-is-layout-flow\">\n<div class=\"wp-block-group alignfull is-style-default has-light-beige-background-color has-background is-layout-constrained wp-block-group-is-layout-constrained\" style=\"padding-top:var(--wp--preset--spacing--50);padding-bottom:var(--wp--preset--spacing--50)\">\n<div class=\"wp-block-columns shadow is-style-default is-layout-flex wp-container-core-columns-is-layout-28f84493 wp-block-columns-is-layout-flex\" style=\"border-top-left-radius:10px;border-top-right-radius:10px;border-bottom-left-radius:10px;border-bottom-right-radius:87px\">\n<div class=\"wp-block-column is-style-radius block-text-col has-white-background-color has-background is-layout-flow wp-container-core-column-is-layout-921d0f0c wp-block-column-is-layout-flow\" style=\"border-top-style:none;border-top-width:0px;border-right-style:none;border-right-width:0px;border-bottom-color:var(--wp--preset--color--accent);border-bottom-width:4px;border-left-style:none;border-left-width:0px;padding-top:var(--wp--preset--spacing--50);padding-right:var(--wp--preset--spacing--50);padding-bottom:var(--wp--preset--spacing--50);padding-left:var(--wp--preset--spacing--50)\">\n<h3 class=\"wp-block-heading\"><strong>Assistez aux r\u00e9unions via Granicus<\/strong><\/h3>\n\n\n\n<p>Visite <a href=\"https:\/\/lagunawoodsvillage.granicus.com\/ViewPublisher.php?view_id=4\" target=\"_blank\" rel=\"noreferrer noopener\"><strong>Granique<\/strong><\/a><strong> <\/strong>Pour suivre les r\u00e9unions du conseil d&#039;administration et des comit\u00e9s en ligne via Granicus (les r\u00e9unions du conseil sont \u00e9galement retransmises sur TV6). Les r\u00e9unions sont class\u00e9es par date, la plus r\u00e9cente en haut. Cliquez sur <strong><mark style=\"background-color:rgba(0, 0, 0, 0)\" class=\"has-inline-color has-purple-color\">Vid\u00e9o<\/mark> <\/strong>pour regarder les r\u00e9unions et consulter les documents de l&#039;ordre du jour, ou cliquez sur <strong><mark style=\"background-color:rgba(0, 0, 0, 0)\" class=\"has-inline-color has-purple-color\">Ordre du jour<\/mark> <\/strong>pour consulter les documents et les supports de sauvegarde. Les lecteurs peuvent \u00e9galement localiser les points \u00e0 l&#039;ordre du jour en saisissant des mots-cl\u00e9s dans le champ <strong><mark style=\"background-color:rgba(0, 0, 0, 0)\" class=\"has-inline-color has-purple-color\">Recherche<\/mark> <\/strong>bo\u00eete.<\/p>\n\n\n\n<p>Les membres sont \u00e9galement invit\u00e9s \u00e0 soumettre des commentaires par courrier \u00e9lectronique. <a href=\"mailto:meeting@vmsinc.org\" target=\"_blank\" rel=\"noreferrer noopener\"><strong>meeting@vmsinc.org<\/strong><\/a><strong> <\/strong>\u00c0 tout moment avant ou pendant la r\u00e9union. Indiquez votre nom, votre num\u00e9ro d&#039;unit\u00e9 et la r\u00e9union concern\u00e9e dans l&#039;objet du courriel.<\/p>\n\n\n\n<p>Toutes les r\u00e9unions sont sujettes \u00e0 changement ; les heures de fin sont approximatives.<\/p>\n\n\n\n<div class=\"wp-block-buttons is-layout-flex wp-block-buttons-is-layout-flex\">\n<div class=\"wp-block-button\"><a class=\"wp-block-button__link wp-element-button\" href=\"https:\/\/lagunawoodsvillage.granicus.com\/ViewPublisher.php?view_id=4\" target=\"_blank\" rel=\"noreferrer noopener\">Visionneuse de r\u00e9unions Granicus<\/a><\/div>\n<\/div>\n<\/div>\n<\/div>\n<\/div>\n<\/div>\n\n\n\n<div class=\"wp-block-column is-layout-flow wp-block-column-is-layout-flow\">\n<div class=\"wp-block-group alignfull is-style-default has-light-beige-background-color has-background is-layout-constrained wp-block-group-is-layout-constrained\" style=\"padding-top:var(--wp--preset--spacing--50);padding-bottom:var(--wp--preset--spacing--50)\">\n<div class=\"wp-block-columns shadow is-style-default is-layout-flex wp-container-core-columns-is-layout-28f84493 wp-block-columns-is-layout-flex\" style=\"border-top-left-radius:10px;border-top-right-radius:10px;border-bottom-left-radius:10px;border-bottom-right-radius:87px\">\n<div class=\"wp-block-column is-style-radius block-text-col has-white-background-color has-background is-layout-flow wp-container-core-column-is-layout-921d0f0c wp-block-column-is-layout-flow\" style=\"border-top-style:none;border-top-width:0px;border-right-style:none;border-right-width:0px;border-bottom-color:var(--wp--preset--color--accent);border-bottom-width:4px;border-left-style:none;border-left-width:0px;padding-top:var(--wp--preset--spacing--50);padding-right:var(--wp--preset--spacing--50);padding-bottom:var(--wp--preset--spacing--50);padding-left:var(--wp--preset--spacing--50)\">\n<h3 class=\"wp-block-heading\"><strong>Participez aux r\u00e9unions via Zoom<\/strong><\/h3>\n\n\n\n<p>Les r\u00e9sidents peuvent participer en direct aux r\u00e9unions du conseil d&#039;administration et des comit\u00e9s lorsqu&#039;elles se tiennent via <a href=\"https:\/\/zoom.us\/\" target=\"_blank\" rel=\"noreferrer noopener\"><strong>Zoom<\/strong><\/a>. D&#039;autres r\u00e9unions en plus des r\u00e9unions du conseil d&#039;administration et des comit\u00e9s peuvent \u00eatre organis\u00e9es via GoToMeeting.<\/p>\n\n\n\n<p>Zoom permet aux r\u00e9sidents du Village de lever la main virtuellement, de poser des questions et de s&#039;adresser aux membres du conseil d&#039;administration et des comit\u00e9s en temps r\u00e9el. Zoom enregistre et publie \u00e9galement automatiquement les r\u00e9unions du conseil d&#039;administration et des comit\u00e9s.<strong> <\/strong><a href=\"https:\/\/lagunawoodsvillage.granicus.com\/ViewPublisher.php?view_id=4\" target=\"_blank\" rel=\"noreferrer noopener\"><strong>Granique<\/strong><\/a>, afin que les r\u00e9sidents puissent les regarder \u00e0 la demande.<\/p>\n\n\n\n<p>Pour assister aux r\u00e9unions virtuelles du conseil d&#039;administration ou du comit\u00e9, recherchez simplement le lien de la r\u00e9union Zoom dans la section Forum ouvert de l&#039;ordre du jour du conseil ou du comit\u00e9 concern\u00e9 publi\u00e9 sur le <a href=\"https:\/\/teamup.com\/ksd5d83041f695b7b3\" target=\"_blank\" rel=\"noreferrer noopener\"><strong>calendrier<\/strong><\/a>Cliquez sur le lien quelques minutes avant la r\u00e9union pour lancer Zoom. S\u00e9lectionnez ensuite <strong><mark style=\"background-color:rgba(0, 0, 0, 0)\" class=\"has-inline-color has-purple-color\">R\u00e9unions Zoom ouvertes <\/mark><\/strong>et <strong><mark style=\"background-color:rgba(0, 0, 0, 0)\" class=\"has-inline-color has-purple-color\">R\u00e9union de lancement<\/mark> <\/strong>lorsque vous y serez invit\u00e9. Les r\u00e9sidents n&#039;auront pas besoin de s&#039;inscrire ni de saisir de mot de passe pour y assister.<\/p>\n\n\n\n<p>Les membres qui souhaitent s&#039;exprimer pendant le point de l&#039;ordre du jour consacr\u00e9 aux commentaires des membres peuvent utiliser le <strong><mark style=\"background-color:rgba(0, 0, 0, 0)\" class=\"has-inline-color has-purple-color\">Lever la main<\/mark> <\/strong>sur l&#039;\u00e9cran Zoom. Les membres seront pris en compte dans l&#039;ordre de leur intervention. Le secr\u00e9taire g\u00e9n\u00e9ral leur donnera ensuite la parole.<\/p>\n\n\n\n<p><a href=\"https:\/\/support.zoom.us\/hc\/en-us\/articles\/206618765-Zoom-Video-Tutorials\" target=\"_blank\" rel=\"noreferrer noopener\"><strong>Cliquez ici<\/strong><\/a><strong> <\/strong>pour regarder des tutoriels et des vid\u00e9os Zoom, notamment <strong><mark style=\"background-color:rgba(0, 0, 0, 0)\" class=\"has-inline-color has-purple-color\">Rejoindre une r\u00e9union<\/mark><\/strong>.<\/p>\n<\/div>\n<\/div>\n<\/div>\n<\/div>\n<\/div>\n<\/div>","protected":false},"excerpt":{"rendered":"<p>Save the date for upcoming meetings To view the most current schedule of board and committee meetings visit Board and Committees Calendar. Board and committee meetings have options for in-person or online attendance through Zoom and Granicus. Please read the meeting details to find out of the meeting is open to the public or offered [&hellip;]<\/p>\n","protected":false},"author":28,"featured_media":41058,"parent":30850,"menu_order":0,"comment_status":"closed","ping_status":"closed","template":"","meta":{"_acf_changed":false,"ep_exclude_from_search":false,"footnotes":""},"ppma_author":[703],"class_list":["post-41041","page","type-page","status-publish","has-post-thumbnail","hentry"],"acf":[],"yoast_head":"<!-- This site is optimized with the Yoast SEO plugin v27.1.1 - https:\/\/yoast.com\/product\/yoast-seo-wordpress\/ -->\n<title>Upcoming Meetings | Laguna Woods Village<\/title>\n<meta name=\"description\" content=\"Save the date for upcoming meetings To view the most current schedule of board and committee meetings visit Board and Committees Calendar. Board and\" \/>\n<meta name=\"robots\" content=\"index, follow, max-snippet:-1, max-image-preview:large, max-video-preview:-1\" \/>\n<link rel=\"canonical\" href=\"https:\/\/lagunawoodsvillage.com\/fr\/news\/upcoming-meetings\/\" \/>\n<meta property=\"og:locale\" content=\"fr_FR\" \/>\n<meta property=\"og:type\" content=\"article\" \/>\n<meta property=\"og:title\" content=\"Upcoming Meetings | Laguna Woods Village\" \/>\n<meta property=\"og:description\" content=\"Save the date for upcoming meetings To view the most current schedule of board and committee meetings visit Board and Committees Calendar. Board and\" \/>\n<meta property=\"og:url\" content=\"https:\/\/lagunawoodsvillage.com\/fr\/news\/upcoming-meetings\/\" \/>\n<meta property=\"og:site_name\" content=\"Laguna Woods Village\" \/>\n<meta property=\"article:publisher\" content=\"https:\/\/www.facebook.com\/LagunaWoodsVillage\/\" \/>\n<meta property=\"article:modified_time\" content=\"2025-04-01T15:45:18+00:00\" \/>\n<meta property=\"og:image\" content=\"https:\/\/attachments.lagunawoodsvillage.com\/wp-content\/uploads\/2024\/09\/24215521\/shutterstock_calendar-banner-sized.jpg\" \/>\n\t<meta property=\"og:image:width\" content=\"1920\" \/>\n\t<meta property=\"og:image:height\" content=\"691\" \/>\n\t<meta property=\"og:image:type\" content=\"image\/jpeg\" \/>\n<meta name=\"twitter:card\" content=\"summary_large_image\" \/>\n<meta name=\"twitter:label1\" content=\"Est. reading time\" \/>\n\t<meta name=\"twitter:data1\" content=\"3 minutes\" \/>\n<script type=\"application\/ld+json\" class=\"yoast-schema-graph\">{\"@context\":\"https:\/\/schema.org\",\"@graph\":[{\"@type\":\"WebPage\",\"@id\":\"https:\/\/lagunawoodsvillage.com\/news\/upcoming-meetings\/\",\"url\":\"https:\/\/lagunawoodsvillage.com\/news\/upcoming-meetings\/\",\"name\":\"Upcoming Meetings | Laguna Woods Village\",\"isPartOf\":{\"@id\":\"https:\/\/lagunawoodsvillage.com\/#website\"},\"primaryImageOfPage\":{\"@id\":\"https:\/\/lagunawoodsvillage.com\/news\/upcoming-meetings\/#primaryimage\"},\"image\":{\"@id\":\"https:\/\/lagunawoodsvillage.com\/news\/upcoming-meetings\/#primaryimage\"},\"thumbnailUrl\":\"https:\/\/attachments.lagunawoodsvillage.com\/wp-content\/uploads\/2024\/09\/24215521\/shutterstock_calendar-banner-sized.jpg\",\"datePublished\":\"2024-09-24T21:42:53+00:00\",\"dateModified\":\"2025-04-01T15:45:18+00:00\",\"description\":\"Save the date for upcoming meetings To view the most current schedule of board and committee meetings visit Board and Committees Calendar. Board and\",\"breadcrumb\":{\"@id\":\"https:\/\/lagunawoodsvillage.com\/news\/upcoming-meetings\/#breadcrumb\"},\"inLanguage\":\"fr-FR\",\"potentialAction\":[{\"@type\":\"ReadAction\",\"target\":[\"https:\/\/lagunawoodsvillage.com\/news\/upcoming-meetings\/\"]}]},{\"@type\":\"ImageObject\",\"inLanguage\":\"fr-FR\",\"@id\":\"https:\/\/lagunawoodsvillage.com\/news\/upcoming-meetings\/#primaryimage\",\"url\":\"https:\/\/attachments.lagunawoodsvillage.com\/wp-content\/uploads\/2024\/09\/24215521\/shutterstock_calendar-banner-sized.jpg\",\"contentUrl\":\"https:\/\/attachments.lagunawoodsvillage.com\/wp-content\/uploads\/2024\/09\/24215521\/shutterstock_calendar-banner-sized.jpg\",\"width\":1920,\"height\":691},{\"@type\":\"BreadcrumbList\",\"@id\":\"https:\/\/lagunawoodsvillage.com\/news\/upcoming-meetings\/#breadcrumb\",\"itemListElement\":[{\"@type\":\"ListItem\",\"position\":1,\"name\":\"Home\",\"item\":\"https:\/\/lagunawoodsvillage.com\/\"},{\"@type\":\"ListItem\",\"position\":2,\"name\":\"News\",\"item\":\"https:\/\/lagunawoodsvillage.com\/news\/\"},{\"@type\":\"ListItem\",\"position\":3,\"name\":\"Upcoming Meetings\"}]},{\"@type\":\"WebSite\",\"@id\":\"https:\/\/lagunawoodsvillage.com\/#website\",\"url\":\"https:\/\/lagunawoodsvillage.com\/\",\"name\":\"Laguna Woods Village\",\"description\":\"Private Retirement Community in Orange County, California\",\"publisher\":{\"@id\":\"https:\/\/lagunawoodsvillage.com\/#organization\"},\"potentialAction\":[{\"@type\":\"SearchAction\",\"target\":{\"@type\":\"EntryPoint\",\"urlTemplate\":\"https:\/\/lagunawoodsvillage.com\/?s={search_term_string}\"},\"query-input\":{\"@type\":\"PropertyValueSpecification\",\"valueRequired\":true,\"valueName\":\"search_term_string\"}}],\"inLanguage\":\"fr-FR\"},{\"@type\":\"Organization\",\"@id\":\"https:\/\/lagunawoodsvillage.com\/#organization\",\"name\":\"Laguna Woods Village\",\"url\":\"https:\/\/lagunawoodsvillage.com\/\",\"logo\":{\"@type\":\"ImageObject\",\"inLanguage\":\"fr-FR\",\"@id\":\"https:\/\/lagunawoodsvillage.com\/#\/schema\/logo\/image\/\",\"url\":\"https:\/\/attachments.lagunawoodsvillage.com\/wp-content\/uploads\/2024\/06\/21232229\/laguna-woods-logo.jpg\",\"contentUrl\":\"https:\/\/attachments.lagunawoodsvillage.com\/wp-content\/uploads\/2024\/06\/21232229\/laguna-woods-logo.jpg\",\"width\":502,\"height\":266,\"caption\":\"Laguna Woods Village\"},\"image\":{\"@id\":\"https:\/\/lagunawoodsvillage.com\/#\/schema\/logo\/image\/\"},\"sameAs\":[\"https:\/\/www.facebook.com\/LagunaWoodsVillage\/\",\"https:\/\/www.youtube.com\/user\/LagunaWoodsVlg\"]}]}<\/script>\n<!-- \/ Yoast SEO plugin. -->","yoast_head_json":{"title":"Upcoming Meetings | Laguna Woods Village","description":"Save the date for upcoming meetings To view the most current schedule of board and committee meetings visit Board and Committees Calendar. Board and","robots":{"index":"index","follow":"follow","max-snippet":"max-snippet:-1","max-image-preview":"max-image-preview:large","max-video-preview":"max-video-preview:-1"},"canonical":"https:\/\/lagunawoodsvillage.com\/fr\/news\/upcoming-meetings\/","og_locale":"fr_FR","og_type":"article","og_title":"Upcoming Meetings | Laguna Woods Village","og_description":"Save the date for upcoming meetings To view the most current schedule of board and committee meetings visit Board and Committees Calendar. Board and","og_url":"https:\/\/lagunawoodsvillage.com\/fr\/news\/upcoming-meetings\/","og_site_name":"Laguna Woods Village","article_publisher":"https:\/\/www.facebook.com\/LagunaWoodsVillage\/","article_modified_time":"2025-04-01T15:45:18+00:00","og_image":[{"width":1920,"height":691,"url":"https:\/\/attachments.lagunawoodsvillage.com\/wp-content\/uploads\/2024\/09\/24215521\/shutterstock_calendar-banner-sized.jpg","type":"image\/jpeg"}],"twitter_card":"summary_large_image","twitter_misc":{"Est. reading time":"3 minutes"},"schema":{"@context":"https:\/\/schema.org","@graph":[{"@type":"WebPage","@id":"https:\/\/lagunawoodsvillage.com\/news\/upcoming-meetings\/","url":"https:\/\/lagunawoodsvillage.com\/news\/upcoming-meetings\/","name":"Upcoming Meetings | Laguna Woods Village","isPartOf":{"@id":"https:\/\/lagunawoodsvillage.com\/#website"},"primaryImageOfPage":{"@id":"https:\/\/lagunawoodsvillage.com\/news\/upcoming-meetings\/#primaryimage"},"image":{"@id":"https:\/\/lagunawoodsvillage.com\/news\/upcoming-meetings\/#primaryimage"},"thumbnailUrl":"https:\/\/attachments.lagunawoodsvillage.com\/wp-content\/uploads\/2024\/09\/24215521\/shutterstock_calendar-banner-sized.jpg","datePublished":"2024-09-24T21:42:53+00:00","dateModified":"2025-04-01T15:45:18+00:00","description":"Save the date for upcoming meetings To view the most current schedule of board and committee meetings visit Board and Committees Calendar. Board and","breadcrumb":{"@id":"https:\/\/lagunawoodsvillage.com\/news\/upcoming-meetings\/#breadcrumb"},"inLanguage":"fr-FR","potentialAction":[{"@type":"ReadAction","target":["https:\/\/lagunawoodsvillage.com\/news\/upcoming-meetings\/"]}]},{"@type":"ImageObject","inLanguage":"fr-FR","@id":"https:\/\/lagunawoodsvillage.com\/news\/upcoming-meetings\/#primaryimage","url":"https:\/\/attachments.lagunawoodsvillage.com\/wp-content\/uploads\/2024\/09\/24215521\/shutterstock_calendar-banner-sized.jpg","contentUrl":"https:\/\/attachments.lagunawoodsvillage.com\/wp-content\/uploads\/2024\/09\/24215521\/shutterstock_calendar-banner-sized.jpg","width":1920,"height":691},{"@type":"BreadcrumbList","@id":"https:\/\/lagunawoodsvillage.com\/news\/upcoming-meetings\/#breadcrumb","itemListElement":[{"@type":"ListItem","position":1,"name":"Home","item":"https:\/\/lagunawoodsvillage.com\/"},{"@type":"ListItem","position":2,"name":"News","item":"https:\/\/lagunawoodsvillage.com\/news\/"},{"@type":"ListItem","position":3,"name":"Upcoming Meetings"}]},{"@type":"WebSite","@id":"https:\/\/lagunawoodsvillage.com\/#website","url":"https:\/\/lagunawoodsvillage.com\/","name":"Village de Laguna Woods","description":"R\u00e9sidence priv\u00e9e pour retrait\u00e9s dans le comt\u00e9 d&#039;Orange, en Californie","publisher":{"@id":"https:\/\/lagunawoodsvillage.com\/#organization"},"potentialAction":[{"@type":"SearchAction","target":{"@type":"EntryPoint","urlTemplate":"https:\/\/lagunawoodsvillage.com\/?s={search_term_string}"},"query-input":{"@type":"PropertyValueSpecification","valueRequired":true,"valueName":"search_term_string"}}],"inLanguage":"fr-FR"},{"@type":"Organization","@id":"https:\/\/lagunawoodsvillage.com\/#organization","name":"Village de Laguna Woods","url":"https:\/\/lagunawoodsvillage.com\/","logo":{"@type":"ImageObject","inLanguage":"fr-FR","@id":"https:\/\/lagunawoodsvillage.com\/#\/schema\/logo\/image\/","url":"https:\/\/attachments.lagunawoodsvillage.com\/wp-content\/uploads\/2024\/06\/21232229\/laguna-woods-logo.jpg","contentUrl":"https:\/\/attachments.lagunawoodsvillage.com\/wp-content\/uploads\/2024\/06\/21232229\/laguna-woods-logo.jpg","width":502,"height":266,"caption":"Laguna Woods Village"},"image":{"@id":"https:\/\/lagunawoodsvillage.com\/#\/schema\/logo\/image\/"},"sameAs":["https:\/\/www.facebook.com\/LagunaWoodsVillage\/","https:\/\/www.youtube.com\/user\/LagunaWoodsVlg"]}]}},"publishpress_future_action":{"enabled":false,"date":"2026-04-21 04:20:38","action":"change-status","newStatus":"draft","terms":[],"taxonomy":"ep_custom_result","extraData":[]},"publishpress_future_workflow_manual_trigger":{"enabledWorkflows":[]},"_links":{"self":[{"href":"https:\/\/lagunawoodsvillage.com\/fr\/wp-json\/wp\/v2\/pages\/41041","targetHints":{"allow":["GET"]}}],"collection":[{"href":"https:\/\/lagunawoodsvillage.com\/fr\/wp-json\/wp\/v2\/pages"}],"about":[{"href":"https:\/\/lagunawoodsvillage.com\/fr\/wp-json\/wp\/v2\/types\/page"}],"author":[{"embeddable":true,"href":"https:\/\/lagunawoodsvillage.com\/fr\/wp-json\/wp\/v2\/users\/28"}],"replies":[{"embeddable":true,"href":"https:\/\/lagunawoodsvillage.com\/fr\/wp-json\/wp\/v2\/comments?post=41041"}],"version-history":[{"count":21,"href":"https:\/\/lagunawoodsvillage.com\/fr\/wp-json\/wp\/v2\/pages\/41041\/revisions"}],"predecessor-version":[{"id":69206,"href":"https:\/\/lagunawoodsvillage.com\/fr\/wp-json\/wp\/v2\/pages\/41041\/revisions\/69206"}],"up":[{"embeddable":true,"href":"https:\/\/lagunawoodsvillage.com\/fr\/wp-json\/wp\/v2\/pages\/30850"}],"wp:featuredmedia":[{"embeddable":true,"href":"https:\/\/lagunawoodsvillage.com\/fr\/wp-json\/wp\/v2\/media\/41058"}],"wp:attachment":[{"href":"https:\/\/lagunawoodsvillage.com\/fr\/wp-json\/wp\/v2\/media?parent=41041"}],"wp:term":[{"taxonomy":"author","embeddable":true,"href":"https:\/\/lagunawoodsvillage.com\/fr\/wp-json\/wp\/v2\/ppma_author?post=41041"}],"curies":[{"name":"wp","href":"https:\/\/api.w.org\/{rel}","templated":true}]}}