{"id":30749,"date":"2024-07-07T16:58:38","date_gmt":"2024-07-07T16:58:38","guid":{"rendered":"https:\/\/dev-laguna-woods.pantheonsite.io\/?page_id=30749"},"modified":"2024-08-21T19:13:21","modified_gmt":"2024-08-21T19:13:21","slug":"united-laguna-woods","status":"publish","type":"page","link":"https:\/\/lagunawoodsvillage.com\/fr\/neighborhoods\/united-laguna-woods\/","title":{"rendered":"Mutuelle United Laguna Woods"},"content":{"rendered":"<div class=\"wp-block-group alignfull has-light-beige-background-color has-background is-layout-constrained wp-block-group-is-layout-constrained\" style=\"padding-top:var(--wp--preset--spacing--70);padding-bottom:var(--wp--preset--spacing--70)\">\n<div class=\"wp-block-columns shadow is-style-no-gap image-text-no-gap is-layout-flex wp-container-core-columns-is-layout-28f84493 wp-block-columns-is-layout-flex\" style=\"border-top-left-radius:10px;border-top-right-radius:10px;border-bottom-left-radius:87px;border-bottom-right-radius:10px\">\n<div class=\"wp-block-column is-layout-flow wp-block-column-is-layout-flow\" style=\"flex-basis:41%\">\n<div class=\"wp-block-cover\"><span aria-hidden=\"true\" class=\"wp-block-cover__background has-background-dim-0 has-background-dim\" style=\"background-color:#FFF\"><\/span><img loading=\"lazy\" decoding=\"async\" width=\"1024\" height=\"640\" class=\"wp-block-cover__image-background wp-image-12151\" alt=\"\" src=\"https:\/\/attachments.lagunawoodsvillage.com\/wp-content\/uploads\/2024\/03\/11213714\/UnitedLagunaWoods_Logo-1.jpg\" data-object-fit=\"cover\" srcset=\"https:\/\/attachments.lagunawoodsvillage.com\/wp-content\/uploads\/2024\/03\/11213714\/UnitedLagunaWoods_Logo-1.jpg 1024w, https:\/\/attachments.lagunawoodsvillage.com\/wp-content\/uploads\/2024\/03\/11213714\/UnitedLagunaWoods_Logo-1-300x188.jpg 300w, https:\/\/attachments.lagunawoodsvillage.com\/wp-content\/uploads\/2024\/03\/11213714\/UnitedLagunaWoods_Logo-1-768x480.jpg 768w\" sizes=\"auto, (max-width: 1024px) 100vw, 1024px\" \/><div class=\"wp-block-cover__inner-container is-layout-constrained wp-block-cover-is-layout-constrained\">\n<p class=\"has-text-align-center has-large-font-size\"><\/p>\n<\/div><\/div>\n<\/div>\n\n\n\n<div class=\"wp-block-column has-white-background-color has-background is-layout-flow wp-container-core-column-is-layout-74b672bb wp-block-column-is-layout-flow\" style=\"border-top-style:none;border-top-width:0px;border-right-style:none;border-right-width:0px;border-bottom-color:var(--wp--preset--color--accent);border-bottom-width:4px;border-left-style:none;border-left-width:0px;padding-top:var(--wp--preset--spacing--70);padding-right:var(--wp--preset--spacing--70);padding-bottom:var(--wp--preset--spacing--70);padding-left:var(--wp--preset--spacing--70);flex-basis:66.66%\">\n<h4 class=\"wp-block-heading has-text-black-color has-text-color has-link-color has-x-large-font-size wp-elements-2c97a0eec15a4895c55f057c67618f26\"><strong>Mutuelle United Laguna Woods<\/strong><\/h4>\n\n\n\n<p>Choisissez une alternative aux condos avec vue panoramique sur le sud du comt\u00e9 d&#039;Orange.<\/p>\n\n\n\n<p>United Laguna Woods Mutual est une coop\u00e9rative par actions<strong> <\/strong>La r\u00e9sidence compte 6\u00a0323 membres. Ses documents constitutifs comprennent les statuts, le r\u00e8glement int\u00e9rieur, le contrat d&#039;occupation et le r\u00e8glement int\u00e9rieur. La direction de la soci\u00e9t\u00e9 est assur\u00e9e par un conseil d&#039;administration de 11 membres, \u00e9lus par les membres de United Mutual. United exploite et entretient les manoirs, les buanderies, les abris d&#039;auto et les terrains communs appartenant \u00e0 la soci\u00e9t\u00e9. La soci\u00e9t\u00e9 est \u00e9galement propri\u00e9taire des am\u00e9nagements int\u00e9rieurs non modifi\u00e9s du manoir, y compris les appareils \u00e9lectrom\u00e9nagers.<\/p>\n\n\n\n<div class=\"wp-block-buttons is-layout-flex wp-block-buttons-is-layout-flex\"><\/div>\n<\/div>\n<\/div>\n<\/div>","protected":false},"excerpt":{"rendered":"<p>United Laguna Woods Mutual Choose an alternative to condos with panoramic south Orange County views. United Laguna Woods Mutual is stock cooperative housing comprised of 6,323 memberships. Its governing documents include articles of incorporation, bylaws, occupancy agreement and operating rules. The corporation leadership consists of an 11-member board of directors, elected by the members of [&hellip;]<\/p>\n","protected":false},"author":2,"featured_media":0,"parent":30746,"menu_order":0,"comment_status":"closed","ping_status":"closed","template":"","meta":{"_acf_changed":false,"ep_exclude_from_search":false,"footnotes":""},"ppma_author":[38],"class_list":["post-30749","page","type-page","status-publish","hentry"],"acf":[],"yoast_head":"<!-- This site is optimized with the Yoast SEO plugin v27.1.1 - https:\/\/yoast.com\/product\/yoast-seo-wordpress\/ -->\n<title>United Laguna Woods Mutual | Laguna Woods Village<\/title>\n<meta name=\"description\" content=\"United Laguna Woods Mutual Choose an alternative to condos with panoramic south Orange County views. United Laguna Woods Mutual is stock cooperative\" \/>\n<meta name=\"robots\" content=\"index, follow, max-snippet:-1, max-image-preview:large, max-video-preview:-1\" \/>\n<link rel=\"canonical\" href=\"https:\/\/lagunawoodsvillage.com\/fr\/neighborhoods\/united-laguna-woods\/\" \/>\n<meta property=\"og:locale\" content=\"fr_FR\" \/>\n<meta property=\"og:type\" content=\"article\" \/>\n<meta property=\"og:title\" content=\"United Laguna Woods Mutual | Laguna Woods Village\" \/>\n<meta property=\"og:description\" content=\"United Laguna Woods Mutual Choose an alternative to condos with panoramic south Orange County views. United Laguna Woods Mutual is stock cooperative\" \/>\n<meta property=\"og:url\" content=\"https:\/\/lagunawoodsvillage.com\/fr\/neighborhoods\/united-laguna-woods\/\" \/>\n<meta property=\"og:site_name\" content=\"Laguna Woods Village\" \/>\n<meta property=\"article:publisher\" content=\"https:\/\/www.facebook.com\/LagunaWoodsVillage\/\" \/>\n<meta property=\"article:modified_time\" content=\"2024-08-21T19:13:21+00:00\" \/>\n<meta property=\"og:image\" content=\"https:\/\/lagunawoodsvillage.com\/wp-content\/uploads\/2024\/03\/UnitedLagunaWoods_Logo-1.jpg\" \/>\n<meta name=\"twitter:card\" content=\"summary_large_image\" \/>\n<meta name=\"twitter:label1\" content=\"Est. reading time\" \/>\n\t<meta name=\"twitter:data1\" content=\"1 minute\" \/>\n<script type=\"application\/ld+json\" class=\"yoast-schema-graph\">{\"@context\":\"https:\/\/schema.org\",\"@graph\":[{\"@type\":\"WebPage\",\"@id\":\"https:\/\/lagunawoodsvillage.com\/neighborhoods\/united-laguna-woods\/\",\"url\":\"https:\/\/lagunawoodsvillage.com\/neighborhoods\/united-laguna-woods\/\",\"name\":\"United Laguna Woods Mutual | Laguna Woods Village\",\"isPartOf\":{\"@id\":\"https:\/\/lagunawoodsvillage.com\/#website\"},\"primaryImageOfPage\":{\"@id\":\"https:\/\/lagunawoodsvillage.com\/neighborhoods\/united-laguna-woods\/#primaryimage\"},\"image\":{\"@id\":\"https:\/\/lagunawoodsvillage.com\/neighborhoods\/united-laguna-woods\/#primaryimage\"},\"thumbnailUrl\":\"https:\/\/lagunawoodsvillage.com\/wp-content\/uploads\/2024\/03\/UnitedLagunaWoods_Logo-1.jpg\",\"datePublished\":\"2024-07-07T16:58:38+00:00\",\"dateModified\":\"2024-08-21T19:13:21+00:00\",\"description\":\"United Laguna Woods Mutual Choose an alternative to condos with panoramic south Orange County views. United Laguna Woods Mutual is stock cooperative\",\"breadcrumb\":{\"@id\":\"https:\/\/lagunawoodsvillage.com\/neighborhoods\/united-laguna-woods\/#breadcrumb\"},\"inLanguage\":\"fr-FR\",\"potentialAction\":[{\"@type\":\"ReadAction\",\"target\":[\"https:\/\/lagunawoodsvillage.com\/neighborhoods\/united-laguna-woods\/\"]}]},{\"@type\":\"ImageObject\",\"inLanguage\":\"fr-FR\",\"@id\":\"https:\/\/lagunawoodsvillage.com\/neighborhoods\/united-laguna-woods\/#primaryimage\",\"url\":\"https:\/\/lagunawoodsvillage.com\/wp-content\/uploads\/2024\/03\/UnitedLagunaWoods_Logo-1.jpg\",\"contentUrl\":\"https:\/\/lagunawoodsvillage.com\/wp-content\/uploads\/2024\/03\/UnitedLagunaWoods_Logo-1.jpg\"},{\"@type\":\"BreadcrumbList\",\"@id\":\"https:\/\/lagunawoodsvillage.com\/neighborhoods\/united-laguna-woods\/#breadcrumb\",\"itemListElement\":[{\"@type\":\"ListItem\",\"position\":1,\"name\":\"Home\",\"item\":\"https:\/\/lagunawoodsvillage.com\/\"},{\"@type\":\"ListItem\",\"position\":2,\"name\":\"Neighborhoods\",\"item\":\"https:\/\/lagunawoodsvillage.com\/neighborhoods\/\"},{\"@type\":\"ListItem\",\"position\":3,\"name\":\"United Laguna Woods Mutual\"}]},{\"@type\":\"WebSite\",\"@id\":\"https:\/\/lagunawoodsvillage.com\/#website\",\"url\":\"https:\/\/lagunawoodsvillage.com\/\",\"name\":\"Laguna Woods Village\",\"description\":\"Private Retirement Community in Orange County, California\",\"publisher\":{\"@id\":\"https:\/\/lagunawoodsvillage.com\/#organization\"},\"potentialAction\":[{\"@type\":\"SearchAction\",\"target\":{\"@type\":\"EntryPoint\",\"urlTemplate\":\"https:\/\/lagunawoodsvillage.com\/?s={search_term_string}\"},\"query-input\":{\"@type\":\"PropertyValueSpecification\",\"valueRequired\":true,\"valueName\":\"search_term_string\"}}],\"inLanguage\":\"fr-FR\"},{\"@type\":\"Organization\",\"@id\":\"https:\/\/lagunawoodsvillage.com\/#organization\",\"name\":\"Laguna Woods Village\",\"url\":\"https:\/\/lagunawoodsvillage.com\/\",\"logo\":{\"@type\":\"ImageObject\",\"inLanguage\":\"fr-FR\",\"@id\":\"https:\/\/lagunawoodsvillage.com\/#\/schema\/logo\/image\/\",\"url\":\"https:\/\/attachments.lagunawoodsvillage.com\/wp-content\/uploads\/2024\/06\/21232229\/laguna-woods-logo.jpg\",\"contentUrl\":\"https:\/\/attachments.lagunawoodsvillage.com\/wp-content\/uploads\/2024\/06\/21232229\/laguna-woods-logo.jpg\",\"width\":502,\"height\":266,\"caption\":\"Laguna Woods Village\"},\"image\":{\"@id\":\"https:\/\/lagunawoodsvillage.com\/#\/schema\/logo\/image\/\"},\"sameAs\":[\"https:\/\/www.facebook.com\/LagunaWoodsVillage\/\",\"https:\/\/www.youtube.com\/user\/LagunaWoodsVlg\"]}]}<\/script>\n<!-- \/ Yoast SEO plugin. -->","yoast_head_json":{"title":"United Laguna Woods Mutual | Laguna Woods Village","description":"United Laguna Woods Mutual Choose an alternative to condos with panoramic south Orange County views. United Laguna Woods Mutual is stock cooperative","robots":{"index":"index","follow":"follow","max-snippet":"max-snippet:-1","max-image-preview":"max-image-preview:large","max-video-preview":"max-video-preview:-1"},"canonical":"https:\/\/lagunawoodsvillage.com\/fr\/neighborhoods\/united-laguna-woods\/","og_locale":"fr_FR","og_type":"article","og_title":"United Laguna Woods Mutual | Laguna Woods Village","og_description":"United Laguna Woods Mutual Choose an alternative to condos with panoramic south Orange County views. United Laguna Woods Mutual is stock cooperative","og_url":"https:\/\/lagunawoodsvillage.com\/fr\/neighborhoods\/united-laguna-woods\/","og_site_name":"Laguna Woods Village","article_publisher":"https:\/\/www.facebook.com\/LagunaWoodsVillage\/","article_modified_time":"2024-08-21T19:13:21+00:00","og_image":[{"url":"https:\/\/lagunawoodsvillage.com\/wp-content\/uploads\/2024\/03\/UnitedLagunaWoods_Logo-1.jpg","type":"","width":"","height":""}],"twitter_card":"summary_large_image","twitter_misc":{"Est. reading time":"1 minute"},"schema":{"@context":"https:\/\/schema.org","@graph":[{"@type":"WebPage","@id":"https:\/\/lagunawoodsvillage.com\/neighborhoods\/united-laguna-woods\/","url":"https:\/\/lagunawoodsvillage.com\/neighborhoods\/united-laguna-woods\/","name":"United Laguna Woods Mutual | Laguna Woods Village","isPartOf":{"@id":"https:\/\/lagunawoodsvillage.com\/#website"},"primaryImageOfPage":{"@id":"https:\/\/lagunawoodsvillage.com\/neighborhoods\/united-laguna-woods\/#primaryimage"},"image":{"@id":"https:\/\/lagunawoodsvillage.com\/neighborhoods\/united-laguna-woods\/#primaryimage"},"thumbnailUrl":"https:\/\/lagunawoodsvillage.com\/wp-content\/uploads\/2024\/03\/UnitedLagunaWoods_Logo-1.jpg","datePublished":"2024-07-07T16:58:38+00:00","dateModified":"2024-08-21T19:13:21+00:00","description":"United Laguna Woods Mutual Choose an alternative to condos with panoramic south Orange County views. United Laguna Woods Mutual is stock cooperative","breadcrumb":{"@id":"https:\/\/lagunawoodsvillage.com\/neighborhoods\/united-laguna-woods\/#breadcrumb"},"inLanguage":"fr-FR","potentialAction":[{"@type":"ReadAction","target":["https:\/\/lagunawoodsvillage.com\/neighborhoods\/united-laguna-woods\/"]}]},{"@type":"ImageObject","inLanguage":"fr-FR","@id":"https:\/\/lagunawoodsvillage.com\/neighborhoods\/united-laguna-woods\/#primaryimage","url":"https:\/\/lagunawoodsvillage.com\/wp-content\/uploads\/2024\/03\/UnitedLagunaWoods_Logo-1.jpg","contentUrl":"https:\/\/lagunawoodsvillage.com\/wp-content\/uploads\/2024\/03\/UnitedLagunaWoods_Logo-1.jpg"},{"@type":"BreadcrumbList","@id":"https:\/\/lagunawoodsvillage.com\/neighborhoods\/united-laguna-woods\/#breadcrumb","itemListElement":[{"@type":"ListItem","position":1,"name":"Home","item":"https:\/\/lagunawoodsvillage.com\/"},{"@type":"ListItem","position":2,"name":"Neighborhoods","item":"https:\/\/lagunawoodsvillage.com\/neighborhoods\/"},{"@type":"ListItem","position":3,"name":"United Laguna Woods Mutual"}]},{"@type":"WebSite","@id":"https:\/\/lagunawoodsvillage.com\/#website","url":"https:\/\/lagunawoodsvillage.com\/","name":"Village de Laguna Woods","description":"R\u00e9sidence priv\u00e9e pour retrait\u00e9s dans le comt\u00e9 d&#039;Orange, en Californie","publisher":{"@id":"https:\/\/lagunawoodsvillage.com\/#organization"},"potentialAction":[{"@type":"SearchAction","target":{"@type":"EntryPoint","urlTemplate":"https:\/\/lagunawoodsvillage.com\/?s={search_term_string}"},"query-input":{"@type":"PropertyValueSpecification","valueRequired":true,"valueName":"search_term_string"}}],"inLanguage":"fr-FR"},{"@type":"Organization","@id":"https:\/\/lagunawoodsvillage.com\/#organization","name":"Village de Laguna Woods","url":"https:\/\/lagunawoodsvillage.com\/","logo":{"@type":"ImageObject","inLanguage":"fr-FR","@id":"https:\/\/lagunawoodsvillage.com\/#\/schema\/logo\/image\/","url":"https:\/\/attachments.lagunawoodsvillage.com\/wp-content\/uploads\/2024\/06\/21232229\/laguna-woods-logo.jpg","contentUrl":"https:\/\/attachments.lagunawoodsvillage.com\/wp-content\/uploads\/2024\/06\/21232229\/laguna-woods-logo.jpg","width":502,"height":266,"caption":"Laguna Woods Village"},"image":{"@id":"https:\/\/lagunawoodsvillage.com\/#\/schema\/logo\/image\/"},"sameAs":["https:\/\/www.facebook.com\/LagunaWoodsVillage\/","https:\/\/www.youtube.com\/user\/LagunaWoodsVlg"]}]}},"publishpress_future_action":{"enabled":false,"date":"2026-04-11 01:36:58","action":"change-status","newStatus":"draft","terms":[],"taxonomy":"ep_custom_result","extraData":[]},"publishpress_future_workflow_manual_trigger":{"enabledWorkflows":[]},"_links":{"self":[{"href":"https:\/\/lagunawoodsvillage.com\/fr\/wp-json\/wp\/v2\/pages\/30749","targetHints":{"allow":["GET"]}}],"collection":[{"href":"https:\/\/lagunawoodsvillage.com\/fr\/wp-json\/wp\/v2\/pages"}],"about":[{"href":"https:\/\/lagunawoodsvillage.com\/fr\/wp-json\/wp\/v2\/types\/page"}],"author":[{"embeddable":true,"href":"https:\/\/lagunawoodsvillage.com\/fr\/wp-json\/wp\/v2\/users\/2"}],"replies":[{"embeddable":true,"href":"https:\/\/lagunawoodsvillage.com\/fr\/wp-json\/wp\/v2\/comments?post=30749"}],"version-history":[{"count":3,"href":"https:\/\/lagunawoodsvillage.com\/fr\/wp-json\/wp\/v2\/pages\/30749\/revisions"}],"predecessor-version":[{"id":39001,"href":"https:\/\/lagunawoodsvillage.com\/fr\/wp-json\/wp\/v2\/pages\/30749\/revisions\/39001"}],"up":[{"embeddable":true,"href":"https:\/\/lagunawoodsvillage.com\/fr\/wp-json\/wp\/v2\/pages\/30746"}],"wp:attachment":[{"href":"https:\/\/lagunawoodsvillage.com\/fr\/wp-json\/wp\/v2\/media?parent=30749"}],"wp:term":[{"taxonomy":"author","embeddable":true,"href":"https:\/\/lagunawoodsvillage.com\/fr\/wp-json\/wp\/v2\/ppma_author?post=30749"}],"curies":[{"name":"wp","href":"https:\/\/api.w.org\/{rel}","templated":true}]}}