{"id":30748,"date":"2024-07-07T16:58:18","date_gmt":"2024-07-07T16:58:18","guid":{"rendered":"https:\/\/dev-laguna-woods.pantheonsite.io\/?page_id=30748"},"modified":"2024-08-21T19:00:25","modified_gmt":"2024-08-21T19:00:25","slug":"third-laguna-hills","status":"publish","type":"page","link":"https:\/\/lagunawoodsvillage.com\/fr\/neighborhoods\/third-laguna-hills\/","title":{"rendered":"Troisi\u00e8me mutuelle de Laguna Hills"},"content":{"rendered":"<figure class=\"wp-block-image aligncenter size-full is-resized is-style-align-center\"><img loading=\"lazy\" decoding=\"async\" width=\"1024\" height=\"768\" src=\"https:\/\/attachments.lagunawoodsvillage.com\/wp-content\/uploads\/2024\/03\/11213355\/Third-logo-for-web.jpg\" alt=\"\" class=\"wp-image-12355\" style=\"width:512px;height:auto\" srcset=\"https:\/\/attachments.lagunawoodsvillage.com\/wp-content\/uploads\/2024\/03\/11213355\/Third-logo-for-web.jpg 1024w, https:\/\/attachments.lagunawoodsvillage.com\/wp-content\/uploads\/2024\/03\/11213355\/Third-logo-for-web-300x225.jpg 300w, https:\/\/attachments.lagunawoodsvillage.com\/wp-content\/uploads\/2024\/03\/11213355\/Third-logo-for-web-768x576.jpg 768w\" sizes=\"auto, (max-width: 1024px) 100vw, 1024px\" \/><\/figure>\n\n\n\n<p><\/p>\n\n\n\n<div class=\"wp-block-group alignfull has-light-beige-background-color has-background is-layout-constrained wp-block-group-is-layout-constrained\" style=\"padding-top:var(--wp--preset--spacing--70);padding-bottom:var(--wp--preset--spacing--70)\">\n<div class=\"wp-block-group has-white-background-color has-background is-layout-constrained wp-container-core-group-is-layout-ae744a23 wp-block-group-is-layout-constrained\" style=\"border-radius:10px;border-top-style:none;border-top-width:0px;border-right-style:none;border-right-width:0px;border-bottom-color:var(--wp--preset--color--accent);border-bottom-width:4px;border-left-style:none;border-left-width:0px;padding-top:var(--wp--preset--spacing--70);padding-right:var(--wp--preset--spacing--70);padding-bottom:var(--wp--preset--spacing--70);padding-left:var(--wp--preset--spacing--70)\">\n<h4 class=\"wp-block-heading has-text-black-color has-text-color has-link-color has-x-large-font-size wp-elements-9b4e79eaa0b9c6aa93dc25ac0883930f\"><strong>Troisi\u00e8me mutuelle de Laguna Hills<\/strong><\/h4>\n\n\n\n<p>Profitez de la vie en copropri\u00e9t\u00e9 \u00e0 c\u00f4t\u00e9 de notre spectaculaire parcours de golf PGA de 27 trous. <\/p>\n\n\n\n<p>Third Laguna Hills Mutual est un complexe de copropri\u00e9t\u00e9s comptant 6\u00a0102 membres. Ses documents constitutifs comprennent les statuts, le r\u00e8glement int\u00e9rieur, les clauses restrictives et les r\u00e8gles de fonctionnement. La direction de la soci\u00e9t\u00e9 est assur\u00e9e par un conseil d&#039;administration de 11 membres, \u00e9lus par les membres de Third Mutual. Third Mutual g\u00e8re et entretient les b\u00e2timents, les buanderies, les abris d&#039;auto et les terrains.<\/p>\n\n\n\n<div class=\"wp-block-buttons is-layout-flex wp-block-buttons-is-layout-flex\"><\/div>\n<\/div>\n\n\n\n<div class=\"wp-block-group alignfull has-light-beige-background-color has-background is-layout-constrained wp-block-group-is-layout-constrained\" style=\"padding-top:var(--wp--preset--spacing--70);padding-bottom:var(--wp--preset--spacing--70)\">\n<div class=\"wp-block-columns shadow is-style-no-gap image-text-no-gap is-layout-flex wp-container-core-columns-is-layout-28f84493 wp-block-columns-is-layout-flex\" style=\"border-top-left-radius:10px;border-top-right-radius:10px;border-bottom-left-radius:87px;border-bottom-right-radius:10px\">\n<div class=\"wp-block-column is-layout-flow wp-block-column-is-layout-flow\" style=\"flex-basis:41%\">\n<div class=\"wp-block-cover\" style=\"min-height:401px;aspect-ratio:unset;\"><span aria-hidden=\"true\" class=\"wp-block-cover__background has-background-dim-0 has-background-dim\" style=\"background-color:#FFF\"><\/span><img loading=\"lazy\" decoding=\"async\" width=\"1024\" height=\"768\" class=\"wp-block-cover__image-background wp-image-11782\" alt=\"\" src=\"https:\/\/attachments.lagunawoodsvillage.com\/wp-content\/uploads\/2024\/03\/11214311\/ThirdLagunaWoods_Logo_NEW2022-2.jpg\" data-object-fit=\"cover\" srcset=\"https:\/\/attachments.lagunawoodsvillage.com\/wp-content\/uploads\/2024\/03\/11214311\/ThirdLagunaWoods_Logo_NEW2022-2.jpg 1024w, https:\/\/attachments.lagunawoodsvillage.com\/wp-content\/uploads\/2024\/03\/11214311\/ThirdLagunaWoods_Logo_NEW2022-2-300x225.jpg 300w, https:\/\/attachments.lagunawoodsvillage.com\/wp-content\/uploads\/2024\/03\/11214311\/ThirdLagunaWoods_Logo_NEW2022-2-768x576.jpg 768w\" sizes=\"auto, (max-width: 1024px) 100vw, 1024px\" \/><div class=\"wp-block-cover__inner-container is-layout-constrained wp-block-cover-is-layout-constrained\">\n<p class=\"has-text-align-center has-large-font-size\"><\/p>\n<\/div><\/div>\n<\/div>\n\n\n\n<div class=\"wp-block-column has-white-background-color has-background is-layout-flow wp-container-core-column-is-layout-74b672bb wp-block-column-is-layout-flow\" style=\"border-top-style:none;border-top-width:0px;border-right-style:none;border-right-width:0px;border-bottom-color:var(--wp--preset--color--accent);border-bottom-width:4px;border-left-style:none;border-left-width:0px;padding-top:var(--wp--preset--spacing--70);padding-right:var(--wp--preset--spacing--70);padding-bottom:var(--wp--preset--spacing--70);padding-left:var(--wp--preset--spacing--70);flex-basis:66.66%\">\n<h4 class=\"wp-block-heading has-text-black-color has-text-color has-link-color has-x-large-font-size wp-elements-9b4e79eaa0b9c6aa93dc25ac0883930f\"><strong>Troisi\u00e8me mutuelle de Laguna Hills<\/strong><\/h4>\n\n\n\n<p>Profitez de la vie en copropri\u00e9t\u00e9 \u00e0 c\u00f4t\u00e9 de notre spectaculaire parcours de golf PGA de 27 trous. <\/p>\n\n\n\n<p>Third Laguna Hills Mutual est un complexe de copropri\u00e9t\u00e9s comptant 6\u00a0102 membres. Ses documents constitutifs comprennent les statuts, le r\u00e8glement int\u00e9rieur, les clauses restrictives et les r\u00e8gles de fonctionnement. La direction de la soci\u00e9t\u00e9 est assur\u00e9e par un conseil d&#039;administration de 11 membres, \u00e9lus par les membres de Third Mutual. Third Mutual g\u00e8re et entretient les b\u00e2timents, les buanderies, les abris d&#039;auto et les terrains.<\/p>\n\n\n\n<div class=\"wp-block-buttons is-layout-flex wp-block-buttons-is-layout-flex\"><\/div>\n<\/div>\n<\/div>\n<\/div>\n<\/div>","protected":false},"excerpt":{"rendered":"<p>Third Laguna Hills Mutual Enjoy condominium living adjacent to our spectacular PGA 27-hole golf course. Third Laguna Hills Mutual is condominium housing comprised of 6,102 memberships. Its governing documents include articles of incorporation; bylaws; covenants, conditions and restrictions; and operating rules. The corporation leadership consists of an 11-member board of directors, elected by the members [&hellip;]<\/p>\n","protected":false},"author":2,"featured_media":0,"parent":30746,"menu_order":0,"comment_status":"closed","ping_status":"closed","template":"","meta":{"_acf_changed":false,"ep_exclude_from_search":false,"footnotes":""},"ppma_author":[38],"class_list":["post-30748","page","type-page","status-publish","hentry"],"acf":[],"yoast_head":"<!-- This site is optimized with the Yoast SEO plugin v27.1.1 - https:\/\/yoast.com\/product\/yoast-seo-wordpress\/ -->\n<title>Third Laguna Hills Mutual | Laguna Woods Village<\/title>\n<meta name=\"description\" content=\"Third Laguna Hills Mutual Enjoy condominium living adjacent to our spectacular PGA 27-hole golf course. Third Laguna Hills Mutual is condominium housing\" \/>\n<meta name=\"robots\" content=\"index, follow, max-snippet:-1, max-image-preview:large, max-video-preview:-1\" \/>\n<link rel=\"canonical\" href=\"https:\/\/lagunawoodsvillage.com\/fr\/neighborhoods\/third-laguna-hills\/\" \/>\n<meta property=\"og:locale\" content=\"fr_FR\" \/>\n<meta property=\"og:type\" content=\"article\" \/>\n<meta property=\"og:title\" content=\"Third Laguna Hills Mutual | Laguna Woods Village\" \/>\n<meta property=\"og:description\" content=\"Third Laguna Hills Mutual Enjoy condominium living adjacent to our spectacular PGA 27-hole golf course. Third Laguna Hills Mutual is condominium housing\" \/>\n<meta property=\"og:url\" content=\"https:\/\/lagunawoodsvillage.com\/fr\/neighborhoods\/third-laguna-hills\/\" \/>\n<meta property=\"og:site_name\" content=\"Laguna Woods Village\" \/>\n<meta property=\"article:publisher\" content=\"https:\/\/www.facebook.com\/LagunaWoodsVillage\/\" \/>\n<meta property=\"article:modified_time\" content=\"2024-08-21T19:00:25+00:00\" \/>\n<meta property=\"og:image\" content=\"https:\/\/lagunawoodsvillage.com\/wp-content\/uploads\/2024\/03\/Third-logo-for-web.jpg\" \/>\n<meta name=\"twitter:card\" content=\"summary_large_image\" \/>\n<meta name=\"twitter:label1\" content=\"Est. reading time\" \/>\n\t<meta name=\"twitter:data1\" content=\"2 minutes\" \/>\n<script type=\"application\/ld+json\" class=\"yoast-schema-graph\">{\"@context\":\"https:\/\/schema.org\",\"@graph\":[{\"@type\":\"WebPage\",\"@id\":\"https:\/\/lagunawoodsvillage.com\/neighborhoods\/third-laguna-hills\/\",\"url\":\"https:\/\/lagunawoodsvillage.com\/neighborhoods\/third-laguna-hills\/\",\"name\":\"Third Laguna Hills Mutual | Laguna Woods Village\",\"isPartOf\":{\"@id\":\"https:\/\/lagunawoodsvillage.com\/#website\"},\"primaryImageOfPage\":{\"@id\":\"https:\/\/lagunawoodsvillage.com\/neighborhoods\/third-laguna-hills\/#primaryimage\"},\"image\":{\"@id\":\"https:\/\/lagunawoodsvillage.com\/neighborhoods\/third-laguna-hills\/#primaryimage\"},\"thumbnailUrl\":\"https:\/\/lagunawoodsvillage.com\/wp-content\/uploads\/2024\/03\/Third-logo-for-web.jpg\",\"datePublished\":\"2024-07-07T16:58:18+00:00\",\"dateModified\":\"2024-08-21T19:00:25+00:00\",\"description\":\"Third Laguna Hills Mutual Enjoy condominium living adjacent to our spectacular PGA 27-hole golf course. Third Laguna Hills Mutual is condominium housing\",\"breadcrumb\":{\"@id\":\"https:\/\/lagunawoodsvillage.com\/neighborhoods\/third-laguna-hills\/#breadcrumb\"},\"inLanguage\":\"fr-FR\",\"potentialAction\":[{\"@type\":\"ReadAction\",\"target\":[\"https:\/\/lagunawoodsvillage.com\/neighborhoods\/third-laguna-hills\/\"]}]},{\"@type\":\"ImageObject\",\"inLanguage\":\"fr-FR\",\"@id\":\"https:\/\/lagunawoodsvillage.com\/neighborhoods\/third-laguna-hills\/#primaryimage\",\"url\":\"https:\/\/lagunawoodsvillage.com\/wp-content\/uploads\/2024\/03\/Third-logo-for-web.jpg\",\"contentUrl\":\"https:\/\/lagunawoodsvillage.com\/wp-content\/uploads\/2024\/03\/Third-logo-for-web.jpg\"},{\"@type\":\"BreadcrumbList\",\"@id\":\"https:\/\/lagunawoodsvillage.com\/neighborhoods\/third-laguna-hills\/#breadcrumb\",\"itemListElement\":[{\"@type\":\"ListItem\",\"position\":1,\"name\":\"Home\",\"item\":\"https:\/\/lagunawoodsvillage.com\/\"},{\"@type\":\"ListItem\",\"position\":2,\"name\":\"Neighborhoods\",\"item\":\"https:\/\/lagunawoodsvillage.com\/neighborhoods\/\"},{\"@type\":\"ListItem\",\"position\":3,\"name\":\"Third Laguna Hills Mutual\"}]},{\"@type\":\"WebSite\",\"@id\":\"https:\/\/lagunawoodsvillage.com\/#website\",\"url\":\"https:\/\/lagunawoodsvillage.com\/\",\"name\":\"Laguna Woods Village\",\"description\":\"Private Retirement Community in Orange County, California\",\"publisher\":{\"@id\":\"https:\/\/lagunawoodsvillage.com\/#organization\"},\"potentialAction\":[{\"@type\":\"SearchAction\",\"target\":{\"@type\":\"EntryPoint\",\"urlTemplate\":\"https:\/\/lagunawoodsvillage.com\/?s={search_term_string}\"},\"query-input\":{\"@type\":\"PropertyValueSpecification\",\"valueRequired\":true,\"valueName\":\"search_term_string\"}}],\"inLanguage\":\"fr-FR\"},{\"@type\":\"Organization\",\"@id\":\"https:\/\/lagunawoodsvillage.com\/#organization\",\"name\":\"Laguna Woods Village\",\"url\":\"https:\/\/lagunawoodsvillage.com\/\",\"logo\":{\"@type\":\"ImageObject\",\"inLanguage\":\"fr-FR\",\"@id\":\"https:\/\/lagunawoodsvillage.com\/#\/schema\/logo\/image\/\",\"url\":\"https:\/\/attachments.lagunawoodsvillage.com\/wp-content\/uploads\/2024\/06\/21232229\/laguna-woods-logo.jpg\",\"contentUrl\":\"https:\/\/attachments.lagunawoodsvillage.com\/wp-content\/uploads\/2024\/06\/21232229\/laguna-woods-logo.jpg\",\"width\":502,\"height\":266,\"caption\":\"Laguna Woods Village\"},\"image\":{\"@id\":\"https:\/\/lagunawoodsvillage.com\/#\/schema\/logo\/image\/\"},\"sameAs\":[\"https:\/\/www.facebook.com\/LagunaWoodsVillage\/\",\"https:\/\/www.youtube.com\/user\/LagunaWoodsVlg\"]}]}<\/script>\n<!-- \/ Yoast SEO plugin. -->","yoast_head_json":{"title":"Third Laguna Hills Mutual | Laguna Woods Village","description":"Third Laguna Hills Mutual Enjoy condominium living adjacent to our spectacular PGA 27-hole golf course. Third Laguna Hills Mutual is condominium housing","robots":{"index":"index","follow":"follow","max-snippet":"max-snippet:-1","max-image-preview":"max-image-preview:large","max-video-preview":"max-video-preview:-1"},"canonical":"https:\/\/lagunawoodsvillage.com\/fr\/neighborhoods\/third-laguna-hills\/","og_locale":"fr_FR","og_type":"article","og_title":"Third Laguna Hills Mutual | Laguna Woods Village","og_description":"Third Laguna Hills Mutual Enjoy condominium living adjacent to our spectacular PGA 27-hole golf course. Third Laguna Hills Mutual is condominium housing","og_url":"https:\/\/lagunawoodsvillage.com\/fr\/neighborhoods\/third-laguna-hills\/","og_site_name":"Laguna Woods Village","article_publisher":"https:\/\/www.facebook.com\/LagunaWoodsVillage\/","article_modified_time":"2024-08-21T19:00:25+00:00","og_image":[{"url":"https:\/\/lagunawoodsvillage.com\/wp-content\/uploads\/2024\/03\/Third-logo-for-web.jpg","type":"","width":"","height":""}],"twitter_card":"summary_large_image","twitter_misc":{"Est. reading time":"2 minutes"},"schema":{"@context":"https:\/\/schema.org","@graph":[{"@type":"WebPage","@id":"https:\/\/lagunawoodsvillage.com\/neighborhoods\/third-laguna-hills\/","url":"https:\/\/lagunawoodsvillage.com\/neighborhoods\/third-laguna-hills\/","name":"Third Laguna Hills Mutual | Laguna Woods Village","isPartOf":{"@id":"https:\/\/lagunawoodsvillage.com\/#website"},"primaryImageOfPage":{"@id":"https:\/\/lagunawoodsvillage.com\/neighborhoods\/third-laguna-hills\/#primaryimage"},"image":{"@id":"https:\/\/lagunawoodsvillage.com\/neighborhoods\/third-laguna-hills\/#primaryimage"},"thumbnailUrl":"https:\/\/lagunawoodsvillage.com\/wp-content\/uploads\/2024\/03\/Third-logo-for-web.jpg","datePublished":"2024-07-07T16:58:18+00:00","dateModified":"2024-08-21T19:00:25+00:00","description":"Third Laguna Hills Mutual Enjoy condominium living adjacent to our spectacular PGA 27-hole golf course. Third Laguna Hills Mutual is condominium housing","breadcrumb":{"@id":"https:\/\/lagunawoodsvillage.com\/neighborhoods\/third-laguna-hills\/#breadcrumb"},"inLanguage":"fr-FR","potentialAction":[{"@type":"ReadAction","target":["https:\/\/lagunawoodsvillage.com\/neighborhoods\/third-laguna-hills\/"]}]},{"@type":"ImageObject","inLanguage":"fr-FR","@id":"https:\/\/lagunawoodsvillage.com\/neighborhoods\/third-laguna-hills\/#primaryimage","url":"https:\/\/lagunawoodsvillage.com\/wp-content\/uploads\/2024\/03\/Third-logo-for-web.jpg","contentUrl":"https:\/\/lagunawoodsvillage.com\/wp-content\/uploads\/2024\/03\/Third-logo-for-web.jpg"},{"@type":"BreadcrumbList","@id":"https:\/\/lagunawoodsvillage.com\/neighborhoods\/third-laguna-hills\/#breadcrumb","itemListElement":[{"@type":"ListItem","position":1,"name":"Home","item":"https:\/\/lagunawoodsvillage.com\/"},{"@type":"ListItem","position":2,"name":"Neighborhoods","item":"https:\/\/lagunawoodsvillage.com\/neighborhoods\/"},{"@type":"ListItem","position":3,"name":"Third Laguna Hills Mutual"}]},{"@type":"WebSite","@id":"https:\/\/lagunawoodsvillage.com\/#website","url":"https:\/\/lagunawoodsvillage.com\/","name":"Village de Laguna Woods","description":"R\u00e9sidence priv\u00e9e pour retrait\u00e9s dans le comt\u00e9 d&#039;Orange, en Californie","publisher":{"@id":"https:\/\/lagunawoodsvillage.com\/#organization"},"potentialAction":[{"@type":"SearchAction","target":{"@type":"EntryPoint","urlTemplate":"https:\/\/lagunawoodsvillage.com\/?s={search_term_string}"},"query-input":{"@type":"PropertyValueSpecification","valueRequired":true,"valueName":"search_term_string"}}],"inLanguage":"fr-FR"},{"@type":"Organization","@id":"https:\/\/lagunawoodsvillage.com\/#organization","name":"Village de Laguna Woods","url":"https:\/\/lagunawoodsvillage.com\/","logo":{"@type":"ImageObject","inLanguage":"fr-FR","@id":"https:\/\/lagunawoodsvillage.com\/#\/schema\/logo\/image\/","url":"https:\/\/attachments.lagunawoodsvillage.com\/wp-content\/uploads\/2024\/06\/21232229\/laguna-woods-logo.jpg","contentUrl":"https:\/\/attachments.lagunawoodsvillage.com\/wp-content\/uploads\/2024\/06\/21232229\/laguna-woods-logo.jpg","width":502,"height":266,"caption":"Laguna Woods Village"},"image":{"@id":"https:\/\/lagunawoodsvillage.com\/#\/schema\/logo\/image\/"},"sameAs":["https:\/\/www.facebook.com\/LagunaWoodsVillage\/","https:\/\/www.youtube.com\/user\/LagunaWoodsVlg"]}]}},"publishpress_future_action":{"enabled":false,"date":"2026-04-17 17:51:25","action":"change-status","newStatus":"draft","terms":[],"taxonomy":"ep_custom_result","extraData":[]},"publishpress_future_workflow_manual_trigger":{"enabledWorkflows":[]},"_links":{"self":[{"href":"https:\/\/lagunawoodsvillage.com\/fr\/wp-json\/wp\/v2\/pages\/30748","targetHints":{"allow":["GET"]}}],"collection":[{"href":"https:\/\/lagunawoodsvillage.com\/fr\/wp-json\/wp\/v2\/pages"}],"about":[{"href":"https:\/\/lagunawoodsvillage.com\/fr\/wp-json\/wp\/v2\/types\/page"}],"author":[{"embeddable":true,"href":"https:\/\/lagunawoodsvillage.com\/fr\/wp-json\/wp\/v2\/users\/2"}],"replies":[{"embeddable":true,"href":"https:\/\/lagunawoodsvillage.com\/fr\/wp-json\/wp\/v2\/comments?post=30748"}],"version-history":[{"count":8,"href":"https:\/\/lagunawoodsvillage.com\/fr\/wp-json\/wp\/v2\/pages\/30748\/revisions"}],"predecessor-version":[{"id":38991,"href":"https:\/\/lagunawoodsvillage.com\/fr\/wp-json\/wp\/v2\/pages\/30748\/revisions\/38991"}],"up":[{"embeddable":true,"href":"https:\/\/lagunawoodsvillage.com\/fr\/wp-json\/wp\/v2\/pages\/30746"}],"wp:attachment":[{"href":"https:\/\/lagunawoodsvillage.com\/fr\/wp-json\/wp\/v2\/media?parent=30748"}],"wp:term":[{"taxonomy":"author","embeddable":true,"href":"https:\/\/lagunawoodsvillage.com\/fr\/wp-json\/wp\/v2\/ppma_author?post=30748"}],"curies":[{"name":"wp","href":"https:\/\/api.w.org\/{rel}","templated":true}]}}