{"id":30635,"date":"2024-07-05T19:13:49","date_gmt":"2024-07-05T19:13:49","guid":{"rendered":"https:\/\/dev-laguna-woods.pantheonsite.io\/?page_id=30635"},"modified":"2026-04-09T14:55:02","modified_gmt":"2026-04-09T21:55:02","slug":"sales-faqs","status":"publish","type":"page","link":"https:\/\/lagunawoodsvillage.com\/fr\/sales-information\/sales-faqs\/","title":{"rendered":"FAQ sur les ventes"},"content":{"rendered":"<div class=\"wp-block-group alignfull is-style-default has-light-beige-background-color has-background is-layout-constrained wp-block-group-is-layout-constrained\" style=\"padding-top:var(--wp--preset--spacing--50);padding-bottom:var(--wp--preset--spacing--70)\">\n<p class=\"has-body-font-size\">Lisez les questions fr\u00e9quemment pos\u00e9es sur les ventes chez Third Laguna Hills Mutual et United Laguna Woods Mutual.<\/p>\n\n\n\n<div class=\"wp-block-columns shadow is-style-default is-layout-flex wp-container-core-columns-is-layout-7020b615 wp-block-columns-is-layout-flex\" style=\"border-top-left-radius:10px;border-top-right-radius:10px;border-bottom-left-radius:10px;border-bottom-right-radius:10px;margin-bottom:var(--wp--preset--spacing--70);padding-bottom:0\">\n<div class=\"wp-block-column is-style-radius accordion-wrapper has-white-background-color has-background is-layout-flow wp-container-core-column-is-layout-42aebfa7 wp-block-column-is-layout-flow\" style=\"border-style:none;border-width:0px;padding-top:0;padding-right:0;padding-bottom:0;padding-left:0\">\n<h2 class=\"wp-block-heading has-x-large-font-size\" style=\"font-style:normal;font-weight:600\">Troisi\u00e8me mutuelle de Laguna Hills<\/h2>\n\n\n\r\n\r\n<div class=\"urbi-component-inner\">\r\n    <div id=\"urbi_accordion__block_3f0df72a3061e770d72cc65ab32a6a88\" class=\"\">\r\n                <div class=\"acf-innerblocks-container\">\n\r\n<div class=\"accordion-wrapper\">\r\n    <div class=\"folder has-children closed\">\r\n        <div class=\"accordion-button folder-header\">\r\n            <span>\r\n                <div>Dois-je me qualifier pour \u00eatre membre de Third Laguna Hills Mutual ?<\/div>\r\n            <\/span>\r\n        <\/div>\r\n\r\n        <div class=\"accordion-panel folder-body\"\r\n            style=\"display: none;\">\r\n            <div>\r\n                <div class=\"acf-innerblocks-container\">\n\n<p class=\"has-body-font-size\">Oui, les acheteurs potentiels doivent r\u00e9pondre aux qualifications suivantes :<\/p>\n\n\n\n<ul class=\"wp-block-list\">\n<li class=\"has-body-font-size\"><strong>Restriction d&#039;\u00e2ge :<\/strong>&nbsp;Les membres doivent \u00eatre \u00e2g\u00e9s d&#039;au moins 55 ans pour r\u00e9sider chez Third Mutual. Les acheteurs doivent \u00eatre majeurs pour conclure un contrat.<\/li>\n\n\n\n<li class=\"has-body-font-size\"><strong>Qualifications financi\u00e8res :<\/strong>\n<ul class=\"wp-block-list\">\n<li>Assets equal to the purchase price of the manor plus $200,000.<\/li>\n\n\n\n<li>An annual income of at least $60,000 at the time of purchase. If financing, the annual mortgage payment must be included in the income calculation.<\/li>\n<\/ul>\n<\/li>\n<\/ul>\n\n<\/div>\r\n            <\/div>\r\n        <\/div>\r\n    <\/div>\r\n<\/div>\n\n\r\n<div class=\"accordion-wrapper\">\r\n    <div class=\"folder has-children closed\">\r\n        <div class=\"accordion-button folder-header\">\r\n            <span>\r\n                <div>Qu&#039;est-ce qu&#039;un membre ?<\/div>\r\n            <\/span>\r\n        <\/div>\r\n\r\n        <div class=\"accordion-panel folder-body\"\r\n            style=\"display: none;\">\r\n            <div>\r\n                <div class=\"acf-innerblocks-container\">\n\n<p class=\"has-body-font-size\">Un membre est le propri\u00e9taire d&#039;une unit\u00e9 de copropri\u00e9t\u00e9 dont l&#039;adh\u00e9sion a \u00e9t\u00e9 approuv\u00e9e par le conseil d&#039;administration. Les membres en r\u00e8gle ont droit \u00e0 une voix lors des \u00e9lections mutuelles.<\/p>\n\n<\/div>\r\n            <\/div>\r\n        <\/div>\r\n    <\/div>\r\n<\/div>\n\n\r\n<div class=\"accordion-wrapper\">\r\n    <div class=\"folder has-children closed\">\r\n        <div class=\"accordion-button folder-header\">\r\n            <span>\r\n                <div>Puis-je r\u00e9sider si j&#039;ai moins de 55 ans ?<\/div>\r\n            <\/span>\r\n        <\/div>\r\n\r\n        <div class=\"accordion-panel folder-body\"\r\n            style=\"display: none;\">\r\n            <div>\r\n                <div class=\"acf-innerblocks-container\">\n\n<p class=\"has-body-font-size\">Au moins un membre doit \u00eatre \u00e2g\u00e9 de 55 ans ou plus pour r\u00e9sider. Les autres membres doivent \u00eatre \u00e2g\u00e9s d&#039;au moins 45 ans, \u00e0 l&#039;exception du conjoint, qui peut \u00eatre \u00e2g\u00e9 de tout \u00e2ge.<\/p>\n\n<\/div>\r\n            <\/div>\r\n        <\/div>\r\n    <\/div>\r\n<\/div>\n\n\r\n<div class=\"accordion-wrapper\">\r\n    <div class=\"folder has-children closed\">\r\n        <div class=\"accordion-button folder-header\">\r\n            <span>\r\n                <div>Puis-je poss\u00e9der plus d\u2019une unit\u00e9 ?<\/div>\r\n            <\/span>\r\n        <\/div>\r\n\r\n        <div class=\"accordion-panel folder-body\"\r\n            style=\"display: none;\">\r\n            <div>\r\n                <div class=\"acf-innerblocks-container\">\n\n<p class=\"has-body-font-size\">Oui, mais vous devez satisfaire aux exigences financi\u00e8res. Seuls deux logements peuvent \u00eatre occup\u00e9s, lou\u00e9s ou mis en location. Depuis le 21 juin 2016, les membres sont limit\u00e9s \u00e0 deux logements pour y vivre ou en louer. Les membres poss\u00e9dant plus de trois logements \u00e0 cette date b\u00e9n\u00e9ficient de droits acquis, mais ne peuvent pas souscrire d&#039;abonnements suppl\u00e9mentaires. Les membres souhaitant souscrire \u00e0 un abonnement suppl\u00e9mentaire doivent signer un formulaire de reconnaissance attestant de leur conformit\u00e9 \u00e0 la r\u00e9solution 03-16-61 et le joindre \u00e0 leur demande.<\/p>\n\n<\/div>\r\n            <\/div>\r\n        <\/div>\r\n    <\/div>\r\n<\/div>\n\n\r\n<div class=\"accordion-wrapper\">\r\n    <div class=\"folder has-children closed\">\r\n        <div class=\"accordion-button folder-header\">\r\n            <span>\r\n                <div>Qu&#039;est-ce qu&#039;un cooccupant ?<\/div>\r\n            <\/span>\r\n        <\/div>\r\n\r\n        <div class=\"accordion-panel folder-body\"\r\n            style=\"display: none;\">\r\n            <div>\r\n                <div class=\"acf-innerblocks-container\">\n\n<p class=\"has-body-font-size\">Un cooccupant est un non-membre r\u00e9sidant avec un membre, approuv\u00e9 par le conseil d&#039;administration de Third Mutual.<\/p>\n\n<\/div>\r\n            <\/div>\r\n        <\/div>\r\n    <\/div>\r\n<\/div>\n\n\r\n<div class=\"accordion-wrapper\">\r\n    <div class=\"folder has-children closed\">\r\n        <div class=\"accordion-button folder-header\">\r\n            <span>\r\n                <div>Quelqu&#039;un peut-il vivre avec moi ?<\/div>\r\n            <\/span>\r\n        <\/div>\r\n\r\n        <div class=\"accordion-panel folder-body\"\r\n            style=\"display: none;\">\r\n            <div>\r\n                <div class=\"acf-innerblocks-container\">\n\n<p class=\"has-body-font-size\">Oui, \u00e0 condition qu&#039;au moins un occupant (membre) soit \u00e2g\u00e9 de 55 ans ou plus. Les cooccupants doivent \u00eatre \u00e2g\u00e9s d&#039;au moins 45 ans, \u00e0 l&#039;exception des conjoints, quel que soit leur \u00e2ge. Les enfants adultes handicap\u00e9s peuvent r\u00e9sider sous certaines conditions (article 51.3 du Code civil californien).<\/p>\n\n<\/div>\r\n            <\/div>\r\n        <\/div>\r\n    <\/div>\r\n<\/div>\n\n\r\n<div class=\"accordion-wrapper\">\r\n    <div class=\"folder has-children closed\">\r\n        <div class=\"accordion-button folder-header\">\r\n            <span>\r\n                <div>Y a-t-il un nombre maximum de personnes qui peuvent vivre avec moi ?<\/div>\r\n            <\/span>\r\n        <\/div>\r\n\r\n        <div class=\"accordion-panel folder-body\"\r\n            style=\"display: none;\">\r\n            <div>\r\n                <div class=\"acf-innerblocks-container\">\n\n<p class=\"has-body-font-size\">Oui, l&#039;occupation maximale est \u00e9gale au nombre de chambres de construction originale plus une.<\/p>\n\n<\/div>\r\n            <\/div>\r\n        <\/div>\r\n    <\/div>\r\n<\/div>\n<\/div>\r\n    <\/div>\r\n<\/div><\/div>\n<\/div>\n\n\n\n<div class=\"wp-block-columns shadow is-style-default is-layout-flex wp-container-core-columns-is-layout-7020b615 wp-block-columns-is-layout-flex\" style=\"border-top-left-radius:10px;border-top-right-radius:10px;border-bottom-left-radius:10px;border-bottom-right-radius:10px;margin-bottom:var(--wp--preset--spacing--70);padding-bottom:0\">\n<div class=\"wp-block-column is-style-radius accordion-wrapper has-white-background-color has-background is-layout-flow wp-container-core-column-is-layout-42aebfa7 wp-block-column-is-layout-flow\" style=\"border-style:none;border-width:0px;padding-top:0;padding-right:0;padding-bottom:0;padding-left:0\">\n<h2 class=\"wp-block-heading\"><strong>Mutuelle United Laguna Woods<\/strong><\/h2>\n\n\n\r\n\r\n<div class=\"urbi-component-inner\">\r\n    <div id=\"urbi_accordion__block_3f0df72a3061e770d72cc65ab32a6a88\" class=\"\">\r\n                <div class=\"acf-innerblocks-container\">\n\r\n<div class=\"accordion-wrapper\">\r\n    <div class=\"folder has-children closed\">\r\n        <div class=\"accordion-button folder-header\">\r\n            <span>\r\n                <div>Dois-je me qualifier pour \u00eatre membre de United Laguna Woods Mutual ?<\/div>\r\n            <\/span>\r\n        <\/div>\r\n\r\n        <div class=\"accordion-panel folder-body\"\r\n            style=\"display: none;\">\r\n            <div>\r\n                <div class=\"acf-innerblocks-container\">\n\n<p class=\"has-body-font-size\">Oui, les acheteurs potentiels doivent remplir les conditions suivantes pour poss\u00e9der une action et r\u00e9sider chez United Mutual\u00a0:<\/p>\n\n\n\n<ul class=\"wp-block-list\">\n<li class=\"has-body-font-size\"><strong>Restriction d&#039;\u00e2ge :<\/strong>&nbsp;Doit avoir au moins 55 ans.<\/li>\n\n\n\n<li class=\"has-body-font-size\"><strong>Qualifications financi\u00e8res :<\/strong>\n<ul class=\"wp-block-list\">\n<li>Actifs \u00e9gaux au prix d&#039;achat du manoir plus $125 000.<\/li>\n\n\n\n<li>Un revenu annuel d&#039;au moins $40 000 au moment de l&#039;achat.<\/li>\n<\/ul>\n<\/li>\n<\/ul>\n\n<\/div>\r\n            <\/div>\r\n        <\/div>\r\n    <\/div>\r\n<\/div>\n\n\r\n<div class=\"accordion-wrapper\">\r\n    <div class=\"folder has-children closed\">\r\n        <div class=\"accordion-button folder-header\">\r\n            <span>\r\n                <div>Qu&#039;est-ce qu&#039;un membre ?<\/div>\r\n            <\/span>\r\n        <\/div>\r\n\r\n        <div class=\"accordion-panel folder-body\"\r\n            style=\"display: none;\">\r\n            <div>\r\n                <div class=\"acf-innerblocks-container\">\n\n<p class=\"has-body-font-size\">Un membre est un actionnaire dont l&#039;adh\u00e9sion a \u00e9t\u00e9 approuv\u00e9e par le conseil d&#039;administration et dont l&#039;inscription est consign\u00e9e dans les registres de la soci\u00e9t\u00e9. Les membres en r\u00e8gle disposent d&#039;une voix lors des \u00e9lections mutuelles.<\/p>\n\n<\/div>\r\n            <\/div>\r\n        <\/div>\r\n    <\/div>\r\n<\/div>\n\n\r\n<div class=\"accordion-wrapper\">\r\n    <div class=\"folder has-children closed\">\r\n        <div class=\"accordion-button folder-header\">\r\n            <span>\r\n                <div>Puis-je poss\u00e9der plus d\u2019un manoir ?<\/div>\r\n            <\/span>\r\n        <\/div>\r\n\r\n        <div class=\"accordion-panel folder-body\"\r\n            style=\"display: none;\">\r\n            <div>\r\n                <div class=\"acf-innerblocks-container\">\n\n<p class=\"has-body-font-size\">Vous ne pouvez pas poss\u00e9der ou \u00eatre r\u00e9pertori\u00e9 sur plus d\u2019un certificat.<\/p>\n\n<\/div>\r\n            <\/div>\r\n        <\/div>\r\n    <\/div>\r\n<\/div>\n\n\r\n<div class=\"accordion-wrapper\">\r\n    <div class=\"folder has-children closed\">\r\n        <div class=\"accordion-button folder-header\">\r\n            <span>\r\n                <div>Qu&#039;est-ce qu&#039;un cooccupant ?<\/div>\r\n            <\/span>\r\n        <\/div>\r\n\r\n        <div class=\"accordion-panel folder-body\"\r\n            style=\"display: none;\">\r\n            <div>\r\n                <div class=\"acf-innerblocks-container\">\n\n<p class=\"has-body-font-size\">Un cooccupant est un non-membre qui r\u00e9side avec un membre, avec l&#039;approbation du conseil d&#039;administration de United Mutual.<\/p>\n\n<\/div>\r\n            <\/div>\r\n        <\/div>\r\n    <\/div>\r\n<\/div>\n\n\r\n<div class=\"accordion-wrapper\">\r\n    <div class=\"folder has-children closed\">\r\n        <div class=\"accordion-button folder-header\">\r\n            <span>\r\n                <div>Quelqu&#039;un peut-il vivre avec moi ?<\/div>\r\n            <\/span>\r\n        <\/div>\r\n\r\n        <div class=\"accordion-panel folder-body\"\r\n            style=\"display: none;\">\r\n            <div>\r\n                <div class=\"acf-innerblocks-container\">\n\n<p class=\"has-body-font-size\">Oui, au moins un occupant (membre) doit \u00eatre \u00e2g\u00e9 de 55 ans ou plus. Les cooccupants (non-membres) doivent \u00eatre \u00e2g\u00e9s d&#039;au moins 45 ans, \u00e0 l&#039;exception des conjoints, qui peuvent \u00eatre de tout \u00e2ge. Les enfants adultes handicap\u00e9s peuvent r\u00e9sider sous certaines conditions (article 51.3 du Code civil californien).<\/p>\n\n<\/div>\r\n            <\/div>\r\n        <\/div>\r\n    <\/div>\r\n<\/div>\n\n\r\n<div class=\"accordion-wrapper\">\r\n    <div class=\"folder has-children closed\">\r\n        <div class=\"accordion-button folder-header\">\r\n            <span>\r\n                <div>Y a-t-il un nombre maximum de personnes qui peuvent vivre avec moi ?<\/div>\r\n            <\/span>\r\n        <\/div>\r\n\r\n        <div class=\"accordion-panel folder-body\"\r\n            style=\"display: none;\">\r\n            <div>\r\n                <div class=\"acf-innerblocks-container\">\n\n<p class=\"has-body-font-size\">L&#039;occupation maximale est \u00e9gale au nombre de chambres de construction originale plus une.<\/p>\n\n<\/div>\r\n            <\/div>\r\n        <\/div>\r\n    <\/div>\r\n<\/div>\n<\/div>\r\n    <\/div>\r\n<\/div><\/div>\n<\/div>\n<\/div>","protected":false},"excerpt":{"rendered":"<p>Read frequently asked questions about sales in Third Laguna Hills Mutual and United Laguna Woods Mutual. Third Laguna Hills Mutual United Laguna Woods Mutual<\/p>","protected":false},"author":2,"featured_media":31844,"parent":30647,"menu_order":0,"comment_status":"closed","ping_status":"closed","template":"","meta":{"_acf_changed":false,"ep_exclude_from_search":false,"footnotes":""},"ppma_author":[38],"class_list":["post-30635","page","type-page","status-publish","has-post-thumbnail","hentry"],"acf":[],"yoast_head":"<!-- This site is optimized with the Yoast SEO plugin v27.1.1 - https:\/\/yoast.com\/product\/yoast-seo-wordpress\/ -->\n<title>Sales FAQs | Laguna Woods Village<\/title>\n<meta name=\"description\" content=\"Read frequently asked questions about sales in Third Laguna Hills Mutual and United Laguna Woods Mutual. Third Laguna Hills Mutual Yes, prospective buyers\" \/>\n<meta name=\"robots\" content=\"index, follow, max-snippet:-1, max-image-preview:large, max-video-preview:-1\" \/>\n<link rel=\"canonical\" href=\"https:\/\/lagunawoodsvillage.com\/fr\/sales-information\/sales-faqs\/\" \/>\n<meta property=\"og:locale\" content=\"fr_FR\" \/>\n<meta property=\"og:type\" content=\"article\" \/>\n<meta property=\"og:title\" content=\"Sales FAQs | Laguna Woods Village\" \/>\n<meta property=\"og:description\" content=\"Read frequently asked questions about sales in Third Laguna Hills Mutual and United Laguna Woods Mutual. Third Laguna Hills Mutual Yes, prospective buyers\" \/>\n<meta property=\"og:url\" content=\"https:\/\/lagunawoodsvillage.com\/fr\/sales-information\/sales-faqs\/\" \/>\n<meta property=\"og:site_name\" content=\"Laguna Woods Village\" \/>\n<meta property=\"article:publisher\" content=\"https:\/\/www.facebook.com\/LagunaWoodsVillage\/\" \/>\n<meta property=\"article:modified_time\" content=\"2026-04-09T21:55:02+00:00\" \/>\n<meta property=\"og:image\" content=\"https:\/\/attachments.lagunawoodsvillage.com\/wp-content\/uploads\/2024\/07\/15114921\/bbd6d890d9998424af9ae2a728598f3b-2.jpeg\" \/>\n\t<meta property=\"og:image:width\" content=\"1920\" \/>\n\t<meta property=\"og:image:height\" content=\"1212\" \/>\n\t<meta property=\"og:image:type\" content=\"image\/jpeg\" \/>\n<meta name=\"twitter:card\" content=\"summary_large_image\" \/>\n<meta name=\"twitter:label1\" content=\"Est. reading time\" \/>\n\t<meta name=\"twitter:data1\" content=\"3 minutes\" \/>\n<script type=\"application\/ld+json\" class=\"yoast-schema-graph\">{\"@context\":\"https:\/\/schema.org\",\"@graph\":[{\"@type\":\"WebPage\",\"@id\":\"https:\/\/lagunawoodsvillage.com\/sales-information\/sales-faqs\/\",\"url\":\"https:\/\/lagunawoodsvillage.com\/sales-information\/sales-faqs\/\",\"name\":\"Sales FAQs | Laguna Woods Village\",\"isPartOf\":{\"@id\":\"https:\/\/lagunawoodsvillage.com\/#website\"},\"primaryImageOfPage\":{\"@id\":\"https:\/\/lagunawoodsvillage.com\/sales-information\/sales-faqs\/#primaryimage\"},\"image\":{\"@id\":\"https:\/\/lagunawoodsvillage.com\/sales-information\/sales-faqs\/#primaryimage\"},\"thumbnailUrl\":\"https:\/\/attachments.lagunawoodsvillage.com\/wp-content\/uploads\/2024\/07\/15114921\/bbd6d890d9998424af9ae2a728598f3b-2.jpeg\",\"datePublished\":\"2024-07-05T19:13:49+00:00\",\"dateModified\":\"2026-04-09T21:55:02+00:00\",\"description\":\"Read frequently asked questions about sales in Third Laguna Hills Mutual and United Laguna Woods Mutual. Third Laguna Hills Mutual Yes, prospective buyers\",\"breadcrumb\":{\"@id\":\"https:\/\/lagunawoodsvillage.com\/sales-information\/sales-faqs\/#breadcrumb\"},\"inLanguage\":\"fr-FR\",\"potentialAction\":[{\"@type\":\"ReadAction\",\"target\":[\"https:\/\/lagunawoodsvillage.com\/sales-information\/sales-faqs\/\"]}]},{\"@type\":\"ImageObject\",\"inLanguage\":\"fr-FR\",\"@id\":\"https:\/\/lagunawoodsvillage.com\/sales-information\/sales-faqs\/#primaryimage\",\"url\":\"https:\/\/attachments.lagunawoodsvillage.com\/wp-content\/uploads\/2024\/07\/15114921\/bbd6d890d9998424af9ae2a728598f3b-2.jpeg\",\"contentUrl\":\"https:\/\/attachments.lagunawoodsvillage.com\/wp-content\/uploads\/2024\/07\/15114921\/bbd6d890d9998424af9ae2a728598f3b-2.jpeg\",\"width\":1920,\"height\":1212},{\"@type\":\"BreadcrumbList\",\"@id\":\"https:\/\/lagunawoodsvillage.com\/sales-information\/sales-faqs\/#breadcrumb\",\"itemListElement\":[{\"@type\":\"ListItem\",\"position\":1,\"name\":\"Home\",\"item\":\"https:\/\/lagunawoodsvillage.com\/\"},{\"@type\":\"ListItem\",\"position\":2,\"name\":\"Sales Information\",\"item\":\"https:\/\/lagunawoodsvillage.com\/sales-information\/\"},{\"@type\":\"ListItem\",\"position\":3,\"name\":\"Sales FAQs\"}]},{\"@type\":\"WebSite\",\"@id\":\"https:\/\/lagunawoodsvillage.com\/#website\",\"url\":\"https:\/\/lagunawoodsvillage.com\/\",\"name\":\"Laguna Woods Village\",\"description\":\"Private Retirement Community in Orange County, California\",\"publisher\":{\"@id\":\"https:\/\/lagunawoodsvillage.com\/#organization\"},\"potentialAction\":[{\"@type\":\"SearchAction\",\"target\":{\"@type\":\"EntryPoint\",\"urlTemplate\":\"https:\/\/lagunawoodsvillage.com\/?s={search_term_string}\"},\"query-input\":{\"@type\":\"PropertyValueSpecification\",\"valueRequired\":true,\"valueName\":\"search_term_string\"}}],\"inLanguage\":\"fr-FR\"},{\"@type\":\"Organization\",\"@id\":\"https:\/\/lagunawoodsvillage.com\/#organization\",\"name\":\"Laguna Woods Village\",\"url\":\"https:\/\/lagunawoodsvillage.com\/\",\"logo\":{\"@type\":\"ImageObject\",\"inLanguage\":\"fr-FR\",\"@id\":\"https:\/\/lagunawoodsvillage.com\/#\/schema\/logo\/image\/\",\"url\":\"https:\/\/attachments.lagunawoodsvillage.com\/wp-content\/uploads\/2024\/06\/21232229\/laguna-woods-logo.jpg\",\"contentUrl\":\"https:\/\/attachments.lagunawoodsvillage.com\/wp-content\/uploads\/2024\/06\/21232229\/laguna-woods-logo.jpg\",\"width\":502,\"height\":266,\"caption\":\"Laguna Woods Village\"},\"image\":{\"@id\":\"https:\/\/lagunawoodsvillage.com\/#\/schema\/logo\/image\/\"},\"sameAs\":[\"https:\/\/www.facebook.com\/LagunaWoodsVillage\/\",\"https:\/\/www.youtube.com\/user\/LagunaWoodsVlg\"]}]}<\/script>\n<!-- \/ Yoast SEO plugin. -->","yoast_head_json":{"title":"Sales FAQs | Laguna Woods Village","description":"Read frequently asked questions about sales in Third Laguna Hills Mutual and United Laguna Woods Mutual. Third Laguna Hills Mutual Yes, prospective buyers","robots":{"index":"index","follow":"follow","max-snippet":"max-snippet:-1","max-image-preview":"max-image-preview:large","max-video-preview":"max-video-preview:-1"},"canonical":"https:\/\/lagunawoodsvillage.com\/fr\/sales-information\/sales-faqs\/","og_locale":"fr_FR","og_type":"article","og_title":"Sales FAQs | Laguna Woods Village","og_description":"Read frequently asked questions about sales in Third Laguna Hills Mutual and United Laguna Woods Mutual. Third Laguna Hills Mutual Yes, prospective buyers","og_url":"https:\/\/lagunawoodsvillage.com\/fr\/sales-information\/sales-faqs\/","og_site_name":"Laguna Woods Village","article_publisher":"https:\/\/www.facebook.com\/LagunaWoodsVillage\/","article_modified_time":"2026-04-09T21:55:02+00:00","og_image":[{"width":1920,"height":1212,"url":"https:\/\/attachments.lagunawoodsvillage.com\/wp-content\/uploads\/2024\/07\/15114921\/bbd6d890d9998424af9ae2a728598f3b-2.jpeg","type":"image\/jpeg"}],"twitter_card":"summary_large_image","twitter_misc":{"Est. reading time":"3 minutes"},"schema":{"@context":"https:\/\/schema.org","@graph":[{"@type":"WebPage","@id":"https:\/\/lagunawoodsvillage.com\/sales-information\/sales-faqs\/","url":"https:\/\/lagunawoodsvillage.com\/sales-information\/sales-faqs\/","name":"Sales FAQs | Laguna Woods Village","isPartOf":{"@id":"https:\/\/lagunawoodsvillage.com\/#website"},"primaryImageOfPage":{"@id":"https:\/\/lagunawoodsvillage.com\/sales-information\/sales-faqs\/#primaryimage"},"image":{"@id":"https:\/\/lagunawoodsvillage.com\/sales-information\/sales-faqs\/#primaryimage"},"thumbnailUrl":"https:\/\/attachments.lagunawoodsvillage.com\/wp-content\/uploads\/2024\/07\/15114921\/bbd6d890d9998424af9ae2a728598f3b-2.jpeg","datePublished":"2024-07-05T19:13:49+00:00","dateModified":"2026-04-09T21:55:02+00:00","description":"Read frequently asked questions about sales in Third Laguna Hills Mutual and United Laguna Woods Mutual. Third Laguna Hills Mutual Yes, prospective buyers","breadcrumb":{"@id":"https:\/\/lagunawoodsvillage.com\/sales-information\/sales-faqs\/#breadcrumb"},"inLanguage":"fr-FR","potentialAction":[{"@type":"ReadAction","target":["https:\/\/lagunawoodsvillage.com\/sales-information\/sales-faqs\/"]}]},{"@type":"ImageObject","inLanguage":"fr-FR","@id":"https:\/\/lagunawoodsvillage.com\/sales-information\/sales-faqs\/#primaryimage","url":"https:\/\/attachments.lagunawoodsvillage.com\/wp-content\/uploads\/2024\/07\/15114921\/bbd6d890d9998424af9ae2a728598f3b-2.jpeg","contentUrl":"https:\/\/attachments.lagunawoodsvillage.com\/wp-content\/uploads\/2024\/07\/15114921\/bbd6d890d9998424af9ae2a728598f3b-2.jpeg","width":1920,"height":1212},{"@type":"BreadcrumbList","@id":"https:\/\/lagunawoodsvillage.com\/sales-information\/sales-faqs\/#breadcrumb","itemListElement":[{"@type":"ListItem","position":1,"name":"Home","item":"https:\/\/lagunawoodsvillage.com\/"},{"@type":"ListItem","position":2,"name":"Sales Information","item":"https:\/\/lagunawoodsvillage.com\/sales-information\/"},{"@type":"ListItem","position":3,"name":"Sales FAQs"}]},{"@type":"WebSite","@id":"https:\/\/lagunawoodsvillage.com\/#website","url":"https:\/\/lagunawoodsvillage.com\/","name":"Village de Laguna Woods","description":"R\u00e9sidence priv\u00e9e pour retrait\u00e9s dans le comt\u00e9 d&#039;Orange, en Californie","publisher":{"@id":"https:\/\/lagunawoodsvillage.com\/#organization"},"potentialAction":[{"@type":"SearchAction","target":{"@type":"EntryPoint","urlTemplate":"https:\/\/lagunawoodsvillage.com\/?s={search_term_string}"},"query-input":{"@type":"PropertyValueSpecification","valueRequired":true,"valueName":"search_term_string"}}],"inLanguage":"fr-FR"},{"@type":"Organization","@id":"https:\/\/lagunawoodsvillage.com\/#organization","name":"Village de Laguna Woods","url":"https:\/\/lagunawoodsvillage.com\/","logo":{"@type":"ImageObject","inLanguage":"fr-FR","@id":"https:\/\/lagunawoodsvillage.com\/#\/schema\/logo\/image\/","url":"https:\/\/attachments.lagunawoodsvillage.com\/wp-content\/uploads\/2024\/06\/21232229\/laguna-woods-logo.jpg","contentUrl":"https:\/\/attachments.lagunawoodsvillage.com\/wp-content\/uploads\/2024\/06\/21232229\/laguna-woods-logo.jpg","width":502,"height":266,"caption":"Laguna Woods Village"},"image":{"@id":"https:\/\/lagunawoodsvillage.com\/#\/schema\/logo\/image\/"},"sameAs":["https:\/\/www.facebook.com\/LagunaWoodsVillage\/","https:\/\/www.youtube.com\/user\/LagunaWoodsVlg"]}]}},"publishpress_future_action":{"enabled":false,"date":"2026-04-21 04:40:57","action":"change-status","newStatus":"draft","terms":[],"taxonomy":"ep_custom_result","extraData":[]},"publishpress_future_workflow_manual_trigger":{"enabledWorkflows":[]},"_links":{"self":[{"href":"https:\/\/lagunawoodsvillage.com\/fr\/wp-json\/wp\/v2\/pages\/30635","targetHints":{"allow":["GET"]}}],"collection":[{"href":"https:\/\/lagunawoodsvillage.com\/fr\/wp-json\/wp\/v2\/pages"}],"about":[{"href":"https:\/\/lagunawoodsvillage.com\/fr\/wp-json\/wp\/v2\/types\/page"}],"author":[{"embeddable":true,"href":"https:\/\/lagunawoodsvillage.com\/fr\/wp-json\/wp\/v2\/users\/2"}],"replies":[{"embeddable":true,"href":"https:\/\/lagunawoodsvillage.com\/fr\/wp-json\/wp\/v2\/comments?post=30635"}],"version-history":[{"count":7,"href":"https:\/\/lagunawoodsvillage.com\/fr\/wp-json\/wp\/v2\/pages\/30635\/revisions"}],"predecessor-version":[{"id":84900,"href":"https:\/\/lagunawoodsvillage.com\/fr\/wp-json\/wp\/v2\/pages\/30635\/revisions\/84900"}],"up":[{"embeddable":true,"href":"https:\/\/lagunawoodsvillage.com\/fr\/wp-json\/wp\/v2\/pages\/30647"}],"wp:featuredmedia":[{"embeddable":true,"href":"https:\/\/lagunawoodsvillage.com\/fr\/wp-json\/wp\/v2\/media\/31844"}],"wp:attachment":[{"href":"https:\/\/lagunawoodsvillage.com\/fr\/wp-json\/wp\/v2\/media?parent=30635"}],"wp:term":[{"taxonomy":"author","embeddable":true,"href":"https:\/\/lagunawoodsvillage.com\/fr\/wp-json\/wp\/v2\/ppma_author?post=30635"}],"curies":[{"name":"wp","href":"https:\/\/api.w.org\/{rel}","templated":true}]}}