{"id":3,"date":"2024-02-29T23:44:20","date_gmt":"2024-02-29T23:44:20","guid":{"rendered":"http:\/\/localhost:10030\/?page_id=3"},"modified":"2025-01-16T09:30:37","modified_gmt":"2025-01-16T17:30:37","slug":"privacy-policy","status":"publish","type":"page","link":"https:\/\/lagunawoodsvillage.com\/fr\/privacy-policy\/","title":{"rendered":"politique de confidentialit\u00e9"},"content":{"rendered":"<div class=\"wp-block-group alignfull has-light-beige-background-color has-background is-layout-constrained wp-block-group-is-layout-constrained\" style=\"padding-top:var(--wp--preset--spacing--60);padding-bottom:var(--wp--preset--spacing--60)\">\n<div class=\"wp-block-group has-white-background-color has-background is-layout-constrained wp-container-core-group-is-layout-ae744a23 wp-block-group-is-layout-constrained\" style=\"border-radius:10px;border-top-style:none;border-top-width:0px;border-right-style:none;border-right-width:0px;border-bottom-color:var(--wp--preset--color--accent);border-bottom-width:4px;border-left-style:none;border-left-width:0px;padding-top:var(--wp--preset--spacing--70);padding-right:var(--wp--preset--spacing--70);padding-bottom:var(--wp--preset--spacing--70);padding-left:var(--wp--preset--spacing--70)\">\n<h4 class=\"wp-block-heading has-text-black-color has-text-color has-link-color has-x-large-font-size wp-elements-c0c98bf474f10d6c5534ce46c163b3ec\"><strong>politique de confidentialit\u00e9<\/strong><\/h4>\n\n\n\n<p class=\"has-body-font-size\"><strong>Date d&#039;entr\u00e9e en vigueur : 15 janvier 2025<\/strong><\/p>\n\n\n\n<p class=\"has-body-font-size\" style=\"padding-top:0;padding-bottom:0;line-height:1.6\">Cette politique de confidentialit\u00e9 d\u00e9crit la mani\u00e8re dont Laguna Woods Village (\u00ab\u00a0nous\u00a0\u00bb, \u00ab\u00a0notre\u00a0\u00bb ou \u00ab\u00a0nos\u00a0\u00bb) collecte, utilise, prot\u00e8ge et traite vos informations personnelles identifiables (IPI) conform\u00e9ment aux lois applicables, notamment les lois californiennes sur la protection de la vie priv\u00e9e, telles que la loi californienne sur la protection de la vie priv\u00e9e des consommateurs (CCPA). Les IPI sont d\u00e9finies comme des informations permettant d&#039;identifier, de contacter ou de localiser une personne, ou encore d&#039;\u00eatre utilis\u00e9es dans un contexte pour identifier une personne.<\/p>\n\n\n\n<p class=\"has-body-font-size\"><strong>Quelles informations collectons-nous ?<\/strong><br>Lorsque vous visitez notre site Web, vous inscrivez ou interagissez avec nos services, nous pouvons collecter les types d&#039;informations suivants :<\/p>\n\n\n\n<ul class=\"wp-block-list\">\n<li class=\"has-body-font-size\"><strong>Informations personnelles :<\/strong> Nom, adresse e-mail, adresse postale, num\u00e9ro de t\u00e9l\u00e9phone, identifiant de r\u00e9sident ou informations de paiement.<\/li>\n\n\n\n<li class=\"has-body-font-size\"><strong>Informations non personnelles :<\/strong> Type de navigateur, informations sur l&#039;appareil et donn\u00e9es d&#039;utilisation du site.<\/li>\n<\/ul>\n\n\n\n<p class=\"has-body-font-size\"><strong>Comment collectons-nous les informations?<\/strong><br>Nous collectons des informations des mani\u00e8res suivantes :<\/p>\n\n\n\n<ul class=\"wp-block-list\">\n<li class=\"has-body-font-size\">Lorsque vous vous inscrivez sur notre site Web.<\/li>\n\n\n\n<li class=\"has-body-font-size\">Lorsque vous remplissez des formulaires ou fournissez des informations via notre site Web.<\/li>\n\n\n\n<li class=\"has-body-font-size\">Gr\u00e2ce \u00e0 des cookies ou des technologies similaires pour am\u00e9liorer votre exp\u00e9rience sur le site.<\/li>\n<\/ul>\n\n\n\n<p class=\"has-body-font-size\"><strong>Comment utilisons-nous vos informations ?<\/strong><br>Nous pouvons utiliser vos informations aux fins suivantes :<\/p>\n\n\n\n<ul class=\"wp-block-list\">\n<li class=\"has-body-font-size\">Pour am\u00e9liorer la fonctionnalit\u00e9 de notre site Web et l&#039;exp\u00e9rience utilisateur.<\/li>\n\n\n\n<li class=\"has-body-font-size\">Pour r\u00e9pondre \u00e0 vos demandes de renseignements ou de service client.<\/li>\n\n\n\n<li class=\"has-body-font-size\">Pour traiter les transactions en toute s\u00e9curit\u00e9.<\/li>\n\n\n\n<li class=\"has-body-font-size\">Pour recueillir des commentaires via des notes, des avis ou des sondages.<\/li>\n<\/ul>\n\n\n\n<p class=\"has-body-font-size\"><strong>Comment prot\u00e9geons-nous vos informations ?<\/strong><br>Nous mettons en \u0153uvre des mesures de s\u00e9curit\u00e9 conformes aux normes de l&#039;industrie pour prot\u00e9ger vos informations personnelles :<\/p>\n\n\n\n<ul class=\"wp-block-list\">\n<li class=\"has-body-font-size\">Technologie Secure Socket Layer (SSL) pour le transfert de donn\u00e9es crypt\u00e9es.<\/li>\n\n\n\n<li class=\"has-body-font-size\">Restreindre l\u2019acc\u00e8s aux donn\u00e9es personnelles au seul personnel autoris\u00e9.<\/li>\n\n\n\n<li class=\"has-body-font-size\">Analyse et surveillance r\u00e9guli\u00e8res des logiciels malveillants.<\/li>\n<\/ul>\n\n\n\n<p class=\"has-body-font-size\">Toutes les transactions sont trait\u00e9es via des passerelles de paiement conformes PCI et ne sont pas stock\u00e9es sur nos serveurs.<\/p>\n\n\n\n<p class=\"has-body-font-size\"><strong>Utilisons-nous des cookies ?<\/strong><br>Oui. Nous utilisons des cookies pour\u00a0:<\/p>\n\n\n\n<ul class=\"wp-block-list\">\n<li class=\"has-body-font-size\">M\u00e9morisez vos pr\u00e9f\u00e9rences et am\u00e9liorez votre exp\u00e9rience.<\/li>\n\n\n\n<li class=\"has-body-font-size\">Compilez des donn\u00e9es agr\u00e9g\u00e9es pour l&#039;analyse du site et l&#039;am\u00e9lioration des fonctionnalit\u00e9s.<\/li>\n<\/ul>\n\n\n\n<p class=\"has-body-font-size\">Vous pouvez g\u00e9rer vos pr\u00e9f\u00e9rences en mati\u00e8re de cookies via les param\u00e8tres de votre navigateur. La d\u00e9sactivation des cookies peut affecter certaines fonctionnalit\u00e9s du site web.<\/p>\n<\/div>\n\n\n\n<div class=\"wp-block-group has-white-background-color has-background is-layout-constrained wp-container-core-group-is-layout-ae744a23 wp-block-group-is-layout-constrained\" style=\"border-radius:10px;border-top-style:none;border-top-width:0px;border-right-style:none;border-right-width:0px;border-bottom-color:var(--wp--preset--color--accent);border-bottom-width:4px;border-left-style:none;border-left-width:0px;padding-top:var(--wp--preset--spacing--70);padding-right:var(--wp--preset--spacing--70);padding-bottom:var(--wp--preset--spacing--70);padding-left:var(--wp--preset--spacing--70)\">\n<h4 class=\"wp-block-heading has-text-black-color has-text-color has-link-color has-x-large-font-size wp-elements-c324168793f63666a9734fbad4a35964\"><strong>Divulgation \u00e0 des tiers<\/strong><\/h4>\n\n\n\n<p class=\"has-body-font-size\" style=\"padding-top:0;padding-bottom:0;line-height:1.6\"><strong>Divulgation \u00e0 des tiers<\/strong><br>Nous ne vendons, n&#039;\u00e9changeons ni ne transf\u00e9rons vos informations personnelles \u00e0 des tiers.<\/p>\n\n\n\n<p class=\"has-body-font-size\"><strong>Liens tiers<\/strong><br>Nous pouvons parfois inclure des liens vers des sites web tiers. Ces sites fonctionnent ind\u00e9pendamment et disposent de leurs propres politiques de confidentialit\u00e9. Nous ne sommes pas responsables du contenu ni des pratiques de ces sites tiers.<\/p>\n\n\n\n<p class=\"has-body-font-size\"><strong>Google AdSense<\/strong><br>Nous n&#039;utilisons pas Google AdSense ni aucun autre service publicitaire tiers sur notre site Web.<\/p>\n<\/div>\n\n\n\n<div class=\"wp-block-group has-white-background-color has-background is-layout-constrained wp-container-core-group-is-layout-ae744a23 wp-block-group-is-layout-constrained\" style=\"border-radius:10px;border-top-style:none;border-top-width:0px;border-right-style:none;border-right-width:0px;border-bottom-color:var(--wp--preset--color--accent);border-bottom-width:4px;border-left-style:none;border-left-width:0px;padding-top:var(--wp--preset--spacing--70);padding-right:var(--wp--preset--spacing--70);padding-bottom:var(--wp--preset--spacing--70);padding-left:var(--wp--preset--spacing--70)\">\n<h4 class=\"wp-block-heading has-text-black-color has-text-color has-link-color has-x-large-font-size wp-elements-6a4b0cc1578ff1e9217da449814dbadc\"><strong>Droits \u00e0 la vie priv\u00e9e en Californie<\/strong><\/h4>\n\n\n\n<p class=\"has-body-font-size\" style=\"padding-top:0;padding-bottom:0;line-height:1.6\">En vertu de la loi californienne sur la protection de la vie priv\u00e9e des consommateurs (CCPA), les r\u00e9sidents de Californie ont les droits suivants :<\/p>\n\n\n\n<ul class=\"wp-block-list\">\n<li class=\"has-body-font-size\"><strong>Droit de savoir :<\/strong> Demandez des informations sur les donn\u00e9es que nous collectons et comment nous les utilisons.<\/li>\n\n\n\n<li class=\"has-body-font-size\"><strong>Droit de suppression :<\/strong> Demander la suppression de vos donn\u00e9es personnelles, sous r\u00e9serve de certaines exceptions.<\/li>\n\n\n\n<li class=\"has-body-font-size\"><strong>Droit de retrait :<\/strong> D\u00e9sactivez la vente d&#039;informations personnelles (nous ne vendons pas d&#039;informations personnelles).<\/li>\n<\/ul>\n\n\n\n<p class=\"has-body-font-size\">Pour exercer ces droits, contactez-nous \u00e0 <a href=\"mailto:webmaster@vmsinc.org\" target=\"_blank\" rel=\"noreferrer noopener\"><strong>webmaster@vmsinc.org<\/strong><\/a> ou <a href=\"tel:949-597-4265\" target=\"_blank\" rel=\"noreferrer noopener\"><strong>949-597-4265<\/strong><\/a>.<\/p>\n\n\n\n<p class=\"has-body-font-size\"><strong>Signaux \u00ab\u00a0Ne pas suivre\u00a0\u00bb<\/strong><br>Notre site Web ne r\u00e9pond pas aux signaux \u00ab\u00a0ne pas suivre\u00a0\u00bb (DNT) des navigateurs, car nous ne suivons pas les utilisateurs au-del\u00e0 de leur interaction avec notre site Web.<\/p>\n<\/div>\n\n\n\n<div class=\"wp-block-group has-white-background-color has-background is-layout-constrained wp-container-core-group-is-layout-ae744a23 wp-block-group-is-layout-constrained\" style=\"border-radius:10px;border-top-style:none;border-top-width:0px;border-right-style:none;border-right-width:0px;border-bottom-color:var(--wp--preset--color--accent);border-bottom-width:4px;border-left-style:none;border-left-width:0px;padding-top:var(--wp--preset--spacing--70);padding-right:var(--wp--preset--spacing--70);padding-bottom:var(--wp--preset--spacing--70);padding-left:var(--wp--preset--spacing--70)\">\n<h4 class=\"wp-block-heading has-text-black-color has-text-color has-link-color has-x-large-font-size wp-elements-9580ac898a64bae20528a663ba02506b\"><strong>Confidentialit\u00e9 des enfants<\/strong><\/h4>\n\n\n\n<p class=\"has-body-font-size\" style=\"padding-top:0;padding-bottom:0;line-height:1.6\">Nous ne collectons pas sciemment d&#039;informations personnelles aupr\u00e8s d&#039;enfants de moins de 13 ans. Si nous avons connaissance de telles informations, nous les supprimerons rapidement.<\/p>\n<\/div>\n\n\n\n<div class=\"wp-block-group has-white-background-color has-background is-layout-constrained wp-container-core-group-is-layout-ae744a23 wp-block-group-is-layout-constrained\" style=\"border-radius:10px;border-top-style:none;border-top-width:0px;border-right-style:none;border-right-width:0px;border-bottom-color:var(--wp--preset--color--accent);border-bottom-width:4px;border-left-style:none;border-left-width:0px;padding-top:var(--wp--preset--spacing--70);padding-right:var(--wp--preset--spacing--70);padding-bottom:var(--wp--preset--spacing--70);padding-left:var(--wp--preset--spacing--70)\">\n<h4 class=\"wp-block-heading has-text-black-color has-text-color has-link-color has-x-large-font-size wp-elements-06ab214081389e3363de440e8ec71ab8\"><strong>Pratiques d&#039;information \u00e9quitables<\/strong><\/h4>\n\n\n\n<p class=\"has-body-font-size\" style=\"padding-top:0;padding-bottom:0;line-height:1.6\">En cas de violation de donn\u00e9es, nous informerons les utilisateurs concern\u00e9s par e-mail dans un d\u00e9lai de sept jours ouvrables. Nous respectons le principe de recours individuel, permettant aux personnes concern\u00e9es d&#039;engager des poursuites judiciaires en cas de violation de leur droit \u00e0 la vie priv\u00e9e.<\/p>\n<\/div>\n\n\n\n<div class=\"wp-block-group has-white-background-color has-background is-layout-constrained wp-container-core-group-is-layout-ae744a23 wp-block-group-is-layout-constrained\" style=\"border-radius:10px;border-top-style:none;border-top-width:0px;border-right-style:none;border-right-width:0px;border-bottom-color:var(--wp--preset--color--accent);border-bottom-width:4px;border-left-style:none;border-left-width:0px;padding-top:var(--wp--preset--spacing--70);padding-right:var(--wp--preset--spacing--70);padding-bottom:var(--wp--preset--spacing--70);padding-left:var(--wp--preset--spacing--70)\">\n<h4 class=\"wp-block-heading has-text-black-color has-text-color has-link-color has-x-large-font-size wp-elements-adc2b5a246c863359da2d9c13237004c\"><strong>Conformit\u00e9 \u00e0 la loi CAN-SPAM<\/strong><\/h4>\n\n\n\n<p class=\"has-body-font-size\" style=\"padding-top:0;padding-bottom:0;line-height:1.6\">Nous collectons des adresses e-mail pour :<\/p>\n\n\n\n<ul class=\"wp-block-list\">\n<li class=\"has-body-font-size\">R\u00e9pondre aux demandes de renseignements.<\/li>\n\n\n\n<li class=\"has-body-font-size\">Traiter les transactions.<\/li>\n\n\n\n<li class=\"has-body-font-size\">Envoyez des mises \u00e0 jour de service et du contenu promotionnel.<\/li>\n<\/ul>\n\n\n\n<p class=\"has-body-font-size\">Pour se conformer \u00e0 la loi CAN-SPAM :<\/p>\n\n\n\n<ul class=\"wp-block-list\">\n<li class=\"has-body-font-size\">Nous n&#039;utilisons pas de lignes d&#039;objet fausses ou trompeuses.<\/li>\n\n\n\n<li class=\"has-body-font-size\">Nos e-mails incluent notre adresse physique.<\/li>\n\n\n\n<li class=\"has-body-font-size\">Les utilisateurs peuvent se d\u00e9sabonner des futurs e-mails via un lien au bas de chaque message.<\/li>\n<\/ul>\n<\/div>\n\n\n\n<div class=\"wp-block-group has-white-background-color has-background is-layout-constrained wp-container-core-group-is-layout-ae744a23 wp-block-group-is-layout-constrained\" style=\"border-radius:10px;border-top-style:none;border-top-width:0px;border-right-style:none;border-right-width:0px;border-bottom-color:var(--wp--preset--color--accent);border-bottom-width:4px;border-left-style:none;border-left-width:0px;padding-top:var(--wp--preset--spacing--70);padding-right:var(--wp--preset--spacing--70);padding-bottom:var(--wp--preset--spacing--70);padding-left:var(--wp--preset--spacing--70)\">\n<h4 class=\"wp-block-heading has-text-black-color has-text-color has-link-color has-x-large-font-size wp-elements-6213f4dda369a8889be1f077a8c9720b\"><strong>Contactez-nous<\/strong><\/h4>\n\n\n\n<p class=\"has-body-font-size\" style=\"padding-top:0;padding-bottom:0;line-height:1.6\">Pour toute question concernant cette politique de confidentialit\u00e9, contactez :<br>24351 El Toro Road, Laguna Woods, Californie 92637<br><strong><a href=\"mailto:webmaster@vmsinc.org\" target=\"_blank\" rel=\"noreferrer noopener\">webmaster@vmsinc.org<\/a><br><a href=\"tel:949-597-4265\" target=\"_blank\" rel=\"noreferrer noopener\">949-597-4265<\/a><\/strong><\/p>\n\n\n\n<p class=\"has-body-font-size\" style=\"padding-top:0;padding-bottom:0;line-height:1.6\">Nous nous r\u00e9servons le droit de mettre \u00e0 jour cette politique de confidentialit\u00e9 afin de refl\u00e9ter l&#039;\u00e9volution des exigences l\u00e9gales ou op\u00e9rationnelles. Les mises \u00e0 jour seront publi\u00e9es sur cette page avec une date d&#039;entr\u00e9e en vigueur r\u00e9vis\u00e9e.<br>Merci d&#039;avoir fait confiance \u00e0 Laguna Woods Village avec vos informations.<\/p>\n<\/div>\n<\/div>\n\n\n\n<p><\/p>","protected":false},"excerpt":{"rendered":"<p>Privacy Policy Effective date: January 15, 2025 This privacy policy outlines how Laguna Woods Village (\u201cwe,\u201d \u201cour\u201d or \u201cus\u201d) collects, uses, protects and handles your personally identifiable information (PII) in accordance with applicable laws, including California privacy laws such as the California Consumer Privacy Act (CCPA). PII is defined as information that can identify, contact [&hellip;]<\/p>\n","protected":false},"author":1,"featured_media":0,"parent":0,"menu_order":0,"comment_status":"closed","ping_status":"open","template":"","meta":{"_acf_changed":false,"ep_exclude_from_search":false,"footnotes":""},"ppma_author":[37],"class_list":["post-3","page","type-page","status-publish","hentry"],"acf":[],"yoast_head":"<!-- This site is optimized with the Yoast SEO plugin v27.1.1 - https:\/\/yoast.com\/product\/yoast-seo-wordpress\/ -->\n<title>Privacy Policy | Laguna Woods Village<\/title>\n<meta name=\"description\" content=\"Privacy Policy Effective date: January 15, 2025 This privacy policy outlines how Laguna Woods Village (\u201cwe,\u201d \u201cour\u201d or \u201cus\u201d) collects, uses, protects and\" \/>\n<meta name=\"robots\" content=\"index, follow, max-snippet:-1, max-image-preview:large, max-video-preview:-1\" \/>\n<link rel=\"canonical\" href=\"https:\/\/lagunawoodsvillage.com\/fr\/privacy-policy\/\" \/>\n<meta property=\"og:locale\" content=\"fr_FR\" \/>\n<meta property=\"og:type\" content=\"article\" \/>\n<meta property=\"og:title\" content=\"Privacy Policy | Laguna Woods Village\" \/>\n<meta property=\"og:description\" content=\"Privacy Policy Effective date: January 15, 2025 This privacy policy outlines how Laguna Woods Village (\u201cwe,\u201d \u201cour\u201d or \u201cus\u201d) collects, uses, protects and\" \/>\n<meta property=\"og:url\" content=\"https:\/\/lagunawoodsvillage.com\/fr\/privacy-policy\/\" \/>\n<meta property=\"og:site_name\" content=\"Laguna Woods Village\" \/>\n<meta property=\"article:publisher\" content=\"https:\/\/www.facebook.com\/LagunaWoodsVillage\/\" \/>\n<meta property=\"article:modified_time\" content=\"2025-01-16T17:30:37+00:00\" \/>\n<meta property=\"og:image\" content=\"https:\/\/attachments.lagunawoodsvillage.com\/wp-content\/uploads\/2024\/06\/26175354\/2c5053c2b1c58b7e3c7faae3205bbe3e.jpeg\" \/>\n\t<meta property=\"og:image:width\" content=\"1024\" \/>\n\t<meta property=\"og:image:height\" content=\"614\" \/>\n\t<meta property=\"og:image:type\" content=\"image\/jpeg\" \/>\n<meta name=\"twitter:card\" content=\"summary_large_image\" \/>\n<meta name=\"twitter:label1\" content=\"Est. reading time\" \/>\n\t<meta name=\"twitter:data1\" content=\"3 minutes\" \/>\n<script type=\"application\/ld+json\" class=\"yoast-schema-graph\">{\"@context\":\"https:\/\/schema.org\",\"@graph\":[{\"@type\":\"WebPage\",\"@id\":\"https:\/\/lagunawoodsvillage.com\/privacy-policy\/\",\"url\":\"https:\/\/lagunawoodsvillage.com\/privacy-policy\/\",\"name\":\"Privacy Policy | Laguna Woods Village\",\"isPartOf\":{\"@id\":\"https:\/\/lagunawoodsvillage.com\/#website\"},\"datePublished\":\"2024-02-29T23:44:20+00:00\",\"dateModified\":\"2025-01-16T17:30:37+00:00\",\"description\":\"Privacy Policy Effective date: January 15, 2025 This privacy policy outlines how Laguna Woods Village (\u201cwe,\u201d \u201cour\u201d or \u201cus\u201d) collects, uses, protects and\",\"breadcrumb\":{\"@id\":\"https:\/\/lagunawoodsvillage.com\/privacy-policy\/#breadcrumb\"},\"inLanguage\":\"fr-FR\",\"potentialAction\":[{\"@type\":\"ReadAction\",\"target\":[\"https:\/\/lagunawoodsvillage.com\/privacy-policy\/\"]}]},{\"@type\":\"BreadcrumbList\",\"@id\":\"https:\/\/lagunawoodsvillage.com\/privacy-policy\/#breadcrumb\",\"itemListElement\":[{\"@type\":\"ListItem\",\"position\":1,\"name\":\"Home\",\"item\":\"https:\/\/lagunawoodsvillage.com\/\"},{\"@type\":\"ListItem\",\"position\":2,\"name\":\"Privacy Policy\"}]},{\"@type\":\"WebSite\",\"@id\":\"https:\/\/lagunawoodsvillage.com\/#website\",\"url\":\"https:\/\/lagunawoodsvillage.com\/\",\"name\":\"Laguna Woods Village\",\"description\":\"Private Retirement Community in Orange County, California\",\"publisher\":{\"@id\":\"https:\/\/lagunawoodsvillage.com\/#organization\"},\"potentialAction\":[{\"@type\":\"SearchAction\",\"target\":{\"@type\":\"EntryPoint\",\"urlTemplate\":\"https:\/\/lagunawoodsvillage.com\/?s={search_term_string}\"},\"query-input\":{\"@type\":\"PropertyValueSpecification\",\"valueRequired\":true,\"valueName\":\"search_term_string\"}}],\"inLanguage\":\"fr-FR\"},{\"@type\":\"Organization\",\"@id\":\"https:\/\/lagunawoodsvillage.com\/#organization\",\"name\":\"Laguna Woods Village\",\"url\":\"https:\/\/lagunawoodsvillage.com\/\",\"logo\":{\"@type\":\"ImageObject\",\"inLanguage\":\"fr-FR\",\"@id\":\"https:\/\/lagunawoodsvillage.com\/#\/schema\/logo\/image\/\",\"url\":\"https:\/\/attachments.lagunawoodsvillage.com\/wp-content\/uploads\/2024\/06\/21232229\/laguna-woods-logo.jpg\",\"contentUrl\":\"https:\/\/attachments.lagunawoodsvillage.com\/wp-content\/uploads\/2024\/06\/21232229\/laguna-woods-logo.jpg\",\"width\":502,\"height\":266,\"caption\":\"Laguna Woods Village\"},\"image\":{\"@id\":\"https:\/\/lagunawoodsvillage.com\/#\/schema\/logo\/image\/\"},\"sameAs\":[\"https:\/\/www.facebook.com\/LagunaWoodsVillage\/\",\"https:\/\/www.youtube.com\/user\/LagunaWoodsVlg\"]}]}<\/script>\n<!-- \/ Yoast SEO plugin. -->","yoast_head_json":{"title":"Privacy Policy | Laguna Woods Village","description":"Privacy Policy Effective date: January 15, 2025 This privacy policy outlines how Laguna Woods Village (\u201cwe,\u201d \u201cour\u201d or \u201cus\u201d) collects, uses, protects and","robots":{"index":"index","follow":"follow","max-snippet":"max-snippet:-1","max-image-preview":"max-image-preview:large","max-video-preview":"max-video-preview:-1"},"canonical":"https:\/\/lagunawoodsvillage.com\/fr\/privacy-policy\/","og_locale":"fr_FR","og_type":"article","og_title":"Privacy Policy | Laguna Woods Village","og_description":"Privacy Policy Effective date: January 15, 2025 This privacy policy outlines how Laguna Woods Village (\u201cwe,\u201d \u201cour\u201d or \u201cus\u201d) collects, uses, protects and","og_url":"https:\/\/lagunawoodsvillage.com\/fr\/privacy-policy\/","og_site_name":"Laguna Woods Village","article_publisher":"https:\/\/www.facebook.com\/LagunaWoodsVillage\/","article_modified_time":"2025-01-16T17:30:37+00:00","og_image":[{"width":1024,"height":614,"url":"https:\/\/attachments.lagunawoodsvillage.com\/wp-content\/uploads\/2024\/06\/26175354\/2c5053c2b1c58b7e3c7faae3205bbe3e.jpeg","type":"image\/jpeg"}],"twitter_card":"summary_large_image","twitter_misc":{"Est. reading time":"3 minutes"},"schema":{"@context":"https:\/\/schema.org","@graph":[{"@type":"WebPage","@id":"https:\/\/lagunawoodsvillage.com\/privacy-policy\/","url":"https:\/\/lagunawoodsvillage.com\/privacy-policy\/","name":"Privacy Policy | Laguna Woods Village","isPartOf":{"@id":"https:\/\/lagunawoodsvillage.com\/#website"},"datePublished":"2024-02-29T23:44:20+00:00","dateModified":"2025-01-16T17:30:37+00:00","description":"Privacy Policy Effective date: January 15, 2025 This privacy policy outlines how Laguna Woods Village (\u201cwe,\u201d \u201cour\u201d or \u201cus\u201d) collects, uses, protects and","breadcrumb":{"@id":"https:\/\/lagunawoodsvillage.com\/privacy-policy\/#breadcrumb"},"inLanguage":"fr-FR","potentialAction":[{"@type":"ReadAction","target":["https:\/\/lagunawoodsvillage.com\/privacy-policy\/"]}]},{"@type":"BreadcrumbList","@id":"https:\/\/lagunawoodsvillage.com\/privacy-policy\/#breadcrumb","itemListElement":[{"@type":"ListItem","position":1,"name":"Home","item":"https:\/\/lagunawoodsvillage.com\/"},{"@type":"ListItem","position":2,"name":"Privacy Policy"}]},{"@type":"WebSite","@id":"https:\/\/lagunawoodsvillage.com\/#website","url":"https:\/\/lagunawoodsvillage.com\/","name":"Village de Laguna Woods","description":"R\u00e9sidence priv\u00e9e pour retrait\u00e9s dans le comt\u00e9 d&#039;Orange, en Californie","publisher":{"@id":"https:\/\/lagunawoodsvillage.com\/#organization"},"potentialAction":[{"@type":"SearchAction","target":{"@type":"EntryPoint","urlTemplate":"https:\/\/lagunawoodsvillage.com\/?s={search_term_string}"},"query-input":{"@type":"PropertyValueSpecification","valueRequired":true,"valueName":"search_term_string"}}],"inLanguage":"fr-FR"},{"@type":"Organization","@id":"https:\/\/lagunawoodsvillage.com\/#organization","name":"Village de Laguna Woods","url":"https:\/\/lagunawoodsvillage.com\/","logo":{"@type":"ImageObject","inLanguage":"fr-FR","@id":"https:\/\/lagunawoodsvillage.com\/#\/schema\/logo\/image\/","url":"https:\/\/attachments.lagunawoodsvillage.com\/wp-content\/uploads\/2024\/06\/21232229\/laguna-woods-logo.jpg","contentUrl":"https:\/\/attachments.lagunawoodsvillage.com\/wp-content\/uploads\/2024\/06\/21232229\/laguna-woods-logo.jpg","width":502,"height":266,"caption":"Laguna Woods Village"},"image":{"@id":"https:\/\/lagunawoodsvillage.com\/#\/schema\/logo\/image\/"},"sameAs":["https:\/\/www.facebook.com\/LagunaWoodsVillage\/","https:\/\/www.youtube.com\/user\/LagunaWoodsVlg"]}]}},"publishpress_future_action":{"enabled":false,"date":"2026-04-26 10:17:54","action":"change-status","newStatus":"draft","terms":[],"taxonomy":"ep_custom_result","extraData":[]},"publishpress_future_workflow_manual_trigger":{"enabledWorkflows":[]},"_links":{"self":[{"href":"https:\/\/lagunawoodsvillage.com\/fr\/wp-json\/wp\/v2\/pages\/3","targetHints":{"allow":["GET"]}}],"collection":[{"href":"https:\/\/lagunawoodsvillage.com\/fr\/wp-json\/wp\/v2\/pages"}],"about":[{"href":"https:\/\/lagunawoodsvillage.com\/fr\/wp-json\/wp\/v2\/types\/page"}],"author":[{"embeddable":true,"href":"https:\/\/lagunawoodsvillage.com\/fr\/wp-json\/wp\/v2\/users\/1"}],"replies":[{"embeddable":true,"href":"https:\/\/lagunawoodsvillage.com\/fr\/wp-json\/wp\/v2\/comments?post=3"}],"version-history":[{"count":20,"href":"https:\/\/lagunawoodsvillage.com\/fr\/wp-json\/wp\/v2\/pages\/3\/revisions"}],"predecessor-version":[{"id":65625,"href":"https:\/\/lagunawoodsvillage.com\/fr\/wp-json\/wp\/v2\/pages\/3\/revisions\/65625"}],"wp:attachment":[{"href":"https:\/\/lagunawoodsvillage.com\/fr\/wp-json\/wp\/v2\/media?parent=3"}],"wp:term":[{"taxonomy":"author","embeddable":true,"href":"https:\/\/lagunawoodsvillage.com\/fr\/wp-json\/wp\/v2\/ppma_author?post=3"}],"curies":[{"name":"wp","href":"https:\/\/api.w.org\/{rel}","templated":true}]}}