{"id":42517,"date":"2024-10-09T17:28:51","date_gmt":"2024-10-09T17:28:51","guid":{"rendered":"https:\/\/dev-laguna-woods.pantheonsite.io\/?page_id=42517"},"modified":"2024-11-06T14:40:40","modified_gmt":"2024-11-06T22:40:40","slug":"additional-sales-documents","status":"publish","type":"page","link":"https:\/\/lagunawoodsvillage.com\/es\/sales-information\/additional-sales-documents\/","title":{"rendered":"Documentos de venta adicionales"},"content":{"rendered":"<div class=\"wp-block-group alignfull has-light-beige-background-color has-background is-layout-constrained wp-block-group-is-layout-constrained\" style=\"padding-top:var(--wp--preset--spacing--50);padding-bottom:var(--wp--preset--spacing--50)\">\n<div class=\"wp-block-group block-text-col has-white-background-color has-background is-layout-constrained wp-container-core-group-is-layout-ae744a23 wp-block-group-is-layout-constrained\" style=\"border-radius:10px;border-top-style:none;border-top-width:0px;border-right-style:none;border-right-width:0px;border-bottom-color:var(--wp--preset--color--accent);border-bottom-width:8px;border-left-style:none;border-left-width:0px;padding-top:var(--wp--preset--spacing--70);padding-right:var(--wp--preset--spacing--70);padding-bottom:var(--wp--preset--spacing--70);padding-left:var(--wp--preset--spacing--70)\">\n\n<div id=\"\" class=\"document-folder-block accordion-wrapper\">\n    <div class=\"folder has-children open\" >\n        <div class=\"accordion-button folder-header not-collapsible\">\n            <span>Tercera mutua de Laguna Hills<\/span>\n        <\/div>\n\n\n\n        <div class=\"accordion-panel folder-body\"\n            >\n            <ul>\n                \n                        <li><a href=\"https:\/\/lagunawoodsvillage.com\/es\/document\/mutual-consent-process-map\/\" target=\"_blank\">Mapa del proceso de consentimiento mutuo<\/a><\/li>\n\n                \n                        <li><a href=\"https:\/\/lagunawoodsvillage.com\/es\/document\/third-annual-insurance-disclosure-and-policy-summary\/\" target=\"_blank\">Tercer informe anual de divulgaci\u00f3n y resumen de p\u00f3lizas de seguros \u2013 octubre de 2025<\/a><\/li>\n\n                \n                        <li><a href=\"https:\/\/lagunawoodsvillage.com\/es\/document\/third-document-fee-disclosure-section-4525\/\" target=\"_blank\">Tercera divulgaci\u00f3n de tarifas de documentos (Secci\u00f3n 4525)<\/a><\/li>\n\n                \n                        <li><a href=\"https:\/\/lagunawoodsvillage.com\/es\/document\/third-financial-requirements\/\" target=\"_blank\">Tercera Pol\u00edtica de Calificaciones Financieras<\/a><\/li>\n\n                \n                        <li><a href=\"https:\/\/lagunawoodsvillage.com\/es\/document\/third-hold-harmless-agreement-buyer-to-access\/\" target=\"_blank\">Tercer acuerdo de exenci\u00f3n de responsabilidad: el comprador tendr\u00e1 acceso antes del cierre del dep\u00f3sito de garant\u00eda<\/a><\/li>\n\n                \n                        <li><a href=\"https:\/\/lagunawoodsvillage.com\/es\/document\/third-hold-harmless-agreement-seller-to-access-after-escrow-close\/\" target=\"_blank\">Third Hold Harmless Agreement \u2013 Seller to Access After Escrow Close<\/a><\/li>\n\n                \n                        <li><a href=\"https:\/\/lagunawoodsvillage.com\/es\/document\/third-new-resident-orientation\/\" target=\"_blank\">Third New Resident Orientation Packet<\/a><\/li>\n\n                \n                        <li><a href=\"https:\/\/lagunawoodsvillage.com\/es\/document\/third-resale-application-package\/\" target=\"_blank\">Third Resale Application Package of 1-1-2026<\/a><\/li>\n\n                \n                        <li><a href=\"https:\/\/lagunawoodsvillage.com\/es\/document\/third-resale-fee-schedule\/\" target=\"_blank\">Third Resale Fee Schedule \u2013 2026<\/a><\/li>\n\n                \n                        <li><a href=\"https:\/\/lagunawoodsvillage.com\/es\/document\/third-treatment-of-corporate-documents-policy\/\" target=\"_blank\">Tercera Pol\u00edtica de Tratamiento de Documentos Corporativos<\/a><\/li>\n\n                            <\/ul>\n        <\/div>\n    <\/div>\n<\/div>\n\n\n\n<div id=\"\" class=\"document-folder-block accordion-wrapper\">\n    <div class=\"folder has-children open\" >\n        <div class=\"accordion-button folder-header not-collapsible\">\n            <span>Mutual de United Laguna Woods<\/span>\n        <\/div>\n\n\n\n        <div class=\"accordion-panel folder-body\"\n            >\n            <ul>\n                \n                        <li><a href=\"https:\/\/lagunawoodsvillage.com\/es\/document\/mutual-consent-process-map\/\" target=\"_blank\">Mapa del proceso de consentimiento mutuo<\/a><\/li>\n\n                \n                        <li><a href=\"https:\/\/lagunawoodsvillage.com\/es\/document\/united-annual-insurance-disclosure-and-policy-summary\/\" target=\"_blank\">United Annual Insurance Disclosure and Policy Summary &#8211; October 2025<\/a><\/li>\n\n                \n                        <li><a href=\"https:\/\/lagunawoodsvillage.com\/es\/document\/united-document-fee-disclosure-section-4525\/\" target=\"_blank\">United Document Fee Disclosure (Section 4525)<\/a><\/li>\n\n                \n                        <li><a href=\"https:\/\/lagunawoodsvillage.com\/es\/document\/united-financial-requirements\/\" target=\"_blank\">United Financial Requirements<\/a><\/li>\n\n                \n                        <li><a href=\"https:\/\/lagunawoodsvillage.com\/es\/document\/united-hold-harmless-agreement-buyer-to-access\/\" target=\"_blank\">United Hold Harmless Agreement &#8211; Buyer to Access Before Escrow Close<\/a><\/li>\n\n                \n                        <li><a href=\"https:\/\/lagunawoodsvillage.com\/es\/document\/united-hold-harmless-agreement-seller-to-access-after-escrow-close\/\" target=\"_blank\">Acuerdo de exenci\u00f3n de responsabilidad de United: el vendedor tendr\u00e1 acceso despu\u00e9s del cierre del dep\u00f3sito de garant\u00eda<\/a><\/li>\n\n                \n                        <li><a href=\"https:\/\/lagunawoodsvillage.com\/es\/document\/united-new-resident-orientation\/\" target=\"_blank\">United New Resident Orientation Packet<\/a><\/li>\n\n                \n                        <li><a href=\"https:\/\/lagunawoodsvillage.com\/es\/document\/united-resale-application-package\/\" target=\"_blank\">United Resale Application Package of 1-1-2026<\/a><\/li>\n\n                \n                        <li><a href=\"https:\/\/lagunawoodsvillage.com\/es\/document\/united-resale-fee-schedule\/\" target=\"_blank\">United Resale Fee Schedule \u2013 2026<\/a><\/li>\n\n                            <\/ul>\n        <\/div>\n    <\/div>\n<\/div><\/div>\n<\/div>","protected":false},"excerpt":{"rendered":"","protected":false},"author":28,"featured_media":40565,"parent":30647,"menu_order":0,"comment_status":"closed","ping_status":"closed","template":"","meta":{"_acf_changed":false,"ep_exclude_from_search":false,"footnotes":""},"ppma_author":[703],"class_list":["post-42517","page","type-page","status-publish","has-post-thumbnail","hentry"],"acf":[],"yoast_head":"<!-- This site is optimized with the Yoast SEO plugin v27.1.1 - https:\/\/yoast.com\/product\/yoast-seo-wordpress\/ -->\n<title>Additional Sales Documents | Laguna Woods Village<\/title>\n<meta name=\"robots\" content=\"index, follow, max-snippet:-1, max-image-preview:large, max-video-preview:-1\" \/>\n<link rel=\"canonical\" href=\"https:\/\/lagunawoodsvillage.com\/es\/sales-information\/additional-sales-documents\/\" \/>\n<meta property=\"og:locale\" content=\"es_MX\" \/>\n<meta property=\"og:type\" content=\"article\" \/>\n<meta property=\"og:title\" content=\"Additional Sales Documents | Laguna Woods Village\" \/>\n<meta property=\"og:url\" content=\"https:\/\/lagunawoodsvillage.com\/es\/sales-information\/additional-sales-documents\/\" \/>\n<meta property=\"og:site_name\" content=\"Laguna Woods Village\" \/>\n<meta property=\"article:publisher\" content=\"https:\/\/www.facebook.com\/LagunaWoodsVillage\/\" \/>\n<meta property=\"article:modified_time\" content=\"2024-11-06T22:40:40+00:00\" \/>\n<meta property=\"og:image\" content=\"https:\/\/attachments.lagunawoodsvillage.com\/wp-content\/uploads\/2024\/09\/21001851\/filling-out-forms-help-AdobeStock.jpg\" \/>\n\t<meta property=\"og:image:width\" content=\"1024\" \/>\n\t<meta property=\"og:image:height\" content=\"683\" \/>\n\t<meta property=\"og:image:type\" content=\"image\/jpeg\" \/>\n<meta name=\"twitter:card\" content=\"summary_large_image\" \/>\n<meta name=\"twitter:label1\" content=\"Est. reading time\" \/>\n\t<meta name=\"twitter:data1\" content=\"1 minute\" \/>\n<script type=\"application\/ld+json\" class=\"yoast-schema-graph\">{\"@context\":\"https:\/\/schema.org\",\"@graph\":[{\"@type\":\"WebPage\",\"@id\":\"https:\/\/lagunawoodsvillage.com\/sales-information\/additional-sales-documents\/\",\"url\":\"https:\/\/lagunawoodsvillage.com\/sales-information\/additional-sales-documents\/\",\"name\":\"Additional Sales Documents | Laguna Woods Village\",\"isPartOf\":{\"@id\":\"https:\/\/lagunawoodsvillage.com\/#website\"},\"primaryImageOfPage\":{\"@id\":\"https:\/\/lagunawoodsvillage.com\/sales-information\/additional-sales-documents\/#primaryimage\"},\"image\":{\"@id\":\"https:\/\/lagunawoodsvillage.com\/sales-information\/additional-sales-documents\/#primaryimage\"},\"thumbnailUrl\":\"https:\/\/attachments.lagunawoodsvillage.com\/wp-content\/uploads\/2024\/09\/21001851\/filling-out-forms-help-AdobeStock.jpg\",\"datePublished\":\"2024-10-09T17:28:51+00:00\",\"dateModified\":\"2024-11-06T22:40:40+00:00\",\"breadcrumb\":{\"@id\":\"https:\/\/lagunawoodsvillage.com\/sales-information\/additional-sales-documents\/#breadcrumb\"},\"inLanguage\":\"es-MX\",\"potentialAction\":[{\"@type\":\"ReadAction\",\"target\":[\"https:\/\/lagunawoodsvillage.com\/sales-information\/additional-sales-documents\/\"]}]},{\"@type\":\"ImageObject\",\"inLanguage\":\"es-MX\",\"@id\":\"https:\/\/lagunawoodsvillage.com\/sales-information\/additional-sales-documents\/#primaryimage\",\"url\":\"https:\/\/attachments.lagunawoodsvillage.com\/wp-content\/uploads\/2024\/09\/21001851\/filling-out-forms-help-AdobeStock.jpg\",\"contentUrl\":\"https:\/\/attachments.lagunawoodsvillage.com\/wp-content\/uploads\/2024\/09\/21001851\/filling-out-forms-help-AdobeStock.jpg\",\"width\":1024,\"height\":683,\"caption\":\"Human hands working with documents at the desk closeup\"},{\"@type\":\"BreadcrumbList\",\"@id\":\"https:\/\/lagunawoodsvillage.com\/sales-information\/additional-sales-documents\/#breadcrumb\",\"itemListElement\":[{\"@type\":\"ListItem\",\"position\":1,\"name\":\"Home\",\"item\":\"https:\/\/lagunawoodsvillage.com\/\"},{\"@type\":\"ListItem\",\"position\":2,\"name\":\"Sales Information\",\"item\":\"https:\/\/lagunawoodsvillage.com\/sales-information\/\"},{\"@type\":\"ListItem\",\"position\":3,\"name\":\"Additional Sales Documents\"}]},{\"@type\":\"WebSite\",\"@id\":\"https:\/\/lagunawoodsvillage.com\/#website\",\"url\":\"https:\/\/lagunawoodsvillage.com\/\",\"name\":\"Laguna Woods Village\",\"description\":\"Private Retirement Community in Orange County, California\",\"publisher\":{\"@id\":\"https:\/\/lagunawoodsvillage.com\/#organization\"},\"potentialAction\":[{\"@type\":\"SearchAction\",\"target\":{\"@type\":\"EntryPoint\",\"urlTemplate\":\"https:\/\/lagunawoodsvillage.com\/?s={search_term_string}\"},\"query-input\":{\"@type\":\"PropertyValueSpecification\",\"valueRequired\":true,\"valueName\":\"search_term_string\"}}],\"inLanguage\":\"es-MX\"},{\"@type\":\"Organization\",\"@id\":\"https:\/\/lagunawoodsvillage.com\/#organization\",\"name\":\"Laguna Woods Village\",\"url\":\"https:\/\/lagunawoodsvillage.com\/\",\"logo\":{\"@type\":\"ImageObject\",\"inLanguage\":\"es-MX\",\"@id\":\"https:\/\/lagunawoodsvillage.com\/#\/schema\/logo\/image\/\",\"url\":\"https:\/\/attachments.lagunawoodsvillage.com\/wp-content\/uploads\/2024\/06\/21232229\/laguna-woods-logo.jpg\",\"contentUrl\":\"https:\/\/attachments.lagunawoodsvillage.com\/wp-content\/uploads\/2024\/06\/21232229\/laguna-woods-logo.jpg\",\"width\":502,\"height\":266,\"caption\":\"Laguna Woods Village\"},\"image\":{\"@id\":\"https:\/\/lagunawoodsvillage.com\/#\/schema\/logo\/image\/\"},\"sameAs\":[\"https:\/\/www.facebook.com\/LagunaWoodsVillage\/\",\"https:\/\/www.youtube.com\/user\/LagunaWoodsVlg\"]}]}<\/script>\n<!-- \/ Yoast SEO plugin. -->","yoast_head_json":{"title":"Additional Sales Documents | Laguna Woods Village","robots":{"index":"index","follow":"follow","max-snippet":"max-snippet:-1","max-image-preview":"max-image-preview:large","max-video-preview":"max-video-preview:-1"},"canonical":"https:\/\/lagunawoodsvillage.com\/es\/sales-information\/additional-sales-documents\/","og_locale":"es_MX","og_type":"article","og_title":"Additional Sales Documents | Laguna Woods Village","og_url":"https:\/\/lagunawoodsvillage.com\/es\/sales-information\/additional-sales-documents\/","og_site_name":"Laguna Woods Village","article_publisher":"https:\/\/www.facebook.com\/LagunaWoodsVillage\/","article_modified_time":"2024-11-06T22:40:40+00:00","og_image":[{"width":1024,"height":683,"url":"https:\/\/attachments.lagunawoodsvillage.com\/wp-content\/uploads\/2024\/09\/21001851\/filling-out-forms-help-AdobeStock.jpg","type":"image\/jpeg"}],"twitter_card":"summary_large_image","twitter_misc":{"Est. reading time":"1 minute"},"schema":{"@context":"https:\/\/schema.org","@graph":[{"@type":"WebPage","@id":"https:\/\/lagunawoodsvillage.com\/sales-information\/additional-sales-documents\/","url":"https:\/\/lagunawoodsvillage.com\/sales-information\/additional-sales-documents\/","name":"Additional Sales Documents | Laguna Woods Village","isPartOf":{"@id":"https:\/\/lagunawoodsvillage.com\/#website"},"primaryImageOfPage":{"@id":"https:\/\/lagunawoodsvillage.com\/sales-information\/additional-sales-documents\/#primaryimage"},"image":{"@id":"https:\/\/lagunawoodsvillage.com\/sales-information\/additional-sales-documents\/#primaryimage"},"thumbnailUrl":"https:\/\/attachments.lagunawoodsvillage.com\/wp-content\/uploads\/2024\/09\/21001851\/filling-out-forms-help-AdobeStock.jpg","datePublished":"2024-10-09T17:28:51+00:00","dateModified":"2024-11-06T22:40:40+00:00","breadcrumb":{"@id":"https:\/\/lagunawoodsvillage.com\/sales-information\/additional-sales-documents\/#breadcrumb"},"inLanguage":"es-MX","potentialAction":[{"@type":"ReadAction","target":["https:\/\/lagunawoodsvillage.com\/sales-information\/additional-sales-documents\/"]}]},{"@type":"ImageObject","inLanguage":"es-MX","@id":"https:\/\/lagunawoodsvillage.com\/sales-information\/additional-sales-documents\/#primaryimage","url":"https:\/\/attachments.lagunawoodsvillage.com\/wp-content\/uploads\/2024\/09\/21001851\/filling-out-forms-help-AdobeStock.jpg","contentUrl":"https:\/\/attachments.lagunawoodsvillage.com\/wp-content\/uploads\/2024\/09\/21001851\/filling-out-forms-help-AdobeStock.jpg","width":1024,"height":683,"caption":"Human hands working with documents at the desk closeup"},{"@type":"BreadcrumbList","@id":"https:\/\/lagunawoodsvillage.com\/sales-information\/additional-sales-documents\/#breadcrumb","itemListElement":[{"@type":"ListItem","position":1,"name":"Home","item":"https:\/\/lagunawoodsvillage.com\/"},{"@type":"ListItem","position":2,"name":"Sales Information","item":"https:\/\/lagunawoodsvillage.com\/sales-information\/"},{"@type":"ListItem","position":3,"name":"Additional Sales Documents"}]},{"@type":"WebSite","@id":"https:\/\/lagunawoodsvillage.com\/#website","url":"https:\/\/lagunawoodsvillage.com\/","name":"Pueblo de Laguna Woods","description":"Comunidad de retiro privada en el condado de Orange, California","publisher":{"@id":"https:\/\/lagunawoodsvillage.com\/#organization"},"potentialAction":[{"@type":"SearchAction","target":{"@type":"EntryPoint","urlTemplate":"https:\/\/lagunawoodsvillage.com\/?s={search_term_string}"},"query-input":{"@type":"PropertyValueSpecification","valueRequired":true,"valueName":"search_term_string"}}],"inLanguage":"es-MX"},{"@type":"Organization","@id":"https:\/\/lagunawoodsvillage.com\/#organization","name":"Pueblo de Laguna Woods","url":"https:\/\/lagunawoodsvillage.com\/","logo":{"@type":"ImageObject","inLanguage":"es-MX","@id":"https:\/\/lagunawoodsvillage.com\/#\/schema\/logo\/image\/","url":"https:\/\/attachments.lagunawoodsvillage.com\/wp-content\/uploads\/2024\/06\/21232229\/laguna-woods-logo.jpg","contentUrl":"https:\/\/attachments.lagunawoodsvillage.com\/wp-content\/uploads\/2024\/06\/21232229\/laguna-woods-logo.jpg","width":502,"height":266,"caption":"Laguna Woods Village"},"image":{"@id":"https:\/\/lagunawoodsvillage.com\/#\/schema\/logo\/image\/"},"sameAs":["https:\/\/www.facebook.com\/LagunaWoodsVillage\/","https:\/\/www.youtube.com\/user\/LagunaWoodsVlg"]}]}},"publishpress_future_action":{"enabled":false,"date":"2026-04-18 17:33:26","action":"change-status","newStatus":"draft","terms":[],"taxonomy":"ep_custom_result","extraData":[]},"publishpress_future_workflow_manual_trigger":{"enabledWorkflows":[]},"_links":{"self":[{"href":"https:\/\/lagunawoodsvillage.com\/es\/wp-json\/wp\/v2\/pages\/42517","targetHints":{"allow":["GET"]}}],"collection":[{"href":"https:\/\/lagunawoodsvillage.com\/es\/wp-json\/wp\/v2\/pages"}],"about":[{"href":"https:\/\/lagunawoodsvillage.com\/es\/wp-json\/wp\/v2\/types\/page"}],"author":[{"embeddable":true,"href":"https:\/\/lagunawoodsvillage.com\/es\/wp-json\/wp\/v2\/users\/28"}],"replies":[{"embeddable":true,"href":"https:\/\/lagunawoodsvillage.com\/es\/wp-json\/wp\/v2\/comments?post=42517"}],"version-history":[{"count":32,"href":"https:\/\/lagunawoodsvillage.com\/es\/wp-json\/wp\/v2\/pages\/42517\/revisions"}],"predecessor-version":[{"id":60192,"href":"https:\/\/lagunawoodsvillage.com\/es\/wp-json\/wp\/v2\/pages\/42517\/revisions\/60192"}],"up":[{"embeddable":true,"href":"https:\/\/lagunawoodsvillage.com\/es\/wp-json\/wp\/v2\/pages\/30647"}],"wp:featuredmedia":[{"embeddable":true,"href":"https:\/\/lagunawoodsvillage.com\/es\/wp-json\/wp\/v2\/media\/40565"}],"wp:attachment":[{"href":"https:\/\/lagunawoodsvillage.com\/es\/wp-json\/wp\/v2\/media?parent=42517"}],"wp:term":[{"taxonomy":"author","embeddable":true,"href":"https:\/\/lagunawoodsvillage.com\/es\/wp-json\/wp\/v2\/ppma_author?post=42517"}],"curies":[{"name":"gracias","href":"https:\/\/api.w.org\/{rel}","templated":true}]}}