{"id":41727,"date":"2024-09-26T22:38:45","date_gmt":"2024-09-26T22:38:45","guid":{"rendered":"https:\/\/dev-laguna-woods.pantheonsite.io\/?page_id=41727"},"modified":"2025-02-27T14:07:12","modified_gmt":"2025-02-27T22:07:12","slug":"village-living-information-sessions","status":"publish","type":"page","link":"https:\/\/lagunawoodsvillage.com\/es\/about\/village-living-information-sessions\/","title":{"rendered":"Sesiones informativas sobre la vida en el pueblo"},"content":{"rendered":"<div class=\"wp-block-group alignfull media-image-block has-light-beige-background-color has-background is-layout-constrained wp-block-group-is-layout-constrained\" style=\"padding-top:var(--wp--preset--spacing--70);padding-bottom:var(--wp--preset--spacing--80)\">\n<div class=\"wp-block-columns shadow is-style-no-gap image-text-no-gap is-layout-flex wp-container-core-columns-is-layout-28f84493 wp-block-columns-is-layout-flex\" style=\"border-top-left-radius:10px;border-top-right-radius:10px;border-bottom-left-radius:10px;border-bottom-right-radius:87px\">\n<div class=\"wp-block-column media-image-block__text block-text-col has-white-background-color has-background is-layout-flow wp-container-core-column-is-layout-74b672bb wp-block-column-is-layout-flow\" style=\"border-top-style:none;border-top-width:0px;border-right-style:none;border-right-width:0px;border-bottom-color:var(--wp--preset--color--accent);border-bottom-width:8px;border-left-style:none;border-left-width:0px;padding-top:var(--wp--preset--spacing--70);padding-right:var(--wp--preset--spacing--70);padding-bottom:var(--wp--preset--spacing--70);padding-left:var(--wp--preset--spacing--70);flex-basis:66.66%\">\n<h2 class=\"wp-block-heading has-text-black-color has-text-color has-link-color has-x-large-font-size wp-elements-a0effea9507641c8a98f51cb58206e84\"><strong>\u00a1Comienza tu viaje por el pueblo aqu\u00ed! <\/strong><\/h2>\n\n\n\n<p class=\"has-body-font-size\" style=\"padding-top:0;padding-bottom:0;line-height:1.6\">Los eventos de Village Living, que se celebran el segundo martes de cada mes, dan la bienvenida a residentes potenciales, nuevos y existentes en un ambiente agradable e informal para que conozcan el Village por primera vez o aprendan a aprovechar al m\u00e1ximo todo lo que la comunidad ofrece. Les brindaremos informaci\u00f3n sobre el Village y sus servicios, adem\u00e1s de responder a sus preguntas importantes.<\/p>\n\n\n\n<p class=\"has-body-font-size\" style=\"padding-top:0;padding-bottom:0;line-height:1.6\">Cada evento ser\u00e1 de 1 a 2:30 pm en el Elm Room del Laguna Woods Village Community Center, ubicado en 24351 El Toro Road, Laguna Woods, CA 92637.<\/p>\n<\/div>\n\n\n\n<div class=\"wp-block-column media-image-block__img is-layout-flow wp-block-column-is-layout-flow\" style=\"flex-basis:41%\">\n<div class=\"wp-block-group is-layout-constrained wp-block-group-is-layout-constrained has-background\" style=\"min-height:100%;background-image:url(&apos;https:\/\/attachments.lagunawoodsvillage.com\/wp-content\/uploads\/2024\/09\/27205805\/shutterstock_happy-seniors.jpg&apos;);background-position:35% 50%;background-size:cover;\"><\/div>\n<\/div>\n<\/div>\n<\/div>\n\n\n\n<div class=\"wp-block-group alignfull has-teal-background-color has-background is-layout-constrained wp-block-group-is-layout-constrained\" style=\"padding-top:var(--wp--preset--spacing--80);padding-bottom:var(--wp--preset--spacing--80);background-image:url(&apos;https:\/\/attachments.lagunawoodsvillage.com\/wp-content\/uploads\/2024\/09\/18174659\/activity-card-background-tennis-blue.jpg&apos;);background-position:50% 0;background-size:cover;\">\n<div class=\"wp-block-group block-text-col has-white-background-color has-background is-layout-constrained wp-container-core-group-is-layout-ae744a23 wp-block-group-is-layout-constrained\" style=\"border-radius:10px;border-top-style:none;border-top-width:0px;border-right-style:none;border-right-width:0px;border-bottom-color:var(--wp--preset--color--accent);border-bottom-width:8px;border-left-style:none;border-left-width:0px;padding-top:var(--wp--preset--spacing--70);padding-right:var(--wp--preset--spacing--70);padding-bottom:var(--wp--preset--spacing--70);padding-left:var(--wp--preset--spacing--70)\">\n<h3 class=\"wp-block-heading has-text-black-color has-text-color has-link-color has-x-medium-font-size wp-elements-7753fcf2c7415619aa966317f3e69967\"><strong>Se requiere su confirmaci\u00f3n de asistencia<\/strong><\/h3>\n\n\n\n<p class=\"has-body-font-size\" style=\"padding-top:0;padding-bottom:0;line-height:1.6\"><strong>El aforo est\u00e1 limitado a 25 personas. Se requiere confirmaci\u00f3n de asistencia. <\/strong>y cada hu\u00e9sped debe registrarse por separado, incluso si forman parte del mismo hogar.<\/p>\n\n\n\n<p class=\"has-body-font-size\" style=\"padding-top:0;padding-bottom:0;line-height:1.6\">Los asistentes interesados pueden confirmar su asistencia en el siguiente enlace.<strong> <\/strong>Se enviar\u00e1 una confirmaci\u00f3n de la reserva a la direcci\u00f3n de correo electr\u00f3nico proporcionada.<\/p>\n\n\n\n<div class=\"wp-block-buttons is-layout-flex wp-block-buttons-is-layout-flex\">\n<div class=\"wp-block-button\"><a class=\"wp-block-button__link wp-element-button\" href=\"https:\/\/lagunawoodsvillage.com\/es\/about\/village-living-information-sessions\/village-living-information-session-registration\/\" target=\"_blank\" rel=\"noreferrer noopener\">RSVP<\/a><\/div>\n<\/div>\n<\/div>\n<\/div>\n\n\n\n<div class=\"wp-block-group alignfull is-layout-constrained wp-block-group-is-layout-constrained\" style=\"padding-top:var(--wp--preset--spacing--80);padding-bottom:var(--wp--preset--spacing--60)\">\n<div class=\"wp-block-columns is-layout-flex wp-container-core-columns-is-layout-28f84493 wp-block-columns-is-layout-flex\">\n<div class=\"wp-block-column is-style-equal-height has-white-background-color has-background is-layout-flow wp-block-column-is-layout-flow\" style=\"border-bottom-color:var(--wp--preset--color--purple);border-bottom-width:8px;padding-right:0;padding-left:0;box-shadow:var(--wp--preset--shadow--natural)\">\n<div class=\"wp-block-group has-white-background-color has-background is-layout-constrained wp-container-core-group-is-layout-da4f2bcd wp-block-group-is-layout-constrained\" style=\"padding-top:var(--wp--preset--spacing--60);padding-right:var(--wp--preset--spacing--60);padding-bottom:var(--wp--preset--spacing--60);padding-left:var(--wp--preset--spacing--60)\">\n<div class=\"wp-block-columns is-not-stacked-on-mobile is-layout-flex wp-container-core-columns-is-layout-f0342b05 wp-block-columns-is-layout-flex\" style=\"margin-top:0;margin-bottom:0\">\n<div class=\"wp-block-column is-vertically-aligned-center is-layout-flow wp-block-column-is-layout-flow\" style=\"flex-basis:66.66%\">\n<h2 class=\"wp-block-heading has-x-medium-font-size\"><strong>M\u00e1s detalles<\/strong><\/h2>\n<\/div>\n<\/div>\n\n\n\n<p>Los eventos est\u00e1n dirigidos por embajadores de la aldea, quienes son voluntarios residentes comprometidos con un amplio conocimiento de la comunidad.<\/p>\n\n\n\n<p>Los embajadores compartir\u00e1n informaci\u00f3n sobre servicios, canales de comunicaci\u00f3n y mucho m\u00e1s. Se incluye una visita opcional al Centro Comunitario de Laguna Woods Village.<\/p>\n\n\n\n<p>Los invitados tendr\u00e1n amplia oportunidad de hacer preguntas y el personal les proporcionar\u00e1 informaci\u00f3n \u00fatil impresa para ayudarlos a recorrer el Village.<\/p>\n<\/div>\n<\/div>\n\n\n\n<div class=\"wp-block-column is-style-equal-height has-white-background-color has-background is-layout-flow wp-block-column-is-layout-flow\" style=\"border-bottom-color:var(--wp--preset--color--beige);border-bottom-width:8px;padding-right:0;padding-left:0;box-shadow:var(--wp--preset--shadow--natural)\">\n<div class=\"wp-block-group has-white-background-color has-background is-layout-constrained wp-container-core-group-is-layout-da4f2bcd wp-block-group-is-layout-constrained\" style=\"padding-top:var(--wp--preset--spacing--60);padding-right:var(--wp--preset--spacing--60);padding-bottom:var(--wp--preset--spacing--60);padding-left:var(--wp--preset--spacing--60)\">\n<div class=\"wp-block-columns is-not-stacked-on-mobile is-layout-flex wp-container-core-columns-is-layout-f0342b05 wp-block-columns-is-layout-flex\" style=\"margin-top:0;margin-bottom:0\">\n<div class=\"wp-block-column is-vertically-aligned-center is-layout-flow wp-block-column-is-layout-flow\" style=\"flex-basis:66.66%\">\n<h2 class=\"wp-block-heading has-x-medium-font-size\"><strong>tenga en cuenta<\/strong><\/h2>\n<\/div>\n<\/div>\n\n\n\n<p>Este evento no es un <a href=\"https:\/\/lagunawoodsvillage.com\/es\/new-resident-orientation\/\"><strong>Orientaci\u00f3n para nuevos residentes<\/strong><\/a>, dirigido por miembros de la junta directiva de las mutuas de vivienda United y Third, y que ofrece un an\u00e1lisis m\u00e1s profundo del funcionamiento espec\u00edfico de cada mutua. Para m\u00e1s informaci\u00f3n sobre la orientaci\u00f3n para nuevos residentes, env\u00ede un correo electr\u00f3nico a&nbsp;<a href=\"mailto:information@lagunawoodsvillage.com\" target=\"_blank\" rel=\"noreferrer noopener\"><strong>information@lagunawoodsvillage.com<\/strong><\/a>.<\/p>\n\n\n\n<p>Sabemos que esta experiencia actuar\u00e1 como una forma educativa, interesante y din\u00e1mica para que todas las personas aprendan m\u00e1s sobre Laguna Woods Village, la principal comunidad privada de la Costa Oeste, donde los adultos activos de 55 a\u00f1os o m\u00e1s vienen para disfrutar al m\u00e1ximo de la recreaci\u00f3n, el entretenimiento y la relajaci\u00f3n, \u00a1y para vivir sus mejores vidas!<\/p>\n<\/div>\n<\/div>\n<\/div>\n<\/div>","protected":false},"excerpt":{"rendered":"<p>Start your Village journey here! Held on the second Tuesday every month, Village Living events welcome prospective, new and existing residents into a friendly, casual environment to learn about the Village for the first time or learn how to get the most out of all the community has to offer. We\u2019ll cover Village information and [&hellip;]<\/p>\n","protected":false},"author":28,"featured_media":42191,"parent":30649,"menu_order":0,"comment_status":"closed","ping_status":"closed","template":"","meta":{"_acf_changed":false,"ep_exclude_from_search":false,"footnotes":""},"ppma_author":[703],"class_list":["post-41727","page","type-page","status-publish","has-post-thumbnail","hentry"],"acf":[],"yoast_head":"<!-- This site is optimized with the Yoast SEO plugin v27.1.1 - https:\/\/yoast.com\/product\/yoast-seo-wordpress\/ -->\n<title>Village Living Information Sessions | Laguna Woods Village<\/title>\n<meta name=\"description\" content=\"Discover Laguna Woods Village Living Information Sessions, offering insights for prospective and current residents on community amenities, lifestyle, and the benefits of vibrant senior living. Learn more today!\" \/>\n<meta name=\"robots\" content=\"index, follow, max-snippet:-1, max-image-preview:large, max-video-preview:-1\" \/>\n<link rel=\"canonical\" href=\"https:\/\/lagunawoodsvillage.com\/es\/about\/village-living-information-sessions\/\" \/>\n<meta property=\"og:locale\" content=\"es_MX\" \/>\n<meta property=\"og:type\" content=\"article\" \/>\n<meta property=\"og:title\" content=\"Village Living Information Sessions | Laguna Woods Village\" \/>\n<meta property=\"og:description\" content=\"Discover Laguna Woods Village Living Information Sessions, offering insights for prospective and current residents on community amenities, lifestyle, and the benefits of vibrant senior living. Learn more today!\" \/>\n<meta property=\"og:url\" content=\"https:\/\/lagunawoodsvillage.com\/es\/about\/village-living-information-sessions\/\" \/>\n<meta property=\"og:site_name\" content=\"Laguna Woods Village\" \/>\n<meta property=\"article:publisher\" content=\"https:\/\/www.facebook.com\/LagunaWoodsVillage\/\" \/>\n<meta property=\"article:modified_time\" content=\"2025-02-27T22:07:12+00:00\" \/>\n<meta property=\"og:image\" content=\"https:\/\/attachments.lagunawoodsvillage.com\/wp-content\/uploads\/2024\/10\/02192517\/AdobeStock_pickleball-2-sized.jpg\" \/>\n\t<meta property=\"og:image:width\" content=\"1920\" \/>\n\t<meta property=\"og:image:height\" content=\"1280\" \/>\n\t<meta property=\"og:image:type\" content=\"image\/jpeg\" \/>\n<meta name=\"twitter:card\" content=\"summary_large_image\" \/>\n<meta name=\"twitter:label1\" content=\"Est. reading time\" \/>\n\t<meta name=\"twitter:data1\" content=\"2 minutes\" \/>\n<script type=\"application\/ld+json\" class=\"yoast-schema-graph\">{\"@context\":\"https:\/\/schema.org\",\"@graph\":[{\"@type\":\"WebPage\",\"@id\":\"https:\/\/lagunawoodsvillage.com\/about\/village-living-information-sessions\/\",\"url\":\"https:\/\/lagunawoodsvillage.com\/about\/village-living-information-sessions\/\",\"name\":\"Village Living Information Sessions | Laguna Woods Village\",\"isPartOf\":{\"@id\":\"https:\/\/lagunawoodsvillage.com\/#website\"},\"primaryImageOfPage\":{\"@id\":\"https:\/\/lagunawoodsvillage.com\/about\/village-living-information-sessions\/#primaryimage\"},\"image\":{\"@id\":\"https:\/\/lagunawoodsvillage.com\/about\/village-living-information-sessions\/#primaryimage\"},\"thumbnailUrl\":\"https:\/\/attachments.lagunawoodsvillage.com\/wp-content\/uploads\/2024\/10\/02192517\/AdobeStock_pickleball-2-sized.jpg\",\"datePublished\":\"2024-09-26T22:38:45+00:00\",\"dateModified\":\"2025-02-27T22:07:12+00:00\",\"description\":\"Discover Laguna Woods Village Living Information Sessions, offering insights for prospective and current residents on community amenities, lifestyle, and the benefits of vibrant senior living. Learn more today!\",\"breadcrumb\":{\"@id\":\"https:\/\/lagunawoodsvillage.com\/about\/village-living-information-sessions\/#breadcrumb\"},\"inLanguage\":\"es-MX\",\"potentialAction\":[{\"@type\":\"ReadAction\",\"target\":[\"https:\/\/lagunawoodsvillage.com\/about\/village-living-information-sessions\/\"]}]},{\"@type\":\"ImageObject\",\"inLanguage\":\"es-MX\",\"@id\":\"https:\/\/lagunawoodsvillage.com\/about\/village-living-information-sessions\/#primaryimage\",\"url\":\"https:\/\/attachments.lagunawoodsvillage.com\/wp-content\/uploads\/2024\/10\/02192517\/AdobeStock_pickleball-2-sized.jpg\",\"contentUrl\":\"https:\/\/attachments.lagunawoodsvillage.com\/wp-content\/uploads\/2024\/10\/02192517\/AdobeStock_pickleball-2-sized.jpg\",\"width\":1920,\"height\":1280},{\"@type\":\"BreadcrumbList\",\"@id\":\"https:\/\/lagunawoodsvillage.com\/about\/village-living-information-sessions\/#breadcrumb\",\"itemListElement\":[{\"@type\":\"ListItem\",\"position\":1,\"name\":\"Home\",\"item\":\"https:\/\/lagunawoodsvillage.com\/\"},{\"@type\":\"ListItem\",\"position\":2,\"name\":\"About\",\"item\":\"https:\/\/lagunawoodsvillage.com\/about\/\"},{\"@type\":\"ListItem\",\"position\":3,\"name\":\"Village Living Information Sessions\"}]},{\"@type\":\"WebSite\",\"@id\":\"https:\/\/lagunawoodsvillage.com\/#website\",\"url\":\"https:\/\/lagunawoodsvillage.com\/\",\"name\":\"Laguna Woods Village\",\"description\":\"Private Retirement Community in Orange County, California\",\"publisher\":{\"@id\":\"https:\/\/lagunawoodsvillage.com\/#organization\"},\"potentialAction\":[{\"@type\":\"SearchAction\",\"target\":{\"@type\":\"EntryPoint\",\"urlTemplate\":\"https:\/\/lagunawoodsvillage.com\/?s={search_term_string}\"},\"query-input\":{\"@type\":\"PropertyValueSpecification\",\"valueRequired\":true,\"valueName\":\"search_term_string\"}}],\"inLanguage\":\"es-MX\"},{\"@type\":\"Organization\",\"@id\":\"https:\/\/lagunawoodsvillage.com\/#organization\",\"name\":\"Laguna Woods Village\",\"url\":\"https:\/\/lagunawoodsvillage.com\/\",\"logo\":{\"@type\":\"ImageObject\",\"inLanguage\":\"es-MX\",\"@id\":\"https:\/\/lagunawoodsvillage.com\/#\/schema\/logo\/image\/\",\"url\":\"https:\/\/attachments.lagunawoodsvillage.com\/wp-content\/uploads\/2024\/06\/21232229\/laguna-woods-logo.jpg\",\"contentUrl\":\"https:\/\/attachments.lagunawoodsvillage.com\/wp-content\/uploads\/2024\/06\/21232229\/laguna-woods-logo.jpg\",\"width\":502,\"height\":266,\"caption\":\"Laguna Woods Village\"},\"image\":{\"@id\":\"https:\/\/lagunawoodsvillage.com\/#\/schema\/logo\/image\/\"},\"sameAs\":[\"https:\/\/www.facebook.com\/LagunaWoodsVillage\/\",\"https:\/\/www.youtube.com\/user\/LagunaWoodsVlg\"]}]}<\/script>\n<!-- \/ Yoast SEO plugin. -->","yoast_head_json":{"title":"Village Living Information Sessions | Laguna Woods Village","description":"Discover Laguna Woods Village Living Information Sessions, offering insights for prospective and current residents on community amenities, lifestyle, and the benefits of vibrant senior living. Learn more today!","robots":{"index":"index","follow":"follow","max-snippet":"max-snippet:-1","max-image-preview":"max-image-preview:large","max-video-preview":"max-video-preview:-1"},"canonical":"https:\/\/lagunawoodsvillage.com\/es\/about\/village-living-information-sessions\/","og_locale":"es_MX","og_type":"article","og_title":"Village Living Information Sessions | Laguna Woods Village","og_description":"Discover Laguna Woods Village Living Information Sessions, offering insights for prospective and current residents on community amenities, lifestyle, and the benefits of vibrant senior living. Learn more today!","og_url":"https:\/\/lagunawoodsvillage.com\/es\/about\/village-living-information-sessions\/","og_site_name":"Laguna Woods Village","article_publisher":"https:\/\/www.facebook.com\/LagunaWoodsVillage\/","article_modified_time":"2025-02-27T22:07:12+00:00","og_image":[{"width":1920,"height":1280,"url":"https:\/\/attachments.lagunawoodsvillage.com\/wp-content\/uploads\/2024\/10\/02192517\/AdobeStock_pickleball-2-sized.jpg","type":"image\/jpeg"}],"twitter_card":"summary_large_image","twitter_misc":{"Est. reading time":"2 minutes"},"schema":{"@context":"https:\/\/schema.org","@graph":[{"@type":"WebPage","@id":"https:\/\/lagunawoodsvillage.com\/about\/village-living-information-sessions\/","url":"https:\/\/lagunawoodsvillage.com\/about\/village-living-information-sessions\/","name":"Village Living Information Sessions | Laguna Woods Village","isPartOf":{"@id":"https:\/\/lagunawoodsvillage.com\/#website"},"primaryImageOfPage":{"@id":"https:\/\/lagunawoodsvillage.com\/about\/village-living-information-sessions\/#primaryimage"},"image":{"@id":"https:\/\/lagunawoodsvillage.com\/about\/village-living-information-sessions\/#primaryimage"},"thumbnailUrl":"https:\/\/attachments.lagunawoodsvillage.com\/wp-content\/uploads\/2024\/10\/02192517\/AdobeStock_pickleball-2-sized.jpg","datePublished":"2024-09-26T22:38:45+00:00","dateModified":"2025-02-27T22:07:12+00:00","description":"Discover Laguna Woods Village Living Information Sessions, offering insights for prospective and current residents on community amenities, lifestyle, and the benefits of vibrant senior living. Learn more today!","breadcrumb":{"@id":"https:\/\/lagunawoodsvillage.com\/about\/village-living-information-sessions\/#breadcrumb"},"inLanguage":"es-MX","potentialAction":[{"@type":"ReadAction","target":["https:\/\/lagunawoodsvillage.com\/about\/village-living-information-sessions\/"]}]},{"@type":"ImageObject","inLanguage":"es-MX","@id":"https:\/\/lagunawoodsvillage.com\/about\/village-living-information-sessions\/#primaryimage","url":"https:\/\/attachments.lagunawoodsvillage.com\/wp-content\/uploads\/2024\/10\/02192517\/AdobeStock_pickleball-2-sized.jpg","contentUrl":"https:\/\/attachments.lagunawoodsvillage.com\/wp-content\/uploads\/2024\/10\/02192517\/AdobeStock_pickleball-2-sized.jpg","width":1920,"height":1280},{"@type":"BreadcrumbList","@id":"https:\/\/lagunawoodsvillage.com\/about\/village-living-information-sessions\/#breadcrumb","itemListElement":[{"@type":"ListItem","position":1,"name":"Home","item":"https:\/\/lagunawoodsvillage.com\/"},{"@type":"ListItem","position":2,"name":"About","item":"https:\/\/lagunawoodsvillage.com\/about\/"},{"@type":"ListItem","position":3,"name":"Village Living Information Sessions"}]},{"@type":"WebSite","@id":"https:\/\/lagunawoodsvillage.com\/#website","url":"https:\/\/lagunawoodsvillage.com\/","name":"Pueblo de Laguna Woods","description":"Comunidad de retiro privada en el condado de Orange, California","publisher":{"@id":"https:\/\/lagunawoodsvillage.com\/#organization"},"potentialAction":[{"@type":"SearchAction","target":{"@type":"EntryPoint","urlTemplate":"https:\/\/lagunawoodsvillage.com\/?s={search_term_string}"},"query-input":{"@type":"PropertyValueSpecification","valueRequired":true,"valueName":"search_term_string"}}],"inLanguage":"es-MX"},{"@type":"Organization","@id":"https:\/\/lagunawoodsvillage.com\/#organization","name":"Pueblo de Laguna Woods","url":"https:\/\/lagunawoodsvillage.com\/","logo":{"@type":"ImageObject","inLanguage":"es-MX","@id":"https:\/\/lagunawoodsvillage.com\/#\/schema\/logo\/image\/","url":"https:\/\/attachments.lagunawoodsvillage.com\/wp-content\/uploads\/2024\/06\/21232229\/laguna-woods-logo.jpg","contentUrl":"https:\/\/attachments.lagunawoodsvillage.com\/wp-content\/uploads\/2024\/06\/21232229\/laguna-woods-logo.jpg","width":502,"height":266,"caption":"Laguna Woods Village"},"image":{"@id":"https:\/\/lagunawoodsvillage.com\/#\/schema\/logo\/image\/"},"sameAs":["https:\/\/www.facebook.com\/LagunaWoodsVillage\/","https:\/\/www.youtube.com\/user\/LagunaWoodsVlg"]}]}},"publishpress_future_action":{"enabled":false,"date":"2026-04-22 03:46:52","action":"change-status","newStatus":"draft","terms":[],"taxonomy":"ep_custom_result","extraData":[]},"publishpress_future_workflow_manual_trigger":{"enabledWorkflows":[]},"_links":{"self":[{"href":"https:\/\/lagunawoodsvillage.com\/es\/wp-json\/wp\/v2\/pages\/41727","targetHints":{"allow":["GET"]}}],"collection":[{"href":"https:\/\/lagunawoodsvillage.com\/es\/wp-json\/wp\/v2\/pages"}],"about":[{"href":"https:\/\/lagunawoodsvillage.com\/es\/wp-json\/wp\/v2\/types\/page"}],"author":[{"embeddable":true,"href":"https:\/\/lagunawoodsvillage.com\/es\/wp-json\/wp\/v2\/users\/28"}],"replies":[{"embeddable":true,"href":"https:\/\/lagunawoodsvillage.com\/es\/wp-json\/wp\/v2\/comments?post=41727"}],"version-history":[{"count":58,"href":"https:\/\/lagunawoodsvillage.com\/es\/wp-json\/wp\/v2\/pages\/41727\/revisions"}],"predecessor-version":[{"id":67931,"href":"https:\/\/lagunawoodsvillage.com\/es\/wp-json\/wp\/v2\/pages\/41727\/revisions\/67931"}],"up":[{"embeddable":true,"href":"https:\/\/lagunawoodsvillage.com\/es\/wp-json\/wp\/v2\/pages\/30649"}],"wp:featuredmedia":[{"embeddable":true,"href":"https:\/\/lagunawoodsvillage.com\/es\/wp-json\/wp\/v2\/media\/42191"}],"wp:attachment":[{"href":"https:\/\/lagunawoodsvillage.com\/es\/wp-json\/wp\/v2\/media?parent=41727"}],"wp:term":[{"taxonomy":"author","embeddable":true,"href":"https:\/\/lagunawoodsvillage.com\/es\/wp-json\/wp\/v2\/ppma_author?post=41727"}],"curies":[{"name":"gracias","href":"https:\/\/api.w.org\/{rel}","templated":true}]}}