{"id":41041,"date":"2024-09-24T21:42:53","date_gmt":"2024-09-24T21:42:53","guid":{"rendered":"https:\/\/dev-laguna-woods.pantheonsite.io\/?page_id=41041"},"modified":"2025-04-01T08:45:18","modified_gmt":"2025-04-01T15:45:18","slug":"upcoming-meetings","status":"publish","type":"page","link":"https:\/\/lagunawoodsvillage.com\/es\/news\/upcoming-meetings\/","title":{"rendered":"Pr\u00f3ximas reuniones"},"content":{"rendered":"<div class=\"wp-block-group alignfull has-light-beige-background-color has-background is-layout-constrained wp-block-group-is-layout-constrained\" style=\"padding-top:var(--wp--preset--spacing--40);padding-bottom:var(--wp--preset--spacing--40)\">\n<div class=\"wp-block-columns shadow is-style-no-gap image-text-no-gap is-layout-flex wp-container-core-columns-is-layout-28f84493 wp-block-columns-is-layout-flex\" style=\"border-top-left-radius:10px;border-top-right-radius:10px;border-bottom-left-radius:10px;border-bottom-right-radius:87px\">\n<div class=\"wp-block-column block-text-col has-white-background-color has-background is-layout-flow wp-container-core-column-is-layout-b0c35ff9 wp-block-column-is-layout-flow\" style=\"border-top-style:none;border-top-width:0px;border-right-style:none;border-right-width:0px;border-bottom-color:var(--wp--preset--color--accent);border-bottom-width:4px;border-left-style:none;border-left-width:0px;padding-top:var(--wp--preset--spacing--60);padding-right:var(--wp--preset--spacing--60);padding-bottom:var(--wp--preset--spacing--60);padding-left:var(--wp--preset--spacing--60);flex-basis:66.66%\">\n<h2 class=\"wp-block-heading has-text-black-color has-text-color has-link-color has-x-large-font-size wp-elements-452a84b55a97eaf3f5272b85fa3bad0f\"><strong>Reserva la fecha para las pr\u00f3ximas reuniones<\/strong><\/h2>\n\n\n\n<p class=\"has-body-font-size\" style=\"padding-top:0;padding-bottom:0;line-height:1.6\">Para ver el calendario m\u00e1s actualizado de reuniones de la junta y los comit\u00e9s, visite <a href=\"https:\/\/teamup.com\/ksd5d83041f695b7b3\" target=\"_blank\" rel=\"noreferrer noopener\"><strong>Calendario de la Junta y los Comit\u00e9s<\/strong><\/a>Las reuniones de la junta directiva y los comit\u00e9s se pueden asistir presencialmente o en l\u00ednea a trav\u00e9s de Zoom y Granicus. Lea los detalles de la reuni\u00f3n para saber si es p\u00fablica o se ofrece por Zoom\/Granicus antes de asistir.<\/p>\n\n\n\n<div class=\"wp-block-buttons is-layout-flex wp-block-buttons-is-layout-flex\">\n<div class=\"wp-block-button is-style-primary is-style-fill\"><a class=\"wp-block-button__link wp-element-button\" href=\"https:\/\/teamup.com\/ksd5d83041f695b7b3\" target=\"_blank\" rel=\"noreferrer noopener\">Calendario de la Junta y los Comit\u00e9s<\/a><\/div>\n\n\n\n<div class=\"wp-block-button\"><a class=\"wp-block-button__link wp-element-button\" href=\"https:\/\/lagunawoodsvillage.com\/es\/document\/upcoming-meetings\/\" target=\"_blank\" rel=\"noreferrer noopener\">Pr\u00f3ximas reuniones<\/a><\/div>\n<\/div>\n<\/div>\n\n\n\n<div class=\"wp-block-column is-layout-flow wp-block-column-is-layout-flow\" style=\"flex-basis:41%\">\n<figure class=\"wp-block-image\"><img loading=\"lazy\" decoding=\"async\" width=\"1024\" height=\"445\" src=\"https:\/\/attachments.lagunawoodsvillage.com\/wp-content\/uploads\/2024\/09\/24215123\/AdobeStock_calendar-sized.jpg\" alt=\"\" class=\"wp-image-41053\" srcset=\"https:\/\/attachments.lagunawoodsvillage.com\/wp-content\/uploads\/2024\/09\/24215123\/AdobeStock_calendar-sized.jpg 1024w, https:\/\/attachments.lagunawoodsvillage.com\/wp-content\/uploads\/2024\/09\/24215123\/AdobeStock_calendar-sized-300x130.jpg 300w, https:\/\/attachments.lagunawoodsvillage.com\/wp-content\/uploads\/2024\/09\/24215123\/AdobeStock_calendar-sized-768x334.jpg 768w, https:\/\/attachments.lagunawoodsvillage.com\/wp-content\/uploads\/2024\/09\/24215123\/AdobeStock_calendar-sized-50x22.jpg 50w, https:\/\/attachments.lagunawoodsvillage.com\/wp-content\/uploads\/2024\/09\/24215123\/AdobeStock_calendar-sized-800x348.jpg 800w, https:\/\/attachments.lagunawoodsvillage.com\/wp-content\/uploads\/2024\/09\/24215123\/AdobeStock_calendar-sized-18x8.jpg 18w\" sizes=\"auto, (max-width: 1024px) 100vw, 1024px\" \/><\/figure>\n<\/div>\n<\/div>\n\n\n\n<div class=\"wp-block-columns is-layout-flex wp-container-core-columns-is-layout-28f84493 wp-block-columns-is-layout-flex\">\n<div class=\"wp-block-column is-layout-flow wp-block-column-is-layout-flow\">\n<div class=\"wp-block-group alignfull is-style-default has-light-beige-background-color has-background is-layout-constrained wp-block-group-is-layout-constrained\" style=\"padding-top:var(--wp--preset--spacing--50);padding-bottom:var(--wp--preset--spacing--50)\">\n<div class=\"wp-block-columns shadow is-style-default is-layout-flex wp-container-core-columns-is-layout-28f84493 wp-block-columns-is-layout-flex\" style=\"border-top-left-radius:10px;border-top-right-radius:10px;border-bottom-left-radius:10px;border-bottom-right-radius:87px\">\n<div class=\"wp-block-column is-style-radius block-text-col has-white-background-color has-background is-layout-flow wp-container-core-column-is-layout-921d0f0c wp-block-column-is-layout-flow\" style=\"border-top-style:none;border-top-width:0px;border-right-style:none;border-right-width:0px;border-bottom-color:var(--wp--preset--color--accent);border-bottom-width:4px;border-left-style:none;border-left-width:0px;padding-top:var(--wp--preset--spacing--50);padding-right:var(--wp--preset--spacing--50);padding-bottom:var(--wp--preset--spacing--50);padding-left:var(--wp--preset--spacing--50)\">\n<h3 class=\"wp-block-heading\"><strong>Asista a reuniones a trav\u00e9s de Granicus<\/strong><\/h3>\n\n\n\n<p>Visita <a href=\"https:\/\/lagunawoodsvillage.granicus.com\/ViewPublisher.php?view_id=4\" target=\"_blank\" rel=\"noreferrer noopener\"><strong>Granicus<\/strong><\/a><strong> <\/strong>Para ver las reuniones de la junta y los comit\u00e9s en l\u00ednea a trav\u00e9s de Granicus (las reuniones de la junta tambi\u00e9n se televisan en TV6). Las reuniones se listan por fecha, con la m\u00e1s reciente en la parte superior. Haga clic en <strong><mark style=\"background-color:rgba(0, 0, 0, 0)\" class=\"has-inline-color has-purple-color\">Video<\/mark> <\/strong>para ver las reuniones y ver los documentos de la agenda, o haga clic en <strong><mark style=\"background-color:rgba(0, 0, 0, 0)\" class=\"has-inline-color has-purple-color\">Orden del d\u00eda<\/mark> <\/strong>Para ver los documentos y el material de respaldo, los espectadores tambi\u00e9n pueden localizar los puntos de la agenda escribiendo palabras clave en el <strong><mark style=\"background-color:rgba(0, 0, 0, 0)\" class=\"has-inline-color has-purple-color\">Buscar<\/mark> <\/strong>caja.<\/p>\n\n\n\n<p>Los miembros tambi\u00e9n est\u00e1n invitados a enviar comentarios por correo electr\u00f3nico. <a href=\"mailto:meeting@vmsinc.org\" target=\"_blank\" rel=\"noreferrer noopener\"><strong>meeting@vmsinc.org<\/strong><\/a><strong> <\/strong>En cualquier momento antes o durante la reuni\u00f3n. Incluya su nombre, n\u00famero de unidad y la reuni\u00f3n sobre la que comenta en el asunto del correo electr\u00f3nico.<\/p>\n\n\n\n<p>Todas las reuniones est\u00e1n sujetas a cambios; los horarios de finalizaci\u00f3n son aproximados.<\/p>\n\n\n\n<div class=\"wp-block-buttons is-layout-flex wp-block-buttons-is-layout-flex\">\n<div class=\"wp-block-button\"><a class=\"wp-block-button__link wp-element-button\" href=\"https:\/\/lagunawoodsvillage.granicus.com\/ViewPublisher.php?view_id=4\" target=\"_blank\" rel=\"noreferrer noopener\">Visor de reuniones de Granicus<\/a><\/div>\n<\/div>\n<\/div>\n<\/div>\n<\/div>\n<\/div>\n\n\n\n<div class=\"wp-block-column is-layout-flow wp-block-column-is-layout-flow\">\n<div class=\"wp-block-group alignfull is-style-default has-light-beige-background-color has-background is-layout-constrained wp-block-group-is-layout-constrained\" style=\"padding-top:var(--wp--preset--spacing--50);padding-bottom:var(--wp--preset--spacing--50)\">\n<div class=\"wp-block-columns shadow is-style-default is-layout-flex wp-container-core-columns-is-layout-28f84493 wp-block-columns-is-layout-flex\" style=\"border-top-left-radius:10px;border-top-right-radius:10px;border-bottom-left-radius:10px;border-bottom-right-radius:87px\">\n<div class=\"wp-block-column is-style-radius block-text-col has-white-background-color has-background is-layout-flow wp-container-core-column-is-layout-921d0f0c wp-block-column-is-layout-flow\" style=\"border-top-style:none;border-top-width:0px;border-right-style:none;border-right-width:0px;border-bottom-color:var(--wp--preset--color--accent);border-bottom-width:4px;border-left-style:none;border-left-width:0px;padding-top:var(--wp--preset--spacing--50);padding-right:var(--wp--preset--spacing--50);padding-bottom:var(--wp--preset--spacing--50);padding-left:var(--wp--preset--spacing--50)\">\n<h3 class=\"wp-block-heading\"><strong>Asistir a reuniones a trav\u00e9s de Zoom<\/strong><\/h3>\n\n\n\n<p>Los residentes pueden participar en vivo en las reuniones de la junta y del comit\u00e9 cuando se realizan a trav\u00e9s de <a href=\"https:\/\/zoom.us\/\" target=\"_blank\" rel=\"noreferrer noopener\"><strong>Zoom<\/strong><\/a>. Se pueden realizar otras reuniones adem\u00e1s de las reuniones de junta y comit\u00e9s a trav\u00e9s de GoToMeeting.<\/p>\n\n\n\n<p>Zoom permite a los residentes de Village levantar la mano virtualmente, hacer preguntas y hablar con los miembros de la junta y los comit\u00e9s en tiempo real. Zoom tambi\u00e9n graba y publica autom\u00e1ticamente las reuniones de la junta y los comit\u00e9s.<strong> <\/strong><a href=\"https:\/\/lagunawoodsvillage.granicus.com\/ViewPublisher.php?view_id=4\" target=\"_blank\" rel=\"noreferrer noopener\"><strong>Granicus<\/strong><\/a>, para que los residentes puedan verlos cuando lo deseen.<\/p>\n\n\n\n<p>Para asistir a reuniones virtuales de la junta o comit\u00e9, simplemente busque el enlace de la reuni\u00f3n de Zoom en la secci\u00f3n Foro Abierto de la agenda de la junta o comit\u00e9 respectivo publicada en el <a href=\"https:\/\/teamup.com\/ksd5d83041f695b7b3\" target=\"_blank\" rel=\"noreferrer noopener\"><strong>calendario<\/strong><\/a>Haga clic en el enlace unos minutos antes de la reuni\u00f3n para iniciar Zoom. Luego, seleccione <strong><mark style=\"background-color:rgba(0, 0, 0, 0)\" class=\"has-inline-color has-purple-color\">Reuniones abiertas de Zoom <\/mark><\/strong>y <strong><mark style=\"background-color:rgba(0, 0, 0, 0)\" class=\"has-inline-color has-purple-color\">Reuni\u00f3n de lanzamiento<\/mark> <\/strong>cuando se les solicite. Los residentes no necesitar\u00e1n registrarse ni ingresar una contrase\u00f1a para asistir.<\/p>\n\n\n\n<p>Los miembros que deseen hablar durante el punto de la agenda de comentarios de los miembros pueden utilizar el <strong><mark style=\"background-color:rgba(0, 0, 0, 0)\" class=\"has-inline-color has-purple-color\">Levantar la mano<\/mark> <\/strong>En la pantalla de Zoom, se reconocer\u00e1 a los miembros seg\u00fan el orden en que hayan levantado la mano. El secretario corporativo les dar\u00e1 la palabra.<\/p>\n\n\n\n<p><a href=\"https:\/\/support.zoom.us\/hc\/en-us\/articles\/206618765-Zoom-Video-Tutorials\" target=\"_blank\" rel=\"noreferrer noopener\"><strong>haga clic aqu\u00ed<\/strong><\/a><strong> <\/strong>para ver videos instructivos y tutoriales de Zoom, incluidos <strong><mark style=\"background-color:rgba(0, 0, 0, 0)\" class=\"has-inline-color has-purple-color\">Unirse a una reuni\u00f3n<\/mark><\/strong>.<\/p>\n<\/div>\n<\/div>\n<\/div>\n<\/div>\n<\/div>\n<\/div>","protected":false},"excerpt":{"rendered":"<p>Save the date for upcoming meetings To view the most current schedule of board and committee meetings visit Board and Committees Calendar. Board and committee meetings have options for in-person or online attendance through Zoom and Granicus. Please read the meeting details to find out of the meeting is open to the public or offered [&hellip;]<\/p>\n","protected":false},"author":28,"featured_media":41058,"parent":30850,"menu_order":0,"comment_status":"closed","ping_status":"closed","template":"","meta":{"_acf_changed":false,"ep_exclude_from_search":false,"footnotes":""},"ppma_author":[703],"class_list":["post-41041","page","type-page","status-publish","has-post-thumbnail","hentry"],"acf":[],"yoast_head":"<!-- This site is optimized with the Yoast SEO plugin v27.1.1 - https:\/\/yoast.com\/product\/yoast-seo-wordpress\/ -->\n<title>Upcoming Meetings | Laguna Woods Village<\/title>\n<meta name=\"description\" content=\"Save the date for upcoming meetings To view the most current schedule of board and committee meetings visit Board and Committees Calendar. Board and\" \/>\n<meta name=\"robots\" content=\"index, follow, max-snippet:-1, max-image-preview:large, max-video-preview:-1\" \/>\n<link rel=\"canonical\" href=\"https:\/\/lagunawoodsvillage.com\/es\/news\/upcoming-meetings\/\" \/>\n<meta property=\"og:locale\" content=\"es_MX\" \/>\n<meta property=\"og:type\" content=\"article\" \/>\n<meta property=\"og:title\" content=\"Upcoming Meetings | Laguna Woods Village\" \/>\n<meta property=\"og:description\" content=\"Save the date for upcoming meetings To view the most current schedule of board and committee meetings visit Board and Committees Calendar. Board and\" \/>\n<meta property=\"og:url\" content=\"https:\/\/lagunawoodsvillage.com\/es\/news\/upcoming-meetings\/\" \/>\n<meta property=\"og:site_name\" content=\"Laguna Woods Village\" \/>\n<meta property=\"article:publisher\" content=\"https:\/\/www.facebook.com\/LagunaWoodsVillage\/\" \/>\n<meta property=\"article:modified_time\" content=\"2025-04-01T15:45:18+00:00\" \/>\n<meta property=\"og:image\" content=\"https:\/\/attachments.lagunawoodsvillage.com\/wp-content\/uploads\/2024\/09\/24215521\/shutterstock_calendar-banner-sized.jpg\" \/>\n\t<meta property=\"og:image:width\" content=\"1920\" \/>\n\t<meta property=\"og:image:height\" content=\"691\" \/>\n\t<meta property=\"og:image:type\" content=\"image\/jpeg\" \/>\n<meta name=\"twitter:card\" content=\"summary_large_image\" \/>\n<meta name=\"twitter:label1\" content=\"Est. reading time\" \/>\n\t<meta name=\"twitter:data1\" content=\"3 minutes\" \/>\n<script type=\"application\/ld+json\" class=\"yoast-schema-graph\">{\"@context\":\"https:\/\/schema.org\",\"@graph\":[{\"@type\":\"WebPage\",\"@id\":\"https:\/\/lagunawoodsvillage.com\/news\/upcoming-meetings\/\",\"url\":\"https:\/\/lagunawoodsvillage.com\/news\/upcoming-meetings\/\",\"name\":\"Upcoming Meetings | Laguna Woods Village\",\"isPartOf\":{\"@id\":\"https:\/\/lagunawoodsvillage.com\/#website\"},\"primaryImageOfPage\":{\"@id\":\"https:\/\/lagunawoodsvillage.com\/news\/upcoming-meetings\/#primaryimage\"},\"image\":{\"@id\":\"https:\/\/lagunawoodsvillage.com\/news\/upcoming-meetings\/#primaryimage\"},\"thumbnailUrl\":\"https:\/\/attachments.lagunawoodsvillage.com\/wp-content\/uploads\/2024\/09\/24215521\/shutterstock_calendar-banner-sized.jpg\",\"datePublished\":\"2024-09-24T21:42:53+00:00\",\"dateModified\":\"2025-04-01T15:45:18+00:00\",\"description\":\"Save the date for upcoming meetings To view the most current schedule of board and committee meetings visit Board and Committees Calendar. Board and\",\"breadcrumb\":{\"@id\":\"https:\/\/lagunawoodsvillage.com\/news\/upcoming-meetings\/#breadcrumb\"},\"inLanguage\":\"es-MX\",\"potentialAction\":[{\"@type\":\"ReadAction\",\"target\":[\"https:\/\/lagunawoodsvillage.com\/news\/upcoming-meetings\/\"]}]},{\"@type\":\"ImageObject\",\"inLanguage\":\"es-MX\",\"@id\":\"https:\/\/lagunawoodsvillage.com\/news\/upcoming-meetings\/#primaryimage\",\"url\":\"https:\/\/attachments.lagunawoodsvillage.com\/wp-content\/uploads\/2024\/09\/24215521\/shutterstock_calendar-banner-sized.jpg\",\"contentUrl\":\"https:\/\/attachments.lagunawoodsvillage.com\/wp-content\/uploads\/2024\/09\/24215521\/shutterstock_calendar-banner-sized.jpg\",\"width\":1920,\"height\":691},{\"@type\":\"BreadcrumbList\",\"@id\":\"https:\/\/lagunawoodsvillage.com\/news\/upcoming-meetings\/#breadcrumb\",\"itemListElement\":[{\"@type\":\"ListItem\",\"position\":1,\"name\":\"Home\",\"item\":\"https:\/\/lagunawoodsvillage.com\/\"},{\"@type\":\"ListItem\",\"position\":2,\"name\":\"News\",\"item\":\"https:\/\/lagunawoodsvillage.com\/news\/\"},{\"@type\":\"ListItem\",\"position\":3,\"name\":\"Upcoming Meetings\"}]},{\"@type\":\"WebSite\",\"@id\":\"https:\/\/lagunawoodsvillage.com\/#website\",\"url\":\"https:\/\/lagunawoodsvillage.com\/\",\"name\":\"Laguna Woods Village\",\"description\":\"Private Retirement Community in Orange County, California\",\"publisher\":{\"@id\":\"https:\/\/lagunawoodsvillage.com\/#organization\"},\"potentialAction\":[{\"@type\":\"SearchAction\",\"target\":{\"@type\":\"EntryPoint\",\"urlTemplate\":\"https:\/\/lagunawoodsvillage.com\/?s={search_term_string}\"},\"query-input\":{\"@type\":\"PropertyValueSpecification\",\"valueRequired\":true,\"valueName\":\"search_term_string\"}}],\"inLanguage\":\"es-MX\"},{\"@type\":\"Organization\",\"@id\":\"https:\/\/lagunawoodsvillage.com\/#organization\",\"name\":\"Laguna Woods Village\",\"url\":\"https:\/\/lagunawoodsvillage.com\/\",\"logo\":{\"@type\":\"ImageObject\",\"inLanguage\":\"es-MX\",\"@id\":\"https:\/\/lagunawoodsvillage.com\/#\/schema\/logo\/image\/\",\"url\":\"https:\/\/attachments.lagunawoodsvillage.com\/wp-content\/uploads\/2024\/06\/21232229\/laguna-woods-logo.jpg\",\"contentUrl\":\"https:\/\/attachments.lagunawoodsvillage.com\/wp-content\/uploads\/2024\/06\/21232229\/laguna-woods-logo.jpg\",\"width\":502,\"height\":266,\"caption\":\"Laguna Woods Village\"},\"image\":{\"@id\":\"https:\/\/lagunawoodsvillage.com\/#\/schema\/logo\/image\/\"},\"sameAs\":[\"https:\/\/www.facebook.com\/LagunaWoodsVillage\/\",\"https:\/\/www.youtube.com\/user\/LagunaWoodsVlg\"]}]}<\/script>\n<!-- \/ Yoast SEO plugin. -->","yoast_head_json":{"title":"Upcoming Meetings | Laguna Woods Village","description":"Save the date for upcoming meetings To view the most current schedule of board and committee meetings visit Board and Committees Calendar. Board and","robots":{"index":"index","follow":"follow","max-snippet":"max-snippet:-1","max-image-preview":"max-image-preview:large","max-video-preview":"max-video-preview:-1"},"canonical":"https:\/\/lagunawoodsvillage.com\/es\/news\/upcoming-meetings\/","og_locale":"es_MX","og_type":"article","og_title":"Upcoming Meetings | Laguna Woods Village","og_description":"Save the date for upcoming meetings To view the most current schedule of board and committee meetings visit Board and Committees Calendar. Board and","og_url":"https:\/\/lagunawoodsvillage.com\/es\/news\/upcoming-meetings\/","og_site_name":"Laguna Woods Village","article_publisher":"https:\/\/www.facebook.com\/LagunaWoodsVillage\/","article_modified_time":"2025-04-01T15:45:18+00:00","og_image":[{"width":1920,"height":691,"url":"https:\/\/attachments.lagunawoodsvillage.com\/wp-content\/uploads\/2024\/09\/24215521\/shutterstock_calendar-banner-sized.jpg","type":"image\/jpeg"}],"twitter_card":"summary_large_image","twitter_misc":{"Est. reading time":"3 minutes"},"schema":{"@context":"https:\/\/schema.org","@graph":[{"@type":"WebPage","@id":"https:\/\/lagunawoodsvillage.com\/news\/upcoming-meetings\/","url":"https:\/\/lagunawoodsvillage.com\/news\/upcoming-meetings\/","name":"Upcoming Meetings | Laguna Woods Village","isPartOf":{"@id":"https:\/\/lagunawoodsvillage.com\/#website"},"primaryImageOfPage":{"@id":"https:\/\/lagunawoodsvillage.com\/news\/upcoming-meetings\/#primaryimage"},"image":{"@id":"https:\/\/lagunawoodsvillage.com\/news\/upcoming-meetings\/#primaryimage"},"thumbnailUrl":"https:\/\/attachments.lagunawoodsvillage.com\/wp-content\/uploads\/2024\/09\/24215521\/shutterstock_calendar-banner-sized.jpg","datePublished":"2024-09-24T21:42:53+00:00","dateModified":"2025-04-01T15:45:18+00:00","description":"Save the date for upcoming meetings To view the most current schedule of board and committee meetings visit Board and Committees Calendar. Board and","breadcrumb":{"@id":"https:\/\/lagunawoodsvillage.com\/news\/upcoming-meetings\/#breadcrumb"},"inLanguage":"es-MX","potentialAction":[{"@type":"ReadAction","target":["https:\/\/lagunawoodsvillage.com\/news\/upcoming-meetings\/"]}]},{"@type":"ImageObject","inLanguage":"es-MX","@id":"https:\/\/lagunawoodsvillage.com\/news\/upcoming-meetings\/#primaryimage","url":"https:\/\/attachments.lagunawoodsvillage.com\/wp-content\/uploads\/2024\/09\/24215521\/shutterstock_calendar-banner-sized.jpg","contentUrl":"https:\/\/attachments.lagunawoodsvillage.com\/wp-content\/uploads\/2024\/09\/24215521\/shutterstock_calendar-banner-sized.jpg","width":1920,"height":691},{"@type":"BreadcrumbList","@id":"https:\/\/lagunawoodsvillage.com\/news\/upcoming-meetings\/#breadcrumb","itemListElement":[{"@type":"ListItem","position":1,"name":"Home","item":"https:\/\/lagunawoodsvillage.com\/"},{"@type":"ListItem","position":2,"name":"News","item":"https:\/\/lagunawoodsvillage.com\/news\/"},{"@type":"ListItem","position":3,"name":"Upcoming Meetings"}]},{"@type":"WebSite","@id":"https:\/\/lagunawoodsvillage.com\/#website","url":"https:\/\/lagunawoodsvillage.com\/","name":"Pueblo de Laguna Woods","description":"Comunidad de retiro privada en el condado de Orange, California","publisher":{"@id":"https:\/\/lagunawoodsvillage.com\/#organization"},"potentialAction":[{"@type":"SearchAction","target":{"@type":"EntryPoint","urlTemplate":"https:\/\/lagunawoodsvillage.com\/?s={search_term_string}"},"query-input":{"@type":"PropertyValueSpecification","valueRequired":true,"valueName":"search_term_string"}}],"inLanguage":"es-MX"},{"@type":"Organization","@id":"https:\/\/lagunawoodsvillage.com\/#organization","name":"Pueblo de Laguna Woods","url":"https:\/\/lagunawoodsvillage.com\/","logo":{"@type":"ImageObject","inLanguage":"es-MX","@id":"https:\/\/lagunawoodsvillage.com\/#\/schema\/logo\/image\/","url":"https:\/\/attachments.lagunawoodsvillage.com\/wp-content\/uploads\/2024\/06\/21232229\/laguna-woods-logo.jpg","contentUrl":"https:\/\/attachments.lagunawoodsvillage.com\/wp-content\/uploads\/2024\/06\/21232229\/laguna-woods-logo.jpg","width":502,"height":266,"caption":"Laguna Woods Village"},"image":{"@id":"https:\/\/lagunawoodsvillage.com\/#\/schema\/logo\/image\/"},"sameAs":["https:\/\/www.facebook.com\/LagunaWoodsVillage\/","https:\/\/www.youtube.com\/user\/LagunaWoodsVlg"]}]}},"publishpress_future_action":{"enabled":false,"date":"2026-04-21 04:28:34","action":"change-status","newStatus":"draft","terms":[],"taxonomy":"ep_custom_result","extraData":[]},"publishpress_future_workflow_manual_trigger":{"enabledWorkflows":[]},"_links":{"self":[{"href":"https:\/\/lagunawoodsvillage.com\/es\/wp-json\/wp\/v2\/pages\/41041","targetHints":{"allow":["GET"]}}],"collection":[{"href":"https:\/\/lagunawoodsvillage.com\/es\/wp-json\/wp\/v2\/pages"}],"about":[{"href":"https:\/\/lagunawoodsvillage.com\/es\/wp-json\/wp\/v2\/types\/page"}],"author":[{"embeddable":true,"href":"https:\/\/lagunawoodsvillage.com\/es\/wp-json\/wp\/v2\/users\/28"}],"replies":[{"embeddable":true,"href":"https:\/\/lagunawoodsvillage.com\/es\/wp-json\/wp\/v2\/comments?post=41041"}],"version-history":[{"count":21,"href":"https:\/\/lagunawoodsvillage.com\/es\/wp-json\/wp\/v2\/pages\/41041\/revisions"}],"predecessor-version":[{"id":69206,"href":"https:\/\/lagunawoodsvillage.com\/es\/wp-json\/wp\/v2\/pages\/41041\/revisions\/69206"}],"up":[{"embeddable":true,"href":"https:\/\/lagunawoodsvillage.com\/es\/wp-json\/wp\/v2\/pages\/30850"}],"wp:featuredmedia":[{"embeddable":true,"href":"https:\/\/lagunawoodsvillage.com\/es\/wp-json\/wp\/v2\/media\/41058"}],"wp:attachment":[{"href":"https:\/\/lagunawoodsvillage.com\/es\/wp-json\/wp\/v2\/media?parent=41041"}],"wp:term":[{"taxonomy":"author","embeddable":true,"href":"https:\/\/lagunawoodsvillage.com\/es\/wp-json\/wp\/v2\/ppma_author?post=41041"}],"curies":[{"name":"gracias","href":"https:\/\/api.w.org\/{rel}","templated":true}]}}