{"id":40527,"date":"2024-09-20T22:29:11","date_gmt":"2024-09-20T22:29:11","guid":{"rendered":"https:\/\/dev-laguna-woods.pantheonsite.io\/?page_id=40527"},"modified":"2025-12-30T09:38:24","modified_gmt":"2025-12-30T17:38:24","slug":"clubhouse-1","status":"publish","type":"page","link":"https:\/\/lagunawoodsvillage.com\/es\/about\/all-amenities\/clubhouses\/clubhouse-1\/","title":{"rendered":"Casa club 1"},"content":{"rendered":"<div class=\"wp-block-group alignfull has-light-beige-background-color has-background is-layout-constrained wp-block-group-is-layout-constrained\" style=\"padding-top:var(--wp--preset--spacing--40);padding-bottom:var(--wp--preset--spacing--40)\">\n<div class=\"wp-block-group alignfull media-image-block has-light-beige-background-color has-background is-layout-constrained wp-block-group-is-layout-constrained\" style=\"padding-top:var(--wp--preset--spacing--40);padding-bottom:var(--wp--preset--spacing--40)\">\n<div class=\"wp-block-columns shadow is-style-no-gap image-text-no-gap is-layout-flex wp-container-core-columns-is-layout-28f84493 wp-block-columns-is-layout-flex\" style=\"border-top-left-radius:10px;border-top-right-radius:10px;border-bottom-left-radius:10px;border-bottom-right-radius:87px\">\n<div class=\"wp-block-column media-image-block__text block-text-col has-white-background-color has-background is-layout-flow wp-container-core-column-is-layout-74b672bb wp-block-column-is-layout-flow\" style=\"border-top-style:none;border-top-width:0px;border-right-style:none;border-right-width:0px;border-bottom-color:var(--wp--preset--color--accent);border-bottom-width:8px;border-left-style:none;border-left-width:0px;padding-top:var(--wp--preset--spacing--70);padding-right:var(--wp--preset--spacing--70);padding-bottom:var(--wp--preset--spacing--70);padding-left:var(--wp--preset--spacing--70);flex-basis:66.66%\">\n<h4 class=\"wp-block-heading has-text-black-color has-text-color has-link-color has-x-large-font-size wp-elements-54f17c3551a2843409f36e21a78d7ea8\"><strong>Un lugar para encontrarse y saludarse<\/strong><\/h4>\n\n\n\n<p class=\"has-body-font-size\" style=\"padding-top:0;padding-bottom:0;line-height:1.6\">La emblem\u00e1tica casa club de la comunidad cuenta con un amplio gimnasio, una piscina con sombra, una piscina de agua caliente y varias salas para reuniones, clases y actividades sociales. Otras comodidades que se ofrecen incluyen tiro con arco, billar, b\u00e1dminton, baloncesto, tejo y voleibol.<\/p>\n\n\n\n<p class=\"has-body-font-size\" style=\"padding-top:0;padding-bottom:0;line-height:1.6\">\u00bfPlanea un evento? Organice fiestas privadas en los comedores o el sal\u00f3n principal. Adem\u00e1s de una cocina totalmente equipada, algunos comedores dan a un patio con zona de barbacoa. Cada sal\u00f3n tiene capacidad para 38 personas para conferencias o cenas, seg\u00fan la configuraci\u00f3n del espacio. El sal\u00f3n principal tiene capacidad para 300 personas para conferencias o para 220 personas en mesas.<\/p>\n<\/div>\n\n\n\n<div class=\"wp-block-column media-image-block__img is-layout-flow wp-block-column-is-layout-flow\" style=\"flex-basis:41%\">\n<div class=\"wp-block-group is-layout-constrained wp-block-group-is-layout-constrained has-background\" style=\"min-height:100%;background-image:url(&apos;https:\/\/attachments.lagunawoodsvillage.com\/wp-content\/uploads\/2024\/09\/19223021\/CH-1-sized.jpg&apos;);background-position:49% 48%;background-size:cover;\"><\/div>\n<\/div>\n<\/div>\n<\/div>\n\n\n\n<div class=\"wp-block-group alignfull has-teal-background-color has-background is-layout-constrained wp-block-group-is-layout-constrained\" style=\"padding-top:var(--wp--preset--spacing--50);padding-bottom:var(--wp--preset--spacing--50)\">\n<div class=\"wp-block-columns is-layout-flex wp-container-core-columns-is-layout-28f84493 wp-block-columns-is-layout-flex\">\n<div class=\"wp-block-column is-style-equal-height has-white-background-color has-background is-layout-flow wp-block-column-is-layout-flow\" style=\"border-bottom-color:var(--wp--preset--color--purple);border-bottom-width:8px;padding-right:0;padding-left:0;box-shadow:var(--wp--preset--shadow--natural)\">\n<div class=\"wp-block-group has-white-background-color has-background is-layout-constrained wp-container-core-group-is-layout-09eb738f wp-block-group-is-layout-constrained\" style=\"padding-top:var(--wp--preset--spacing--60);padding-right:var(--wp--preset--spacing--50);padding-bottom:var(--wp--preset--spacing--60);padding-left:var(--wp--preset--spacing--50)\">\n<div class=\"wp-block-columns is-not-stacked-on-mobile is-layout-flex wp-container-core-columns-is-layout-f0342b05 wp-block-columns-is-layout-flex\" style=\"margin-top:0;margin-bottom:0\">\n<div class=\"wp-block-column is-vertically-aligned-center is-layout-flow wp-block-column-is-layout-flow\" style=\"flex-basis:21.9%\">\n<figure class=\"wp-block-image size-full is-resized\"><img decoding=\"async\" src=\"https:\/\/attachments.lagunawoodsvillage.com\/wp-content\/uploads\/2024\/10\/02203041\/LW-Icons_location-prple.svg\" alt=\"\" class=\"wp-image-42216\" style=\"aspect-ratio:1;object-fit:cover;width:75px\"\/><\/figure>\n<\/div>\n\n\n\n<div class=\"wp-block-column is-vertically-aligned-center is-layout-flow wp-block-column-is-layout-flow\" style=\"flex-basis:66.66%\">\n<p class=\"has-body-font-family has-x-medium-font-size\" style=\"font-style:normal;font-weight:700\">Ubicaci\u00f3n e informaci\u00f3n de contacto<\/p>\n<\/div>\n<\/div>\n\n\n\n<p><strong><mark style=\"background-color:rgba(0, 0, 0, 0)\" class=\"has-inline-color has-purple-color\">Casa club 1<\/mark><\/strong><br>24232 Calle Arag\u00f3n<br>Laguna Woods, CA 92637<\/p>\n\n\n\n<div class=\"wp-block-buttons is-layout-flex wp-block-buttons-is-layout-flex\">\n<div class=\"wp-block-button is-style-with-arrow\"><a class=\"wp-block-button__link wp-element-button\" href=\"https:\/\/maps.app.goo.gl\/YvZfXffkaZLK5afi7\" target=\"_blank\" rel=\"noreferrer noopener\">Ver mapa<\/a><\/div>\n<\/div>\n\n\n\n<p><img loading=\"lazy\" decoding=\"async\" width=\"17\" height=\"17\" class=\"wp-image-39853\" style=\"width: 17px;\" src=\"https:\/\/attachments.lagunawoodsvillage.com\/wp-content\/uploads\/2024\/09\/17203934\/AdobeStock_phone.jpg\" alt=\"\" srcset=\"https:\/\/attachments.lagunawoodsvillage.com\/wp-content\/uploads\/2024\/09\/17203934\/AdobeStock_phone.jpg 1843w, https:\/\/attachments.lagunawoodsvillage.com\/wp-content\/uploads\/2024\/09\/17203934\/AdobeStock_phone-300x300.jpg 300w, https:\/\/attachments.lagunawoodsvillage.com\/wp-content\/uploads\/2024\/09\/17203934\/AdobeStock_phone-1024x1024.jpg 1024w, https:\/\/attachments.lagunawoodsvillage.com\/wp-content\/uploads\/2024\/09\/17203934\/AdobeStock_phone-150x150.jpg 150w, https:\/\/attachments.lagunawoodsvillage.com\/wp-content\/uploads\/2024\/09\/17203934\/AdobeStock_phone-768x768.jpg 768w, https:\/\/attachments.lagunawoodsvillage.com\/wp-content\/uploads\/2024\/09\/17203934\/AdobeStock_phone-50x50.jpg 50w, https:\/\/attachments.lagunawoodsvillage.com\/wp-content\/uploads\/2024\/09\/17203934\/AdobeStock_phone-1600x1600.jpg 1600w, https:\/\/attachments.lagunawoodsvillage.com\/wp-content\/uploads\/2024\/09\/17203934\/AdobeStock_phone-800x800.jpg 800w, https:\/\/attachments.lagunawoodsvillage.com\/wp-content\/uploads\/2024\/09\/17203934\/AdobeStock_phone-1536x1536.jpg 1536w, https:\/\/attachments.lagunawoodsvillage.com\/wp-content\/uploads\/2024\/09\/17203934\/AdobeStock_phone-12x12.jpg 12w\" sizes=\"auto, (max-width: 17px) 100vw, 17px\" \/><strong><a href=\"tel:949-597-4281\" target=\"_blank\" rel=\"noreferrer noopener\">949-597-4281<\/a><\/strong><\/p>\n<\/div>\n<\/div>\n\n\n\n<div class=\"wp-block-column is-style-equal-height has-white-background-color has-background is-layout-flow wp-block-column-is-layout-flow\" style=\"border-bottom-color:var(--wp--preset--color--beige);border-bottom-width:8px;padding-right:0;padding-left:0;box-shadow:var(--wp--preset--shadow--natural)\">\n<div class=\"wp-block-group has-white-background-color has-background is-layout-constrained wp-container-core-group-is-layout-09eb738f wp-block-group-is-layout-constrained\" style=\"padding-top:var(--wp--preset--spacing--60);padding-right:var(--wp--preset--spacing--50);padding-bottom:var(--wp--preset--spacing--60);padding-left:var(--wp--preset--spacing--50)\">\n<div class=\"wp-block-columns is-not-stacked-on-mobile is-layout-flex wp-container-core-columns-is-layout-f0342b05 wp-block-columns-is-layout-flex\" style=\"margin-top:0;margin-bottom:0\">\n<div class=\"wp-block-column is-vertically-aligned-center is-layout-flow wp-block-column-is-layout-flow\" style=\"flex-basis:21.9%\">\n<figure class=\"wp-block-image size-full is-resized\"><img decoding=\"async\" src=\"https:\/\/attachments.lagunawoodsvillage.com\/wp-content\/uploads\/2024\/10\/02203107\/LW-Icons_clock-yellow.svg\" alt=\"\" class=\"wp-image-42233\" style=\"aspect-ratio:1;object-fit:cover;width:75px\"\/><\/figure>\n<\/div>\n\n\n\n<div class=\"wp-block-column is-vertically-aligned-center is-layout-flow wp-block-column-is-layout-flow\" style=\"flex-basis:66.66%\">\n<p class=\"has-body-font-family has-x-medium-font-size\" style=\"font-style:normal;font-weight:700\">Horas<\/p>\n<\/div>\n<\/div>\n\n\n\n<p><strong><mark style=\"background-color:rgba(0, 0, 0, 0)\" class=\"has-inline-color has-purple-color\">Casa club 1 hora<\/mark><\/strong><br>Todos los d\u00edas de 8:00 a 22:00 horas.<br><br><strong><mark style=\"background-color:rgba(0, 0, 0, 0)\" class=\"has-inline-color has-purple-color\">Horario de la sala de espera<\/mark><\/strong><br>Todos los d\u00edas de 8:00 a 22:00 horas.<br>El caf\u00e9 est\u00e1 disponible de lunes a viernes de 8:00 a 16:00 horas.<br><br><strong><mark style=\"background-color:rgba(0, 0, 0, 0)\" class=\"has-inline-color has-purple-color\">Horario del sistema de autobuses Easy Rider<\/mark><\/strong><br>Todos los d\u00edas de 9 a 17 h<\/p>\n<\/div>\n<\/div>\n\n\n\n<div class=\"wp-block-column is-style-equal-height has-white-background-color has-background is-layout-flow wp-block-column-is-layout-flow\" style=\"border-bottom-color:var(--wp--preset--color--accent);border-bottom-width:8px;padding-right:0;padding-left:0;box-shadow:var(--wp--preset--shadow--natural)\">\n<div class=\"wp-block-group has-white-background-color has-background is-layout-constrained wp-container-core-group-is-layout-09eb738f wp-block-group-is-layout-constrained\" style=\"padding-top:var(--wp--preset--spacing--60);padding-right:var(--wp--preset--spacing--50);padding-bottom:var(--wp--preset--spacing--60);padding-left:var(--wp--preset--spacing--50)\">\n<div class=\"wp-block-columns is-not-stacked-on-mobile is-layout-flex wp-container-core-columns-is-layout-f0342b05 wp-block-columns-is-layout-flex\" style=\"margin-top:0;margin-bottom:0\">\n<div class=\"wp-block-column is-vertically-aligned-center is-layout-flow wp-block-column-is-layout-flow\" style=\"flex-basis:21.9%\">\n<figure class=\"wp-block-image size-full is-resized\"><img decoding=\"async\" src=\"https:\/\/attachments.lagunawoodsvillage.com\/wp-content\/uploads\/2024\/10\/02203014\/LW-Icons_questions-ornge.svg\" alt=\"\" class=\"wp-image-42199\" style=\"aspect-ratio:1;object-fit:cover;width:75px\"\/><\/figure>\n<\/div>\n\n\n\n<div class=\"wp-block-column is-vertically-aligned-center is-layout-flow wp-block-column-is-layout-flow\" style=\"flex-basis:66.66%\">\n<p class=\"has-body-font-family has-x-medium-font-size\" style=\"font-style:normal;font-weight:700\">Comodidades<\/p>\n<\/div>\n<\/div>\n\n\n\n<ul class=\"wp-block-list\">\n<li><a href=\"https:\/\/lagunawoodsvillage.com\/es\/about\/all-amenities\/fitness-sports\/leisure-sports\/#archery\">Tiro al arco<\/a><\/li>\n\n\n\n<li><a href=\"https:\/\/lagunawoodsvillage.com\/es\/about\/all-amenities\/fitness-sports\/leisure-sports\/#badminton\">B\u00e1dminton<\/a><\/li>\n\n\n\n<li><a href=\"https:\/\/lagunawoodsvillage.com\/es\/about\/all-amenities\/fitness-sports\/leisure-sports\/#billiards\">Billar<\/a><\/li>\n\n\n\n<li><a href=\"https:\/\/lagunawoodsvillage.com\/es\/about\/all-amenities\/fitness-sports\/leisure-sports\/#basketball\">Baloncesto<\/a><\/li>\n\n\n\n<li><a href=\"https:\/\/lagunawoodsvillage.com\/es\/about\/all-amenities\/fitness-sports\/leisure-sports\/#bocce-ball\">bochas<\/a><\/li>\n\n\n\n<li>Sala de cartas<\/li>\n\n\n\n<li>Sala de espera<\/li>\n\n\n\n<li><a href=\"https:\/\/lagunawoodsvillage.com\/es\/services\/transportation-services\/\">Transporte Easy Rider<\/a><\/li>\n\n\n\n<li><a href=\"https:\/\/lagunawoodsvillage.com\/es\/about\/all-amenities\/fitness-sports\/fitness-centers\/#clubhouse-1-fitness-center\">Gimnasio<\/a><\/li>\n\n\n\n<li><a href=\"https:\/\/lagunawoodsvillage.com\/es\/about\/all-amenities\/fitness-sports\/leisure-sports\/#shuffleboard\">Juego de tejo<\/a><\/li>\n\n\n\n<li><a href=\"https:\/\/lagunawoodsvillage.com\/es\/about\/all-amenities\/fitness-sports\/aquatics\/#ch-1\">Piscina<\/a>\/ba\u00f1era de hidromasaje<\/li>\n\n\n\n<li><a href=\"https:\/\/lagunawoodsvillage.com\/es\/about\/all-amenities\/fitness-sports\/leisure-sports\/#volleyball\">Voleibol<\/a><\/li>\n<\/ul>\n<\/div>\n<\/div>\n<\/div>\n<\/div>\n<\/div>","protected":false},"excerpt":{"rendered":"<p>A place to meet and greet The community\u2019s flagship clubhouse features a large fitness center and a gym, a shaded pool, a hot pool and various rooms for meetings, classes and social activities. Other amenities offered at this facility include archery, billiards, badminton, basketball, shuffleboard and volleyball. Planning an event? Schedule private parties in the [&hellip;]<\/p>\n","protected":false},"author":28,"featured_media":40264,"parent":30663,"menu_order":0,"comment_status":"closed","ping_status":"closed","template":"","meta":{"_acf_changed":false,"ep_exclude_from_search":false,"footnotes":""},"ppma_author":[703],"class_list":["post-40527","page","type-page","status-publish","has-post-thumbnail","hentry"],"acf":[],"yoast_head":"<!-- This site is optimized with the Yoast SEO plugin v27.1.1 - https:\/\/yoast.com\/product\/yoast-seo-wordpress\/ -->\n<title>Clubhouse 1 | Laguna Woods Village<\/title>\n<meta name=\"description\" content=\"A place to meet and greet The community\u2019s flagship clubhouse features a large fitness center and a gym, a shaded pool, a hot pool and various rooms for\" \/>\n<meta name=\"robots\" content=\"index, follow, max-snippet:-1, max-image-preview:large, max-video-preview:-1\" \/>\n<link rel=\"canonical\" href=\"https:\/\/lagunawoodsvillage.com\/es\/about\/all-amenities\/clubhouses\/clubhouse-1\/\" \/>\n<meta property=\"og:locale\" content=\"es_MX\" \/>\n<meta property=\"og:type\" content=\"article\" \/>\n<meta property=\"og:title\" content=\"Clubhouse 1 | Laguna Woods Village\" \/>\n<meta property=\"og:description\" content=\"A place to meet and greet The community\u2019s flagship clubhouse features a large fitness center and a gym, a shaded pool, a hot pool and various rooms for\" \/>\n<meta property=\"og:url\" content=\"https:\/\/lagunawoodsvillage.com\/es\/about\/all-amenities\/clubhouses\/clubhouse-1\/\" \/>\n<meta property=\"og:site_name\" content=\"Laguna Woods Village\" \/>\n<meta property=\"article:publisher\" content=\"https:\/\/www.facebook.com\/LagunaWoodsVillage\/\" \/>\n<meta property=\"article:modified_time\" content=\"2025-12-30T17:38:24+00:00\" \/>\n<meta property=\"og:image\" content=\"https:\/\/attachments.lagunawoodsvillage.com\/wp-content\/uploads\/2024\/09\/19202215\/nature-bench.jpg\" \/>\n\t<meta property=\"og:image:width\" content=\"1280\" \/>\n\t<meta property=\"og:image:height\" content=\"854\" \/>\n\t<meta property=\"og:image:type\" content=\"image\/jpeg\" \/>\n<meta name=\"twitter:card\" content=\"summary_large_image\" \/>\n<meta name=\"twitter:label1\" content=\"Est. reading time\" \/>\n\t<meta name=\"twitter:data1\" content=\"2 minutes\" \/>\n<script type=\"application\/ld+json\" class=\"yoast-schema-graph\">{\"@context\":\"https:\/\/schema.org\",\"@graph\":[{\"@type\":\"WebPage\",\"@id\":\"https:\/\/lagunawoodsvillage.com\/about\/all-amenities\/clubhouses\/clubhouse-1\/\",\"url\":\"https:\/\/lagunawoodsvillage.com\/about\/all-amenities\/clubhouses\/clubhouse-1\/\",\"name\":\"Clubhouse 1 | Laguna Woods Village\",\"isPartOf\":{\"@id\":\"https:\/\/lagunawoodsvillage.com\/#website\"},\"primaryImageOfPage\":{\"@id\":\"https:\/\/lagunawoodsvillage.com\/about\/all-amenities\/clubhouses\/clubhouse-1\/#primaryimage\"},\"image\":{\"@id\":\"https:\/\/lagunawoodsvillage.com\/about\/all-amenities\/clubhouses\/clubhouse-1\/#primaryimage\"},\"thumbnailUrl\":\"https:\/\/attachments.lagunawoodsvillage.com\/wp-content\/uploads\/2024\/09\/19202215\/nature-bench.jpg\",\"datePublished\":\"2024-09-20T22:29:11+00:00\",\"dateModified\":\"2025-12-30T17:38:24+00:00\",\"description\":\"A place to meet and greet The community\u2019s flagship clubhouse features a large fitness center and a gym, a shaded pool, a hot pool and various rooms for\",\"breadcrumb\":{\"@id\":\"https:\/\/lagunawoodsvillage.com\/about\/all-amenities\/clubhouses\/clubhouse-1\/#breadcrumb\"},\"inLanguage\":\"es-MX\",\"potentialAction\":[{\"@type\":\"ReadAction\",\"target\":[\"https:\/\/lagunawoodsvillage.com\/about\/all-amenities\/clubhouses\/clubhouse-1\/\"]}]},{\"@type\":\"ImageObject\",\"inLanguage\":\"es-MX\",\"@id\":\"https:\/\/lagunawoodsvillage.com\/about\/all-amenities\/clubhouses\/clubhouse-1\/#primaryimage\",\"url\":\"https:\/\/attachments.lagunawoodsvillage.com\/wp-content\/uploads\/2024\/09\/19202215\/nature-bench.jpg\",\"contentUrl\":\"https:\/\/attachments.lagunawoodsvillage.com\/wp-content\/uploads\/2024\/09\/19202215\/nature-bench.jpg\",\"width\":1280,\"height\":854},{\"@type\":\"BreadcrumbList\",\"@id\":\"https:\/\/lagunawoodsvillage.com\/about\/all-amenities\/clubhouses\/clubhouse-1\/#breadcrumb\",\"itemListElement\":[{\"@type\":\"ListItem\",\"position\":1,\"name\":\"Home\",\"item\":\"https:\/\/lagunawoodsvillage.com\/\"},{\"@type\":\"ListItem\",\"position\":2,\"name\":\"About\",\"item\":\"https:\/\/lagunawoodsvillage.com\/about\/\"},{\"@type\":\"ListItem\",\"position\":3,\"name\":\"All Amenities\",\"item\":\"https:\/\/lagunawoodsvillage.com\/about\/all-amenities\/\"},{\"@type\":\"ListItem\",\"position\":4,\"name\":\"Clubhouses\",\"item\":\"https:\/\/lagunawoodsvillage.com\/about\/all-amenities\/clubhouses\/\"},{\"@type\":\"ListItem\",\"position\":5,\"name\":\"Clubhouse 1\"}]},{\"@type\":\"WebSite\",\"@id\":\"https:\/\/lagunawoodsvillage.com\/#website\",\"url\":\"https:\/\/lagunawoodsvillage.com\/\",\"name\":\"Laguna Woods Village\",\"description\":\"Private Retirement Community in Orange County, California\",\"publisher\":{\"@id\":\"https:\/\/lagunawoodsvillage.com\/#organization\"},\"potentialAction\":[{\"@type\":\"SearchAction\",\"target\":{\"@type\":\"EntryPoint\",\"urlTemplate\":\"https:\/\/lagunawoodsvillage.com\/?s={search_term_string}\"},\"query-input\":{\"@type\":\"PropertyValueSpecification\",\"valueRequired\":true,\"valueName\":\"search_term_string\"}}],\"inLanguage\":\"es-MX\"},{\"@type\":\"Organization\",\"@id\":\"https:\/\/lagunawoodsvillage.com\/#organization\",\"name\":\"Laguna Woods Village\",\"url\":\"https:\/\/lagunawoodsvillage.com\/\",\"logo\":{\"@type\":\"ImageObject\",\"inLanguage\":\"es-MX\",\"@id\":\"https:\/\/lagunawoodsvillage.com\/#\/schema\/logo\/image\/\",\"url\":\"https:\/\/attachments.lagunawoodsvillage.com\/wp-content\/uploads\/2024\/06\/21232229\/laguna-woods-logo.jpg\",\"contentUrl\":\"https:\/\/attachments.lagunawoodsvillage.com\/wp-content\/uploads\/2024\/06\/21232229\/laguna-woods-logo.jpg\",\"width\":502,\"height\":266,\"caption\":\"Laguna Woods Village\"},\"image\":{\"@id\":\"https:\/\/lagunawoodsvillage.com\/#\/schema\/logo\/image\/\"},\"sameAs\":[\"https:\/\/www.facebook.com\/LagunaWoodsVillage\/\",\"https:\/\/www.youtube.com\/user\/LagunaWoodsVlg\"]}]}<\/script>\n<!-- \/ Yoast SEO plugin. -->","yoast_head_json":{"title":"Clubhouse 1 | Laguna Woods Village","description":"A place to meet and greet The community\u2019s flagship clubhouse features a large fitness center and a gym, a shaded pool, a hot pool and various rooms for","robots":{"index":"index","follow":"follow","max-snippet":"max-snippet:-1","max-image-preview":"max-image-preview:large","max-video-preview":"max-video-preview:-1"},"canonical":"https:\/\/lagunawoodsvillage.com\/es\/about\/all-amenities\/clubhouses\/clubhouse-1\/","og_locale":"es_MX","og_type":"article","og_title":"Clubhouse 1 | Laguna Woods Village","og_description":"A place to meet and greet The community\u2019s flagship clubhouse features a large fitness center and a gym, a shaded pool, a hot pool and various rooms for","og_url":"https:\/\/lagunawoodsvillage.com\/es\/about\/all-amenities\/clubhouses\/clubhouse-1\/","og_site_name":"Laguna Woods Village","article_publisher":"https:\/\/www.facebook.com\/LagunaWoodsVillage\/","article_modified_time":"2025-12-30T17:38:24+00:00","og_image":[{"width":1280,"height":854,"url":"https:\/\/attachments.lagunawoodsvillage.com\/wp-content\/uploads\/2024\/09\/19202215\/nature-bench.jpg","type":"image\/jpeg"}],"twitter_card":"summary_large_image","twitter_misc":{"Est. reading time":"2 minutes"},"schema":{"@context":"https:\/\/schema.org","@graph":[{"@type":"WebPage","@id":"https:\/\/lagunawoodsvillage.com\/about\/all-amenities\/clubhouses\/clubhouse-1\/","url":"https:\/\/lagunawoodsvillage.com\/about\/all-amenities\/clubhouses\/clubhouse-1\/","name":"Clubhouse 1 | Laguna Woods Village","isPartOf":{"@id":"https:\/\/lagunawoodsvillage.com\/#website"},"primaryImageOfPage":{"@id":"https:\/\/lagunawoodsvillage.com\/about\/all-amenities\/clubhouses\/clubhouse-1\/#primaryimage"},"image":{"@id":"https:\/\/lagunawoodsvillage.com\/about\/all-amenities\/clubhouses\/clubhouse-1\/#primaryimage"},"thumbnailUrl":"https:\/\/attachments.lagunawoodsvillage.com\/wp-content\/uploads\/2024\/09\/19202215\/nature-bench.jpg","datePublished":"2024-09-20T22:29:11+00:00","dateModified":"2025-12-30T17:38:24+00:00","description":"A place to meet and greet The community\u2019s flagship clubhouse features a large fitness center and a gym, a shaded pool, a hot pool and various rooms for","breadcrumb":{"@id":"https:\/\/lagunawoodsvillage.com\/about\/all-amenities\/clubhouses\/clubhouse-1\/#breadcrumb"},"inLanguage":"es-MX","potentialAction":[{"@type":"ReadAction","target":["https:\/\/lagunawoodsvillage.com\/about\/all-amenities\/clubhouses\/clubhouse-1\/"]}]},{"@type":"ImageObject","inLanguage":"es-MX","@id":"https:\/\/lagunawoodsvillage.com\/about\/all-amenities\/clubhouses\/clubhouse-1\/#primaryimage","url":"https:\/\/attachments.lagunawoodsvillage.com\/wp-content\/uploads\/2024\/09\/19202215\/nature-bench.jpg","contentUrl":"https:\/\/attachments.lagunawoodsvillage.com\/wp-content\/uploads\/2024\/09\/19202215\/nature-bench.jpg","width":1280,"height":854},{"@type":"BreadcrumbList","@id":"https:\/\/lagunawoodsvillage.com\/about\/all-amenities\/clubhouses\/clubhouse-1\/#breadcrumb","itemListElement":[{"@type":"ListItem","position":1,"name":"Home","item":"https:\/\/lagunawoodsvillage.com\/"},{"@type":"ListItem","position":2,"name":"About","item":"https:\/\/lagunawoodsvillage.com\/about\/"},{"@type":"ListItem","position":3,"name":"All Amenities","item":"https:\/\/lagunawoodsvillage.com\/about\/all-amenities\/"},{"@type":"ListItem","position":4,"name":"Clubhouses","item":"https:\/\/lagunawoodsvillage.com\/about\/all-amenities\/clubhouses\/"},{"@type":"ListItem","position":5,"name":"Clubhouse 1"}]},{"@type":"WebSite","@id":"https:\/\/lagunawoodsvillage.com\/#website","url":"https:\/\/lagunawoodsvillage.com\/","name":"Pueblo de Laguna Woods","description":"Comunidad de retiro privada en el condado de Orange, California","publisher":{"@id":"https:\/\/lagunawoodsvillage.com\/#organization"},"potentialAction":[{"@type":"SearchAction","target":{"@type":"EntryPoint","urlTemplate":"https:\/\/lagunawoodsvillage.com\/?s={search_term_string}"},"query-input":{"@type":"PropertyValueSpecification","valueRequired":true,"valueName":"search_term_string"}}],"inLanguage":"es-MX"},{"@type":"Organization","@id":"https:\/\/lagunawoodsvillage.com\/#organization","name":"Pueblo de Laguna Woods","url":"https:\/\/lagunawoodsvillage.com\/","logo":{"@type":"ImageObject","inLanguage":"es-MX","@id":"https:\/\/lagunawoodsvillage.com\/#\/schema\/logo\/image\/","url":"https:\/\/attachments.lagunawoodsvillage.com\/wp-content\/uploads\/2024\/06\/21232229\/laguna-woods-logo.jpg","contentUrl":"https:\/\/attachments.lagunawoodsvillage.com\/wp-content\/uploads\/2024\/06\/21232229\/laguna-woods-logo.jpg","width":502,"height":266,"caption":"Laguna Woods Village"},"image":{"@id":"https:\/\/lagunawoodsvillage.com\/#\/schema\/logo\/image\/"},"sameAs":["https:\/\/www.facebook.com\/LagunaWoodsVillage\/","https:\/\/www.youtube.com\/user\/LagunaWoodsVlg"]}]}},"publishpress_future_action":{"enabled":false,"date":"2026-04-15 18:45:47","action":"change-status","newStatus":"draft","terms":[],"taxonomy":"ep_custom_result","extraData":[]},"publishpress_future_workflow_manual_trigger":{"enabledWorkflows":[]},"_links":{"self":[{"href":"https:\/\/lagunawoodsvillage.com\/es\/wp-json\/wp\/v2\/pages\/40527","targetHints":{"allow":["GET"]}}],"collection":[{"href":"https:\/\/lagunawoodsvillage.com\/es\/wp-json\/wp\/v2\/pages"}],"about":[{"href":"https:\/\/lagunawoodsvillage.com\/es\/wp-json\/wp\/v2\/types\/page"}],"author":[{"embeddable":true,"href":"https:\/\/lagunawoodsvillage.com\/es\/wp-json\/wp\/v2\/users\/28"}],"replies":[{"embeddable":true,"href":"https:\/\/lagunawoodsvillage.com\/es\/wp-json\/wp\/v2\/comments?post=40527"}],"version-history":[{"count":13,"href":"https:\/\/lagunawoodsvillage.com\/es\/wp-json\/wp\/v2\/pages\/40527\/revisions"}],"predecessor-version":[{"id":79390,"href":"https:\/\/lagunawoodsvillage.com\/es\/wp-json\/wp\/v2\/pages\/40527\/revisions\/79390"}],"up":[{"embeddable":true,"href":"https:\/\/lagunawoodsvillage.com\/es\/wp-json\/wp\/v2\/pages\/30663"}],"wp:featuredmedia":[{"embeddable":true,"href":"https:\/\/lagunawoodsvillage.com\/es\/wp-json\/wp\/v2\/media\/40264"}],"wp:attachment":[{"href":"https:\/\/lagunawoodsvillage.com\/es\/wp-json\/wp\/v2\/media?parent=40527"}],"wp:term":[{"taxonomy":"author","embeddable":true,"href":"https:\/\/lagunawoodsvillage.com\/es\/wp-json\/wp\/v2\/ppma_author?post=40527"}],"curies":[{"name":"gracias","href":"https:\/\/api.w.org\/{rel}","templated":true}]}}