{"id":40239,"date":"2024-09-19T20:22:58","date_gmt":"2024-09-19T20:22:58","guid":{"rendered":"https:\/\/dev-laguna-woods.pantheonsite.io\/?page_id=40239"},"modified":"2024-10-31T16:23:45","modified_gmt":"2024-10-31T23:23:45","slug":"walking-trails","status":"publish","type":"page","link":"https:\/\/lagunawoodsvillage.com\/es\/about\/all-amenities\/recreation-fitness\/walking-trails\/","title":{"rendered":"Senderos para caminar"},"content":{"rendered":"<div class=\"wp-block-group alignfull has-light-beige-background-color has-background is-layout-constrained wp-block-group-is-layout-constrained\" style=\"padding-top:var(--wp--preset--spacing--70);padding-bottom:var(--wp--preset--spacing--70)\">\n<div class=\"wp-block-columns shadow is-style-no-gap image-text-no-gap is-layout-flex wp-container-core-columns-is-layout-28f84493 wp-block-columns-is-layout-flex\" style=\"border-top-left-radius:10px;border-top-right-radius:10px;border-bottom-left-radius:87px;border-bottom-right-radius:10px\">\n<div class=\"wp-block-column is-layout-flow wp-block-column-is-layout-flow\" style=\"flex-basis:41%\">\n<div class=\"wp-block-cover is-light\"><span aria-hidden=\"true\" class=\"wp-block-cover__background has-background-dim-0 has-background-dim\" style=\"background-color:#FFF\"><\/span><img loading=\"lazy\" decoding=\"async\" width=\"1024\" height=\"768\" class=\"wp-block-cover__image-background wp-image-40268\" alt=\"\" src=\"https:\/\/attachments.lagunawoodsvillage.com\/wp-content\/uploads\/2024\/09\/19202628\/nature-landscape-1-sized.jpg\" data-object-fit=\"cover\" srcset=\"https:\/\/attachments.lagunawoodsvillage.com\/wp-content\/uploads\/2024\/09\/19202628\/nature-landscape-1-sized.jpg 1024w, https:\/\/attachments.lagunawoodsvillage.com\/wp-content\/uploads\/2024\/09\/19202628\/nature-landscape-1-sized-300x225.jpg 300w, https:\/\/attachments.lagunawoodsvillage.com\/wp-content\/uploads\/2024\/09\/19202628\/nature-landscape-1-sized-768x576.jpg 768w, https:\/\/attachments.lagunawoodsvillage.com\/wp-content\/uploads\/2024\/09\/19202628\/nature-landscape-1-sized-50x38.jpg 50w, https:\/\/attachments.lagunawoodsvillage.com\/wp-content\/uploads\/2024\/09\/19202628\/nature-landscape-1-sized-800x600.jpg 800w, https:\/\/attachments.lagunawoodsvillage.com\/wp-content\/uploads\/2024\/09\/19202628\/nature-landscape-1-sized-16x12.jpg 16w\" sizes=\"auto, (max-width: 1024px) 100vw, 1024px\" \/><div class=\"wp-block-cover__inner-container is-layout-constrained wp-block-cover-is-layout-constrained\">\n<p class=\"has-text-align-center has-large-font-size\"><\/p>\n<\/div><\/div>\n<\/div>\n\n\n\n<div class=\"wp-block-column has-white-background-color has-background is-layout-flow wp-container-core-column-is-layout-74b672bb wp-block-column-is-layout-flow\" style=\"border-top-style:none;border-top-width:0px;border-right-style:none;border-right-width:0px;border-bottom-color:var(--wp--preset--color--accent);border-bottom-width:4px;border-left-style:none;border-left-width:0px;padding-top:var(--wp--preset--spacing--70);padding-right:var(--wp--preset--spacing--70);padding-bottom:var(--wp--preset--spacing--70);padding-left:var(--wp--preset--spacing--70);flex-basis:66.66%\">\n<h4 class=\"wp-block-heading has-text-black-color has-text-color has-link-color has-x-large-font-size wp-elements-aca8c4ab0881020914c4b5812dc0a2d0\"><strong>Diez senderos para el esp\u00edritu errante<\/strong><\/h4>\n\n\n\n<p class=\"has-body-font-size\" style=\"padding-top:0;padding-bottom:0;line-height:1.6\">Laguna Woods Village ofrece 10 encantadores senderos para caminar, hacer ejercicio, moverse y meditar. Con el magn\u00edfico clima y los pintorescos paisajes de la zona, le resultar\u00e1 dif\u00edcil volver a casa. Haga clic en los enlaces a los documentos a continuaci\u00f3n para ver los mapas de los senderos.<\/p>\n\n\n\n<div class=\"wp-block-buttons is-layout-flex wp-block-buttons-is-layout-flex\">\n<div class=\"wp-block-button is-style-primary is-style-theme-primary\"><a class=\"wp-block-button__link wp-element-button\" href=\"https:\/\/lagunawoodsvillage.com\/es\/document\/lwv-trails-map\/\" target=\"_blank\" rel=\"noreferrer noopener\">Mapa general del sendero<\/a><\/div>\n<\/div>\n<\/div>\n<\/div>\n\n\n\n\n<div id=\"\" class=\"document-folder-block accordion-wrapper\">\n    <div class=\"folder has-children open\" >\n        <div class=\"accordion-button folder-header not-collapsible\">\n            <span>Mapas de senderos<\/span>\n        <\/div>\n\n\n\n        <div class=\"accordion-panel folder-body\"\n            >\n            <ul>\n                \n                        <li><a href=\"https:\/\/lagunawoodsvillage.com\/es\/document\/lwv-trails-gates-5-and-6\/\" target=\"_blank\">LWV Trails &#8211; Gates 5 and 6<\/a><\/li>\n\n                \n                        <li><a href=\"https:\/\/lagunawoodsvillage.com\/es\/document\/lwv-trails-map\/\" target=\"_blank\">LWV Trails &#8211; Map<\/a><\/li>\n\n                \n                        <li><a href=\"https:\/\/lagunawoodsvillage.com\/es\/document\/lwv-trails-third-9-hole\/\" target=\"_blank\">Senderos LWV \u2013 Tercer hoyo de 9 hoyos<\/a><\/li>\n\n                \n                        <li><a href=\"https:\/\/lagunawoodsvillage.com\/es\/document\/lwv-trails-third-gate-11\/\" target=\"_blank\">Senderos LWV \u2013 Tercera Puerta 11<\/a><\/li>\n\n                \n                        <li><a href=\"https:\/\/lagunawoodsvillage.com\/es\/document\/lwv-trails-third-gate-14\/\" target=\"_blank\">LWV Trails &#8211; Third Gate 14<\/a><\/li>\n\n                \n                        <li><a href=\"https:\/\/lagunawoodsvillage.com\/es\/document\/lwv-trails-third-mid-north\/\" target=\"_blank\">Senderos LWV \u2013 Tercera zona del Medio Norte<\/a><\/li>\n\n                \n                        <li><a href=\"https:\/\/lagunawoodsvillage.com\/es\/document\/lwv-trails-third-south\/\" target=\"_blank\">LWV Trails &#8211; Third South<\/a><\/li>\n\n                \n                        <li><a href=\"https:\/\/lagunawoodsvillage.com\/es\/document\/lwv-trails-third-southeast\/\" target=\"_blank\">Senderos LWV \u2013 Tercer Sureste<\/a><\/li>\n\n                \n                        <li><a href=\"https:\/\/lagunawoodsvillage.com\/es\/document\/lwv-trails-third-west\/\" target=\"_blank\">LWV Trails &#8211; Third West<\/a><\/li>\n\n                \n                        <li><a href=\"https:\/\/lagunawoodsvillage.com\/es\/document\/lwv-trails-united-north\/\" target=\"_blank\">LWV Trails &#8211; United North<\/a><\/li>\n\n                \n                        <li><a href=\"https:\/\/lagunawoodsvillage.com\/es\/document\/lwv-trails-united-south\/\" target=\"_blank\">LWV Trails &#8211; United South<\/a><\/li>\n\n                            <\/ul>\n        <\/div>\n    <\/div>\n<\/div><\/div>","protected":false},"excerpt":{"rendered":"<p>Ten trails for the wandering spirit Laguna Woods Village offers 10 delightful walking trails for exercise, movement and meditation. With the area\u2019s gorgeous weather and picturesque scenery, you\u2019ll find it hard to head back indoors. Click the document links below for trail maps.<\/p>","protected":false},"author":28,"featured_media":40264,"parent":30638,"menu_order":0,"comment_status":"closed","ping_status":"closed","template":"","meta":{"_acf_changed":false,"ep_exclude_from_search":false,"footnotes":""},"ppma_author":[703],"class_list":["post-40239","page","type-page","status-publish","has-post-thumbnail","hentry"],"acf":[],"yoast_head":"<!-- This site is optimized with the Yoast SEO plugin v27.1.1 - https:\/\/yoast.com\/product\/yoast-seo-wordpress\/ -->\n<title>Walking Trails | Laguna Woods Village<\/title>\n<meta name=\"description\" content=\"Ten trails for the wandering spirit Laguna Woods Village offers 10 delightful walking trails for exercise, movement and meditation. With the area\u2019s\" \/>\n<meta name=\"robots\" content=\"index, follow, max-snippet:-1, max-image-preview:large, max-video-preview:-1\" \/>\n<link rel=\"canonical\" href=\"https:\/\/lagunawoodsvillage.com\/es\/about\/all-amenities\/recreation-fitness\/walking-trails\/\" \/>\n<meta property=\"og:locale\" content=\"es_MX\" \/>\n<meta property=\"og:type\" content=\"article\" \/>\n<meta property=\"og:title\" content=\"Walking Trails | Laguna Woods Village\" \/>\n<meta property=\"og:description\" content=\"Ten trails for the wandering spirit Laguna Woods Village offers 10 delightful walking trails for exercise, movement and meditation. With the area\u2019s\" \/>\n<meta property=\"og:url\" content=\"https:\/\/lagunawoodsvillage.com\/es\/about\/all-amenities\/recreation-fitness\/walking-trails\/\" \/>\n<meta property=\"og:site_name\" content=\"Laguna Woods Village\" \/>\n<meta property=\"article:publisher\" content=\"https:\/\/www.facebook.com\/LagunaWoodsVillage\/\" \/>\n<meta property=\"article:modified_time\" content=\"2024-10-31T23:23:45+00:00\" \/>\n<meta property=\"og:image\" content=\"https:\/\/attachments.lagunawoodsvillage.com\/wp-content\/uploads\/2024\/09\/19202215\/nature-bench.jpg\" \/>\n\t<meta property=\"og:image:width\" content=\"1280\" \/>\n\t<meta property=\"og:image:height\" content=\"854\" \/>\n\t<meta property=\"og:image:type\" content=\"image\/jpeg\" \/>\n<meta name=\"twitter:card\" content=\"summary_large_image\" \/>\n<meta name=\"twitter:label1\" content=\"Est. reading time\" \/>\n\t<meta name=\"twitter:data1\" content=\"1 minute\" \/>\n<script type=\"application\/ld+json\" class=\"yoast-schema-graph\">{\"@context\":\"https:\/\/schema.org\",\"@graph\":[{\"@type\":\"WebPage\",\"@id\":\"https:\/\/lagunawoodsvillage.com\/about\/all-amenities\/recreation-fitness\/walking-trails\/\",\"url\":\"https:\/\/lagunawoodsvillage.com\/about\/all-amenities\/recreation-fitness\/walking-trails\/\",\"name\":\"Walking Trails | Laguna Woods Village\",\"isPartOf\":{\"@id\":\"https:\/\/lagunawoodsvillage.com\/#website\"},\"primaryImageOfPage\":{\"@id\":\"https:\/\/lagunawoodsvillage.com\/about\/all-amenities\/recreation-fitness\/walking-trails\/#primaryimage\"},\"image\":{\"@id\":\"https:\/\/lagunawoodsvillage.com\/about\/all-amenities\/recreation-fitness\/walking-trails\/#primaryimage\"},\"thumbnailUrl\":\"https:\/\/attachments.lagunawoodsvillage.com\/wp-content\/uploads\/2024\/09\/19202215\/nature-bench.jpg\",\"datePublished\":\"2024-09-19T20:22:58+00:00\",\"dateModified\":\"2024-10-31T23:23:45+00:00\",\"description\":\"Ten trails for the wandering spirit Laguna Woods Village offers 10 delightful walking trails for exercise, movement and meditation. With the area\u2019s\",\"breadcrumb\":{\"@id\":\"https:\/\/lagunawoodsvillage.com\/about\/all-amenities\/recreation-fitness\/walking-trails\/#breadcrumb\"},\"inLanguage\":\"es-MX\",\"potentialAction\":[{\"@type\":\"ReadAction\",\"target\":[\"https:\/\/lagunawoodsvillage.com\/about\/all-amenities\/recreation-fitness\/walking-trails\/\"]}]},{\"@type\":\"ImageObject\",\"inLanguage\":\"es-MX\",\"@id\":\"https:\/\/lagunawoodsvillage.com\/about\/all-amenities\/recreation-fitness\/walking-trails\/#primaryimage\",\"url\":\"https:\/\/attachments.lagunawoodsvillage.com\/wp-content\/uploads\/2024\/09\/19202215\/nature-bench.jpg\",\"contentUrl\":\"https:\/\/attachments.lagunawoodsvillage.com\/wp-content\/uploads\/2024\/09\/19202215\/nature-bench.jpg\",\"width\":1280,\"height\":854},{\"@type\":\"BreadcrumbList\",\"@id\":\"https:\/\/lagunawoodsvillage.com\/about\/all-amenities\/recreation-fitness\/walking-trails\/#breadcrumb\",\"itemListElement\":[{\"@type\":\"ListItem\",\"position\":1,\"name\":\"Home\",\"item\":\"https:\/\/lagunawoodsvillage.com\/\"},{\"@type\":\"ListItem\",\"position\":2,\"name\":\"About\",\"item\":\"https:\/\/lagunawoodsvillage.com\/about\/\"},{\"@type\":\"ListItem\",\"position\":3,\"name\":\"All Amenities\",\"item\":\"https:\/\/lagunawoodsvillage.com\/about\/all-amenities\/\"},{\"@type\":\"ListItem\",\"position\":4,\"name\":\"Recreation and Fitness\",\"item\":\"https:\/\/lagunawoodsvillage.com\/about\/all-amenities\/recreation-fitness\/\"},{\"@type\":\"ListItem\",\"position\":5,\"name\":\"Walking Trails\"}]},{\"@type\":\"WebSite\",\"@id\":\"https:\/\/lagunawoodsvillage.com\/#website\",\"url\":\"https:\/\/lagunawoodsvillage.com\/\",\"name\":\"Laguna Woods Village\",\"description\":\"Private Retirement Community in Orange County, California\",\"publisher\":{\"@id\":\"https:\/\/lagunawoodsvillage.com\/#organization\"},\"potentialAction\":[{\"@type\":\"SearchAction\",\"target\":{\"@type\":\"EntryPoint\",\"urlTemplate\":\"https:\/\/lagunawoodsvillage.com\/?s={search_term_string}\"},\"query-input\":{\"@type\":\"PropertyValueSpecification\",\"valueRequired\":true,\"valueName\":\"search_term_string\"}}],\"inLanguage\":\"es-MX\"},{\"@type\":\"Organization\",\"@id\":\"https:\/\/lagunawoodsvillage.com\/#organization\",\"name\":\"Laguna Woods Village\",\"url\":\"https:\/\/lagunawoodsvillage.com\/\",\"logo\":{\"@type\":\"ImageObject\",\"inLanguage\":\"es-MX\",\"@id\":\"https:\/\/lagunawoodsvillage.com\/#\/schema\/logo\/image\/\",\"url\":\"https:\/\/attachments.lagunawoodsvillage.com\/wp-content\/uploads\/2024\/06\/21232229\/laguna-woods-logo.jpg\",\"contentUrl\":\"https:\/\/attachments.lagunawoodsvillage.com\/wp-content\/uploads\/2024\/06\/21232229\/laguna-woods-logo.jpg\",\"width\":502,\"height\":266,\"caption\":\"Laguna Woods Village\"},\"image\":{\"@id\":\"https:\/\/lagunawoodsvillage.com\/#\/schema\/logo\/image\/\"},\"sameAs\":[\"https:\/\/www.facebook.com\/LagunaWoodsVillage\/\",\"https:\/\/www.youtube.com\/user\/LagunaWoodsVlg\"]}]}<\/script>\n<!-- \/ Yoast SEO plugin. -->","yoast_head_json":{"title":"Walking Trails | Laguna Woods Village","description":"Ten trails for the wandering spirit Laguna Woods Village offers 10 delightful walking trails for exercise, movement and meditation. With the area\u2019s","robots":{"index":"index","follow":"follow","max-snippet":"max-snippet:-1","max-image-preview":"max-image-preview:large","max-video-preview":"max-video-preview:-1"},"canonical":"https:\/\/lagunawoodsvillage.com\/es\/about\/all-amenities\/recreation-fitness\/walking-trails\/","og_locale":"es_MX","og_type":"article","og_title":"Walking Trails | Laguna Woods Village","og_description":"Ten trails for the wandering spirit Laguna Woods Village offers 10 delightful walking trails for exercise, movement and meditation. With the area\u2019s","og_url":"https:\/\/lagunawoodsvillage.com\/es\/about\/all-amenities\/recreation-fitness\/walking-trails\/","og_site_name":"Laguna Woods Village","article_publisher":"https:\/\/www.facebook.com\/LagunaWoodsVillage\/","article_modified_time":"2024-10-31T23:23:45+00:00","og_image":[{"width":1280,"height":854,"url":"https:\/\/attachments.lagunawoodsvillage.com\/wp-content\/uploads\/2024\/09\/19202215\/nature-bench.jpg","type":"image\/jpeg"}],"twitter_card":"summary_large_image","twitter_misc":{"Est. reading time":"1 minute"},"schema":{"@context":"https:\/\/schema.org","@graph":[{"@type":"WebPage","@id":"https:\/\/lagunawoodsvillage.com\/about\/all-amenities\/recreation-fitness\/walking-trails\/","url":"https:\/\/lagunawoodsvillage.com\/about\/all-amenities\/recreation-fitness\/walking-trails\/","name":"Walking Trails | Laguna Woods Village","isPartOf":{"@id":"https:\/\/lagunawoodsvillage.com\/#website"},"primaryImageOfPage":{"@id":"https:\/\/lagunawoodsvillage.com\/about\/all-amenities\/recreation-fitness\/walking-trails\/#primaryimage"},"image":{"@id":"https:\/\/lagunawoodsvillage.com\/about\/all-amenities\/recreation-fitness\/walking-trails\/#primaryimage"},"thumbnailUrl":"https:\/\/attachments.lagunawoodsvillage.com\/wp-content\/uploads\/2024\/09\/19202215\/nature-bench.jpg","datePublished":"2024-09-19T20:22:58+00:00","dateModified":"2024-10-31T23:23:45+00:00","description":"Ten trails for the wandering spirit Laguna Woods Village offers 10 delightful walking trails for exercise, movement and meditation. With the area\u2019s","breadcrumb":{"@id":"https:\/\/lagunawoodsvillage.com\/about\/all-amenities\/recreation-fitness\/walking-trails\/#breadcrumb"},"inLanguage":"es-MX","potentialAction":[{"@type":"ReadAction","target":["https:\/\/lagunawoodsvillage.com\/about\/all-amenities\/recreation-fitness\/walking-trails\/"]}]},{"@type":"ImageObject","inLanguage":"es-MX","@id":"https:\/\/lagunawoodsvillage.com\/about\/all-amenities\/recreation-fitness\/walking-trails\/#primaryimage","url":"https:\/\/attachments.lagunawoodsvillage.com\/wp-content\/uploads\/2024\/09\/19202215\/nature-bench.jpg","contentUrl":"https:\/\/attachments.lagunawoodsvillage.com\/wp-content\/uploads\/2024\/09\/19202215\/nature-bench.jpg","width":1280,"height":854},{"@type":"BreadcrumbList","@id":"https:\/\/lagunawoodsvillage.com\/about\/all-amenities\/recreation-fitness\/walking-trails\/#breadcrumb","itemListElement":[{"@type":"ListItem","position":1,"name":"Home","item":"https:\/\/lagunawoodsvillage.com\/"},{"@type":"ListItem","position":2,"name":"About","item":"https:\/\/lagunawoodsvillage.com\/about\/"},{"@type":"ListItem","position":3,"name":"All Amenities","item":"https:\/\/lagunawoodsvillage.com\/about\/all-amenities\/"},{"@type":"ListItem","position":4,"name":"Recreation and Fitness","item":"https:\/\/lagunawoodsvillage.com\/about\/all-amenities\/recreation-fitness\/"},{"@type":"ListItem","position":5,"name":"Walking Trails"}]},{"@type":"WebSite","@id":"https:\/\/lagunawoodsvillage.com\/#website","url":"https:\/\/lagunawoodsvillage.com\/","name":"Pueblo de Laguna Woods","description":"Comunidad de retiro privada en el condado de Orange, California","publisher":{"@id":"https:\/\/lagunawoodsvillage.com\/#organization"},"potentialAction":[{"@type":"SearchAction","target":{"@type":"EntryPoint","urlTemplate":"https:\/\/lagunawoodsvillage.com\/?s={search_term_string}"},"query-input":{"@type":"PropertyValueSpecification","valueRequired":true,"valueName":"search_term_string"}}],"inLanguage":"es-MX"},{"@type":"Organization","@id":"https:\/\/lagunawoodsvillage.com\/#organization","name":"Pueblo de Laguna Woods","url":"https:\/\/lagunawoodsvillage.com\/","logo":{"@type":"ImageObject","inLanguage":"es-MX","@id":"https:\/\/lagunawoodsvillage.com\/#\/schema\/logo\/image\/","url":"https:\/\/attachments.lagunawoodsvillage.com\/wp-content\/uploads\/2024\/06\/21232229\/laguna-woods-logo.jpg","contentUrl":"https:\/\/attachments.lagunawoodsvillage.com\/wp-content\/uploads\/2024\/06\/21232229\/laguna-woods-logo.jpg","width":502,"height":266,"caption":"Laguna Woods Village"},"image":{"@id":"https:\/\/lagunawoodsvillage.com\/#\/schema\/logo\/image\/"},"sameAs":["https:\/\/www.facebook.com\/LagunaWoodsVillage\/","https:\/\/www.youtube.com\/user\/LagunaWoodsVlg"]}]}},"publishpress_future_action":{"enabled":false,"date":"2026-04-24 22:46:53","action":"change-status","newStatus":"draft","terms":[],"taxonomy":"ep_custom_result","extraData":[]},"publishpress_future_workflow_manual_trigger":{"enabledWorkflows":[]},"_links":{"self":[{"href":"https:\/\/lagunawoodsvillage.com\/es\/wp-json\/wp\/v2\/pages\/40239","targetHints":{"allow":["GET"]}}],"collection":[{"href":"https:\/\/lagunawoodsvillage.com\/es\/wp-json\/wp\/v2\/pages"}],"about":[{"href":"https:\/\/lagunawoodsvillage.com\/es\/wp-json\/wp\/v2\/types\/page"}],"author":[{"embeddable":true,"href":"https:\/\/lagunawoodsvillage.com\/es\/wp-json\/wp\/v2\/users\/28"}],"replies":[{"embeddable":true,"href":"https:\/\/lagunawoodsvillage.com\/es\/wp-json\/wp\/v2\/comments?post=40239"}],"version-history":[{"count":7,"href":"https:\/\/lagunawoodsvillage.com\/es\/wp-json\/wp\/v2\/pages\/40239\/revisions"}],"predecessor-version":[{"id":53149,"href":"https:\/\/lagunawoodsvillage.com\/es\/wp-json\/wp\/v2\/pages\/40239\/revisions\/53149"}],"up":[{"embeddable":true,"href":"https:\/\/lagunawoodsvillage.com\/es\/wp-json\/wp\/v2\/pages\/30638"}],"wp:featuredmedia":[{"embeddable":true,"href":"https:\/\/lagunawoodsvillage.com\/es\/wp-json\/wp\/v2\/media\/40264"}],"wp:attachment":[{"href":"https:\/\/lagunawoodsvillage.com\/es\/wp-json\/wp\/v2\/media?parent=40239"}],"wp:term":[{"taxonomy":"author","embeddable":true,"href":"https:\/\/lagunawoodsvillage.com\/es\/wp-json\/wp\/v2\/ppma_author?post=40239"}],"curies":[{"name":"gracias","href":"https:\/\/api.w.org\/{rel}","templated":true}]}}