{"id":30690,"date":"2024-07-05T19:26:09","date_gmt":"2024-07-05T19:26:09","guid":{"rendered":"https:\/\/dev-laguna-woods.pantheonsite.io\/?page_id=30690"},"modified":"2025-02-28T16:12:12","modified_gmt":"2025-03-01T00:12:12","slug":"copy-services","status":"publish","type":"page","link":"https:\/\/lagunawoodsvillage.com\/es\/services\/copy-services\/","title":{"rendered":"Servicios centrales"},"content":{"rendered":"<div class=\"wp-block-group alignfull has-light-beige-background-color has-background is-layout-constrained wp-block-group-is-layout-constrained\" style=\"padding-top:var(--wp--preset--spacing--70);padding-bottom:var(--wp--preset--spacing--70)\">\n<div class=\"wp-block-columns shadow is-style-no-gap image-text-no-gap is-layout-flex wp-container-core-columns-is-layout-28f84493 wp-block-columns-is-layout-flex\" style=\"border-top-left-radius:10px;border-top-right-radius:10px;border-bottom-left-radius:10px;border-bottom-right-radius:87px\">\n<div class=\"wp-block-column block-text-col has-white-background-color has-background is-layout-flow wp-container-core-column-is-layout-74b672bb wp-block-column-is-layout-flow\" style=\"border-top-style:none;border-top-width:0px;border-right-style:none;border-right-width:0px;border-bottom-color:var(--wp--preset--color--accent);border-bottom-width:4px;border-left-style:none;border-left-width:0px;padding-top:var(--wp--preset--spacing--70);padding-right:var(--wp--preset--spacing--70);padding-bottom:var(--wp--preset--spacing--70);padding-left:var(--wp--preset--spacing--70);flex-basis:66.66%\">\n<h4 class=\"wp-block-heading has-text-black-color has-text-color has-link-color has-x-large-font-size wp-elements-26890d906640066f6fda252b2d5fe58a\"><strong>Fotocopias, laminados y m\u00e1s<\/strong><\/h4>\n\n\n\n<p class=\"has-body-font-size\">Ubicado en la primera planta del Centro Comunitario de Laguna Woods Village, Servicios Centrales ofrece fotocopias, encuadernaci\u00f3n, corte, laminado, fax, etiquetas de env\u00edo y m\u00e1s. Servicios Centrales tambi\u00e9n ofrece servicios de correo masivo para clubes y organizaciones de Laguna Woods Village, siempre que el env\u00edo se programe con antelaci\u00f3n y no coincida con los env\u00edos regulares. Haga clic en Servicios y Precios a continuaci\u00f3n para obtener m\u00e1s informaci\u00f3n.<\/p>\n\n\n\n<p><\/p>\n<\/div>\n\n\n\n<div class=\"wp-block-column is-layout-flow wp-block-column-is-layout-flow\" style=\"flex-basis:41%\">\n<div class=\"wp-block-cover is-light\"><span aria-hidden=\"true\" class=\"wp-block-cover__background has-background-dim-0 has-background-dim\" style=\"background-color:#FFF\"><\/span><img loading=\"lazy\" decoding=\"async\" width=\"803\" height=\"768\" class=\"wp-block-cover__image-background wp-image-40837\" alt=\"\" src=\"https:\/\/attachments.lagunawoodsvillage.com\/wp-content\/uploads\/2024\/09\/24010804\/Papers.jpg\" data-object-fit=\"cover\" srcset=\"https:\/\/attachments.lagunawoodsvillage.com\/wp-content\/uploads\/2024\/09\/24010804\/Papers.jpg 803w, https:\/\/attachments.lagunawoodsvillage.com\/wp-content\/uploads\/2024\/09\/24010804\/Papers-300x287.jpg 300w, https:\/\/attachments.lagunawoodsvillage.com\/wp-content\/uploads\/2024\/09\/24010804\/Papers-768x735.jpg 768w, https:\/\/attachments.lagunawoodsvillage.com\/wp-content\/uploads\/2024\/09\/24010804\/Papers-50x48.jpg 50w, https:\/\/attachments.lagunawoodsvillage.com\/wp-content\/uploads\/2024\/09\/24010804\/Papers-800x765.jpg 800w, https:\/\/attachments.lagunawoodsvillage.com\/wp-content\/uploads\/2024\/09\/24010804\/Papers-13x12.jpg 13w\" sizes=\"auto, (max-width: 803px) 100vw, 803px\" \/><div class=\"wp-block-cover__inner-container is-layout-constrained wp-block-cover-is-layout-constrained\">\n<p class=\"has-text-align-center has-large-font-size\"><\/p>\n<\/div><\/div>\n<\/div>\n<\/div>\n<\/div>\n\n\n\n<div class=\"wp-block-group alignfull has-teal-background-color has-background is-layout-constrained wp-block-group-is-layout-constrained\" style=\"padding-top:var(--wp--preset--spacing--70);padding-bottom:var(--wp--preset--spacing--70)\">\n<div class=\"wp-block-columns is-layout-flex wp-container-core-columns-is-layout-28f84493 wp-block-columns-is-layout-flex\">\n<div class=\"wp-block-column is-style-equal-height has-white-background-color has-background is-layout-flow wp-block-column-is-layout-flow\" style=\"border-bottom-color:var(--wp--preset--color--beige);border-bottom-width:8px;padding-right:0;padding-left:0;box-shadow:var(--wp--preset--shadow--natural)\">\n<div class=\"wp-block-group has-white-background-color has-background is-layout-constrained wp-container-core-group-is-layout-09eb738f wp-block-group-is-layout-constrained\" style=\"padding-top:var(--wp--preset--spacing--60);padding-right:var(--wp--preset--spacing--50);padding-bottom:var(--wp--preset--spacing--60);padding-left:var(--wp--preset--spacing--50)\">\n<div class=\"wp-block-columns is-not-stacked-on-mobile is-layout-flex wp-container-core-columns-is-layout-f0342b05 wp-block-columns-is-layout-flex\" style=\"margin-top:0;margin-bottom:0\">\n<div class=\"wp-block-column is-vertically-aligned-center is-layout-flow wp-block-column-is-layout-flow\" style=\"flex-basis:21.9%\">\n<figure class=\"wp-block-image size-full is-resized\"><img loading=\"lazy\" decoding=\"async\" width=\"75\" height=\"75\" src=\"https:\/\/attachments.lagunawoodsvillage.com\/wp-content\/uploads\/2024\/08\/30173436\/LW-phone-yellow.png\" alt=\"\" class=\"wp-image-39357\" style=\"width:75px\" srcset=\"https:\/\/attachments.lagunawoodsvillage.com\/wp-content\/uploads\/2024\/08\/30173436\/LW-phone-yellow.png 75w, https:\/\/attachments.lagunawoodsvillage.com\/wp-content\/uploads\/2024\/08\/30173436\/LW-phone-yellow-50x50.png 50w, https:\/\/attachments.lagunawoodsvillage.com\/wp-content\/uploads\/2024\/08\/30173436\/LW-phone-yellow-12x12.png 12w\" sizes=\"auto, (max-width: 75px) 100vw, 75px\" \/><\/figure>\n<\/div>\n\n\n\n<div class=\"wp-block-column is-vertically-aligned-center is-layout-flow wp-block-column-is-layout-flow\" style=\"flex-basis:66.66%\">\n<p class=\"has-body-font-family has-x-medium-font-size\" style=\"font-style:normal;font-weight:700\">Ubicaci\u00f3n, horario y <br>Informaci\u00f3n del contacto <\/p>\n<\/div>\n<\/div>\n\n\n\n<p class=\"has-body-font-size\">24351 Carretera El Toro<br>Laguna Woods, CA 92637<\/p>\n\n\n\n<div class=\"wp-block-buttons is-layout-flex wp-block-buttons-is-layout-flex\">\n<div class=\"wp-block-button is-style-with-arrow\"><a class=\"wp-block-button__link wp-element-button\" href=\"https:\/\/maps.app.goo.gl\/PYS1iRVpcnPcZmKt8\" target=\"_blank\" rel=\"noreferrer noopener\">Ver mapa<\/a><\/div>\n<\/div>\n\n\n\n<p class=\"has-text-black-color has-text-color has-link-color has-body-font-size wp-elements-d1b9649e79e50aa2944470d8f5db5769\"><img decoding=\"async\" class=\"wp-image-42193\" style=\"width: 16px;\" src=\"https:\/\/attachments.lagunawoodsvillage.com\/wp-content\/uploads\/2024\/10\/02202111\/LW-Icons_phone_orange.svg\" alt=\"\"> <strong><a href=\"tel:949-597-4224\" target=\"_blank\" rel=\"noreferrer noopener\">949-597-4224<\/a><\/strong> o <strong><a href=\"tel:949-597-4403\">949-597-4403<\/a><\/strong><br><br>Lunes \u2013 Viernes 8 am \u2013 4 pm<\/p>\n<\/div>\n<\/div>\n\n\n\n<div class=\"wp-block-column is-style-equal-height has-white-background-color has-background is-layout-flow wp-block-column-is-layout-flow\" style=\"border-bottom-color:var(--wp--preset--color--purple);border-bottom-width:8px;padding-right:0;padding-left:0;box-shadow:var(--wp--preset--shadow--natural)\">\n<div class=\"wp-block-group has-white-background-color has-background is-layout-constrained wp-container-core-group-is-layout-09eb738f wp-block-group-is-layout-constrained\" style=\"padding-top:var(--wp--preset--spacing--60);padding-right:var(--wp--preset--spacing--50);padding-bottom:var(--wp--preset--spacing--60);padding-left:var(--wp--preset--spacing--50)\">\n<div class=\"wp-block-columns is-not-stacked-on-mobile is-layout-flex wp-container-core-columns-is-layout-f0342b05 wp-block-columns-is-layout-flex\" style=\"margin-top:0;margin-bottom:0\">\n<div class=\"wp-block-column is-vertically-aligned-center is-layout-flow wp-block-column-is-layout-flow\" style=\"flex-basis:21.9%\">\n<figure class=\"wp-block-image size-full is-resized\"><img loading=\"lazy\" decoding=\"async\" width=\"75\" height=\"75\" src=\"https:\/\/attachments.lagunawoodsvillage.com\/wp-content\/uploads\/2024\/08\/30173418\/LW-money-purple.png\" alt=\"\" class=\"wp-image-39348\" style=\"width:75px\" srcset=\"https:\/\/attachments.lagunawoodsvillage.com\/wp-content\/uploads\/2024\/08\/30173418\/LW-money-purple.png 75w, https:\/\/attachments.lagunawoodsvillage.com\/wp-content\/uploads\/2024\/08\/30173418\/LW-money-purple-50x50.png 50w, https:\/\/attachments.lagunawoodsvillage.com\/wp-content\/uploads\/2024\/08\/30173418\/LW-money-purple-12x12.png 12w\" sizes=\"auto, (max-width: 75px) 100vw, 75px\" \/><\/figure>\n<\/div>\n\n\n\n<div class=\"wp-block-column is-vertically-aligned-center is-layout-flow wp-block-column-is-layout-flow\" style=\"flex-basis:66.66%\">\n<p class=\"has-body-font-family has-x-medium-font-size\" style=\"font-style:normal;font-weight:700\">Servicios y precios<\/p>\n<\/div>\n<\/div>\n\n\n\n<div class=\"wp-block-buttons is-layout-flex wp-block-buttons-is-layout-flex\">\n<div class=\"wp-block-button is-style-with-arrow\"><a class=\"wp-block-button__link wp-element-button\" href=\"https:\/\/lagunawoodsvillage.com\/es\/document\/central-service-price-list\/\" target=\"_blank\" rel=\"noreferrer noopener\">Servicios y precios<\/a><\/div>\n<\/div>\n\n\n\n<p class=\"has-body-font-size\">Visita durante el horario comercial o env\u00eda solicitudes por correo electr\u00f3nico a <a href=\"mailto:centralservices@vmsinc.org\" target=\"_blank\" rel=\"noreferrer noopener\"><strong>centralservices@vmsinc.org<\/strong><\/a>.<\/p>\n<\/div>\n<\/div>\n<\/div>\n<\/div>","protected":false},"excerpt":{"rendered":"<p>Photocopies, laminating and more Located on the first floor of the Laguna Woods Village Community Center, Central Services offers photocopying, binding, cutting, laminating, faxing, mailing labels and more. Central Services also provides bulk-mailing services for Laguna Woods Village clubs and organizations when the mailing is scheduled in advance and does not conflict with regularly scheduled [&hellip;]<\/p>\n","protected":false},"author":2,"featured_media":40836,"parent":30681,"menu_order":0,"comment_status":"closed","ping_status":"closed","template":"","meta":{"_acf_changed":false,"ep_exclude_from_search":false,"footnotes":""},"ppma_author":[38],"class_list":["post-30690","page","type-page","status-publish","has-post-thumbnail","hentry"],"acf":[],"yoast_head":"<!-- This site is optimized with the Yoast SEO plugin v27.1.1 - https:\/\/yoast.com\/product\/yoast-seo-wordpress\/ -->\n<title>Central Services | Laguna Woods Village<\/title>\n<meta name=\"description\" content=\"Copy services, including photocopying, fax, binding, laminating, mailing labels and bulk-mailing services for Village clubs and organizations.\" \/>\n<meta name=\"robots\" content=\"index, follow, max-snippet:-1, max-image-preview:large, max-video-preview:-1\" \/>\n<link rel=\"canonical\" href=\"https:\/\/lagunawoodsvillage.com\/es\/services\/copy-services\/\" \/>\n<meta property=\"og:locale\" content=\"es_MX\" \/>\n<meta property=\"og:type\" content=\"article\" \/>\n<meta property=\"og:title\" content=\"Central Services | Laguna Woods Village\" \/>\n<meta property=\"og:description\" content=\"Copy services, including photocopying, fax, binding, laminating, mailing labels and bulk-mailing services for Village clubs and organizations.\" \/>\n<meta property=\"og:url\" content=\"https:\/\/lagunawoodsvillage.com\/es\/services\/copy-services\/\" \/>\n<meta property=\"og:site_name\" content=\"Laguna Woods Village\" \/>\n<meta property=\"article:publisher\" content=\"https:\/\/www.facebook.com\/LagunaWoodsVillage\/\" \/>\n<meta property=\"article:modified_time\" content=\"2025-03-01T00:12:12+00:00\" \/>\n<meta property=\"og:image\" content=\"https:\/\/attachments.lagunawoodsvillage.com\/wp-content\/uploads\/2024\/09\/24010538\/Copier-1.jpg\" \/>\n\t<meta property=\"og:image:width\" content=\"1366\" \/>\n\t<meta property=\"og:image:height\" content=\"634\" \/>\n\t<meta property=\"og:image:type\" content=\"image\/jpeg\" \/>\n<meta name=\"twitter:card\" content=\"summary_large_image\" \/>\n<meta name=\"twitter:label1\" content=\"Est. reading time\" \/>\n\t<meta name=\"twitter:data1\" content=\"2 minutes\" \/>\n<script type=\"application\/ld+json\" class=\"yoast-schema-graph\">{\"@context\":\"https:\/\/schema.org\",\"@graph\":[{\"@type\":\"WebPage\",\"@id\":\"https:\/\/lagunawoodsvillage.com\/services\/copy-services\/\",\"url\":\"https:\/\/lagunawoodsvillage.com\/services\/copy-services\/\",\"name\":\"Central Services | Laguna Woods Village\",\"isPartOf\":{\"@id\":\"https:\/\/lagunawoodsvillage.com\/#website\"},\"primaryImageOfPage\":{\"@id\":\"https:\/\/lagunawoodsvillage.com\/services\/copy-services\/#primaryimage\"},\"image\":{\"@id\":\"https:\/\/lagunawoodsvillage.com\/services\/copy-services\/#primaryimage\"},\"thumbnailUrl\":\"https:\/\/attachments.lagunawoodsvillage.com\/wp-content\/uploads\/2024\/09\/24010538\/Copier-1.jpg\",\"datePublished\":\"2024-07-05T19:26:09+00:00\",\"dateModified\":\"2025-03-01T00:12:12+00:00\",\"description\":\"Copy services, including photocopying, fax, binding, laminating, mailing labels and bulk-mailing services for Village clubs and organizations.\",\"breadcrumb\":{\"@id\":\"https:\/\/lagunawoodsvillage.com\/services\/copy-services\/#breadcrumb\"},\"inLanguage\":\"es-MX\",\"potentialAction\":[{\"@type\":\"ReadAction\",\"target\":[\"https:\/\/lagunawoodsvillage.com\/services\/copy-services\/\"]}]},{\"@type\":\"ImageObject\",\"inLanguage\":\"es-MX\",\"@id\":\"https:\/\/lagunawoodsvillage.com\/services\/copy-services\/#primaryimage\",\"url\":\"https:\/\/attachments.lagunawoodsvillage.com\/wp-content\/uploads\/2024\/09\/24010538\/Copier-1.jpg\",\"contentUrl\":\"https:\/\/attachments.lagunawoodsvillage.com\/wp-content\/uploads\/2024\/09\/24010538\/Copier-1.jpg\",\"width\":1366,\"height\":634,\"caption\":\"close up of a copier for scanning printed documents\"},{\"@type\":\"BreadcrumbList\",\"@id\":\"https:\/\/lagunawoodsvillage.com\/services\/copy-services\/#breadcrumb\",\"itemListElement\":[{\"@type\":\"ListItem\",\"position\":1,\"name\":\"Home\",\"item\":\"https:\/\/lagunawoodsvillage.com\/\"},{\"@type\":\"ListItem\",\"position\":2,\"name\":\"Services\",\"item\":\"https:\/\/lagunawoodsvillage.com\/services\/\"},{\"@type\":\"ListItem\",\"position\":3,\"name\":\"Central Services\"}]},{\"@type\":\"WebSite\",\"@id\":\"https:\/\/lagunawoodsvillage.com\/#website\",\"url\":\"https:\/\/lagunawoodsvillage.com\/\",\"name\":\"Laguna Woods Village\",\"description\":\"Private Retirement Community in Orange County, California\",\"publisher\":{\"@id\":\"https:\/\/lagunawoodsvillage.com\/#organization\"},\"potentialAction\":[{\"@type\":\"SearchAction\",\"target\":{\"@type\":\"EntryPoint\",\"urlTemplate\":\"https:\/\/lagunawoodsvillage.com\/?s={search_term_string}\"},\"query-input\":{\"@type\":\"PropertyValueSpecification\",\"valueRequired\":true,\"valueName\":\"search_term_string\"}}],\"inLanguage\":\"es-MX\"},{\"@type\":\"Organization\",\"@id\":\"https:\/\/lagunawoodsvillage.com\/#organization\",\"name\":\"Laguna Woods Village\",\"url\":\"https:\/\/lagunawoodsvillage.com\/\",\"logo\":{\"@type\":\"ImageObject\",\"inLanguage\":\"es-MX\",\"@id\":\"https:\/\/lagunawoodsvillage.com\/#\/schema\/logo\/image\/\",\"url\":\"https:\/\/attachments.lagunawoodsvillage.com\/wp-content\/uploads\/2024\/06\/21232229\/laguna-woods-logo.jpg\",\"contentUrl\":\"https:\/\/attachments.lagunawoodsvillage.com\/wp-content\/uploads\/2024\/06\/21232229\/laguna-woods-logo.jpg\",\"width\":502,\"height\":266,\"caption\":\"Laguna Woods Village\"},\"image\":{\"@id\":\"https:\/\/lagunawoodsvillage.com\/#\/schema\/logo\/image\/\"},\"sameAs\":[\"https:\/\/www.facebook.com\/LagunaWoodsVillage\/\",\"https:\/\/www.youtube.com\/user\/LagunaWoodsVlg\"]}]}<\/script>\n<!-- \/ Yoast SEO plugin. -->","yoast_head_json":{"title":"Central Services | Laguna Woods Village","description":"Copy services, including photocopying, fax, binding, laminating, mailing labels and bulk-mailing services for Village clubs and organizations.","robots":{"index":"index","follow":"follow","max-snippet":"max-snippet:-1","max-image-preview":"max-image-preview:large","max-video-preview":"max-video-preview:-1"},"canonical":"https:\/\/lagunawoodsvillage.com\/es\/services\/copy-services\/","og_locale":"es_MX","og_type":"article","og_title":"Central Services | Laguna Woods Village","og_description":"Copy services, including photocopying, fax, binding, laminating, mailing labels and bulk-mailing services for Village clubs and organizations.","og_url":"https:\/\/lagunawoodsvillage.com\/es\/services\/copy-services\/","og_site_name":"Laguna Woods Village","article_publisher":"https:\/\/www.facebook.com\/LagunaWoodsVillage\/","article_modified_time":"2025-03-01T00:12:12+00:00","og_image":[{"width":1366,"height":634,"url":"https:\/\/attachments.lagunawoodsvillage.com\/wp-content\/uploads\/2024\/09\/24010538\/Copier-1.jpg","type":"image\/jpeg"}],"twitter_card":"summary_large_image","twitter_misc":{"Est. reading time":"2 minutes"},"schema":{"@context":"https:\/\/schema.org","@graph":[{"@type":"WebPage","@id":"https:\/\/lagunawoodsvillage.com\/services\/copy-services\/","url":"https:\/\/lagunawoodsvillage.com\/services\/copy-services\/","name":"Central Services | Laguna Woods Village","isPartOf":{"@id":"https:\/\/lagunawoodsvillage.com\/#website"},"primaryImageOfPage":{"@id":"https:\/\/lagunawoodsvillage.com\/services\/copy-services\/#primaryimage"},"image":{"@id":"https:\/\/lagunawoodsvillage.com\/services\/copy-services\/#primaryimage"},"thumbnailUrl":"https:\/\/attachments.lagunawoodsvillage.com\/wp-content\/uploads\/2024\/09\/24010538\/Copier-1.jpg","datePublished":"2024-07-05T19:26:09+00:00","dateModified":"2025-03-01T00:12:12+00:00","description":"Copy services, including photocopying, fax, binding, laminating, mailing labels and bulk-mailing services for Village clubs and organizations.","breadcrumb":{"@id":"https:\/\/lagunawoodsvillage.com\/services\/copy-services\/#breadcrumb"},"inLanguage":"es-MX","potentialAction":[{"@type":"ReadAction","target":["https:\/\/lagunawoodsvillage.com\/services\/copy-services\/"]}]},{"@type":"ImageObject","inLanguage":"es-MX","@id":"https:\/\/lagunawoodsvillage.com\/services\/copy-services\/#primaryimage","url":"https:\/\/attachments.lagunawoodsvillage.com\/wp-content\/uploads\/2024\/09\/24010538\/Copier-1.jpg","contentUrl":"https:\/\/attachments.lagunawoodsvillage.com\/wp-content\/uploads\/2024\/09\/24010538\/Copier-1.jpg","width":1366,"height":634,"caption":"close up of a copier for scanning printed documents"},{"@type":"BreadcrumbList","@id":"https:\/\/lagunawoodsvillage.com\/services\/copy-services\/#breadcrumb","itemListElement":[{"@type":"ListItem","position":1,"name":"Home","item":"https:\/\/lagunawoodsvillage.com\/"},{"@type":"ListItem","position":2,"name":"Services","item":"https:\/\/lagunawoodsvillage.com\/services\/"},{"@type":"ListItem","position":3,"name":"Central Services"}]},{"@type":"WebSite","@id":"https:\/\/lagunawoodsvillage.com\/#website","url":"https:\/\/lagunawoodsvillage.com\/","name":"Pueblo de Laguna Woods","description":"Comunidad de retiro privada en el condado de Orange, California","publisher":{"@id":"https:\/\/lagunawoodsvillage.com\/#organization"},"potentialAction":[{"@type":"SearchAction","target":{"@type":"EntryPoint","urlTemplate":"https:\/\/lagunawoodsvillage.com\/?s={search_term_string}"},"query-input":{"@type":"PropertyValueSpecification","valueRequired":true,"valueName":"search_term_string"}}],"inLanguage":"es-MX"},{"@type":"Organization","@id":"https:\/\/lagunawoodsvillage.com\/#organization","name":"Pueblo de Laguna Woods","url":"https:\/\/lagunawoodsvillage.com\/","logo":{"@type":"ImageObject","inLanguage":"es-MX","@id":"https:\/\/lagunawoodsvillage.com\/#\/schema\/logo\/image\/","url":"https:\/\/attachments.lagunawoodsvillage.com\/wp-content\/uploads\/2024\/06\/21232229\/laguna-woods-logo.jpg","contentUrl":"https:\/\/attachments.lagunawoodsvillage.com\/wp-content\/uploads\/2024\/06\/21232229\/laguna-woods-logo.jpg","width":502,"height":266,"caption":"Laguna Woods Village"},"image":{"@id":"https:\/\/lagunawoodsvillage.com\/#\/schema\/logo\/image\/"},"sameAs":["https:\/\/www.facebook.com\/LagunaWoodsVillage\/","https:\/\/www.youtube.com\/user\/LagunaWoodsVlg"]}]}},"publishpress_future_action":{"enabled":false,"date":"2026-04-21 04:45:00","action":"change-status","newStatus":"draft","terms":[],"taxonomy":"ep_custom_result","extraData":[]},"publishpress_future_workflow_manual_trigger":{"enabledWorkflows":[]},"_links":{"self":[{"href":"https:\/\/lagunawoodsvillage.com\/es\/wp-json\/wp\/v2\/pages\/30690","targetHints":{"allow":["GET"]}}],"collection":[{"href":"https:\/\/lagunawoodsvillage.com\/es\/wp-json\/wp\/v2\/pages"}],"about":[{"href":"https:\/\/lagunawoodsvillage.com\/es\/wp-json\/wp\/v2\/types\/page"}],"author":[{"embeddable":true,"href":"https:\/\/lagunawoodsvillage.com\/es\/wp-json\/wp\/v2\/users\/2"}],"replies":[{"embeddable":true,"href":"https:\/\/lagunawoodsvillage.com\/es\/wp-json\/wp\/v2\/comments?post=30690"}],"version-history":[{"count":37,"href":"https:\/\/lagunawoodsvillage.com\/es\/wp-json\/wp\/v2\/pages\/30690\/revisions"}],"predecessor-version":[{"id":68033,"href":"https:\/\/lagunawoodsvillage.com\/es\/wp-json\/wp\/v2\/pages\/30690\/revisions\/68033"}],"up":[{"embeddable":true,"href":"https:\/\/lagunawoodsvillage.com\/es\/wp-json\/wp\/v2\/pages\/30681"}],"wp:featuredmedia":[{"embeddable":true,"href":"https:\/\/lagunawoodsvillage.com\/es\/wp-json\/wp\/v2\/media\/40836"}],"wp:attachment":[{"href":"https:\/\/lagunawoodsvillage.com\/es\/wp-json\/wp\/v2\/media?parent=30690"}],"wp:term":[{"taxonomy":"author","embeddable":true,"href":"https:\/\/lagunawoodsvillage.com\/es\/wp-json\/wp\/v2\/ppma_author?post=30690"}],"curies":[{"name":"gracias","href":"https:\/\/api.w.org\/{rel}","templated":true}]}}