{"id":30670,"date":"2024-07-05T19:24:05","date_gmt":"2024-07-05T19:24:05","guid":{"rendered":"https:\/\/dev-laguna-woods.pantheonsite.io\/?page_id=30670"},"modified":"2024-12-12T13:59:20","modified_gmt":"2024-12-12T21:59:20","slug":"us-postal-service-unit","status":"publish","type":"page","link":"https:\/\/lagunawoodsvillage.com\/es\/facilities\/us-postal-service-unit\/","title":{"rendered":"Unidad del Servicio Postal de los Estados Unidos"},"content":{"rendered":"<div class=\"wp-block-group alignfull media-image-block has-light-beige-background-color has-background is-layout-constrained wp-block-group-is-layout-constrained\" style=\"padding-top:var(--wp--preset--spacing--80);padding-bottom:var(--wp--preset--spacing--80)\">\n<div class=\"wp-block-columns shadow is-style-no-gap image-text-no-gap is-layout-flex wp-container-core-columns-is-layout-28f84493 wp-block-columns-is-layout-flex\" style=\"border-top-left-radius:10px;border-top-right-radius:10px;border-bottom-left-radius:87px;border-bottom-right-radius:10px\">\n<div class=\"wp-block-column media-image-block__img is-layout-flow wp-block-column-is-layout-flow\" style=\"flex-basis:41%\">\n<div class=\"wp-block-group is-layout-constrained wp-block-group-is-layout-constrained has-background\" style=\"min-height:100%;background-image:url(&apos;https:\/\/attachments.lagunawoodsvillage.com\/wp-content\/uploads\/2024\/09\/23185734\/PriorityMail.jpg&apos;);background-position:65% 54%;background-size:cover;\"><\/div>\n<\/div>\n\n\n\n<div class=\"wp-block-column media-image-block__text block-text-col has-white-background-color has-background is-layout-flow wp-container-core-column-is-layout-74b672bb wp-block-column-is-layout-flow\" style=\"border-top-style:none;border-top-width:0px;border-right-style:none;border-right-width:0px;border-bottom-color:var(--wp--preset--color--accent);border-bottom-width:8px;border-left-style:none;border-left-width:0px;padding-top:var(--wp--preset--spacing--70);padding-right:var(--wp--preset--spacing--70);padding-bottom:var(--wp--preset--spacing--70);padding-left:var(--wp--preset--spacing--70);flex-basis:66.66%\">\n<h4 class=\"wp-block-heading has-text-black-color has-text-color has-link-color has-x-large-font-size wp-elements-61a2051a16f68524f82804d7d2ad178d\"><strong>Conveniencia en tu comunidad<\/strong><\/h4>\n\n\n\n<p class=\"has-body-font-size\" style=\"padding-top:0;padding-bottom:0;line-height:1.6\">\u00bfPor qu\u00e9 viajar a una sucursal m\u00e1s grande y concurrida del Servicio Postal de EE. UU. si no es necesario cuando puede realizar gran parte del negocio que har\u00eda en la unidad m\u00f3vil de USPS del Village?<br><br>Ubicada en el estacionamiento del Centro de Artes Esc\u00e9nicas\/Casa Club 3 en Avenida Sevilla 23822, esta sucursal est\u00e1 abierta de lunes a viernes de 10 am a 3:30 pm.<\/p>\n\n\n\n<div class=\"wp-block-buttons is-layout-flex wp-block-buttons-is-layout-flex\">\n<div class=\"wp-block-button is-style-primary is-style-theme-primary\"><a class=\"wp-block-button__link wp-element-button\" href=\"https:\/\/tools.usps.com\/locations\/home.htm?location=1442369\" target=\"_blank\" rel=\"noreferrer noopener\">M\u00e1s informaci\u00f3n<\/a><\/div>\n<\/div>\n<\/div>\n<\/div>\n<\/div>","protected":false},"excerpt":{"rendered":"<p>Convenience in your community Why travel to a larger, busier U.S. Postal Service branch if you don&#8217;t have to when you can conduct much of the business you would at the Village&#8217;s very own USPS mobile unit? Located in the parking lot of the Performing Arts Center\/Clubhouse 3 at at 23822 Avenida Sevilla, this branch [&hellip;]<\/p>\n","protected":false},"author":2,"featured_media":11928,"parent":30652,"menu_order":0,"comment_status":"closed","ping_status":"closed","template":"","meta":{"_acf_changed":false,"ep_exclude_from_search":false,"footnotes":""},"ppma_author":[38],"class_list":["post-30670","page","type-page","status-publish","has-post-thumbnail","hentry"],"acf":[],"yoast_head":"<!-- This site is optimized with the Yoast SEO plugin v27.1.1 - https:\/\/yoast.com\/product\/yoast-seo-wordpress\/ -->\n<title>U.S. Postal Service Unit | Laguna Woods Village<\/title>\n<meta name=\"description\" content=\"Convenience in your community Why travel to a larger, busier U.S. Postal Service branch if you don&#039;t have to when you can conduct much of the business you\" \/>\n<meta name=\"robots\" content=\"index, follow, max-snippet:-1, max-image-preview:large, max-video-preview:-1\" \/>\n<link rel=\"canonical\" href=\"https:\/\/lagunawoodsvillage.com\/es\/facilities\/us-postal-service-unit\/\" \/>\n<meta property=\"og:locale\" content=\"es_MX\" \/>\n<meta property=\"og:type\" content=\"article\" \/>\n<meta property=\"og:title\" content=\"U.S. Postal Service Unit | Laguna Woods Village\" \/>\n<meta property=\"og:description\" content=\"Convenience in your community Why travel to a larger, busier U.S. Postal Service branch if you don&#039;t have to when you can conduct much of the business you\" \/>\n<meta property=\"og:url\" content=\"https:\/\/lagunawoodsvillage.com\/es\/facilities\/us-postal-service-unit\/\" \/>\n<meta property=\"og:site_name\" content=\"Laguna Woods Village\" \/>\n<meta property=\"article:publisher\" content=\"https:\/\/www.facebook.com\/LagunaWoodsVillage\/\" \/>\n<meta property=\"article:modified_time\" content=\"2024-12-12T21:59:20+00:00\" \/>\n<meta property=\"og:image\" content=\"https:\/\/attachments.lagunawoodsvillage.com\/wp-content\/uploads\/2024\/03\/11214051\/USPS-mailbox.jpg\" \/>\n\t<meta property=\"og:image:width\" content=\"1025\" \/>\n\t<meta property=\"og:image:height\" content=\"596\" \/>\n\t<meta property=\"og:image:type\" content=\"image\/jpeg\" \/>\n<meta name=\"twitter:card\" content=\"summary_large_image\" \/>\n<meta name=\"twitter:label1\" content=\"Est. reading time\" \/>\n\t<meta name=\"twitter:data1\" content=\"1 minute\" \/>\n<script type=\"application\/ld+json\" class=\"yoast-schema-graph\">{\"@context\":\"https:\/\/schema.org\",\"@graph\":[{\"@type\":\"WebPage\",\"@id\":\"https:\/\/lagunawoodsvillage.com\/facilities\/us-postal-service-unit\/\",\"url\":\"https:\/\/lagunawoodsvillage.com\/facilities\/us-postal-service-unit\/\",\"name\":\"U.S. Postal Service Unit | Laguna Woods Village\",\"isPartOf\":{\"@id\":\"https:\/\/lagunawoodsvillage.com\/#website\"},\"primaryImageOfPage\":{\"@id\":\"https:\/\/lagunawoodsvillage.com\/facilities\/us-postal-service-unit\/#primaryimage\"},\"image\":{\"@id\":\"https:\/\/lagunawoodsvillage.com\/facilities\/us-postal-service-unit\/#primaryimage\"},\"thumbnailUrl\":\"https:\/\/attachments.lagunawoodsvillage.com\/wp-content\/uploads\/2024\/03\/25085601\/USPS-mailbox.jpg\",\"datePublished\":\"2024-07-05T19:24:05+00:00\",\"dateModified\":\"2024-12-12T21:59:20+00:00\",\"description\":\"Convenience in your community Why travel to a larger, busier U.S. Postal Service branch if you don't have to when you can conduct much of the business you\",\"breadcrumb\":{\"@id\":\"https:\/\/lagunawoodsvillage.com\/facilities\/us-postal-service-unit\/#breadcrumb\"},\"inLanguage\":\"es-MX\",\"potentialAction\":[{\"@type\":\"ReadAction\",\"target\":[\"https:\/\/lagunawoodsvillage.com\/facilities\/us-postal-service-unit\/\"]}]},{\"@type\":\"ImageObject\",\"inLanguage\":\"es-MX\",\"@id\":\"https:\/\/lagunawoodsvillage.com\/facilities\/us-postal-service-unit\/#primaryimage\",\"url\":\"https:\/\/attachments.lagunawoodsvillage.com\/wp-content\/uploads\/2024\/03\/25085601\/USPS-mailbox.jpg\",\"contentUrl\":\"https:\/\/attachments.lagunawoodsvillage.com\/wp-content\/uploads\/2024\/03\/25085601\/USPS-mailbox.jpg\",\"width\":1024,\"height\":768},{\"@type\":\"BreadcrumbList\",\"@id\":\"https:\/\/lagunawoodsvillage.com\/facilities\/us-postal-service-unit\/#breadcrumb\",\"itemListElement\":[{\"@type\":\"ListItem\",\"position\":1,\"name\":\"Home\",\"item\":\"https:\/\/lagunawoodsvillage.com\/\"},{\"@type\":\"ListItem\",\"position\":2,\"name\":\"Facilities\",\"item\":\"https:\/\/lagunawoodsvillage.com\/facilities\/\"},{\"@type\":\"ListItem\",\"position\":3,\"name\":\"U.S. Postal Service Unit\"}]},{\"@type\":\"WebSite\",\"@id\":\"https:\/\/lagunawoodsvillage.com\/#website\",\"url\":\"https:\/\/lagunawoodsvillage.com\/\",\"name\":\"Laguna Woods Village\",\"description\":\"Private Retirement Community in Orange County, California\",\"publisher\":{\"@id\":\"https:\/\/lagunawoodsvillage.com\/#organization\"},\"potentialAction\":[{\"@type\":\"SearchAction\",\"target\":{\"@type\":\"EntryPoint\",\"urlTemplate\":\"https:\/\/lagunawoodsvillage.com\/?s={search_term_string}\"},\"query-input\":{\"@type\":\"PropertyValueSpecification\",\"valueRequired\":true,\"valueName\":\"search_term_string\"}}],\"inLanguage\":\"es-MX\"},{\"@type\":\"Organization\",\"@id\":\"https:\/\/lagunawoodsvillage.com\/#organization\",\"name\":\"Laguna Woods Village\",\"url\":\"https:\/\/lagunawoodsvillage.com\/\",\"logo\":{\"@type\":\"ImageObject\",\"inLanguage\":\"es-MX\",\"@id\":\"https:\/\/lagunawoodsvillage.com\/#\/schema\/logo\/image\/\",\"url\":\"https:\/\/attachments.lagunawoodsvillage.com\/wp-content\/uploads\/2024\/06\/21232229\/laguna-woods-logo.jpg\",\"contentUrl\":\"https:\/\/attachments.lagunawoodsvillage.com\/wp-content\/uploads\/2024\/06\/21232229\/laguna-woods-logo.jpg\",\"width\":502,\"height\":266,\"caption\":\"Laguna Woods Village\"},\"image\":{\"@id\":\"https:\/\/lagunawoodsvillage.com\/#\/schema\/logo\/image\/\"},\"sameAs\":[\"https:\/\/www.facebook.com\/LagunaWoodsVillage\/\",\"https:\/\/www.youtube.com\/user\/LagunaWoodsVlg\"]}]}<\/script>\n<!-- \/ Yoast SEO plugin. -->","yoast_head_json":{"title":"Unidad del Servicio Postal de EE. UU. | Laguna Woods Village","description":"Conveniencia en su comunidad \u00bfPor qu\u00e9 viajar a una sucursal m\u00e1s grande y concurrida del Servicio Postal de EE. UU. si no es necesario cuando puede realizar gran parte del negocio que","robots":{"index":"index","follow":"follow","max-snippet":"max-snippet:-1","max-image-preview":"max-image-preview:large","max-video-preview":"max-video-preview:-1"},"canonical":"https:\/\/lagunawoodsvillage.com\/es\/facilities\/us-postal-service-unit\/","og_locale":"es_MX","og_type":"article","og_title":"U.S. Postal Service Unit | Laguna Woods Village","og_description":"Convenience in your community Why travel to a larger, busier U.S. Postal Service branch if you don't have to when you can conduct much of the business you","og_url":"https:\/\/lagunawoodsvillage.com\/es\/facilities\/us-postal-service-unit\/","og_site_name":"Laguna Woods Village","article_publisher":"https:\/\/www.facebook.com\/LagunaWoodsVillage\/","article_modified_time":"2024-12-12T21:59:20+00:00","og_image":[{"width":1025,"height":596,"url":"https:\/\/attachments.lagunawoodsvillage.com\/wp-content\/uploads\/2024\/03\/11214051\/USPS-mailbox.jpg","type":"image\/jpeg"}],"twitter_card":"summary_large_image","twitter_misc":{"Est. reading time":"1 minute"},"schema":{"@context":"https:\/\/schema.org","@graph":[{"@type":"WebPage","@id":"https:\/\/lagunawoodsvillage.com\/facilities\/us-postal-service-unit\/","url":"https:\/\/lagunawoodsvillage.com\/facilities\/us-postal-service-unit\/","name":"Unidad del Servicio Postal de EE. UU. | Laguna Woods Village","isPartOf":{"@id":"https:\/\/lagunawoodsvillage.com\/#website"},"primaryImageOfPage":{"@id":"https:\/\/lagunawoodsvillage.com\/facilities\/us-postal-service-unit\/#primaryimage"},"image":{"@id":"https:\/\/lagunawoodsvillage.com\/facilities\/us-postal-service-unit\/#primaryimage"},"thumbnailUrl":"https:\/\/attachments.lagunawoodsvillage.com\/wp-content\/uploads\/2024\/03\/25085601\/USPS-mailbox.jpg","datePublished":"2024-07-05T19:24:05+00:00","dateModified":"2024-12-12T21:59:20+00:00","description":"Conveniencia en su comunidad \u00bfPor qu\u00e9 viajar a una sucursal m\u00e1s grande y concurrida del Servicio Postal de EE. UU. si no es necesario cuando puede realizar gran parte del negocio que","breadcrumb":{"@id":"https:\/\/lagunawoodsvillage.com\/facilities\/us-postal-service-unit\/#breadcrumb"},"inLanguage":"es-MX","potentialAction":[{"@type":"ReadAction","target":["https:\/\/lagunawoodsvillage.com\/facilities\/us-postal-service-unit\/"]}]},{"@type":"ImageObject","inLanguage":"es-MX","@id":"https:\/\/lagunawoodsvillage.com\/facilities\/us-postal-service-unit\/#primaryimage","url":"https:\/\/attachments.lagunawoodsvillage.com\/wp-content\/uploads\/2024\/03\/25085601\/USPS-mailbox.jpg","contentUrl":"https:\/\/attachments.lagunawoodsvillage.com\/wp-content\/uploads\/2024\/03\/25085601\/USPS-mailbox.jpg","width":1024,"height":768},{"@type":"BreadcrumbList","@id":"https:\/\/lagunawoodsvillage.com\/facilities\/us-postal-service-unit\/#breadcrumb","itemListElement":[{"@type":"ListItem","position":1,"name":"Home","item":"https:\/\/lagunawoodsvillage.com\/"},{"@type":"ListItem","position":2,"name":"Facilities","item":"https:\/\/lagunawoodsvillage.com\/facilities\/"},{"@type":"ListItem","position":3,"name":"U.S. Postal Service Unit"}]},{"@type":"WebSite","@id":"https:\/\/lagunawoodsvillage.com\/#website","url":"https:\/\/lagunawoodsvillage.com\/","name":"Pueblo de Laguna Woods","description":"Comunidad de retiro privada en el condado de Orange, California","publisher":{"@id":"https:\/\/lagunawoodsvillage.com\/#organization"},"potentialAction":[{"@type":"SearchAction","target":{"@type":"EntryPoint","urlTemplate":"https:\/\/lagunawoodsvillage.com\/?s={search_term_string}"},"query-input":{"@type":"PropertyValueSpecification","valueRequired":true,"valueName":"search_term_string"}}],"inLanguage":"es-MX"},{"@type":"Organization","@id":"https:\/\/lagunawoodsvillage.com\/#organization","name":"Pueblo de Laguna Woods","url":"https:\/\/lagunawoodsvillage.com\/","logo":{"@type":"ImageObject","inLanguage":"es-MX","@id":"https:\/\/lagunawoodsvillage.com\/#\/schema\/logo\/image\/","url":"https:\/\/attachments.lagunawoodsvillage.com\/wp-content\/uploads\/2024\/06\/21232229\/laguna-woods-logo.jpg","contentUrl":"https:\/\/attachments.lagunawoodsvillage.com\/wp-content\/uploads\/2024\/06\/21232229\/laguna-woods-logo.jpg","width":502,"height":266,"caption":"Laguna Woods Village"},"image":{"@id":"https:\/\/lagunawoodsvillage.com\/#\/schema\/logo\/image\/"},"sameAs":["https:\/\/www.facebook.com\/LagunaWoodsVillage\/","https:\/\/www.youtube.com\/user\/LagunaWoodsVlg"]}]}},"publishpress_future_action":{"enabled":false,"date":"2026-04-21 03:24:22","action":"change-status","newStatus":"draft","terms":[],"taxonomy":"ep_custom_result","extraData":[]},"publishpress_future_workflow_manual_trigger":{"enabledWorkflows":[]},"_links":{"self":[{"href":"https:\/\/lagunawoodsvillage.com\/es\/wp-json\/wp\/v2\/pages\/30670","targetHints":{"allow":["GET"]}}],"collection":[{"href":"https:\/\/lagunawoodsvillage.com\/es\/wp-json\/wp\/v2\/pages"}],"about":[{"href":"https:\/\/lagunawoodsvillage.com\/es\/wp-json\/wp\/v2\/types\/page"}],"author":[{"embeddable":true,"href":"https:\/\/lagunawoodsvillage.com\/es\/wp-json\/wp\/v2\/users\/2"}],"replies":[{"embeddable":true,"href":"https:\/\/lagunawoodsvillage.com\/es\/wp-json\/wp\/v2\/comments?post=30670"}],"version-history":[{"count":18,"href":"https:\/\/lagunawoodsvillage.com\/es\/wp-json\/wp\/v2\/pages\/30670\/revisions"}],"predecessor-version":[{"id":63958,"href":"https:\/\/lagunawoodsvillage.com\/es\/wp-json\/wp\/v2\/pages\/30670\/revisions\/63958"}],"up":[{"embeddable":true,"href":"https:\/\/lagunawoodsvillage.com\/es\/wp-json\/wp\/v2\/pages\/30652"}],"wp:featuredmedia":[{"embeddable":true,"href":"https:\/\/lagunawoodsvillage.com\/es\/wp-json\/wp\/v2\/media\/11928"}],"wp:attachment":[{"href":"https:\/\/lagunawoodsvillage.com\/es\/wp-json\/wp\/v2\/media?parent=30670"}],"wp:term":[{"taxonomy":"author","embeddable":true,"href":"https:\/\/lagunawoodsvillage.com\/es\/wp-json\/wp\/v2\/ppma_author?post=30670"}],"curies":[{"name":"gracias","href":"https:\/\/api.w.org\/{rel}","templated":true}]}}