{"id":30669,"date":"2024-07-05T19:23:27","date_gmt":"2024-07-05T19:23:27","guid":{"rendered":"https:\/\/dev-laguna-woods.pantheonsite.io\/?page_id=30669"},"modified":"2025-11-25T13:55:49","modified_gmt":"2025-11-25T21:55:49","slug":"village-library","status":"publish","type":"page","link":"https:\/\/lagunawoodsvillage.com\/es\/about\/all-amenities\/village-library\/","title":{"rendered":"Biblioteca del pueblo"},"content":{"rendered":"<div class=\"wp-block-group is-layout-constrained wp-block-group-is-layout-constrained\" style=\"padding-top:var(--wp--preset--spacing--60);padding-bottom:var(--wp--preset--spacing--80)\">\n<div class=\"wp-block-group alignfull media-image-block has-light-beige-background-color has-background is-layout-constrained wp-block-group-is-layout-constrained\" style=\"padding-top:var(--wp--preset--spacing--50);padding-bottom:var(--wp--preset--spacing--40)\">\n<div class=\"wp-block-columns shadow is-style-no-gap image-text-no-gap is-layout-flex wp-container-core-columns-is-layout-28f84493 wp-block-columns-is-layout-flex\" style=\"border-top-left-radius:10px;border-top-right-radius:10px;border-bottom-left-radius:87px;border-bottom-right-radius:10px\">\n<div class=\"wp-block-column media-image-block__img is-layout-flow wp-block-column-is-layout-flow\" style=\"flex-basis:41%\">\n<div class=\"wp-block-group is-layout-constrained wp-block-group-is-layout-constrained has-background\" style=\"min-height:100%;background-image:url(&apos;https:\/\/attachments.lagunawoodsvillage.com\/wp-content\/uploads\/2024\/09\/24161141\/woman-holding-book-library-sized.jpg&apos;);background-position:49% 48%;background-size:cover;\"><\/div>\n<\/div>\n\n\n\n<div class=\"wp-block-column media-image-block__text block-text-col has-white-background-color has-background is-layout-flow wp-container-core-column-is-layout-74b672bb wp-block-column-is-layout-flow\" style=\"border-top-style:none;border-top-width:0px;border-right-style:none;border-right-width:0px;border-bottom-color:var(--wp--preset--color--accent);border-bottom-width:8px;border-left-style:none;border-left-width:0px;padding-top:var(--wp--preset--spacing--70);padding-right:var(--wp--preset--spacing--70);padding-bottom:var(--wp--preset--spacing--70);padding-left:var(--wp--preset--spacing--70);flex-basis:66.66%\">\n<h4 class=\"wp-block-heading has-text-black-color has-text-color has-link-color has-x-large-font-size wp-elements-56903618ae41a592cce53ea04511d0e2\"><strong>Una riqueza de conocimiento a tu alcance<\/strong><\/h4>\n\n\n\n<p class=\"has-body-font-size\" style=\"padding-top:0;padding-bottom:0;line-height:1.6\">Nuestra biblioteca comunitaria ofrece m\u00e1s de 30,000 materiales multimedia a los residentes de Village, incluyendo los \u00faltimos \u00e9xitos de ventas, libros de bolsillo y una amplia selecci\u00f3n de revistas y publicaciones peri\u00f3dicas. Muchos libros est\u00e1n disponibles en letra grande. El extenso cat\u00e1logo de la Biblioteca de Village puede consultarse en l\u00ednea a continuaci\u00f3n.<\/p>\n\n\n\n<div class=\"wp-block-buttons is-layout-flex wp-block-buttons-is-layout-flex\">\n<div class=\"wp-block-button is-style-primary is-style-theme-primary\"><a class=\"wp-block-button__link wp-element-button\" href=\"https:\/\/lagunawoods.biblionix.com\/catalog\/\" target=\"_blank\" rel=\"noreferrer noopener\">Cat\u00e1logo en l\u00ednea<\/a><\/div>\n<\/div>\n<\/div>\n<\/div>\n<\/div>\n<\/div>\n\n\n\n<div class=\"wp-block-group alignfull has-teal-background-color has-background is-layout-constrained wp-block-group-is-layout-constrained\" style=\"padding-top:var(--wp--preset--spacing--80);padding-bottom:var(--wp--preset--spacing--80)\">\n<div class=\"wp-block-columns is-layout-flex wp-container-core-columns-is-layout-28f84493 wp-block-columns-is-layout-flex\">\n<div class=\"wp-block-column is-style-equal-height has-white-background-color has-background is-layout-flow wp-block-column-is-layout-flow\" style=\"border-bottom-color:var(--wp--preset--color--purple);border-bottom-width:8px;padding-right:0;padding-left:0;box-shadow:var(--wp--preset--shadow--natural)\">\n<div class=\"wp-block-group has-white-background-color has-background is-layout-constrained wp-container-core-group-is-layout-09eb738f wp-block-group-is-layout-constrained\" style=\"padding-top:var(--wp--preset--spacing--60);padding-right:var(--wp--preset--spacing--50);padding-bottom:var(--wp--preset--spacing--60);padding-left:var(--wp--preset--spacing--50)\">\n<div class=\"wp-block-columns is-not-stacked-on-mobile is-layout-flex wp-container-core-columns-is-layout-f0342b05 wp-block-columns-is-layout-flex\" style=\"margin-top:0;margin-bottom:0\">\n<div class=\"wp-block-column is-vertically-aligned-center is-layout-flow wp-block-column-is-layout-flow\" style=\"flex-basis:21.9%\">\n<figure class=\"wp-block-image size-full is-resized\"><img loading=\"lazy\" decoding=\"async\" width=\"75\" height=\"75\" src=\"https:\/\/attachments.lagunawoodsvillage.com\/wp-content\/uploads\/2024\/08\/30173413\/LW-location-purple.png\" alt=\"\" class=\"wp-image-39344\" style=\"aspect-ratio:1;object-fit:cover;width:75px\" srcset=\"https:\/\/attachments.lagunawoodsvillage.com\/wp-content\/uploads\/2024\/08\/30173413\/LW-location-purple.png 75w, https:\/\/attachments.lagunawoodsvillage.com\/wp-content\/uploads\/2024\/08\/30173413\/LW-location-purple-50x50.png 50w, https:\/\/attachments.lagunawoodsvillage.com\/wp-content\/uploads\/2024\/08\/30173413\/LW-location-purple-12x12.png 12w\" sizes=\"auto, (max-width: 75px) 100vw, 75px\" \/><\/figure>\n<\/div>\n\n\n\n<div class=\"wp-block-column is-vertically-aligned-center is-layout-flow wp-block-column-is-layout-flow\" style=\"flex-basis:66.66%\">\n<p class=\"has-body-font-family has-x-medium-font-size\" style=\"font-style:normal;font-weight:700\">Ubicaci\u00f3n e informaci\u00f3n de contacto<\/p>\n<\/div>\n<\/div>\n\n\n\n<p class=\"has-body-font-size\"><strong><mark style=\"background-color:rgba(0, 0, 0, 0)\" class=\"has-inline-color has-purple-color\">Biblioteca del pueblo<br><\/mark><\/strong>24266 Calle Arag\u00f3n<br>Laguna Woods, CA 92637<\/p>\n\n\n\n<div class=\"wp-block-buttons is-layout-flex wp-block-buttons-is-layout-flex\">\n<div class=\"wp-block-button is-style-with-arrow\"><a class=\"wp-block-button__link wp-element-button\" href=\"https:\/\/maps.app.goo.gl\/ufEWrvHPw76wkR1U6\" target=\"_blank\" rel=\"noreferrer noopener\">Ver mapa<\/a><\/div>\n<\/div>\n\n\n\n<p class=\"has-body-font-size\"><img decoding=\"async\" class=\"wp-image-42193\" style=\"width: 16px;\" src=\"https:\/\/attachments.lagunawoodsvillage.com\/wp-content\/uploads\/2024\/10\/02202111\/LW-Icons_phone_orange.svg\" alt=\"\"> <a href=\"tel:949-597-4274\"><strong>949-597-4274<\/strong><\/a><br><img loading=\"lazy\" decoding=\"async\" width=\"17\" height=\"17\" class=\"wp-image-39291\" style=\"width: 17px;\" src=\"https:\/\/attachments.lagunawoodsvillage.com\/wp-content\/uploads\/2024\/08\/28203954\/AdobeStock_mail-icon-orange-1.jpg\" alt=\"\" srcset=\"https:\/\/attachments.lagunawoodsvillage.com\/wp-content\/uploads\/2024\/08\/28203954\/AdobeStock_mail-icon-orange-1.jpg 1579w, https:\/\/attachments.lagunawoodsvillage.com\/wp-content\/uploads\/2024\/08\/28203954\/AdobeStock_mail-icon-orange-1-300x300.jpg 300w, https:\/\/attachments.lagunawoodsvillage.com\/wp-content\/uploads\/2024\/08\/28203954\/AdobeStock_mail-icon-orange-1-1024x1024.jpg 1024w, https:\/\/attachments.lagunawoodsvillage.com\/wp-content\/uploads\/2024\/08\/28203954\/AdobeStock_mail-icon-orange-1-150x150.jpg 150w, https:\/\/attachments.lagunawoodsvillage.com\/wp-content\/uploads\/2024\/08\/28203954\/AdobeStock_mail-icon-orange-1-768x768.jpg 768w, https:\/\/attachments.lagunawoodsvillage.com\/wp-content\/uploads\/2024\/08\/28203954\/AdobeStock_mail-icon-orange-1-50x50.jpg 50w, https:\/\/attachments.lagunawoodsvillage.com\/wp-content\/uploads\/2024\/08\/28203954\/AdobeStock_mail-icon-orange-1-800x800.jpg 800w, https:\/\/attachments.lagunawoodsvillage.com\/wp-content\/uploads\/2024\/08\/28203954\/AdobeStock_mail-icon-orange-1-1536x1536.jpg 1536w, https:\/\/attachments.lagunawoodsvillage.com\/wp-content\/uploads\/2024\/08\/28203954\/AdobeStock_mail-icon-orange-1-12x12.jpg 12w\" sizes=\"auto, (max-width: 17px) 100vw, 17px\" \/> <a href=\"mailto:lwvillagelibrary@yahoo.com\" target=\"_blank\" rel=\"noreferrer noopener\"><strong>lwvillagelibrary@yahoo.com<\/strong><\/a><\/p>\n<\/div>\n<\/div>\n\n\n\n<div class=\"wp-block-column is-style-equal-height has-white-background-color has-background is-layout-flow wp-block-column-is-layout-flow\" style=\"border-bottom-color:var(--wp--preset--color--beige);border-bottom-width:8px;padding-right:0;padding-left:0;box-shadow:var(--wp--preset--shadow--natural)\">\n<div class=\"wp-block-group has-white-background-color has-background is-layout-constrained wp-container-core-group-is-layout-09eb738f wp-block-group-is-layout-constrained\" style=\"padding-top:var(--wp--preset--spacing--60);padding-right:var(--wp--preset--spacing--50);padding-bottom:var(--wp--preset--spacing--60);padding-left:var(--wp--preset--spacing--50)\">\n<div class=\"wp-block-columns is-not-stacked-on-mobile is-layout-flex wp-container-core-columns-is-layout-f0342b05 wp-block-columns-is-layout-flex\" style=\"margin-top:0;margin-bottom:0\">\n<div class=\"wp-block-column is-vertically-aligned-center is-layout-flow wp-block-column-is-layout-flow\" style=\"flex-basis:21.9%\">\n<figure class=\"wp-block-image size-full is-resized\"><img loading=\"lazy\" decoding=\"async\" width=\"75\" height=\"75\" src=\"https:\/\/attachments.lagunawoodsvillage.com\/wp-content\/uploads\/2024\/08\/30173351\/LW-clock-yellow.png\" alt=\"\" class=\"wp-image-39329\" style=\"aspect-ratio:1;object-fit:cover;width:75px\" srcset=\"https:\/\/attachments.lagunawoodsvillage.com\/wp-content\/uploads\/2024\/08\/30173351\/LW-clock-yellow.png 75w, https:\/\/attachments.lagunawoodsvillage.com\/wp-content\/uploads\/2024\/08\/30173351\/LW-clock-yellow-50x50.png 50w, https:\/\/attachments.lagunawoodsvillage.com\/wp-content\/uploads\/2024\/08\/30173351\/LW-clock-yellow-12x12.png 12w\" sizes=\"auto, (max-width: 75px) 100vw, 75px\" \/><\/figure>\n<\/div>\n\n\n\n<div class=\"wp-block-column is-vertically-aligned-center is-layout-flow wp-block-column-is-layout-flow\" style=\"flex-basis:66.66%\">\n<p class=\"has-body-font-family has-x-medium-font-size\" style=\"font-style:normal;font-weight:700\">Horas<\/p>\n<\/div>\n<\/div>\n\n\n\n<p class=\"has-body-font-size\">Lunes \u2013 Viernes 10 am \u2013 4 pm<br>S\u00e1bado 10 am \u2013 1 pm<\/p>\n<\/div>\n<\/div>\n\n\n\n<div class=\"wp-block-column is-style-equal-height has-white-background-color has-background is-layout-flow wp-block-column-is-layout-flow\" style=\"border-bottom-color:var(--wp--preset--color--accent);border-bottom-width:8px;padding-right:0;padding-left:0;box-shadow:var(--wp--preset--shadow--natural)\">\n<div class=\"wp-block-group has-white-background-color has-background is-layout-constrained wp-container-core-group-is-layout-09eb738f wp-block-group-is-layout-constrained\" style=\"padding-top:var(--wp--preset--spacing--60);padding-right:var(--wp--preset--spacing--50);padding-bottom:var(--wp--preset--spacing--60);padding-left:var(--wp--preset--spacing--50)\">\n<div class=\"wp-block-columns is-not-stacked-on-mobile is-layout-flex wp-container-core-columns-is-layout-f0342b05 wp-block-columns-is-layout-flex\" style=\"margin-top:0;margin-bottom:0\">\n<div class=\"wp-block-column is-vertically-aligned-center is-layout-flow wp-block-column-is-layout-flow\" style=\"flex-basis:21.9%\">\n<figure class=\"wp-block-image size-full is-resized\"><img loading=\"lazy\" decoding=\"async\" width=\"75\" height=\"75\" src=\"https:\/\/attachments.lagunawoodsvillage.com\/wp-content\/uploads\/2024\/08\/30173424\/LW-people-orange.png\" alt=\"\" class=\"wp-image-39351\" style=\"aspect-ratio:1;object-fit:cover;width:75px\" srcset=\"https:\/\/attachments.lagunawoodsvillage.com\/wp-content\/uploads\/2024\/08\/30173424\/LW-people-orange.png 75w, https:\/\/attachments.lagunawoodsvillage.com\/wp-content\/uploads\/2024\/08\/30173424\/LW-people-orange-50x50.png 50w, https:\/\/attachments.lagunawoodsvillage.com\/wp-content\/uploads\/2024\/08\/30173424\/LW-people-orange-12x12.png 12w\" sizes=\"auto, (max-width: 75px) 100vw, 75px\" \/><\/figure>\n<\/div>\n\n\n\n<div class=\"wp-block-column is-vertically-aligned-center is-layout-flow wp-block-column-is-layout-flow\" style=\"flex-basis:66.66%\">\n<p class=\"has-body-font-family has-x-medium-font-size\" style=\"font-style:normal;font-weight:700\">Clubes de lectura<\/p>\n<\/div>\n<\/div>\n\n\n\n<p class=\"has-body-font-size\">Los voluntarios de la Biblioteca del Pueblo organizan tres clubes de lectura. Cada uno se re\u00fane una vez al mes a las 18:00 h en el \u00e1rea de lectura de la biblioteca. Todos son bienvenidos a asistir a cualquiera de las reuniones. Incluso si no han tenido la oportunidad de leer el libro, vengan y escuchen. \u00dananse a nosotros en una o m\u00e1s de las siguientes tardes:<\/p>\n\n\n\n<ul class=\"wp-block-list\">\n<li class=\"has-body-font-size\">El segundo lunes<\/li>\n\n\n\n<li class=\"has-body-font-size\">El tercer martes<\/li>\n\n\n\n<li class=\"has-body-font-size\">El cuarto mi\u00e9rcoles<\/li>\n<\/ul>\n<\/div>\n<\/div>\n<\/div>\n<\/div>","protected":false},"excerpt":{"rendered":"<p>A wealth of knowledge at your fingertips Our community library offers more than 30,000 multi-media items to Village residents, including the latest best-sellers, paperbacks and a large selection of magazines and periodicals. Many books are available in large print. The extensive Village Library catalog can be viewed online below. Location and contact information Village Library24266 [&hellip;]<\/p>\n","protected":false},"author":2,"featured_media":40847,"parent":30619,"menu_order":0,"comment_status":"closed","ping_status":"closed","template":"","meta":{"_acf_changed":false,"ep_exclude_from_search":false,"footnotes":""},"ppma_author":[38],"class_list":["post-30669","page","type-page","status-publish","has-post-thumbnail","hentry"],"acf":[],"yoast_head":"<!-- This site is optimized with the Yoast SEO plugin v27.1.1 - https:\/\/yoast.com\/product\/yoast-seo-wordpress\/ -->\n<title>Village Library | Laguna Woods Village<\/title>\n<meta name=\"description\" content=\"A wealth of knowledge at your fingertips Our community library offers more than 30,000 multi-media items to Village residents, including the latest\" \/>\n<meta name=\"robots\" content=\"index, follow, max-snippet:-1, max-image-preview:large, max-video-preview:-1\" \/>\n<link rel=\"canonical\" href=\"https:\/\/lagunawoodsvillage.com\/es\/about\/all-amenities\/village-library\/\" \/>\n<meta property=\"og:locale\" content=\"es_MX\" \/>\n<meta property=\"og:type\" content=\"article\" \/>\n<meta property=\"og:title\" content=\"Village Library | Laguna Woods Village\" \/>\n<meta property=\"og:description\" content=\"A wealth of knowledge at your fingertips Our community library offers more than 30,000 multi-media items to Village residents, including the latest\" \/>\n<meta property=\"og:url\" content=\"https:\/\/lagunawoodsvillage.com\/es\/about\/all-amenities\/village-library\/\" \/>\n<meta property=\"og:site_name\" content=\"Laguna Woods Village\" \/>\n<meta property=\"article:publisher\" content=\"https:\/\/www.facebook.com\/LagunaWoodsVillage\/\" \/>\n<meta property=\"article:modified_time\" content=\"2025-11-25T21:55:49+00:00\" \/>\n<meta property=\"og:image\" content=\"https:\/\/attachments.lagunawoodsvillage.com\/wp-content\/uploads\/2024\/09\/24160735\/AdobeStock_library-books-banner-sized.jpg\" \/>\n\t<meta property=\"og:image:width\" content=\"1920\" \/>\n\t<meta property=\"og:image:height\" content=\"723\" \/>\n\t<meta property=\"og:image:type\" content=\"image\/jpeg\" \/>\n<meta name=\"twitter:card\" content=\"summary_large_image\" \/>\n<meta name=\"twitter:label1\" content=\"Est. reading time\" \/>\n\t<meta name=\"twitter:data1\" content=\"2 minutes\" \/>\n<script type=\"application\/ld+json\" class=\"yoast-schema-graph\">{\"@context\":\"https:\/\/schema.org\",\"@graph\":[{\"@type\":\"WebPage\",\"@id\":\"https:\/\/lagunawoodsvillage.com\/about\/all-amenities\/village-library\/\",\"url\":\"https:\/\/lagunawoodsvillage.com\/about\/all-amenities\/village-library\/\",\"name\":\"Village Library | Laguna Woods Village\",\"isPartOf\":{\"@id\":\"https:\/\/lagunawoodsvillage.com\/#website\"},\"primaryImageOfPage\":{\"@id\":\"https:\/\/lagunawoodsvillage.com\/about\/all-amenities\/village-library\/#primaryimage\"},\"image\":{\"@id\":\"https:\/\/lagunawoodsvillage.com\/about\/all-amenities\/village-library\/#primaryimage\"},\"thumbnailUrl\":\"https:\/\/attachments.lagunawoodsvillage.com\/wp-content\/uploads\/2024\/09\/24160735\/AdobeStock_library-books-banner-sized.jpg\",\"datePublished\":\"2024-07-05T19:23:27+00:00\",\"dateModified\":\"2025-11-25T21:55:49+00:00\",\"description\":\"A wealth of knowledge at your fingertips Our community library offers more than 30,000 multi-media items to Village residents, including the latest\",\"breadcrumb\":{\"@id\":\"https:\/\/lagunawoodsvillage.com\/about\/all-amenities\/village-library\/#breadcrumb\"},\"inLanguage\":\"es-MX\",\"potentialAction\":[{\"@type\":\"ReadAction\",\"target\":[\"https:\/\/lagunawoodsvillage.com\/about\/all-amenities\/village-library\/\"]}]},{\"@type\":\"ImageObject\",\"inLanguage\":\"es-MX\",\"@id\":\"https:\/\/lagunawoodsvillage.com\/about\/all-amenities\/village-library\/#primaryimage\",\"url\":\"https:\/\/attachments.lagunawoodsvillage.com\/wp-content\/uploads\/2024\/09\/24160735\/AdobeStock_library-books-banner-sized.jpg\",\"contentUrl\":\"https:\/\/attachments.lagunawoodsvillage.com\/wp-content\/uploads\/2024\/09\/24160735\/AdobeStock_library-books-banner-sized.jpg\",\"width\":1920,\"height\":723},{\"@type\":\"BreadcrumbList\",\"@id\":\"https:\/\/lagunawoodsvillage.com\/about\/all-amenities\/village-library\/#breadcrumb\",\"itemListElement\":[{\"@type\":\"ListItem\",\"position\":1,\"name\":\"Home\",\"item\":\"https:\/\/lagunawoodsvillage.com\/\"},{\"@type\":\"ListItem\",\"position\":2,\"name\":\"About\",\"item\":\"https:\/\/lagunawoodsvillage.com\/about\/\"},{\"@type\":\"ListItem\",\"position\":3,\"name\":\"All Amenities\",\"item\":\"https:\/\/lagunawoodsvillage.com\/about\/all-amenities\/\"},{\"@type\":\"ListItem\",\"position\":4,\"name\":\"Village Library\"}]},{\"@type\":\"WebSite\",\"@id\":\"https:\/\/lagunawoodsvillage.com\/#website\",\"url\":\"https:\/\/lagunawoodsvillage.com\/\",\"name\":\"Laguna Woods Village\",\"description\":\"Private Retirement Community in Orange County, California\",\"publisher\":{\"@id\":\"https:\/\/lagunawoodsvillage.com\/#organization\"},\"potentialAction\":[{\"@type\":\"SearchAction\",\"target\":{\"@type\":\"EntryPoint\",\"urlTemplate\":\"https:\/\/lagunawoodsvillage.com\/?s={search_term_string}\"},\"query-input\":{\"@type\":\"PropertyValueSpecification\",\"valueRequired\":true,\"valueName\":\"search_term_string\"}}],\"inLanguage\":\"es-MX\"},{\"@type\":\"Organization\",\"@id\":\"https:\/\/lagunawoodsvillage.com\/#organization\",\"name\":\"Laguna Woods Village\",\"url\":\"https:\/\/lagunawoodsvillage.com\/\",\"logo\":{\"@type\":\"ImageObject\",\"inLanguage\":\"es-MX\",\"@id\":\"https:\/\/lagunawoodsvillage.com\/#\/schema\/logo\/image\/\",\"url\":\"https:\/\/attachments.lagunawoodsvillage.com\/wp-content\/uploads\/2024\/06\/21232229\/laguna-woods-logo.jpg\",\"contentUrl\":\"https:\/\/attachments.lagunawoodsvillage.com\/wp-content\/uploads\/2024\/06\/21232229\/laguna-woods-logo.jpg\",\"width\":502,\"height\":266,\"caption\":\"Laguna Woods Village\"},\"image\":{\"@id\":\"https:\/\/lagunawoodsvillage.com\/#\/schema\/logo\/image\/\"},\"sameAs\":[\"https:\/\/www.facebook.com\/LagunaWoodsVillage\/\",\"https:\/\/www.youtube.com\/user\/LagunaWoodsVlg\"]}]}<\/script>\n<!-- \/ Yoast SEO plugin. -->","yoast_head_json":{"title":"Village Library | Laguna Woods Village","description":"A wealth of knowledge at your fingertips Our community library offers more than 30,000 multi-media items to Village residents, including the latest","robots":{"index":"index","follow":"follow","max-snippet":"max-snippet:-1","max-image-preview":"max-image-preview:large","max-video-preview":"max-video-preview:-1"},"canonical":"https:\/\/lagunawoodsvillage.com\/es\/about\/all-amenities\/village-library\/","og_locale":"es_MX","og_type":"article","og_title":"Village Library | Laguna Woods Village","og_description":"A wealth of knowledge at your fingertips Our community library offers more than 30,000 multi-media items to Village residents, including the latest","og_url":"https:\/\/lagunawoodsvillage.com\/es\/about\/all-amenities\/village-library\/","og_site_name":"Laguna Woods Village","article_publisher":"https:\/\/www.facebook.com\/LagunaWoodsVillage\/","article_modified_time":"2025-11-25T21:55:49+00:00","og_image":[{"width":1920,"height":723,"url":"https:\/\/attachments.lagunawoodsvillage.com\/wp-content\/uploads\/2024\/09\/24160735\/AdobeStock_library-books-banner-sized.jpg","type":"image\/jpeg"}],"twitter_card":"summary_large_image","twitter_misc":{"Est. reading time":"2 minutes"},"schema":{"@context":"https:\/\/schema.org","@graph":[{"@type":"WebPage","@id":"https:\/\/lagunawoodsvillage.com\/about\/all-amenities\/village-library\/","url":"https:\/\/lagunawoodsvillage.com\/about\/all-amenities\/village-library\/","name":"Village Library | Laguna Woods Village","isPartOf":{"@id":"https:\/\/lagunawoodsvillage.com\/#website"},"primaryImageOfPage":{"@id":"https:\/\/lagunawoodsvillage.com\/about\/all-amenities\/village-library\/#primaryimage"},"image":{"@id":"https:\/\/lagunawoodsvillage.com\/about\/all-amenities\/village-library\/#primaryimage"},"thumbnailUrl":"https:\/\/attachments.lagunawoodsvillage.com\/wp-content\/uploads\/2024\/09\/24160735\/AdobeStock_library-books-banner-sized.jpg","datePublished":"2024-07-05T19:23:27+00:00","dateModified":"2025-11-25T21:55:49+00:00","description":"A wealth of knowledge at your fingertips Our community library offers more than 30,000 multi-media items to Village residents, including the latest","breadcrumb":{"@id":"https:\/\/lagunawoodsvillage.com\/about\/all-amenities\/village-library\/#breadcrumb"},"inLanguage":"es-MX","potentialAction":[{"@type":"ReadAction","target":["https:\/\/lagunawoodsvillage.com\/about\/all-amenities\/village-library\/"]}]},{"@type":"ImageObject","inLanguage":"es-MX","@id":"https:\/\/lagunawoodsvillage.com\/about\/all-amenities\/village-library\/#primaryimage","url":"https:\/\/attachments.lagunawoodsvillage.com\/wp-content\/uploads\/2024\/09\/24160735\/AdobeStock_library-books-banner-sized.jpg","contentUrl":"https:\/\/attachments.lagunawoodsvillage.com\/wp-content\/uploads\/2024\/09\/24160735\/AdobeStock_library-books-banner-sized.jpg","width":1920,"height":723},{"@type":"BreadcrumbList","@id":"https:\/\/lagunawoodsvillage.com\/about\/all-amenities\/village-library\/#breadcrumb","itemListElement":[{"@type":"ListItem","position":1,"name":"Home","item":"https:\/\/lagunawoodsvillage.com\/"},{"@type":"ListItem","position":2,"name":"About","item":"https:\/\/lagunawoodsvillage.com\/about\/"},{"@type":"ListItem","position":3,"name":"All Amenities","item":"https:\/\/lagunawoodsvillage.com\/about\/all-amenities\/"},{"@type":"ListItem","position":4,"name":"Village Library"}]},{"@type":"WebSite","@id":"https:\/\/lagunawoodsvillage.com\/#website","url":"https:\/\/lagunawoodsvillage.com\/","name":"Pueblo de Laguna Woods","description":"Comunidad de retiro privada en el condado de Orange, California","publisher":{"@id":"https:\/\/lagunawoodsvillage.com\/#organization"},"potentialAction":[{"@type":"SearchAction","target":{"@type":"EntryPoint","urlTemplate":"https:\/\/lagunawoodsvillage.com\/?s={search_term_string}"},"query-input":{"@type":"PropertyValueSpecification","valueRequired":true,"valueName":"search_term_string"}}],"inLanguage":"es-MX"},{"@type":"Organization","@id":"https:\/\/lagunawoodsvillage.com\/#organization","name":"Pueblo de Laguna Woods","url":"https:\/\/lagunawoodsvillage.com\/","logo":{"@type":"ImageObject","inLanguage":"es-MX","@id":"https:\/\/lagunawoodsvillage.com\/#\/schema\/logo\/image\/","url":"https:\/\/attachments.lagunawoodsvillage.com\/wp-content\/uploads\/2024\/06\/21232229\/laguna-woods-logo.jpg","contentUrl":"https:\/\/attachments.lagunawoodsvillage.com\/wp-content\/uploads\/2024\/06\/21232229\/laguna-woods-logo.jpg","width":502,"height":266,"caption":"Laguna Woods Village"},"image":{"@id":"https:\/\/lagunawoodsvillage.com\/#\/schema\/logo\/image\/"},"sameAs":["https:\/\/www.facebook.com\/LagunaWoodsVillage\/","https:\/\/www.youtube.com\/user\/LagunaWoodsVlg"]}]}},"publishpress_future_action":{"enabled":false,"date":"2026-04-18 00:44:03","action":"change-status","newStatus":"draft","terms":[],"taxonomy":"ep_custom_result","extraData":[]},"publishpress_future_workflow_manual_trigger":{"enabledWorkflows":[]},"_links":{"self":[{"href":"https:\/\/lagunawoodsvillage.com\/es\/wp-json\/wp\/v2\/pages\/30669","targetHints":{"allow":["GET"]}}],"collection":[{"href":"https:\/\/lagunawoodsvillage.com\/es\/wp-json\/wp\/v2\/pages"}],"about":[{"href":"https:\/\/lagunawoodsvillage.com\/es\/wp-json\/wp\/v2\/types\/page"}],"author":[{"embeddable":true,"href":"https:\/\/lagunawoodsvillage.com\/es\/wp-json\/wp\/v2\/users\/2"}],"replies":[{"embeddable":true,"href":"https:\/\/lagunawoodsvillage.com\/es\/wp-json\/wp\/v2\/comments?post=30669"}],"version-history":[{"count":17,"href":"https:\/\/lagunawoodsvillage.com\/es\/wp-json\/wp\/v2\/pages\/30669\/revisions"}],"predecessor-version":[{"id":78451,"href":"https:\/\/lagunawoodsvillage.com\/es\/wp-json\/wp\/v2\/pages\/30669\/revisions\/78451"}],"up":[{"embeddable":true,"href":"https:\/\/lagunawoodsvillage.com\/es\/wp-json\/wp\/v2\/pages\/30619"}],"wp:featuredmedia":[{"embeddable":true,"href":"https:\/\/lagunawoodsvillage.com\/es\/wp-json\/wp\/v2\/media\/40847"}],"wp:attachment":[{"href":"https:\/\/lagunawoodsvillage.com\/es\/wp-json\/wp\/v2\/media?parent=30669"}],"wp:term":[{"taxonomy":"author","embeddable":true,"href":"https:\/\/lagunawoodsvillage.com\/es\/wp-json\/wp\/v2\/ppma_author?post=30669"}],"curies":[{"name":"gracias","href":"https:\/\/api.w.org\/{rel}","templated":true}]}}