{"id":30649,"date":"2024-07-05T19:18:03","date_gmt":"2024-07-05T19:18:03","guid":{"rendered":"https:\/\/dev-laguna-woods.pantheonsite.io\/?page_id=30649"},"modified":"2024-10-17T01:08:06","modified_gmt":"2024-10-17T01:08:06","slug":"about","status":"publish","type":"page","link":"https:\/\/lagunawoodsvillage.com\/es\/about\/","title":{"rendered":"Acerca de"},"content":{"rendered":"<div class=\"wp-block-group alignfull is-style-default has-light-beige-background-color has-background is-layout-constrained wp-block-group-is-layout-constrained\" style=\"padding-top:var(--wp--preset--spacing--70);padding-bottom:var(--wp--preset--spacing--70)\">\n<div class=\"wp-block-columns shadow is-style-default is-layout-flex wp-container-core-columns-is-layout-28f84493 wp-block-columns-is-layout-flex\" style=\"border-top-left-radius:10px;border-top-right-radius:10px;border-bottom-left-radius:10px;border-bottom-right-radius:87px\">\n<div class=\"wp-block-column is-style-radius block-text-col has-white-background-color has-background is-layout-flow wp-container-core-column-is-layout-b228a0dd wp-block-column-is-layout-flow\" style=\"border-top-style:none;border-top-width:0px;border-right-style:none;border-right-width:0px;border-bottom-color:var(--wp--preset--color--accent);border-bottom-width:4px;border-left-style:none;border-left-width:0px;padding-top:var(--wp--preset--spacing--50);padding-right:var(--wp--preset--spacing--70);padding-bottom:var(--wp--preset--spacing--50);padding-left:var(--wp--preset--spacing--70)\">\n<p>Bienvenido a Laguna Woods Village, una de las comunidades m\u00e1s vibrantes, activas y enfocadas en la recreaci\u00f3n del pa\u00eds, que se encuentra a solo 10 minutos de las pintorescas costas de Laguna Beach, California.<\/p>\n\n\n\n<p>Laguna Woods Village abri\u00f3 sus puertas por primera vez en una zona no incorporada del Condado de Orange el 10 de septiembre de 1964. En seis meses, casi 900 familias se hab\u00edan mudado a la que pronto ser\u00eda la comunidad cerrada y con restricci\u00f3n de edad m\u00e1s grande del pa\u00eds. Hoy en d\u00eda, m\u00e1s de 18,600 adultos activos residen en la comunidad. La ciudad de Laguna Woods se constituy\u00f3 el 24 de marzo de 1999, y m\u00e1s del 90% de su poblaci\u00f3n reside en la comunidad.<\/p>\n\n\n\n<p>Nuestras inigualables comodidades estilo resort, dise\u00f1adas para revitalizar cuerpo, mente y esp\u00edritu, incluyen dos campos de golf profesionales, diez canchas de tenis, siete canchas de pickleball, cinco piscinas, cuatro piscinas termales, tres gimnasios, un centro ecuestre y mucho m\u00e1s. Adem\u00e1s, \u00a1m\u00e1s de 250 clubes activos ofrecen amplias oportunidades para conectar y prosperar!<\/p>\n\n\n\n<p>Laguna Woods Village es la comunidad privada m\u00e1s prestigiosa de la Costa Oeste en el Condado de Orange, California. No es de extra\u00f1ar que nuestra comunidad haya sido elegida como la Mejor Residencia para Personas Mayores por el Registro del Condado de Orange. \u00a1Ven a celebrar nuestros 255 d\u00edas de sol y 2100 acres de ondulantes laderas a solo 10 minutos de Laguna Beach y vive al m\u00e1ximo!<\/p>\n<\/div>\n<\/div>\n<\/div>","protected":false},"excerpt":{"rendered":"<p>Welcome to Laguna Woods Village, one of the most vibrant, active and recreation-focused communities in the country that is just a breezy 10 minutes from the picturesque shores of Laguna Beach, California. Laguna Woods Village first opened its gates in an unincorporated area of Orange County on September 10, 1964. Within six months, nearly 900 [&hellip;]<\/p>\n","protected":false},"author":2,"featured_media":0,"parent":0,"menu_order":0,"comment_status":"closed","ping_status":"closed","template":"","meta":{"_acf_changed":false,"ep_exclude_from_search":false,"footnotes":""},"ppma_author":[38],"class_list":["post-30649","page","type-page","status-publish","hentry"],"acf":[],"yoast_head":"<!-- This site is optimized with the Yoast SEO plugin v27.1.1 - https:\/\/yoast.com\/product\/yoast-seo-wordpress\/ -->\n<title>About | Laguna Woods Village<\/title>\n<meta name=\"description\" content=\"Welcome to Laguna Woods Village, one of the most vibrant, active and recreation-focused communities in the country that is just a breezy 10 minutes from\" \/>\n<meta name=\"robots\" content=\"index, follow, max-snippet:-1, max-image-preview:large, max-video-preview:-1\" \/>\n<link rel=\"canonical\" href=\"https:\/\/lagunawoodsvillage.com\/es\/about\/\" \/>\n<meta property=\"og:locale\" content=\"es_MX\" \/>\n<meta property=\"og:type\" content=\"article\" \/>\n<meta property=\"og:title\" content=\"About | Laguna Woods Village\" \/>\n<meta property=\"og:description\" content=\"Welcome to Laguna Woods Village, one of the most vibrant, active and recreation-focused communities in the country that is just a breezy 10 minutes from\" \/>\n<meta property=\"og:url\" content=\"https:\/\/lagunawoodsvillage.com\/es\/about\/\" \/>\n<meta property=\"og:site_name\" content=\"Laguna Woods Village\" \/>\n<meta property=\"article:publisher\" content=\"https:\/\/www.facebook.com\/LagunaWoodsVillage\/\" \/>\n<meta property=\"article:modified_time\" content=\"2024-10-17T01:08:06+00:00\" \/>\n<meta property=\"og:image\" content=\"https:\/\/attachments.lagunawoodsvillage.com\/wp-content\/uploads\/2024\/06\/26175354\/2c5053c2b1c58b7e3c7faae3205bbe3e.jpeg\" \/>\n\t<meta property=\"og:image:width\" content=\"1024\" \/>\n\t<meta property=\"og:image:height\" content=\"614\" \/>\n\t<meta property=\"og:image:type\" content=\"image\/jpeg\" \/>\n<meta name=\"twitter:card\" content=\"summary_large_image\" \/>\n<meta name=\"twitter:label1\" content=\"Est. reading time\" \/>\n\t<meta name=\"twitter:data1\" content=\"1 minute\" \/>\n<script type=\"application\/ld+json\" class=\"yoast-schema-graph\">{\"@context\":\"https:\/\/schema.org\",\"@graph\":[{\"@type\":\"WebPage\",\"@id\":\"https:\/\/lagunawoodsvillage.com\/about\/\",\"url\":\"https:\/\/lagunawoodsvillage.com\/about\/\",\"name\":\"About | Laguna Woods Village\",\"isPartOf\":{\"@id\":\"https:\/\/lagunawoodsvillage.com\/#website\"},\"datePublished\":\"2024-07-05T19:18:03+00:00\",\"dateModified\":\"2024-10-17T01:08:06+00:00\",\"description\":\"Welcome to Laguna Woods Village, one of the most vibrant, active and recreation-focused communities in the country that is just a breezy 10 minutes from\",\"breadcrumb\":{\"@id\":\"https:\/\/lagunawoodsvillage.com\/about\/#breadcrumb\"},\"inLanguage\":\"es-MX\",\"potentialAction\":[{\"@type\":\"ReadAction\",\"target\":[\"https:\/\/lagunawoodsvillage.com\/about\/\"]}]},{\"@type\":\"BreadcrumbList\",\"@id\":\"https:\/\/lagunawoodsvillage.com\/about\/#breadcrumb\",\"itemListElement\":[{\"@type\":\"ListItem\",\"position\":1,\"name\":\"Home\",\"item\":\"https:\/\/lagunawoodsvillage.com\/\"},{\"@type\":\"ListItem\",\"position\":2,\"name\":\"About\"}]},{\"@type\":\"WebSite\",\"@id\":\"https:\/\/lagunawoodsvillage.com\/#website\",\"url\":\"https:\/\/lagunawoodsvillage.com\/\",\"name\":\"Laguna Woods Village\",\"description\":\"Private Retirement Community in Orange County, California\",\"publisher\":{\"@id\":\"https:\/\/lagunawoodsvillage.com\/#organization\"},\"potentialAction\":[{\"@type\":\"SearchAction\",\"target\":{\"@type\":\"EntryPoint\",\"urlTemplate\":\"https:\/\/lagunawoodsvillage.com\/?s={search_term_string}\"},\"query-input\":{\"@type\":\"PropertyValueSpecification\",\"valueRequired\":true,\"valueName\":\"search_term_string\"}}],\"inLanguage\":\"es-MX\"},{\"@type\":\"Organization\",\"@id\":\"https:\/\/lagunawoodsvillage.com\/#organization\",\"name\":\"Laguna Woods Village\",\"url\":\"https:\/\/lagunawoodsvillage.com\/\",\"logo\":{\"@type\":\"ImageObject\",\"inLanguage\":\"es-MX\",\"@id\":\"https:\/\/lagunawoodsvillage.com\/#\/schema\/logo\/image\/\",\"url\":\"https:\/\/attachments.lagunawoodsvillage.com\/wp-content\/uploads\/2024\/06\/21232229\/laguna-woods-logo.jpg\",\"contentUrl\":\"https:\/\/attachments.lagunawoodsvillage.com\/wp-content\/uploads\/2024\/06\/21232229\/laguna-woods-logo.jpg\",\"width\":502,\"height\":266,\"caption\":\"Laguna Woods Village\"},\"image\":{\"@id\":\"https:\/\/lagunawoodsvillage.com\/#\/schema\/logo\/image\/\"},\"sameAs\":[\"https:\/\/www.facebook.com\/LagunaWoodsVillage\/\",\"https:\/\/www.youtube.com\/user\/LagunaWoodsVlg\"]}]}<\/script>\n<!-- \/ Yoast SEO plugin. -->","yoast_head_json":{"title":"About | Laguna Woods Village","description":"Welcome to Laguna Woods Village, one of the most vibrant, active and recreation-focused communities in the country that is just a breezy 10 minutes from","robots":{"index":"index","follow":"follow","max-snippet":"max-snippet:-1","max-image-preview":"max-image-preview:large","max-video-preview":"max-video-preview:-1"},"canonical":"https:\/\/lagunawoodsvillage.com\/es\/about\/","og_locale":"es_MX","og_type":"article","og_title":"About | Laguna Woods Village","og_description":"Welcome to Laguna Woods Village, one of the most vibrant, active and recreation-focused communities in the country that is just a breezy 10 minutes from","og_url":"https:\/\/lagunawoodsvillage.com\/es\/about\/","og_site_name":"Laguna Woods Village","article_publisher":"https:\/\/www.facebook.com\/LagunaWoodsVillage\/","article_modified_time":"2024-10-17T01:08:06+00:00","og_image":[{"width":1024,"height":614,"url":"https:\/\/attachments.lagunawoodsvillage.com\/wp-content\/uploads\/2024\/06\/26175354\/2c5053c2b1c58b7e3c7faae3205bbe3e.jpeg","type":"image\/jpeg"}],"twitter_card":"summary_large_image","twitter_misc":{"Est. reading time":"1 minute"},"schema":{"@context":"https:\/\/schema.org","@graph":[{"@type":"WebPage","@id":"https:\/\/lagunawoodsvillage.com\/about\/","url":"https:\/\/lagunawoodsvillage.com\/about\/","name":"About | Laguna Woods Village","isPartOf":{"@id":"https:\/\/lagunawoodsvillage.com\/#website"},"datePublished":"2024-07-05T19:18:03+00:00","dateModified":"2024-10-17T01:08:06+00:00","description":"Welcome to Laguna Woods Village, one of the most vibrant, active and recreation-focused communities in the country that is just a breezy 10 minutes from","breadcrumb":{"@id":"https:\/\/lagunawoodsvillage.com\/about\/#breadcrumb"},"inLanguage":"es-MX","potentialAction":[{"@type":"ReadAction","target":["https:\/\/lagunawoodsvillage.com\/about\/"]}]},{"@type":"BreadcrumbList","@id":"https:\/\/lagunawoodsvillage.com\/about\/#breadcrumb","itemListElement":[{"@type":"ListItem","position":1,"name":"Home","item":"https:\/\/lagunawoodsvillage.com\/"},{"@type":"ListItem","position":2,"name":"About"}]},{"@type":"WebSite","@id":"https:\/\/lagunawoodsvillage.com\/#website","url":"https:\/\/lagunawoodsvillage.com\/","name":"Pueblo de Laguna Woods","description":"Comunidad de retiro privada en el condado de Orange, California","publisher":{"@id":"https:\/\/lagunawoodsvillage.com\/#organization"},"potentialAction":[{"@type":"SearchAction","target":{"@type":"EntryPoint","urlTemplate":"https:\/\/lagunawoodsvillage.com\/?s={search_term_string}"},"query-input":{"@type":"PropertyValueSpecification","valueRequired":true,"valueName":"search_term_string"}}],"inLanguage":"es-MX"},{"@type":"Organization","@id":"https:\/\/lagunawoodsvillage.com\/#organization","name":"Pueblo de Laguna Woods","url":"https:\/\/lagunawoodsvillage.com\/","logo":{"@type":"ImageObject","inLanguage":"es-MX","@id":"https:\/\/lagunawoodsvillage.com\/#\/schema\/logo\/image\/","url":"https:\/\/attachments.lagunawoodsvillage.com\/wp-content\/uploads\/2024\/06\/21232229\/laguna-woods-logo.jpg","contentUrl":"https:\/\/attachments.lagunawoodsvillage.com\/wp-content\/uploads\/2024\/06\/21232229\/laguna-woods-logo.jpg","width":502,"height":266,"caption":"Laguna Woods Village"},"image":{"@id":"https:\/\/lagunawoodsvillage.com\/#\/schema\/logo\/image\/"},"sameAs":["https:\/\/www.facebook.com\/LagunaWoodsVillage\/","https:\/\/www.youtube.com\/user\/LagunaWoodsVlg"]}]}},"publishpress_future_action":{"enabled":false,"date":"2026-04-15 17:47:16","action":"change-status","newStatus":"draft","terms":[],"taxonomy":"ep_custom_result","extraData":[]},"publishpress_future_workflow_manual_trigger":{"enabledWorkflows":[]},"_links":{"self":[{"href":"https:\/\/lagunawoodsvillage.com\/es\/wp-json\/wp\/v2\/pages\/30649","targetHints":{"allow":["GET"]}}],"collection":[{"href":"https:\/\/lagunawoodsvillage.com\/es\/wp-json\/wp\/v2\/pages"}],"about":[{"href":"https:\/\/lagunawoodsvillage.com\/es\/wp-json\/wp\/v2\/types\/page"}],"author":[{"embeddable":true,"href":"https:\/\/lagunawoodsvillage.com\/es\/wp-json\/wp\/v2\/users\/2"}],"replies":[{"embeddable":true,"href":"https:\/\/lagunawoodsvillage.com\/es\/wp-json\/wp\/v2\/comments?post=30649"}],"version-history":[{"count":5,"href":"https:\/\/lagunawoodsvillage.com\/es\/wp-json\/wp\/v2\/pages\/30649\/revisions"}],"predecessor-version":[{"id":43143,"href":"https:\/\/lagunawoodsvillage.com\/es\/wp-json\/wp\/v2\/pages\/30649\/revisions\/43143"}],"wp:attachment":[{"href":"https:\/\/lagunawoodsvillage.com\/es\/wp-json\/wp\/v2\/media?parent=30649"}],"wp:term":[{"taxonomy":"author","embeddable":true,"href":"https:\/\/lagunawoodsvillage.com\/es\/wp-json\/wp\/v2\/ppma_author?post=30649"}],"curies":[{"name":"gracias","href":"https:\/\/api.w.org\/{rel}","templated":true}]}}