{"id":30639,"date":"2024-07-05T19:14:36","date_gmt":"2024-07-05T19:14:36","guid":{"rendered":"https:\/\/dev-laguna-woods.pantheonsite.io\/?page_id=30639"},"modified":"2024-11-12T00:52:07","modified_gmt":"2024-11-12T08:52:07","slug":"classes-education","status":"publish","type":"page","link":"https:\/\/lagunawoodsvillage.com\/es\/about\/all-amenities\/classes-education\/","title":{"rendered":"Clases y educaci\u00f3n"},"content":{"rendered":"<div class=\"wp-block-group alignfull has-light-beige-background-color has-background is-layout-constrained wp-block-group-is-layout-constrained\" style=\"padding-top:var(--wp--preset--spacing--80);padding-bottom:var(--wp--preset--spacing--60)\">\n<div class=\"wp-block-columns shadow is-style-no-gap image-text-no-gap is-layout-flex wp-container-core-columns-is-layout-28f84493 wp-block-columns-is-layout-flex\" style=\"border-top-left-radius:10px;border-top-right-radius:10px;border-bottom-left-radius:10px;border-bottom-right-radius:87px\">\n<div class=\"wp-block-column block-text-col has-white-background-color has-background is-layout-flow wp-container-core-column-is-layout-74b672bb wp-block-column-is-layout-flow\" style=\"border-top-style:none;border-top-width:0px;border-right-style:none;border-right-width:0px;border-bottom-color:var(--wp--preset--color--accent);border-bottom-width:4px;border-left-style:none;border-left-width:0px;padding-top:var(--wp--preset--spacing--70);padding-right:var(--wp--preset--spacing--70);padding-bottom:var(--wp--preset--spacing--70);padding-left:var(--wp--preset--spacing--70);flex-basis:66.66%\">\n<h4 class=\"wp-block-heading has-text-black-color has-text-color has-link-color has-x-large-font-size wp-elements-b2af16236fbe4f91ac21dac044bfa12a\"><strong>Inscr\u00edbete en una clase hoy<\/strong><\/h4>\n\n\n\n<p>En Laguna Woods Village, el aprendizaje es constante. El Departamento de Recreaci\u00f3n y Eventos Especiales ofrece una gran variedad de clases, incluyendo diferentes tipos de yoga, baile de sal\u00f3n, zumba, cl\u00ednicas de nataci\u00f3n, ciclismo, chi kung, clases de idiomas, defensa personal, tai chi y m\u00e1s.<br><br>Adem\u00e1s, durante m\u00e1s de tres d\u00e9cadas, el Instituto Em\u00e9rito de Saddleback College ha ofrecido un programa acad\u00e9mico completo a los residentes, con profesores y planes de estudios que se ajustan a los mismos est\u00e1ndares que la universidad.  <br><br>\u00a1Redescubre la alegr\u00eda de aprender!<\/p>\n\n\n\n<p><\/p>\n<\/div>\n\n\n\n<div class=\"wp-block-column is-layout-flow wp-block-column-is-layout-flow\" style=\"flex-basis:41%\">\n<figure class=\"wp-block-image\"><img loading=\"lazy\" decoding=\"async\" width=\"700\" height=\"709\" src=\"https:\/\/attachments.lagunawoodsvillage.com\/wp-content\/uploads\/2024\/09\/25172020\/Class-1.jpg\" alt=\"\" class=\"wp-image-41268\" srcset=\"https:\/\/attachments.lagunawoodsvillage.com\/wp-content\/uploads\/2024\/09\/25172020\/Class-1.jpg 700w, https:\/\/attachments.lagunawoodsvillage.com\/wp-content\/uploads\/2024\/09\/25172020\/Class-1-296x300.jpg 296w, https:\/\/attachments.lagunawoodsvillage.com\/wp-content\/uploads\/2024\/09\/25172020\/Class-1-50x51.jpg 50w, https:\/\/attachments.lagunawoodsvillage.com\/wp-content\/uploads\/2024\/09\/25172020\/Class-1-12x12.jpg 12w\" sizes=\"auto, (max-width: 700px) 100vw, 700px\" \/><\/figure>\n<\/div>\n<\/div>\n<\/div>\n\n\n\n<div class=\"wp-block-group alignfull is-style-default has-light-beige-background-color has-background is-layout-constrained wp-block-group-is-layout-constrained\" style=\"padding-top:var(--wp--preset--spacing--70);padding-bottom:var(--wp--preset--spacing--70);background-position:5% 99%;\">\n<div class=\"wp-block-columns are-vertically-aligned-center is-layout-flex wp-container-core-columns-is-layout-56b1bf61 wp-block-columns-is-layout-flex\" style=\"border-top-style:none;border-top-width:0px;border-right-style:none;border-right-width:0px;border-bottom-color:var(--wp--preset--color--accent);border-bottom-width:5px;border-left-style:none;border-left-width:0px;margin-top:0;margin-bottom:var(--wp--preset--spacing--50);padding-top:0;padding-bottom:var(--wp--preset--spacing--30)\">\n<div class=\"wp-block-column is-vertically-aligned-center is-layout-flow wp-block-column-is-layout-flow\" style=\"flex-basis:66.66%\">\n<h3 class=\"wp-block-heading is-style-default has-text-black-color has-text-color has-link-color has-large-font-size wp-elements-e9b130f4c14f4f7d228609cfff6a3a77\"><strong>Informaci\u00f3n de la clase<\/strong><\/h3>\n<\/div>\n<\/div>\n\n\n\n<div class=\"wp-block-columns is-layout-flex wp-container-core-columns-is-layout-5f9c3b43 wp-block-columns-is-layout-flex\" style=\"margin-top:var(--wp--preset--spacing--50);margin-bottom:var(--wp--preset--spacing--60)\">\n<div class=\"wp-block-column is-style-radius has-white-background-color has-background is-layout-flow wp-block-column-is-layout-flow\" style=\"border-bottom-color:var(--wp--preset--color--accent);border-bottom-width:8px;flex-basis:50%\" id=\"emeritus\">\n<figure class=\"wp-block-image size-full is-resized\"><a href=\"https:\/\/www.saddleback.edu\/learning-saddleback\/emeritus-institute\" target=\"_blank\" rel=\"noreferrer noopener\"><img loading=\"lazy\" decoding=\"async\" width=\"1024\" height=\"683\" src=\"https:\/\/attachments.lagunawoodsvillage.com\/wp-content\/uploads\/2024\/09\/19211603\/shutterstock_eldery-woman-painting-sized.jpg\" alt=\"\" class=\"wp-image-40321\" style=\"aspect-ratio:1.7777777777777777;object-fit:cover;width:623px;height:auto\" srcset=\"https:\/\/attachments.lagunawoodsvillage.com\/wp-content\/uploads\/2024\/09\/19211603\/shutterstock_eldery-woman-painting-sized.jpg 1024w, https:\/\/attachments.lagunawoodsvillage.com\/wp-content\/uploads\/2024\/09\/19211603\/shutterstock_eldery-woman-painting-sized-300x200.jpg 300w, https:\/\/attachments.lagunawoodsvillage.com\/wp-content\/uploads\/2024\/09\/19211603\/shutterstock_eldery-woman-painting-sized-768x512.jpg 768w, https:\/\/attachments.lagunawoodsvillage.com\/wp-content\/uploads\/2024\/09\/19211603\/shutterstock_eldery-woman-painting-sized-50x33.jpg 50w, https:\/\/attachments.lagunawoodsvillage.com\/wp-content\/uploads\/2024\/09\/19211603\/shutterstock_eldery-woman-painting-sized-800x534.jpg 800w, https:\/\/attachments.lagunawoodsvillage.com\/wp-content\/uploads\/2024\/09\/19211603\/shutterstock_eldery-woman-painting-sized-18x12.jpg 18w\" sizes=\"auto, (max-width: 1024px) 100vw, 1024px\" \/><\/a><\/figure>\n\n\n\n<div class=\"wp-block-group is-layout-constrained wp-container-core-group-is-layout-3f8c44ea wp-block-group-is-layout-constrained\" style=\"padding-top:var(--wp--preset--spacing--30);padding-right:var(--wp--preset--spacing--40);padding-bottom:var(--wp--preset--spacing--30);padding-left:var(--wp--preset--spacing--40)\">\n<p class=\"has-black-color has-text-color has-link-color has-x-medium-font-size wp-elements-fbca0d8e36cb5535825b84627c3aae14\" style=\"font-style:normal;font-weight:700\">Clases Emeritus de Saddleback<\/p>\n\n\n\n<p>La misi\u00f3n de la <a href=\"https:\/\/www.saddleback.edu\/learning-saddleback\/emeritus-institute\" target=\"_blank\" rel=\"noreferrer noopener\"><strong>Instituto Em\u00e9rito de Saddleback College<\/strong><\/a> Es promover el aprendizaje permanente brindando clases para adultos mayores en todo el sur del condado de Orange que sean acad\u00e9micamente rigurosas, mentalmente estimulantes y socialmente atractivas.<\/p>\n\n\n\n<p>Ver el horario de clases e inscribirse <a href=\"https:\/\/www.saddleback.edu\/learning-saddleback\/emeritus-institute\" target=\"_blank\" rel=\"noreferrer noopener\"><strong>en l\u00ednea<\/strong><\/a>.<\/p>\n\n\n\n<div class=\"wp-block-buttons is-layout-flex wp-block-buttons-is-layout-flex\">\n<div class=\"wp-block-button\"><a class=\"wp-block-button__link wp-element-button\" href=\"https:\/\/www.saddleback.edu\/learning-saddleback\/emeritus-institute\" target=\"_blank\" rel=\"noreferrer noopener\">Horario de clases<\/a><\/div>\n<\/div>\n<\/div>\n<\/div>\n\n\n\n<div class=\"wp-block-column is-style-radius has-white-background-color has-background is-layout-flow wp-block-column-is-layout-flow\" style=\"border-bottom-color:var(--wp--preset--color--accent);border-bottom-width:8px;flex-basis:50%\" id=\"recreation\">\n<figure class=\"wp-block-image size-full\"><img loading=\"lazy\" decoding=\"async\" width=\"1024\" height=\"683\" src=\"https:\/\/attachments.lagunawoodsvillage.com\/wp-content\/uploads\/2024\/03\/11214244\/active-seniors-fitness-shutterstock-sized.jpg\" alt=\"\" class=\"wp-image-11809\" style=\"aspect-ratio:1.7777777777777777;object-fit:cover\" srcset=\"https:\/\/attachments.lagunawoodsvillage.com\/wp-content\/uploads\/2024\/03\/11214244\/active-seniors-fitness-shutterstock-sized.jpg 1024w, https:\/\/attachments.lagunawoodsvillage.com\/wp-content\/uploads\/2024\/03\/11214244\/active-seniors-fitness-shutterstock-sized-300x200.jpg 300w, https:\/\/attachments.lagunawoodsvillage.com\/wp-content\/uploads\/2024\/03\/11214244\/active-seniors-fitness-shutterstock-sized-768x512.jpg 768w\" sizes=\"auto, (max-width: 1024px) 100vw, 1024px\" \/><\/figure>\n\n\n\n<div class=\"wp-block-group is-layout-constrained wp-container-core-group-is-layout-3f8c44ea wp-block-group-is-layout-constrained\" style=\"padding-top:var(--wp--preset--spacing--30);padding-right:var(--wp--preset--spacing--40);padding-bottom:var(--wp--preset--spacing--30);padding-left:var(--wp--preset--spacing--40)\">\n<p class=\"has-black-color has-text-color has-link-color has-x-medium-font-size wp-elements-082190b86680ddcd180559423f9a860e\" style=\"font-style:normal;font-weight:700\">Clases para residentes<\/p>\n\n\n\n<p>Si est\u00e1 buscando nuevas formas de involucrar su mente y cuerpo en un entorno grupal con la gu\u00eda de un instructor, considere inscribirse en una clase, o incluso en varias clases, que abarquen desde ciclismo y danza hasta yoga y meditaci\u00f3n, entre otras.<\/p>\n\n\n\n<p><a href=\"https:\/\/teamup.com\/kswgodbpwyenbg251g\" target=\"_blank\" rel=\"noreferrer noopener\"><strong>haga clic aqu\u00ed<\/strong><\/a> para ver nuestro calendario de clases, actividades y eventos.<\/p>\n\n\n\n<p>Para obtener m\u00e1s informaci\u00f3n sobre las clases, env\u00ede un correo electr\u00f3nico a la oficina de recreaci\u00f3n a <a href=\"mailto:recreation@vmsinc.org\" target=\"_blank\" rel=\"noreferrer noopener\"><strong>recreation@vmsinc.org<\/strong><\/a>, llamar <a href=\"tel:949-597-4273\" target=\"_blank\" rel=\"noreferrer noopener\"><strong>949-597-4273<\/strong><\/a>, o reg\u00edstrate a trav\u00e9s de <strong><a href=\"https:\/\/anc.apm.activecommunities.com\/villagereservations\" target=\"_blank\" rel=\"noreferrer noopener\">Red activa<\/a><\/strong>.<\/p>\n\n\n\n<div class=\"wp-block-buttons is-layout-flex wp-block-buttons-is-layout-flex\">\n<div class=\"wp-block-button is-style-fill\"><a class=\"wp-block-button__link wp-element-button\" href=\"https:\/\/teamup.com\/kswgodbpwyenbg251g\" target=\"_blank\" rel=\"noreferrer noopener\">Horario de clases, actividades y eventos<\/a><\/div>\n\n\n\n<div class=\"wp-block-button is-style-fill\"><a class=\"wp-block-button__link wp-element-button\" href=\"https:\/\/anc.apm.activecommunities.com\/villagereservations\" target=\"_blank\" rel=\"noreferrer noopener\">Red activa<\/a><\/div>\n<\/div>\n<\/div>\n<\/div>\n<\/div>\n<\/div>","protected":false},"excerpt":{"rendered":"<p>Sign up for a class today At Laguna Woods Village, learning never stops. Myriad classes are offered through the Recreation and Special Events Department, including different types of yoga, ballroom dance, Zumba, swim clinics, cycling, chi kung, language classes, self-defense, tai chi and more. Also, for more than three decades, the Saddleback College Emeritus Institute [&hellip;]<\/p>\n","protected":false},"author":2,"featured_media":41267,"parent":30619,"menu_order":0,"comment_status":"closed","ping_status":"closed","template":"","meta":{"_acf_changed":false,"ep_exclude_from_search":false,"footnotes":""},"ppma_author":[38],"class_list":["post-30639","page","type-page","status-publish","has-post-thumbnail","hentry"],"acf":[],"yoast_head":"<!-- This site is optimized with the Yoast SEO plugin v27.1.1 - https:\/\/yoast.com\/product\/yoast-seo-wordpress\/ -->\n<title>Classes and Education | Laguna Woods Village<\/title>\n<meta name=\"description\" content=\"Sign up for a class today At Laguna Woods Village, learning never stops. Myriad classes are offered through the Recreation and Special Events Department,\" \/>\n<meta name=\"robots\" content=\"index, follow, max-snippet:-1, max-image-preview:large, max-video-preview:-1\" \/>\n<link rel=\"canonical\" href=\"https:\/\/lagunawoodsvillage.com\/es\/about\/all-amenities\/classes-education\/\" \/>\n<meta property=\"og:locale\" content=\"es_MX\" \/>\n<meta property=\"og:type\" content=\"article\" \/>\n<meta property=\"og:title\" content=\"Classes and Education | Laguna Woods Village\" \/>\n<meta property=\"og:description\" content=\"Sign up for a class today At Laguna Woods Village, learning never stops. Myriad classes are offered through the Recreation and Special Events Department,\" \/>\n<meta property=\"og:url\" content=\"https:\/\/lagunawoodsvillage.com\/es\/about\/all-amenities\/classes-education\/\" \/>\n<meta property=\"og:site_name\" content=\"Laguna Woods Village\" \/>\n<meta property=\"article:publisher\" content=\"https:\/\/www.facebook.com\/LagunaWoodsVillage\/\" \/>\n<meta property=\"article:modified_time\" content=\"2024-11-12T08:52:07+00:00\" \/>\n<meta property=\"og:image\" content=\"https:\/\/attachments.lagunawoodsvillage.com\/wp-content\/uploads\/2024\/09\/25172000\/Classes-and-Education-1.jpg\" \/>\n\t<meta property=\"og:image:width\" content=\"1366\" \/>\n\t<meta property=\"og:image:height\" content=\"662\" \/>\n\t<meta property=\"og:image:type\" content=\"image\/jpeg\" \/>\n<meta name=\"twitter:card\" content=\"summary_large_image\" \/>\n<meta name=\"twitter:label1\" content=\"Est. reading time\" \/>\n\t<meta name=\"twitter:data1\" content=\"2 minutes\" \/>\n<script type=\"application\/ld+json\" class=\"yoast-schema-graph\">{\"@context\":\"https:\/\/schema.org\",\"@graph\":[{\"@type\":\"WebPage\",\"@id\":\"https:\/\/lagunawoodsvillage.com\/about\/all-amenities\/classes-education\/\",\"url\":\"https:\/\/lagunawoodsvillage.com\/about\/all-amenities\/classes-education\/\",\"name\":\"Classes and Education | Laguna Woods Village\",\"isPartOf\":{\"@id\":\"https:\/\/lagunawoodsvillage.com\/#website\"},\"primaryImageOfPage\":{\"@id\":\"https:\/\/lagunawoodsvillage.com\/about\/all-amenities\/classes-education\/#primaryimage\"},\"image\":{\"@id\":\"https:\/\/lagunawoodsvillage.com\/about\/all-amenities\/classes-education\/#primaryimage\"},\"thumbnailUrl\":\"https:\/\/attachments.lagunawoodsvillage.com\/wp-content\/uploads\/2024\/09\/25172000\/Classes-and-Education-1.jpg\",\"datePublished\":\"2024-07-05T19:14:36+00:00\",\"dateModified\":\"2024-11-12T08:52:07+00:00\",\"description\":\"Sign up for a class today At Laguna Woods Village, learning never stops. Myriad classes are offered through the Recreation and Special Events Department,\",\"breadcrumb\":{\"@id\":\"https:\/\/lagunawoodsvillage.com\/about\/all-amenities\/classes-education\/#breadcrumb\"},\"inLanguage\":\"es-MX\",\"potentialAction\":[{\"@type\":\"ReadAction\",\"target\":[\"https:\/\/lagunawoodsvillage.com\/about\/all-amenities\/classes-education\/\"]}]},{\"@type\":\"ImageObject\",\"inLanguage\":\"es-MX\",\"@id\":\"https:\/\/lagunawoodsvillage.com\/about\/all-amenities\/classes-education\/#primaryimage\",\"url\":\"https:\/\/attachments.lagunawoodsvillage.com\/wp-content\/uploads\/2024\/09\/25172000\/Classes-and-Education-1.jpg\",\"contentUrl\":\"https:\/\/attachments.lagunawoodsvillage.com\/wp-content\/uploads\/2024\/09\/25172000\/Classes-and-Education-1.jpg\",\"width\":1366,\"height\":662,\"caption\":\"Happy senior people after yoga sport class having fun sitting outdoors in park city\"},{\"@type\":\"BreadcrumbList\",\"@id\":\"https:\/\/lagunawoodsvillage.com\/about\/all-amenities\/classes-education\/#breadcrumb\",\"itemListElement\":[{\"@type\":\"ListItem\",\"position\":1,\"name\":\"Home\",\"item\":\"https:\/\/lagunawoodsvillage.com\/\"},{\"@type\":\"ListItem\",\"position\":2,\"name\":\"About\",\"item\":\"https:\/\/lagunawoodsvillage.com\/about\/\"},{\"@type\":\"ListItem\",\"position\":3,\"name\":\"All Amenities\",\"item\":\"https:\/\/lagunawoodsvillage.com\/about\/all-amenities\/\"},{\"@type\":\"ListItem\",\"position\":4,\"name\":\"Classes and Education\"}]},{\"@type\":\"WebSite\",\"@id\":\"https:\/\/lagunawoodsvillage.com\/#website\",\"url\":\"https:\/\/lagunawoodsvillage.com\/\",\"name\":\"Laguna Woods Village\",\"description\":\"Private Retirement Community in Orange County, California\",\"publisher\":{\"@id\":\"https:\/\/lagunawoodsvillage.com\/#organization\"},\"potentialAction\":[{\"@type\":\"SearchAction\",\"target\":{\"@type\":\"EntryPoint\",\"urlTemplate\":\"https:\/\/lagunawoodsvillage.com\/?s={search_term_string}\"},\"query-input\":{\"@type\":\"PropertyValueSpecification\",\"valueRequired\":true,\"valueName\":\"search_term_string\"}}],\"inLanguage\":\"es-MX\"},{\"@type\":\"Organization\",\"@id\":\"https:\/\/lagunawoodsvillage.com\/#organization\",\"name\":\"Laguna Woods Village\",\"url\":\"https:\/\/lagunawoodsvillage.com\/\",\"logo\":{\"@type\":\"ImageObject\",\"inLanguage\":\"es-MX\",\"@id\":\"https:\/\/lagunawoodsvillage.com\/#\/schema\/logo\/image\/\",\"url\":\"https:\/\/attachments.lagunawoodsvillage.com\/wp-content\/uploads\/2024\/06\/21232229\/laguna-woods-logo.jpg\",\"contentUrl\":\"https:\/\/attachments.lagunawoodsvillage.com\/wp-content\/uploads\/2024\/06\/21232229\/laguna-woods-logo.jpg\",\"width\":502,\"height\":266,\"caption\":\"Laguna Woods Village\"},\"image\":{\"@id\":\"https:\/\/lagunawoodsvillage.com\/#\/schema\/logo\/image\/\"},\"sameAs\":[\"https:\/\/www.facebook.com\/LagunaWoodsVillage\/\",\"https:\/\/www.youtube.com\/user\/LagunaWoodsVlg\"]}]}<\/script>\n<!-- \/ Yoast SEO plugin. -->","yoast_head_json":{"title":"Classes and Education | Laguna Woods Village","description":"Sign up for a class today At Laguna Woods Village, learning never stops. Myriad classes are offered through the Recreation and Special Events Department,","robots":{"index":"index","follow":"follow","max-snippet":"max-snippet:-1","max-image-preview":"max-image-preview:large","max-video-preview":"max-video-preview:-1"},"canonical":"https:\/\/lagunawoodsvillage.com\/es\/about\/all-amenities\/classes-education\/","og_locale":"es_MX","og_type":"article","og_title":"Classes and Education | Laguna Woods Village","og_description":"Sign up for a class today At Laguna Woods Village, learning never stops. Myriad classes are offered through the Recreation and Special Events Department,","og_url":"https:\/\/lagunawoodsvillage.com\/es\/about\/all-amenities\/classes-education\/","og_site_name":"Laguna Woods Village","article_publisher":"https:\/\/www.facebook.com\/LagunaWoodsVillage\/","article_modified_time":"2024-11-12T08:52:07+00:00","og_image":[{"width":1366,"height":662,"url":"https:\/\/attachments.lagunawoodsvillage.com\/wp-content\/uploads\/2024\/09\/25172000\/Classes-and-Education-1.jpg","type":"image\/jpeg"}],"twitter_card":"summary_large_image","twitter_misc":{"Est. reading time":"2 minutes"},"schema":{"@context":"https:\/\/schema.org","@graph":[{"@type":"WebPage","@id":"https:\/\/lagunawoodsvillage.com\/about\/all-amenities\/classes-education\/","url":"https:\/\/lagunawoodsvillage.com\/about\/all-amenities\/classes-education\/","name":"Classes and Education | Laguna Woods Village","isPartOf":{"@id":"https:\/\/lagunawoodsvillage.com\/#website"},"primaryImageOfPage":{"@id":"https:\/\/lagunawoodsvillage.com\/about\/all-amenities\/classes-education\/#primaryimage"},"image":{"@id":"https:\/\/lagunawoodsvillage.com\/about\/all-amenities\/classes-education\/#primaryimage"},"thumbnailUrl":"https:\/\/attachments.lagunawoodsvillage.com\/wp-content\/uploads\/2024\/09\/25172000\/Classes-and-Education-1.jpg","datePublished":"2024-07-05T19:14:36+00:00","dateModified":"2024-11-12T08:52:07+00:00","description":"Sign up for a class today At Laguna Woods Village, learning never stops. Myriad classes are offered through the Recreation and Special Events Department,","breadcrumb":{"@id":"https:\/\/lagunawoodsvillage.com\/about\/all-amenities\/classes-education\/#breadcrumb"},"inLanguage":"es-MX","potentialAction":[{"@type":"ReadAction","target":["https:\/\/lagunawoodsvillage.com\/about\/all-amenities\/classes-education\/"]}]},{"@type":"ImageObject","inLanguage":"es-MX","@id":"https:\/\/lagunawoodsvillage.com\/about\/all-amenities\/classes-education\/#primaryimage","url":"https:\/\/attachments.lagunawoodsvillage.com\/wp-content\/uploads\/2024\/09\/25172000\/Classes-and-Education-1.jpg","contentUrl":"https:\/\/attachments.lagunawoodsvillage.com\/wp-content\/uploads\/2024\/09\/25172000\/Classes-and-Education-1.jpg","width":1366,"height":662,"caption":"Happy senior people after yoga sport class having fun sitting outdoors in park city"},{"@type":"BreadcrumbList","@id":"https:\/\/lagunawoodsvillage.com\/about\/all-amenities\/classes-education\/#breadcrumb","itemListElement":[{"@type":"ListItem","position":1,"name":"Home","item":"https:\/\/lagunawoodsvillage.com\/"},{"@type":"ListItem","position":2,"name":"About","item":"https:\/\/lagunawoodsvillage.com\/about\/"},{"@type":"ListItem","position":3,"name":"All Amenities","item":"https:\/\/lagunawoodsvillage.com\/about\/all-amenities\/"},{"@type":"ListItem","position":4,"name":"Classes and Education"}]},{"@type":"WebSite","@id":"https:\/\/lagunawoodsvillage.com\/#website","url":"https:\/\/lagunawoodsvillage.com\/","name":"Pueblo de Laguna Woods","description":"Comunidad de retiro privada en el condado de Orange, California","publisher":{"@id":"https:\/\/lagunawoodsvillage.com\/#organization"},"potentialAction":[{"@type":"SearchAction","target":{"@type":"EntryPoint","urlTemplate":"https:\/\/lagunawoodsvillage.com\/?s={search_term_string}"},"query-input":{"@type":"PropertyValueSpecification","valueRequired":true,"valueName":"search_term_string"}}],"inLanguage":"es-MX"},{"@type":"Organization","@id":"https:\/\/lagunawoodsvillage.com\/#organization","name":"Pueblo de Laguna Woods","url":"https:\/\/lagunawoodsvillage.com\/","logo":{"@type":"ImageObject","inLanguage":"es-MX","@id":"https:\/\/lagunawoodsvillage.com\/#\/schema\/logo\/image\/","url":"https:\/\/attachments.lagunawoodsvillage.com\/wp-content\/uploads\/2024\/06\/21232229\/laguna-woods-logo.jpg","contentUrl":"https:\/\/attachments.lagunawoodsvillage.com\/wp-content\/uploads\/2024\/06\/21232229\/laguna-woods-logo.jpg","width":502,"height":266,"caption":"Laguna Woods Village"},"image":{"@id":"https:\/\/lagunawoodsvillage.com\/#\/schema\/logo\/image\/"},"sameAs":["https:\/\/www.facebook.com\/LagunaWoodsVillage\/","https:\/\/www.youtube.com\/user\/LagunaWoodsVlg"]}]}},"publishpress_future_action":{"enabled":false,"date":"2026-04-20 01:26:48","action":"change-status","newStatus":"draft","terms":[],"taxonomy":"ep_custom_result","extraData":[]},"publishpress_future_workflow_manual_trigger":{"enabledWorkflows":[]},"_links":{"self":[{"href":"https:\/\/lagunawoodsvillage.com\/es\/wp-json\/wp\/v2\/pages\/30639","targetHints":{"allow":["GET"]}}],"collection":[{"href":"https:\/\/lagunawoodsvillage.com\/es\/wp-json\/wp\/v2\/pages"}],"about":[{"href":"https:\/\/lagunawoodsvillage.com\/es\/wp-json\/wp\/v2\/types\/page"}],"author":[{"embeddable":true,"href":"https:\/\/lagunawoodsvillage.com\/es\/wp-json\/wp\/v2\/users\/2"}],"replies":[{"embeddable":true,"href":"https:\/\/lagunawoodsvillage.com\/es\/wp-json\/wp\/v2\/comments?post=30639"}],"version-history":[{"count":22,"href":"https:\/\/lagunawoodsvillage.com\/es\/wp-json\/wp\/v2\/pages\/30639\/revisions"}],"predecessor-version":[{"id":60651,"href":"https:\/\/lagunawoodsvillage.com\/es\/wp-json\/wp\/v2\/pages\/30639\/revisions\/60651"}],"up":[{"embeddable":true,"href":"https:\/\/lagunawoodsvillage.com\/es\/wp-json\/wp\/v2\/pages\/30619"}],"wp:featuredmedia":[{"embeddable":true,"href":"https:\/\/lagunawoodsvillage.com\/es\/wp-json\/wp\/v2\/media\/41267"}],"wp:attachment":[{"href":"https:\/\/lagunawoodsvillage.com\/es\/wp-json\/wp\/v2\/media?parent=30639"}],"wp:term":[{"taxonomy":"author","embeddable":true,"href":"https:\/\/lagunawoodsvillage.com\/es\/wp-json\/wp\/v2\/ppma_author?post=30639"}],"curies":[{"name":"gracias","href":"https:\/\/api.w.org\/{rel}","templated":true}]}}