{"id":30635,"date":"2024-07-05T19:13:49","date_gmt":"2024-07-05T19:13:49","guid":{"rendered":"https:\/\/dev-laguna-woods.pantheonsite.io\/?page_id=30635"},"modified":"2026-04-09T14:55:02","modified_gmt":"2026-04-09T21:55:02","slug":"sales-faqs","status":"publish","type":"page","link":"https:\/\/lagunawoodsvillage.com\/es\/sales-information\/sales-faqs\/","title":{"rendered":"Preguntas frecuentes sobre ventas"},"content":{"rendered":"<div class=\"wp-block-group alignfull is-style-default has-light-beige-background-color has-background is-layout-constrained wp-block-group-is-layout-constrained\" style=\"padding-top:var(--wp--preset--spacing--50);padding-bottom:var(--wp--preset--spacing--70)\">\n<p class=\"has-body-font-size\">Lea las preguntas frecuentes sobre las ventas en Third Laguna Hills Mutual y United Laguna Woods Mutual.<\/p>\n\n\n\n<div class=\"wp-block-columns shadow is-style-default is-layout-flex wp-container-core-columns-is-layout-7020b615 wp-block-columns-is-layout-flex\" style=\"border-top-left-radius:10px;border-top-right-radius:10px;border-bottom-left-radius:10px;border-bottom-right-radius:10px;margin-bottom:var(--wp--preset--spacing--70);padding-bottom:0\">\n<div class=\"wp-block-column is-style-radius accordion-wrapper has-white-background-color has-background is-layout-flow wp-container-core-column-is-layout-42aebfa7 wp-block-column-is-layout-flow\" style=\"border-style:none;border-width:0px;padding-top:0;padding-right:0;padding-bottom:0;padding-left:0\">\n<h2 class=\"wp-block-heading has-x-large-font-size\" style=\"font-style:normal;font-weight:600\">Tercera mutua de Laguna Hills<\/h2>\n\n\n\r\n\r\n<div class=\"urbi-component-inner\">\r\n    <div id=\"urbi_accordion__block_3f0df72a3061e770d72cc65ab32a6a88\" class=\"\">\r\n                <div class=\"acf-innerblocks-container\">\n\r\n<div class=\"accordion-wrapper\">\r\n    <div class=\"folder has-children closed\">\r\n        <div class=\"accordion-button folder-header\">\r\n            <span>\r\n                <div>\u00bfTengo que calificar para ser miembro de Third Laguna Hills Mutual?<\/div>\r\n            <\/span>\r\n        <\/div>\r\n\r\n        <div class=\"accordion-panel folder-body\"\r\n            style=\"display: none;\">\r\n            <div>\r\n                <div class=\"acf-innerblocks-container\">\n\n<p class=\"has-body-font-size\">S\u00ed, los posibles compradores deben cumplir los siguientes requisitos:<\/p>\n\n\n\n<ul class=\"wp-block-list\">\n<li class=\"has-body-font-size\"><strong>Restricci\u00f3n de edad:<\/strong>&nbsp;Los miembros deben tener al menos 55 a\u00f1os para residir en Third Mutual. Los compradores deben ser mayores de edad para formalizar un contrato.<\/li>\n\n\n\n<li class=\"has-body-font-size\"><strong>Requisitos financieros:<\/strong>\n<ul class=\"wp-block-list\">\n<li>Assets equal to the purchase price of the manor plus $200,000.<\/li>\n\n\n\n<li>An annual income of at least $60,000 at the time of purchase. If financing, the annual mortgage payment must be included in the income calculation.<\/li>\n<\/ul>\n<\/li>\n<\/ul>\n\n<\/div>\r\n            <\/div>\r\n        <\/div>\r\n    <\/div>\r\n<\/div>\n\n\r\n<div class=\"accordion-wrapper\">\r\n    <div class=\"folder has-children closed\">\r\n        <div class=\"accordion-button folder-header\">\r\n            <span>\r\n                <div>\u00bfQu\u00e9 es un miembro?<\/div>\r\n            <\/span>\r\n        <\/div>\r\n\r\n        <div class=\"accordion-panel folder-body\"\r\n            style=\"display: none;\">\r\n            <div>\r\n                <div class=\"acf-innerblocks-container\">\n\n<p class=\"has-body-font-size\">Un miembro es el propietario de una unidad de condominio aprobada por la junta directiva para su membres\u00eda. Los miembros al corriente de sus obligaciones tienen derecho a un voto en las elecciones mutuas.<\/p>\n\n<\/div>\r\n            <\/div>\r\n        <\/div>\r\n    <\/div>\r\n<\/div>\n\n\r\n<div class=\"accordion-wrapper\">\r\n    <div class=\"folder has-children closed\">\r\n        <div class=\"accordion-button folder-header\">\r\n            <span>\r\n                <div>\u00bfPuedo residir si tengo menos de 55 a\u00f1os?<\/div>\r\n            <\/span>\r\n        <\/div>\r\n\r\n        <div class=\"accordion-panel folder-body\"\r\n            style=\"display: none;\">\r\n            <div>\r\n                <div class=\"acf-innerblocks-container\">\n\n<p class=\"has-body-font-size\">Al menos uno de los miembros debe tener 55 a\u00f1os o m\u00e1s para residir. Los dem\u00e1s miembros deben tener al menos 45 a\u00f1os, excepto el c\u00f3nyuge, que puede tener cualquier edad.<\/p>\n\n<\/div>\r\n            <\/div>\r\n        <\/div>\r\n    <\/div>\r\n<\/div>\n\n\r\n<div class=\"accordion-wrapper\">\r\n    <div class=\"folder has-children closed\">\r\n        <div class=\"accordion-button folder-header\">\r\n            <span>\r\n                <div>\u00bfPuedo tener m\u00e1s de una unidad?<\/div>\r\n            <\/span>\r\n        <\/div>\r\n\r\n        <div class=\"accordion-panel folder-body\"\r\n            style=\"display: none;\">\r\n            <div>\r\n                <div class=\"acf-innerblocks-container\">\n\n<p class=\"has-body-font-size\">S\u00ed, pero debe cumplir con los requisitos de ascenso financiero. Solo se pueden ocupar, alquilar o poner a disposici\u00f3n dos unidades. A partir del 21 de junio de 2016, los miembros tienen un l\u00edmite de dos unidades para vivienda o alquiler. Los miembros con m\u00e1s de tres unidades a esa fecha se benefician de la exenci\u00f3n, pero no pueden adquirir membres\u00edas adicionales. Quienes deseen obtener membres\u00edas adicionales deben firmar un formulario de reconocimiento que confirme su cumplimiento con la Resoluci\u00f3n 03-16-61 y presentarlo junto con su solicitud.<\/p>\n\n<\/div>\r\n            <\/div>\r\n        <\/div>\r\n    <\/div>\r\n<\/div>\n\n\r\n<div class=\"accordion-wrapper\">\r\n    <div class=\"folder has-children closed\">\r\n        <div class=\"accordion-button folder-header\">\r\n            <span>\r\n                <div>\u00bfQu\u00e9 es un co-ocupante?<\/div>\r\n            <\/span>\r\n        <\/div>\r\n\r\n        <div class=\"accordion-panel folder-body\"\r\n            style=\"display: none;\">\r\n            <div>\r\n                <div class=\"acf-innerblocks-container\">\n\n<p class=\"has-body-font-size\">Un coocupante es una persona que no es miembro y reside con un miembro, aprobado por la junta directiva de Third Mutual.<\/p>\n\n<\/div>\r\n            <\/div>\r\n        <\/div>\r\n    <\/div>\r\n<\/div>\n\n\r\n<div class=\"accordion-wrapper\">\r\n    <div class=\"folder has-children closed\">\r\n        <div class=\"accordion-button folder-header\">\r\n            <span>\r\n                <div>\u00bfPuede alguien vivir conmigo?<\/div>\r\n            <\/span>\r\n        <\/div>\r\n\r\n        <div class=\"accordion-panel folder-body\"\r\n            style=\"display: none;\">\r\n            <div>\r\n                <div class=\"acf-innerblocks-container\">\n\n<p class=\"has-body-font-size\">S\u00ed, siempre que al menos un ocupante (miembro) tenga 55 a\u00f1os o m\u00e1s. Los coocupantes deben tener al menos 45 a\u00f1os, excepto los c\u00f3nyuges de cualquier edad. Los hijos adultos con discapacidad pueden residir bajo ciertas condiciones (Secci\u00f3n 51.3 del C\u00f3digo Civil de California).<\/p>\n\n<\/div>\r\n            <\/div>\r\n        <\/div>\r\n    <\/div>\r\n<\/div>\n\n\r\n<div class=\"accordion-wrapper\">\r\n    <div class=\"folder has-children closed\">\r\n        <div class=\"accordion-button folder-header\">\r\n            <span>\r\n                <div>\u00bfExiste un n\u00famero m\u00e1ximo de personas que pueden vivir conmigo?<\/div>\r\n            <\/span>\r\n        <\/div>\r\n\r\n        <div class=\"accordion-panel folder-body\"\r\n            style=\"display: none;\">\r\n            <div>\r\n                <div class=\"acf-innerblocks-container\">\n\n<p class=\"has-body-font-size\">S\u00ed, la ocupaci\u00f3n m\u00e1xima es igual al n\u00famero de dormitorios de la construcci\u00f3n original m\u00e1s uno.<\/p>\n\n<\/div>\r\n            <\/div>\r\n        <\/div>\r\n    <\/div>\r\n<\/div>\n<\/div>\r\n    <\/div>\r\n<\/div><\/div>\n<\/div>\n\n\n\n<div class=\"wp-block-columns shadow is-style-default is-layout-flex wp-container-core-columns-is-layout-7020b615 wp-block-columns-is-layout-flex\" style=\"border-top-left-radius:10px;border-top-right-radius:10px;border-bottom-left-radius:10px;border-bottom-right-radius:10px;margin-bottom:var(--wp--preset--spacing--70);padding-bottom:0\">\n<div class=\"wp-block-column is-style-radius accordion-wrapper has-white-background-color has-background is-layout-flow wp-container-core-column-is-layout-42aebfa7 wp-block-column-is-layout-flow\" style=\"border-style:none;border-width:0px;padding-top:0;padding-right:0;padding-bottom:0;padding-left:0\">\n<h2 class=\"wp-block-heading\"><strong>Mutual de United Laguna Woods<\/strong><\/h2>\n\n\n\r\n\r\n<div class=\"urbi-component-inner\">\r\n    <div id=\"urbi_accordion__block_3f0df72a3061e770d72cc65ab32a6a88\" class=\"\">\r\n                <div class=\"acf-innerblocks-container\">\n\r\n<div class=\"accordion-wrapper\">\r\n    <div class=\"folder has-children closed\">\r\n        <div class=\"accordion-button folder-header\">\r\n            <span>\r\n                <div>\u00bfTengo que calificar para ser miembro de United Laguna Woods Mutual?<\/div>\r\n            <\/span>\r\n        <\/div>\r\n\r\n        <div class=\"accordion-panel folder-body\"\r\n            style=\"display: none;\">\r\n            <div>\r\n                <div class=\"acf-innerblocks-container\">\n\n<p class=\"has-body-font-size\">S\u00ed, los posibles compradores deben cumplir con los siguientes requisitos para poseer una acci\u00f3n y residir en United Mutual:<\/p>\n\n\n\n<ul class=\"wp-block-list\">\n<li class=\"has-body-font-size\"><strong>Restricci\u00f3n de edad:<\/strong>&nbsp;Debe tener al menos 55 a\u00f1os.<\/li>\n\n\n\n<li class=\"has-body-font-size\"><strong>Requisitos financieros:<\/strong>\n<ul class=\"wp-block-list\">\n<li>Activos iguales al precio de compra de la mansi\u00f3n m\u00e1s $125.000.<\/li>\n\n\n\n<li>Un ingreso anual de al menos $40,000 al momento de la compra.<\/li>\n<\/ul>\n<\/li>\n<\/ul>\n\n<\/div>\r\n            <\/div>\r\n        <\/div>\r\n    <\/div>\r\n<\/div>\n\n\r\n<div class=\"accordion-wrapper\">\r\n    <div class=\"folder has-children closed\">\r\n        <div class=\"accordion-button folder-header\">\r\n            <span>\r\n                <div>\u00bfQu\u00e9 es un miembro?<\/div>\r\n            <\/span>\r\n        <\/div>\r\n\r\n        <div class=\"accordion-panel folder-body\"\r\n            style=\"display: none;\">\r\n            <div>\r\n                <div class=\"acf-innerblocks-container\">\n\n<p class=\"has-body-font-size\">Un miembro es un accionista aprobado por la junta directiva y registrado en los registros corporativos. Los miembros al corriente de sus obligaciones tienen derecho a un voto en las elecciones mutuas.<\/p>\n\n<\/div>\r\n            <\/div>\r\n        <\/div>\r\n    <\/div>\r\n<\/div>\n\n\r\n<div class=\"accordion-wrapper\">\r\n    <div class=\"folder has-children closed\">\r\n        <div class=\"accordion-button folder-header\">\r\n            <span>\r\n                <div>\u00bfPuedo tener m\u00e1s de una mansi\u00f3n?<\/div>\r\n            <\/span>\r\n        <\/div>\r\n\r\n        <div class=\"accordion-panel folder-body\"\r\n            style=\"display: none;\">\r\n            <div>\r\n                <div class=\"acf-innerblocks-container\">\n\n<p class=\"has-body-font-size\">No es posible poseer o figurar en m\u00e1s de un certificado.<\/p>\n\n<\/div>\r\n            <\/div>\r\n        <\/div>\r\n    <\/div>\r\n<\/div>\n\n\r\n<div class=\"accordion-wrapper\">\r\n    <div class=\"folder has-children closed\">\r\n        <div class=\"accordion-button folder-header\">\r\n            <span>\r\n                <div>\u00bfQu\u00e9 es un co-ocupante?<\/div>\r\n            <\/span>\r\n        <\/div>\r\n\r\n        <div class=\"accordion-panel folder-body\"\r\n            style=\"display: none;\">\r\n            <div>\r\n                <div class=\"acf-innerblocks-container\">\n\n<p class=\"has-body-font-size\">Un coocupante es una persona que no es miembro y que reside con un miembro, con la aprobaci\u00f3n de la junta directiva de United Mutual.<\/p>\n\n<\/div>\r\n            <\/div>\r\n        <\/div>\r\n    <\/div>\r\n<\/div>\n\n\r\n<div class=\"accordion-wrapper\">\r\n    <div class=\"folder has-children closed\">\r\n        <div class=\"accordion-button folder-header\">\r\n            <span>\r\n                <div>\u00bfPuede alguien vivir conmigo?<\/div>\r\n            <\/span>\r\n        <\/div>\r\n\r\n        <div class=\"accordion-panel folder-body\"\r\n            style=\"display: none;\">\r\n            <div>\r\n                <div class=\"acf-innerblocks-container\">\n\n<p class=\"has-body-font-size\">S\u00ed, al menos un ocupante (miembro) debe tener 55 a\u00f1os o m\u00e1s. Cualquier coocupante (no miembro) debe tener al menos 45 a\u00f1os, excepto los c\u00f3nyuges, quienes pueden tener cualquier edad. Los hijos adultos con discapacidad pueden residir bajo ciertas condiciones (Secci\u00f3n 51.3 del C\u00f3digo Civil de California).<\/p>\n\n<\/div>\r\n            <\/div>\r\n        <\/div>\r\n    <\/div>\r\n<\/div>\n\n\r\n<div class=\"accordion-wrapper\">\r\n    <div class=\"folder has-children closed\">\r\n        <div class=\"accordion-button folder-header\">\r\n            <span>\r\n                <div>\u00bfExiste un n\u00famero m\u00e1ximo de personas que pueden vivir conmigo?<\/div>\r\n            <\/span>\r\n        <\/div>\r\n\r\n        <div class=\"accordion-panel folder-body\"\r\n            style=\"display: none;\">\r\n            <div>\r\n                <div class=\"acf-innerblocks-container\">\n\n<p class=\"has-body-font-size\">La ocupaci\u00f3n m\u00e1xima es igual al n\u00famero de dormitorios de construcci\u00f3n original m\u00e1s uno.<\/p>\n\n<\/div>\r\n            <\/div>\r\n        <\/div>\r\n    <\/div>\r\n<\/div>\n<\/div>\r\n    <\/div>\r\n<\/div><\/div>\n<\/div>\n<\/div>","protected":false},"excerpt":{"rendered":"<p>Read frequently asked questions about sales in Third Laguna Hills Mutual and United Laguna Woods Mutual. Third Laguna Hills Mutual United Laguna Woods Mutual<\/p>","protected":false},"author":2,"featured_media":31844,"parent":30647,"menu_order":0,"comment_status":"closed","ping_status":"closed","template":"","meta":{"_acf_changed":false,"ep_exclude_from_search":false,"footnotes":""},"ppma_author":[38],"class_list":["post-30635","page","type-page","status-publish","has-post-thumbnail","hentry"],"acf":[],"yoast_head":"<!-- This site is optimized with the Yoast SEO plugin v27.1.1 - https:\/\/yoast.com\/product\/yoast-seo-wordpress\/ -->\n<title>Sales FAQs | Laguna Woods Village<\/title>\n<meta name=\"description\" content=\"Read frequently asked questions about sales in Third Laguna Hills Mutual and United Laguna Woods Mutual. Third Laguna Hills Mutual Yes, prospective buyers\" \/>\n<meta name=\"robots\" content=\"index, follow, max-snippet:-1, max-image-preview:large, max-video-preview:-1\" \/>\n<link rel=\"canonical\" href=\"https:\/\/lagunawoodsvillage.com\/es\/sales-information\/sales-faqs\/\" \/>\n<meta property=\"og:locale\" content=\"es_MX\" \/>\n<meta property=\"og:type\" content=\"article\" \/>\n<meta property=\"og:title\" content=\"Sales FAQs | Laguna Woods Village\" \/>\n<meta property=\"og:description\" content=\"Read frequently asked questions about sales in Third Laguna Hills Mutual and United Laguna Woods Mutual. Third Laguna Hills Mutual Yes, prospective buyers\" \/>\n<meta property=\"og:url\" content=\"https:\/\/lagunawoodsvillage.com\/es\/sales-information\/sales-faqs\/\" \/>\n<meta property=\"og:site_name\" content=\"Laguna Woods Village\" \/>\n<meta property=\"article:publisher\" content=\"https:\/\/www.facebook.com\/LagunaWoodsVillage\/\" \/>\n<meta property=\"article:modified_time\" content=\"2026-04-09T21:55:02+00:00\" \/>\n<meta property=\"og:image\" content=\"https:\/\/attachments.lagunawoodsvillage.com\/wp-content\/uploads\/2024\/07\/15114921\/bbd6d890d9998424af9ae2a728598f3b-2.jpeg\" \/>\n\t<meta property=\"og:image:width\" content=\"1920\" \/>\n\t<meta property=\"og:image:height\" content=\"1212\" \/>\n\t<meta property=\"og:image:type\" content=\"image\/jpeg\" \/>\n<meta name=\"twitter:card\" content=\"summary_large_image\" \/>\n<meta name=\"twitter:label1\" content=\"Est. reading time\" \/>\n\t<meta name=\"twitter:data1\" content=\"3 minutes\" \/>\n<script type=\"application\/ld+json\" class=\"yoast-schema-graph\">{\"@context\":\"https:\/\/schema.org\",\"@graph\":[{\"@type\":\"WebPage\",\"@id\":\"https:\/\/lagunawoodsvillage.com\/sales-information\/sales-faqs\/\",\"url\":\"https:\/\/lagunawoodsvillage.com\/sales-information\/sales-faqs\/\",\"name\":\"Sales FAQs | Laguna Woods Village\",\"isPartOf\":{\"@id\":\"https:\/\/lagunawoodsvillage.com\/#website\"},\"primaryImageOfPage\":{\"@id\":\"https:\/\/lagunawoodsvillage.com\/sales-information\/sales-faqs\/#primaryimage\"},\"image\":{\"@id\":\"https:\/\/lagunawoodsvillage.com\/sales-information\/sales-faqs\/#primaryimage\"},\"thumbnailUrl\":\"https:\/\/attachments.lagunawoodsvillage.com\/wp-content\/uploads\/2024\/07\/15114921\/bbd6d890d9998424af9ae2a728598f3b-2.jpeg\",\"datePublished\":\"2024-07-05T19:13:49+00:00\",\"dateModified\":\"2026-04-09T21:55:02+00:00\",\"description\":\"Read frequently asked questions about sales in Third Laguna Hills Mutual and United Laguna Woods Mutual. Third Laguna Hills Mutual Yes, prospective buyers\",\"breadcrumb\":{\"@id\":\"https:\/\/lagunawoodsvillage.com\/sales-information\/sales-faqs\/#breadcrumb\"},\"inLanguage\":\"es-MX\",\"potentialAction\":[{\"@type\":\"ReadAction\",\"target\":[\"https:\/\/lagunawoodsvillage.com\/sales-information\/sales-faqs\/\"]}]},{\"@type\":\"ImageObject\",\"inLanguage\":\"es-MX\",\"@id\":\"https:\/\/lagunawoodsvillage.com\/sales-information\/sales-faqs\/#primaryimage\",\"url\":\"https:\/\/attachments.lagunawoodsvillage.com\/wp-content\/uploads\/2024\/07\/15114921\/bbd6d890d9998424af9ae2a728598f3b-2.jpeg\",\"contentUrl\":\"https:\/\/attachments.lagunawoodsvillage.com\/wp-content\/uploads\/2024\/07\/15114921\/bbd6d890d9998424af9ae2a728598f3b-2.jpeg\",\"width\":1920,\"height\":1212},{\"@type\":\"BreadcrumbList\",\"@id\":\"https:\/\/lagunawoodsvillage.com\/sales-information\/sales-faqs\/#breadcrumb\",\"itemListElement\":[{\"@type\":\"ListItem\",\"position\":1,\"name\":\"Home\",\"item\":\"https:\/\/lagunawoodsvillage.com\/\"},{\"@type\":\"ListItem\",\"position\":2,\"name\":\"Sales Information\",\"item\":\"https:\/\/lagunawoodsvillage.com\/sales-information\/\"},{\"@type\":\"ListItem\",\"position\":3,\"name\":\"Sales FAQs\"}]},{\"@type\":\"WebSite\",\"@id\":\"https:\/\/lagunawoodsvillage.com\/#website\",\"url\":\"https:\/\/lagunawoodsvillage.com\/\",\"name\":\"Laguna Woods Village\",\"description\":\"Private Retirement Community in Orange County, California\",\"publisher\":{\"@id\":\"https:\/\/lagunawoodsvillage.com\/#organization\"},\"potentialAction\":[{\"@type\":\"SearchAction\",\"target\":{\"@type\":\"EntryPoint\",\"urlTemplate\":\"https:\/\/lagunawoodsvillage.com\/?s={search_term_string}\"},\"query-input\":{\"@type\":\"PropertyValueSpecification\",\"valueRequired\":true,\"valueName\":\"search_term_string\"}}],\"inLanguage\":\"es-MX\"},{\"@type\":\"Organization\",\"@id\":\"https:\/\/lagunawoodsvillage.com\/#organization\",\"name\":\"Laguna Woods Village\",\"url\":\"https:\/\/lagunawoodsvillage.com\/\",\"logo\":{\"@type\":\"ImageObject\",\"inLanguage\":\"es-MX\",\"@id\":\"https:\/\/lagunawoodsvillage.com\/#\/schema\/logo\/image\/\",\"url\":\"https:\/\/attachments.lagunawoodsvillage.com\/wp-content\/uploads\/2024\/06\/21232229\/laguna-woods-logo.jpg\",\"contentUrl\":\"https:\/\/attachments.lagunawoodsvillage.com\/wp-content\/uploads\/2024\/06\/21232229\/laguna-woods-logo.jpg\",\"width\":502,\"height\":266,\"caption\":\"Laguna Woods Village\"},\"image\":{\"@id\":\"https:\/\/lagunawoodsvillage.com\/#\/schema\/logo\/image\/\"},\"sameAs\":[\"https:\/\/www.facebook.com\/LagunaWoodsVillage\/\",\"https:\/\/www.youtube.com\/user\/LagunaWoodsVlg\"]}]}<\/script>\n<!-- \/ Yoast SEO plugin. -->","yoast_head_json":{"title":"Sales FAQs | Laguna Woods Village","description":"Read frequently asked questions about sales in Third Laguna Hills Mutual and United Laguna Woods Mutual. Third Laguna Hills Mutual Yes, prospective buyers","robots":{"index":"index","follow":"follow","max-snippet":"max-snippet:-1","max-image-preview":"max-image-preview:large","max-video-preview":"max-video-preview:-1"},"canonical":"https:\/\/lagunawoodsvillage.com\/es\/sales-information\/sales-faqs\/","og_locale":"es_MX","og_type":"article","og_title":"Sales FAQs | Laguna Woods Village","og_description":"Read frequently asked questions about sales in Third Laguna Hills Mutual and United Laguna Woods Mutual. Third Laguna Hills Mutual Yes, prospective buyers","og_url":"https:\/\/lagunawoodsvillage.com\/es\/sales-information\/sales-faqs\/","og_site_name":"Laguna Woods Village","article_publisher":"https:\/\/www.facebook.com\/LagunaWoodsVillage\/","article_modified_time":"2026-04-09T21:55:02+00:00","og_image":[{"width":1920,"height":1212,"url":"https:\/\/attachments.lagunawoodsvillage.com\/wp-content\/uploads\/2024\/07\/15114921\/bbd6d890d9998424af9ae2a728598f3b-2.jpeg","type":"image\/jpeg"}],"twitter_card":"summary_large_image","twitter_misc":{"Est. reading time":"3 minutes"},"schema":{"@context":"https:\/\/schema.org","@graph":[{"@type":"WebPage","@id":"https:\/\/lagunawoodsvillage.com\/sales-information\/sales-faqs\/","url":"https:\/\/lagunawoodsvillage.com\/sales-information\/sales-faqs\/","name":"Sales FAQs | Laguna Woods Village","isPartOf":{"@id":"https:\/\/lagunawoodsvillage.com\/#website"},"primaryImageOfPage":{"@id":"https:\/\/lagunawoodsvillage.com\/sales-information\/sales-faqs\/#primaryimage"},"image":{"@id":"https:\/\/lagunawoodsvillage.com\/sales-information\/sales-faqs\/#primaryimage"},"thumbnailUrl":"https:\/\/attachments.lagunawoodsvillage.com\/wp-content\/uploads\/2024\/07\/15114921\/bbd6d890d9998424af9ae2a728598f3b-2.jpeg","datePublished":"2024-07-05T19:13:49+00:00","dateModified":"2026-04-09T21:55:02+00:00","description":"Read frequently asked questions about sales in Third Laguna Hills Mutual and United Laguna Woods Mutual. Third Laguna Hills Mutual Yes, prospective buyers","breadcrumb":{"@id":"https:\/\/lagunawoodsvillage.com\/sales-information\/sales-faqs\/#breadcrumb"},"inLanguage":"es-MX","potentialAction":[{"@type":"ReadAction","target":["https:\/\/lagunawoodsvillage.com\/sales-information\/sales-faqs\/"]}]},{"@type":"ImageObject","inLanguage":"es-MX","@id":"https:\/\/lagunawoodsvillage.com\/sales-information\/sales-faqs\/#primaryimage","url":"https:\/\/attachments.lagunawoodsvillage.com\/wp-content\/uploads\/2024\/07\/15114921\/bbd6d890d9998424af9ae2a728598f3b-2.jpeg","contentUrl":"https:\/\/attachments.lagunawoodsvillage.com\/wp-content\/uploads\/2024\/07\/15114921\/bbd6d890d9998424af9ae2a728598f3b-2.jpeg","width":1920,"height":1212},{"@type":"BreadcrumbList","@id":"https:\/\/lagunawoodsvillage.com\/sales-information\/sales-faqs\/#breadcrumb","itemListElement":[{"@type":"ListItem","position":1,"name":"Home","item":"https:\/\/lagunawoodsvillage.com\/"},{"@type":"ListItem","position":2,"name":"Sales Information","item":"https:\/\/lagunawoodsvillage.com\/sales-information\/"},{"@type":"ListItem","position":3,"name":"Sales FAQs"}]},{"@type":"WebSite","@id":"https:\/\/lagunawoodsvillage.com\/#website","url":"https:\/\/lagunawoodsvillage.com\/","name":"Pueblo de Laguna Woods","description":"Comunidad de retiro privada en el condado de Orange, California","publisher":{"@id":"https:\/\/lagunawoodsvillage.com\/#organization"},"potentialAction":[{"@type":"SearchAction","target":{"@type":"EntryPoint","urlTemplate":"https:\/\/lagunawoodsvillage.com\/?s={search_term_string}"},"query-input":{"@type":"PropertyValueSpecification","valueRequired":true,"valueName":"search_term_string"}}],"inLanguage":"es-MX"},{"@type":"Organization","@id":"https:\/\/lagunawoodsvillage.com\/#organization","name":"Pueblo de Laguna Woods","url":"https:\/\/lagunawoodsvillage.com\/","logo":{"@type":"ImageObject","inLanguage":"es-MX","@id":"https:\/\/lagunawoodsvillage.com\/#\/schema\/logo\/image\/","url":"https:\/\/attachments.lagunawoodsvillage.com\/wp-content\/uploads\/2024\/06\/21232229\/laguna-woods-logo.jpg","contentUrl":"https:\/\/attachments.lagunawoodsvillage.com\/wp-content\/uploads\/2024\/06\/21232229\/laguna-woods-logo.jpg","width":502,"height":266,"caption":"Laguna Woods Village"},"image":{"@id":"https:\/\/lagunawoodsvillage.com\/#\/schema\/logo\/image\/"},"sameAs":["https:\/\/www.facebook.com\/LagunaWoodsVillage\/","https:\/\/www.youtube.com\/user\/LagunaWoodsVlg"]}]}},"publishpress_future_action":{"enabled":false,"date":"2026-04-21 04:43:47","action":"change-status","newStatus":"draft","terms":[],"taxonomy":"ep_custom_result","extraData":[]},"publishpress_future_workflow_manual_trigger":{"enabledWorkflows":[]},"_links":{"self":[{"href":"https:\/\/lagunawoodsvillage.com\/es\/wp-json\/wp\/v2\/pages\/30635","targetHints":{"allow":["GET"]}}],"collection":[{"href":"https:\/\/lagunawoodsvillage.com\/es\/wp-json\/wp\/v2\/pages"}],"about":[{"href":"https:\/\/lagunawoodsvillage.com\/es\/wp-json\/wp\/v2\/types\/page"}],"author":[{"embeddable":true,"href":"https:\/\/lagunawoodsvillage.com\/es\/wp-json\/wp\/v2\/users\/2"}],"replies":[{"embeddable":true,"href":"https:\/\/lagunawoodsvillage.com\/es\/wp-json\/wp\/v2\/comments?post=30635"}],"version-history":[{"count":7,"href":"https:\/\/lagunawoodsvillage.com\/es\/wp-json\/wp\/v2\/pages\/30635\/revisions"}],"predecessor-version":[{"id":84900,"href":"https:\/\/lagunawoodsvillage.com\/es\/wp-json\/wp\/v2\/pages\/30635\/revisions\/84900"}],"up":[{"embeddable":true,"href":"https:\/\/lagunawoodsvillage.com\/es\/wp-json\/wp\/v2\/pages\/30647"}],"wp:featuredmedia":[{"embeddable":true,"href":"https:\/\/lagunawoodsvillage.com\/es\/wp-json\/wp\/v2\/media\/31844"}],"wp:attachment":[{"href":"https:\/\/lagunawoodsvillage.com\/es\/wp-json\/wp\/v2\/media?parent=30635"}],"wp:term":[{"taxonomy":"author","embeddable":true,"href":"https:\/\/lagunawoodsvillage.com\/es\/wp-json\/wp\/v2\/ppma_author?post=30635"}],"curies":[{"name":"gracias","href":"https:\/\/api.w.org\/{rel}","templated":true}]}}