{"id":3,"date":"2024-02-29T23:44:20","date_gmt":"2024-02-29T23:44:20","guid":{"rendered":"http:\/\/localhost:10030\/?page_id=3"},"modified":"2025-01-16T09:30:37","modified_gmt":"2025-01-16T17:30:37","slug":"privacy-policy","status":"publish","type":"page","link":"https:\/\/lagunawoodsvillage.com\/es\/privacy-policy\/","title":{"rendered":"pol\u00edtica de privacidad"},"content":{"rendered":"<div class=\"wp-block-group alignfull has-light-beige-background-color has-background is-layout-constrained wp-block-group-is-layout-constrained\" style=\"padding-top:var(--wp--preset--spacing--60);padding-bottom:var(--wp--preset--spacing--60)\">\n<div class=\"wp-block-group has-white-background-color has-background is-layout-constrained wp-container-core-group-is-layout-ae744a23 wp-block-group-is-layout-constrained\" style=\"border-radius:10px;border-top-style:none;border-top-width:0px;border-right-style:none;border-right-width:0px;border-bottom-color:var(--wp--preset--color--accent);border-bottom-width:4px;border-left-style:none;border-left-width:0px;padding-top:var(--wp--preset--spacing--70);padding-right:var(--wp--preset--spacing--70);padding-bottom:var(--wp--preset--spacing--70);padding-left:var(--wp--preset--spacing--70)\">\n<h4 class=\"wp-block-heading has-text-black-color has-text-color has-link-color has-x-large-font-size wp-elements-c0c98bf474f10d6c5534ce46c163b3ec\"><strong>pol\u00edtica de privacidad<\/strong><\/h4>\n\n\n\n<p class=\"has-body-font-size\"><strong>Fecha de entrada en vigor: 15 de enero de 2025<\/strong><\/p>\n\n\n\n<p class=\"has-body-font-size\" style=\"padding-top:0;padding-bottom:0;line-height:1.6\">Esta pol\u00edtica de privacidad describe c\u00f3mo Laguna Woods Village (\u00abnosotros\u00bb, \u00abnuestro\u00bb o \u00abnos\u00bb) recopila, utiliza, protege y gestiona su informaci\u00f3n personal identificable (PII) de conformidad con la legislaci\u00f3n aplicable, incluidas las leyes de privacidad de California, como la Ley de Privacidad del Consumidor de California (CCPA). La PII se define como informaci\u00f3n que permite identificar, contactar o localizar a una persona, o que puede utilizarse en contexto para identificarla.<\/p>\n\n\n\n<p class=\"has-body-font-size\"><strong>\u00bfQu\u00e9 informaci\u00f3n recopilamos?<\/strong><br>Cuando visita nuestro sitio web, se registra o interact\u00faa con nuestros servicios, podemos recopilar los siguientes tipos de informaci\u00f3n:<\/p>\n\n\n\n<ul class=\"wp-block-list\">\n<li class=\"has-body-font-size\"><strong>Informaci\u00f3n personal:<\/strong> Nombre, direcci\u00f3n de correo electr\u00f3nico, direcci\u00f3n postal, n\u00famero de tel\u00e9fono, identificaci\u00f3n de residente o informaci\u00f3n de pago.<\/li>\n\n\n\n<li class=\"has-body-font-size\"><strong>Informaci\u00f3n no personal:<\/strong> Tipo de navegador, informaci\u00f3n del dispositivo y datos de uso del sitio.<\/li>\n<\/ul>\n\n\n\n<p class=\"has-body-font-size\"><strong>\u00bfC\u00f3mo recopilamos informaci\u00f3n?<\/strong><br>Recopilamos informaci\u00f3n de las siguientes maneras:<\/p>\n\n\n\n<ul class=\"wp-block-list\">\n<li class=\"has-body-font-size\">Al registrarse en nuestro sitio web.<\/li>\n\n\n\n<li class=\"has-body-font-size\">Cuando usted completa formularios o proporciona informaci\u00f3n a trav\u00e9s de nuestro sitio web.<\/li>\n\n\n\n<li class=\"has-body-font-size\">A trav\u00e9s de cookies o tecnolog\u00edas similares para mejorar su experiencia en el sitio.<\/li>\n<\/ul>\n\n\n\n<p class=\"has-body-font-size\"><strong>\u00bfC\u00f3mo utilizamos su informaci\u00f3n?<\/strong><br>Podemos utilizar su informaci\u00f3n para los siguientes fines:<\/p>\n\n\n\n<ul class=\"wp-block-list\">\n<li class=\"has-body-font-size\">Para mejorar la funcionalidad de nuestro sitio web y la experiencia del usuario.<\/li>\n\n\n\n<li class=\"has-body-font-size\">Para responder a sus consultas o solicitudes de servicio al cliente.<\/li>\n\n\n\n<li class=\"has-body-font-size\">Para procesar transacciones de forma segura.<\/li>\n\n\n\n<li class=\"has-body-font-size\">Para recopilar comentarios a trav\u00e9s de calificaciones, rese\u00f1as o encuestas.<\/li>\n<\/ul>\n\n\n\n<p class=\"has-body-font-size\"><strong>\u00bfC\u00f3mo protegemos su informaci\u00f3n?<\/strong><br>Implementamos medidas de seguridad est\u00e1ndar de la industria para proteger su informaci\u00f3n personal:<\/p>\n\n\n\n<ul class=\"wp-block-list\">\n<li class=\"has-body-font-size\">Tecnolog\u00eda de capa de sockets seguros (SSL) para transferencia de datos cifrados.<\/li>\n\n\n\n<li class=\"has-body-font-size\">Restringir el acceso a los datos personales \u00fanicamente al personal autorizado.<\/li>\n\n\n\n<li class=\"has-body-font-size\">Escaneo y monitoreo regular de malware.<\/li>\n<\/ul>\n\n\n\n<p class=\"has-body-font-size\">Todas las transacciones se procesan a trav\u00e9s de pasarelas de pago compatibles con PCI y no se almacenan en nuestros servidores.<\/p>\n\n\n\n<p class=\"has-body-font-size\"><strong>\u00bfUtilizamos cookies?<\/strong><br>S\u00ed. Utilizamos cookies para:<\/p>\n\n\n\n<ul class=\"wp-block-list\">\n<li class=\"has-body-font-size\">Recuerda tus preferencias y mejora tu experiencia.<\/li>\n\n\n\n<li class=\"has-body-font-size\">Recopilar datos agregados para analizar el sitio y mejorar la funcionalidad.<\/li>\n<\/ul>\n\n\n\n<p class=\"has-body-font-size\">Puede administrar sus preferencias de cookies a trav\u00e9s de la configuraci\u00f3n de su navegador. Deshabilitar las cookies puede afectar ciertas funciones del sitio web.<\/p>\n<\/div>\n\n\n\n<div class=\"wp-block-group has-white-background-color has-background is-layout-constrained wp-container-core-group-is-layout-ae744a23 wp-block-group-is-layout-constrained\" style=\"border-radius:10px;border-top-style:none;border-top-width:0px;border-right-style:none;border-right-width:0px;border-bottom-color:var(--wp--preset--color--accent);border-bottom-width:4px;border-left-style:none;border-left-width:0px;padding-top:var(--wp--preset--spacing--70);padding-right:var(--wp--preset--spacing--70);padding-bottom:var(--wp--preset--spacing--70);padding-left:var(--wp--preset--spacing--70)\">\n<h4 class=\"wp-block-heading has-text-black-color has-text-color has-link-color has-x-large-font-size wp-elements-c324168793f63666a9734fbad4a35964\"><strong>Divulgaci\u00f3n a terceros<\/strong><\/h4>\n\n\n\n<p class=\"has-body-font-size\" style=\"padding-top:0;padding-bottom:0;line-height:1.6\"><strong>Divulgaci\u00f3n a terceros<\/strong><br>No vendemos, intercambiamos ni transferimos su informaci\u00f3n personal identificable a terceros.<\/p>\n\n\n\n<p class=\"has-body-font-size\"><strong>Enlaces de terceros<\/strong><br>Ocasionalmente, podemos incluir enlaces a sitios web de terceros. Estos sitios web operan de forma independiente y tienen sus propias pol\u00edticas de privacidad. No nos responsabilizamos del contenido ni de las pr\u00e1cticas de estos sitios de terceros.<\/p>\n\n\n\n<p class=\"has-body-font-size\"><strong>Google AdSense<\/strong><br>No utilizamos Google AdSense ni ning\u00fan otro servicio publicitario de terceros en nuestro sitio web.<\/p>\n<\/div>\n\n\n\n<div class=\"wp-block-group has-white-background-color has-background is-layout-constrained wp-container-core-group-is-layout-ae744a23 wp-block-group-is-layout-constrained\" style=\"border-radius:10px;border-top-style:none;border-top-width:0px;border-right-style:none;border-right-width:0px;border-bottom-color:var(--wp--preset--color--accent);border-bottom-width:4px;border-left-style:none;border-left-width:0px;padding-top:var(--wp--preset--spacing--70);padding-right:var(--wp--preset--spacing--70);padding-bottom:var(--wp--preset--spacing--70);padding-left:var(--wp--preset--spacing--70)\">\n<h4 class=\"wp-block-heading has-text-black-color has-text-color has-link-color has-x-large-font-size wp-elements-6a4b0cc1578ff1e9217da449814dbadc\"><strong>Derechos de privacidad de California<\/strong><\/h4>\n\n\n\n<p class=\"has-body-font-size\" style=\"padding-top:0;padding-bottom:0;line-height:1.6\">Seg\u00fan la Ley de Privacidad del Consumidor de California (CCPA), los residentes de California tienen los siguientes derechos:<\/p>\n\n\n\n<ul class=\"wp-block-list\">\n<li class=\"has-body-font-size\"><strong>Derecho a saber:<\/strong> Solicitar informaci\u00f3n sobre los datos que recopilamos y c\u00f3mo los utilizamos.<\/li>\n\n\n\n<li class=\"has-body-font-size\"><strong>Derecho de supresi\u00f3n:<\/strong> Solicitar la supresi\u00f3n de sus datos personales, salvo determinadas excepciones.<\/li>\n\n\n\n<li class=\"has-body-font-size\"><strong>Derecho a optar por no participar:<\/strong> Optar por no vender informaci\u00f3n personal (no vendemos informaci\u00f3n personal).<\/li>\n<\/ul>\n\n\n\n<p class=\"has-body-font-size\">Para ejercer estos derechos, cont\u00e1ctenos en <a href=\"mailto:webmaster@vmsinc.org\" target=\"_blank\" rel=\"noreferrer noopener\"><strong>webmaster@vmsinc.org<\/strong><\/a> o <a href=\"tel:949-597-4265\" target=\"_blank\" rel=\"noreferrer noopener\"><strong>949-597-4265<\/strong><\/a>.<\/p>\n\n\n\n<p class=\"has-body-font-size\"><strong>No rastrear se\u00f1ales<\/strong><br>Nuestro sitio web no responde a las se\u00f1ales de no rastrear (DNT) de los navegadores, ya que no rastreamos a los usuarios m\u00e1s all\u00e1 de su interacci\u00f3n con nuestro sitio web.<\/p>\n<\/div>\n\n\n\n<div class=\"wp-block-group has-white-background-color has-background is-layout-constrained wp-container-core-group-is-layout-ae744a23 wp-block-group-is-layout-constrained\" style=\"border-radius:10px;border-top-style:none;border-top-width:0px;border-right-style:none;border-right-width:0px;border-bottom-color:var(--wp--preset--color--accent);border-bottom-width:4px;border-left-style:none;border-left-width:0px;padding-top:var(--wp--preset--spacing--70);padding-right:var(--wp--preset--spacing--70);padding-bottom:var(--wp--preset--spacing--70);padding-left:var(--wp--preset--spacing--70)\">\n<h4 class=\"wp-block-heading has-text-black-color has-text-color has-link-color has-x-large-font-size wp-elements-9580ac898a64bae20528a663ba02506b\"><strong>Privacidad de los ni\u00f1os<\/strong><\/h4>\n\n\n\n<p class=\"has-body-font-size\" style=\"padding-top:0;padding-bottom:0;line-height:1.6\">No recopilamos deliberadamente informaci\u00f3n personal de menores de 13 a\u00f1os. Si detectamos dicha informaci\u00f3n, la eliminaremos de inmediato.<\/p>\n<\/div>\n\n\n\n<div class=\"wp-block-group has-white-background-color has-background is-layout-constrained wp-container-core-group-is-layout-ae744a23 wp-block-group-is-layout-constrained\" style=\"border-radius:10px;border-top-style:none;border-top-width:0px;border-right-style:none;border-right-width:0px;border-bottom-color:var(--wp--preset--color--accent);border-bottom-width:4px;border-left-style:none;border-left-width:0px;padding-top:var(--wp--preset--spacing--70);padding-right:var(--wp--preset--spacing--70);padding-bottom:var(--wp--preset--spacing--70);padding-left:var(--wp--preset--spacing--70)\">\n<h4 class=\"wp-block-heading has-text-black-color has-text-color has-link-color has-x-large-font-size wp-elements-06ab214081389e3363de440e8ec71ab8\"><strong>Pr\u00e1cticas justas de informaci\u00f3n<\/strong><\/h4>\n\n\n\n<p class=\"has-body-font-size\" style=\"padding-top:0;padding-bottom:0;line-height:1.6\">En caso de una filtraci\u00f3n de datos, notificaremos a los usuarios afectados por correo electr\u00f3nico en un plazo de siete d\u00edas h\u00e1biles. Cumplimos con el principio de reparaci\u00f3n individual, que permite a las personas interponer recursos legales ante la violaci\u00f3n de sus derechos de privacidad.<\/p>\n<\/div>\n\n\n\n<div class=\"wp-block-group has-white-background-color has-background is-layout-constrained wp-container-core-group-is-layout-ae744a23 wp-block-group-is-layout-constrained\" style=\"border-radius:10px;border-top-style:none;border-top-width:0px;border-right-style:none;border-right-width:0px;border-bottom-color:var(--wp--preset--color--accent);border-bottom-width:4px;border-left-style:none;border-left-width:0px;padding-top:var(--wp--preset--spacing--70);padding-right:var(--wp--preset--spacing--70);padding-bottom:var(--wp--preset--spacing--70);padding-left:var(--wp--preset--spacing--70)\">\n<h4 class=\"wp-block-heading has-text-black-color has-text-color has-link-color has-x-large-font-size wp-elements-adc2b5a246c863359da2d9c13237004c\"><strong>Cumplimiento de la Ley CAN-SPAM<\/strong><\/h4>\n\n\n\n<p class=\"has-body-font-size\" style=\"padding-top:0;padding-bottom:0;line-height:1.6\">Recopilamos direcciones de correo electr\u00f3nico para:<\/p>\n\n\n\n<ul class=\"wp-block-list\">\n<li class=\"has-body-font-size\">Responder consultas.<\/li>\n\n\n\n<li class=\"has-body-font-size\">Procesar transacciones.<\/li>\n\n\n\n<li class=\"has-body-font-size\">Enviar actualizaciones de servicio y contenido promocional.<\/li>\n<\/ul>\n\n\n\n<p class=\"has-body-font-size\">Para cumplir con la ley CAN-SPAM:<\/p>\n\n\n\n<ul class=\"wp-block-list\">\n<li class=\"has-body-font-size\">No utilizamos l\u00edneas de asunto falsas o enga\u00f1osas.<\/li>\n\n\n\n<li class=\"has-body-font-size\">Nuestros correos electr\u00f3nicos incluyen nuestra direcci\u00f3n f\u00edsica.<\/li>\n\n\n\n<li class=\"has-body-font-size\">Los usuarios pueden darse de baja de futuros correos electr\u00f3nicos a trav\u00e9s de un enlace en la parte inferior de cada mensaje.<\/li>\n<\/ul>\n<\/div>\n\n\n\n<div class=\"wp-block-group has-white-background-color has-background is-layout-constrained wp-container-core-group-is-layout-ae744a23 wp-block-group-is-layout-constrained\" style=\"border-radius:10px;border-top-style:none;border-top-width:0px;border-right-style:none;border-right-width:0px;border-bottom-color:var(--wp--preset--color--accent);border-bottom-width:4px;border-left-style:none;border-left-width:0px;padding-top:var(--wp--preset--spacing--70);padding-right:var(--wp--preset--spacing--70);padding-bottom:var(--wp--preset--spacing--70);padding-left:var(--wp--preset--spacing--70)\">\n<h4 class=\"wp-block-heading has-text-black-color has-text-color has-link-color has-x-large-font-size wp-elements-6213f4dda369a8889be1f077a8c9720b\"><strong>Cont\u00e1ctenos<\/strong><\/h4>\n\n\n\n<p class=\"has-body-font-size\" style=\"padding-top:0;padding-bottom:0;line-height:1.6\">Para preguntas sobre esta pol\u00edtica de privacidad, comun\u00edquese con:<br>24351 El Toro Road, Laguna Woods, CA 92637<br><strong><a href=\"mailto:webmaster@vmsinc.org\" target=\"_blank\" rel=\"noreferrer noopener\">webmaster@vmsinc.org<\/a><br><a href=\"tel:949-597-4265\" target=\"_blank\" rel=\"noreferrer noopener\">949-597-4265<\/a><\/strong><\/p>\n\n\n\n<p class=\"has-body-font-size\" style=\"padding-top:0;padding-bottom:0;line-height:1.6\">Nos reservamos el derecho de actualizar esta pol\u00edtica de privacidad para reflejar cambios en los requisitos legales u operativos. Las actualizaciones se publicar\u00e1n en esta p\u00e1gina con la fecha de entrada en vigor revisada.<br>Gracias por confiar su informaci\u00f3n a Laguna Woods Village.<\/p>\n<\/div>\n<\/div>\n\n\n\n<p><\/p>","protected":false},"excerpt":{"rendered":"<p>Privacy Policy Effective date: January 15, 2025 This privacy policy outlines how Laguna Woods Village (\u201cwe,\u201d \u201cour\u201d or \u201cus\u201d) collects, uses, protects and handles your personally identifiable information (PII) in accordance with applicable laws, including California privacy laws such as the California Consumer Privacy Act (CCPA). PII is defined as information that can identify, contact [&hellip;]<\/p>\n","protected":false},"author":1,"featured_media":0,"parent":0,"menu_order":0,"comment_status":"closed","ping_status":"open","template":"","meta":{"_acf_changed":false,"ep_exclude_from_search":false,"footnotes":""},"ppma_author":[37],"class_list":["post-3","page","type-page","status-publish","hentry"],"acf":[],"yoast_head":"<!-- This site is optimized with the Yoast SEO plugin v27.1.1 - https:\/\/yoast.com\/product\/yoast-seo-wordpress\/ -->\n<title>Privacy Policy | Laguna Woods Village<\/title>\n<meta name=\"description\" content=\"Privacy Policy Effective date: January 15, 2025 This privacy policy outlines how Laguna Woods Village (\u201cwe,\u201d \u201cour\u201d or \u201cus\u201d) collects, uses, protects and\" \/>\n<meta name=\"robots\" content=\"index, follow, max-snippet:-1, max-image-preview:large, max-video-preview:-1\" \/>\n<link rel=\"canonical\" href=\"https:\/\/lagunawoodsvillage.com\/es\/privacy-policy\/\" \/>\n<meta property=\"og:locale\" content=\"es_MX\" \/>\n<meta property=\"og:type\" content=\"article\" \/>\n<meta property=\"og:title\" content=\"Privacy Policy | Laguna Woods Village\" \/>\n<meta property=\"og:description\" content=\"Privacy Policy Effective date: January 15, 2025 This privacy policy outlines how Laguna Woods Village (\u201cwe,\u201d \u201cour\u201d or \u201cus\u201d) collects, uses, protects and\" \/>\n<meta property=\"og:url\" content=\"https:\/\/lagunawoodsvillage.com\/es\/privacy-policy\/\" \/>\n<meta property=\"og:site_name\" content=\"Laguna Woods Village\" \/>\n<meta property=\"article:publisher\" content=\"https:\/\/www.facebook.com\/LagunaWoodsVillage\/\" \/>\n<meta property=\"article:modified_time\" content=\"2025-01-16T17:30:37+00:00\" \/>\n<meta property=\"og:image\" content=\"https:\/\/attachments.lagunawoodsvillage.com\/wp-content\/uploads\/2024\/06\/26175354\/2c5053c2b1c58b7e3c7faae3205bbe3e.jpeg\" \/>\n\t<meta property=\"og:image:width\" content=\"1024\" \/>\n\t<meta property=\"og:image:height\" content=\"614\" \/>\n\t<meta property=\"og:image:type\" content=\"image\/jpeg\" \/>\n<meta name=\"twitter:card\" content=\"summary_large_image\" \/>\n<meta name=\"twitter:label1\" content=\"Est. reading time\" \/>\n\t<meta name=\"twitter:data1\" content=\"3 minutes\" \/>\n<script type=\"application\/ld+json\" class=\"yoast-schema-graph\">{\"@context\":\"https:\/\/schema.org\",\"@graph\":[{\"@type\":\"WebPage\",\"@id\":\"https:\/\/lagunawoodsvillage.com\/privacy-policy\/\",\"url\":\"https:\/\/lagunawoodsvillage.com\/privacy-policy\/\",\"name\":\"Privacy Policy | Laguna Woods Village\",\"isPartOf\":{\"@id\":\"https:\/\/lagunawoodsvillage.com\/#website\"},\"datePublished\":\"2024-02-29T23:44:20+00:00\",\"dateModified\":\"2025-01-16T17:30:37+00:00\",\"description\":\"Privacy Policy Effective date: January 15, 2025 This privacy policy outlines how Laguna Woods Village (\u201cwe,\u201d \u201cour\u201d or \u201cus\u201d) collects, uses, protects and\",\"breadcrumb\":{\"@id\":\"https:\/\/lagunawoodsvillage.com\/privacy-policy\/#breadcrumb\"},\"inLanguage\":\"es-MX\",\"potentialAction\":[{\"@type\":\"ReadAction\",\"target\":[\"https:\/\/lagunawoodsvillage.com\/privacy-policy\/\"]}]},{\"@type\":\"BreadcrumbList\",\"@id\":\"https:\/\/lagunawoodsvillage.com\/privacy-policy\/#breadcrumb\",\"itemListElement\":[{\"@type\":\"ListItem\",\"position\":1,\"name\":\"Home\",\"item\":\"https:\/\/lagunawoodsvillage.com\/\"},{\"@type\":\"ListItem\",\"position\":2,\"name\":\"Privacy Policy\"}]},{\"@type\":\"WebSite\",\"@id\":\"https:\/\/lagunawoodsvillage.com\/#website\",\"url\":\"https:\/\/lagunawoodsvillage.com\/\",\"name\":\"Laguna Woods Village\",\"description\":\"Private Retirement Community in Orange County, California\",\"publisher\":{\"@id\":\"https:\/\/lagunawoodsvillage.com\/#organization\"},\"potentialAction\":[{\"@type\":\"SearchAction\",\"target\":{\"@type\":\"EntryPoint\",\"urlTemplate\":\"https:\/\/lagunawoodsvillage.com\/?s={search_term_string}\"},\"query-input\":{\"@type\":\"PropertyValueSpecification\",\"valueRequired\":true,\"valueName\":\"search_term_string\"}}],\"inLanguage\":\"es-MX\"},{\"@type\":\"Organization\",\"@id\":\"https:\/\/lagunawoodsvillage.com\/#organization\",\"name\":\"Laguna Woods Village\",\"url\":\"https:\/\/lagunawoodsvillage.com\/\",\"logo\":{\"@type\":\"ImageObject\",\"inLanguage\":\"es-MX\",\"@id\":\"https:\/\/lagunawoodsvillage.com\/#\/schema\/logo\/image\/\",\"url\":\"https:\/\/attachments.lagunawoodsvillage.com\/wp-content\/uploads\/2024\/06\/21232229\/laguna-woods-logo.jpg\",\"contentUrl\":\"https:\/\/attachments.lagunawoodsvillage.com\/wp-content\/uploads\/2024\/06\/21232229\/laguna-woods-logo.jpg\",\"width\":502,\"height\":266,\"caption\":\"Laguna Woods Village\"},\"image\":{\"@id\":\"https:\/\/lagunawoodsvillage.com\/#\/schema\/logo\/image\/\"},\"sameAs\":[\"https:\/\/www.facebook.com\/LagunaWoodsVillage\/\",\"https:\/\/www.youtube.com\/user\/LagunaWoodsVlg\"]}]}<\/script>\n<!-- \/ Yoast SEO plugin. -->","yoast_head_json":{"title":"Privacy Policy | Laguna Woods Village","description":"Privacy Policy Effective date: January 15, 2025 This privacy policy outlines how Laguna Woods Village (\u201cwe,\u201d \u201cour\u201d or \u201cus\u201d) collects, uses, protects and","robots":{"index":"index","follow":"follow","max-snippet":"max-snippet:-1","max-image-preview":"max-image-preview:large","max-video-preview":"max-video-preview:-1"},"canonical":"https:\/\/lagunawoodsvillage.com\/es\/privacy-policy\/","og_locale":"es_MX","og_type":"article","og_title":"Privacy Policy | Laguna Woods Village","og_description":"Privacy Policy Effective date: January 15, 2025 This privacy policy outlines how Laguna Woods Village (\u201cwe,\u201d \u201cour\u201d or \u201cus\u201d) collects, uses, protects and","og_url":"https:\/\/lagunawoodsvillage.com\/es\/privacy-policy\/","og_site_name":"Laguna Woods Village","article_publisher":"https:\/\/www.facebook.com\/LagunaWoodsVillage\/","article_modified_time":"2025-01-16T17:30:37+00:00","og_image":[{"width":1024,"height":614,"url":"https:\/\/attachments.lagunawoodsvillage.com\/wp-content\/uploads\/2024\/06\/26175354\/2c5053c2b1c58b7e3c7faae3205bbe3e.jpeg","type":"image\/jpeg"}],"twitter_card":"summary_large_image","twitter_misc":{"Est. reading time":"3 minutes"},"schema":{"@context":"https:\/\/schema.org","@graph":[{"@type":"WebPage","@id":"https:\/\/lagunawoodsvillage.com\/privacy-policy\/","url":"https:\/\/lagunawoodsvillage.com\/privacy-policy\/","name":"Privacy Policy | Laguna Woods Village","isPartOf":{"@id":"https:\/\/lagunawoodsvillage.com\/#website"},"datePublished":"2024-02-29T23:44:20+00:00","dateModified":"2025-01-16T17:30:37+00:00","description":"Privacy Policy Effective date: January 15, 2025 This privacy policy outlines how Laguna Woods Village (\u201cwe,\u201d \u201cour\u201d or \u201cus\u201d) collects, uses, protects and","breadcrumb":{"@id":"https:\/\/lagunawoodsvillage.com\/privacy-policy\/#breadcrumb"},"inLanguage":"es-MX","potentialAction":[{"@type":"ReadAction","target":["https:\/\/lagunawoodsvillage.com\/privacy-policy\/"]}]},{"@type":"BreadcrumbList","@id":"https:\/\/lagunawoodsvillage.com\/privacy-policy\/#breadcrumb","itemListElement":[{"@type":"ListItem","position":1,"name":"Home","item":"https:\/\/lagunawoodsvillage.com\/"},{"@type":"ListItem","position":2,"name":"Privacy Policy"}]},{"@type":"WebSite","@id":"https:\/\/lagunawoodsvillage.com\/#website","url":"https:\/\/lagunawoodsvillage.com\/","name":"Pueblo de Laguna Woods","description":"Comunidad de retiro privada en el condado de Orange, California","publisher":{"@id":"https:\/\/lagunawoodsvillage.com\/#organization"},"potentialAction":[{"@type":"SearchAction","target":{"@type":"EntryPoint","urlTemplate":"https:\/\/lagunawoodsvillage.com\/?s={search_term_string}"},"query-input":{"@type":"PropertyValueSpecification","valueRequired":true,"valueName":"search_term_string"}}],"inLanguage":"es-MX"},{"@type":"Organization","@id":"https:\/\/lagunawoodsvillage.com\/#organization","name":"Pueblo de Laguna Woods","url":"https:\/\/lagunawoodsvillage.com\/","logo":{"@type":"ImageObject","inLanguage":"es-MX","@id":"https:\/\/lagunawoodsvillage.com\/#\/schema\/logo\/image\/","url":"https:\/\/attachments.lagunawoodsvillage.com\/wp-content\/uploads\/2024\/06\/21232229\/laguna-woods-logo.jpg","contentUrl":"https:\/\/attachments.lagunawoodsvillage.com\/wp-content\/uploads\/2024\/06\/21232229\/laguna-woods-logo.jpg","width":502,"height":266,"caption":"Laguna Woods Village"},"image":{"@id":"https:\/\/lagunawoodsvillage.com\/#\/schema\/logo\/image\/"},"sameAs":["https:\/\/www.facebook.com\/LagunaWoodsVillage\/","https:\/\/www.youtube.com\/user\/LagunaWoodsVlg"]}]}},"publishpress_future_action":{"enabled":false,"date":"2026-04-19 02:44:17","action":"change-status","newStatus":"draft","terms":[],"taxonomy":"ep_custom_result","extraData":[]},"publishpress_future_workflow_manual_trigger":{"enabledWorkflows":[]},"_links":{"self":[{"href":"https:\/\/lagunawoodsvillage.com\/es\/wp-json\/wp\/v2\/pages\/3","targetHints":{"allow":["GET"]}}],"collection":[{"href":"https:\/\/lagunawoodsvillage.com\/es\/wp-json\/wp\/v2\/pages"}],"about":[{"href":"https:\/\/lagunawoodsvillage.com\/es\/wp-json\/wp\/v2\/types\/page"}],"author":[{"embeddable":true,"href":"https:\/\/lagunawoodsvillage.com\/es\/wp-json\/wp\/v2\/users\/1"}],"replies":[{"embeddable":true,"href":"https:\/\/lagunawoodsvillage.com\/es\/wp-json\/wp\/v2\/comments?post=3"}],"version-history":[{"count":20,"href":"https:\/\/lagunawoodsvillage.com\/es\/wp-json\/wp\/v2\/pages\/3\/revisions"}],"predecessor-version":[{"id":65625,"href":"https:\/\/lagunawoodsvillage.com\/es\/wp-json\/wp\/v2\/pages\/3\/revisions\/65625"}],"wp:attachment":[{"href":"https:\/\/lagunawoodsvillage.com\/es\/wp-json\/wp\/v2\/media?parent=3"}],"wp:term":[{"taxonomy":"author","embeddable":true,"href":"https:\/\/lagunawoodsvillage.com\/es\/wp-json\/wp\/v2\/ppma_author?post=3"}],"curies":[{"name":"gracias","href":"https:\/\/api.w.org\/{rel}","templated":true}]}}